{"id":819,"date":"2020-06-04T19:24:56","date_gmt":"2020-06-04T19:24:56","guid":{"rendered":"https:\/\/wp.grupo-oter.net\/cartas\/?page_id=819"},"modified":"2025-10-20T08:07:20","modified_gmt":"2025-10-20T08:07:20","slug":"carta-de-postres-el-barril-alcantara","status":"publish","type":"page","link":"https:\/\/wp.grupo-oter.net\/cartas\/carta-de-postres-el-barril-alcantara\/","title":{"rendered":"Carta de postres El Barril Alc\u00e1ntara"},"content":{"rendered":"<p>[et_pb_section fb_built=\u00bb1&#8243; specialty=\u00bbon\u00bb custom_padding_last_edited=\u00bbon|phone\u00bb admin_label=\u00bbTestimonials\u00bb _builder_version=\u00bb4.16&#8243; vertical_offset_tablet=\u00bb0&#8243; horizontal_offset_tablet=\u00bb0&#8243; custom_padding=\u00bb||150px|\u00bb custom_padding_tablet=\u00bb|||\u00bb custom_padding_phone=\u00bb||||false|false\u00bb bottom_divider_style=\u00bbslant2&#8243; bottom_divider_color=\u00bb#3a5268&#8243; bottom_divider_height=\u00bb160px\u00bb bottom_divider_flip=\u00bbvertical\u00bb bottom_divider_height_tablet=\u00bb\u00bb bottom_divider_height_phone=\u00bb90px\u00bb bottom_divider_height_last_edited=\u00bbon|tablet\u00bb z_index_tablet=\u00bb0&#8243; box_shadow_horizontal_tablet=\u00bb0px\u00bb box_shadow_vertical_tablet=\u00bb0px\u00bb box_shadow_blur_tablet=\u00bb40px\u00bb box_shadow_spread_tablet=\u00bb0px\u00bb global_colors_info=\u00bb{}\u00bb][et_pb_column type=\u00bb2_3&#8243; specialty_columns=\u00bb2&#8243; _builder_version=\u00bb4.16&#8243; custom_padding=\u00bb|||\u00bb global_colors_info=\u00bb{}\u00bb custom_padding__hover=\u00bb|||\u00bb][et_pb_row_inner column_structure=\u00bbundefined\u00bb _builder_version=\u00bb4.16&#8243; global_colors_info=\u00bb{}\u00bb][et_pb_column_inner type=\u00bbundefined\u00bb saved_specialty_column_type=\u00bb2_3&#8243; _builder_version=\u00bb4.16&#8243; custom_padding=\u00bb|||\u00bb global_colors_info=\u00bb{}\u00bb custom_padding__hover=\u00bb|||\u00bb][et_pb_text _builder_version=\u00bb4.16&#8243; text_font=\u00bbJosefin Sans||||||||\u00bb vertical_offset_tablet=\u00bb0&#8243; horizontal_offset_tablet=\u00bb0&#8243; z_index_tablet=\u00bb0&#8243; text_text_shadow_horizontal_length_tablet=\u00bb0px\u00bb text_text_shadow_vertical_length_tablet=\u00bb0px\u00bb text_text_shadow_blur_strength_tablet=\u00bb1px\u00bb link_text_shadow_horizontal_length_tablet=\u00bb0px\u00bb link_text_shadow_vertical_length_tablet=\u00bb0px\u00bb link_text_shadow_blur_strength_tablet=\u00bb1px\u00bb ul_text_shadow_horizontal_length_tablet=\u00bb0px\u00bb ul_text_shadow_vertical_length_tablet=\u00bb0px\u00bb ul_text_shadow_blur_strength_tablet=\u00bb1px\u00bb ol_text_shadow_horizontal_length_tablet=\u00bb0px\u00bb ol_text_shadow_vertical_length_tablet=\u00bb0px\u00bb ol_text_shadow_blur_strength_tablet=\u00bb1px\u00bb quote_text_shadow_horizontal_length_tablet=\u00bb0px\u00bb quote_text_shadow_vertical_length_tablet=\u00bb0px\u00bb quote_text_shadow_blur_strength_tablet=\u00bb1px\u00bb header_text_shadow_horizontal_length_tablet=\u00bb0px\u00bb header_text_shadow_vertical_length_tablet=\u00bb0px\u00bb header_text_shadow_blur_strength_tablet=\u00bb1px\u00bb header_2_text_shadow_horizontal_length_tablet=\u00bb0px\u00bb header_2_text_shadow_vertical_length_tablet=\u00bb0px\u00bb header_2_text_shadow_blur_strength_tablet=\u00bb1px\u00bb header_3_text_shadow_horizontal_length_tablet=\u00bb0px\u00bb header_3_text_shadow_vertical_length_tablet=\u00bb0px\u00bb header_3_text_shadow_blur_strength_tablet=\u00bb1px\u00bb header_4_text_shadow_horizontal_length_tablet=\u00bb0px\u00bb header_4_text_shadow_vertical_length_tablet=\u00bb0px\u00bb header_4_text_shadow_blur_strength_tablet=\u00bb1px\u00bb header_5_text_shadow_horizontal_length_tablet=\u00bb0px\u00bb header_5_text_shadow_vertical_length_tablet=\u00bb0px\u00bb header_5_text_shadow_blur_strength_tablet=\u00bb1px\u00bb header_6_text_shadow_horizontal_length_tablet=\u00bb0px\u00bb header_6_text_shadow_vertical_length_tablet=\u00bb0px\u00bb header_6_text_shadow_blur_strength_tablet=\u00bb1px\u00bb box_shadow_horizontal_tablet=\u00bb0px\u00bb box_shadow_vertical_tablet=\u00bb0px\u00bb box_shadow_blur_tablet=\u00bb40px\u00bb box_shadow_spread_tablet=\u00bb0px\u00bb global_colors_info=\u00bb{}\u00bb]<\/p>\n<p><img decoding=\"async\" class=\"size-full wp-image-94 aligncenter lazyload\" data-src=\"https:\/\/wp.grupo-oter.net\/cartas\/wp-content\/uploads\/sites\/40\/2020\/05\/El-Barril-de-Alc\u00e1ntara-LOGO.jpg\" alt=\"\" width=\"125\" height=\"100\" src=\"data:image\/svg+xml;base64,PHN2ZyB3aWR0aD0iMSIgaGVpZ2h0PSIxIiB4bWxucz0iaHR0cDovL3d3dy53My5vcmcvMjAwMC9zdmciPjwvc3ZnPg==\" style=\"--smush-placeholder-width: 125px; --smush-placeholder-aspect-ratio: 125\/100;\" \/><\/p>\n<h2>\u00a0<\/h2>\n<h2 style=\"text-align: center;\"><span style=\"color: #3a5268;\"><strong>CARTA DE POSTRES<\/strong><\/span><\/h2>\n<h4 style=\"text-align: center;\"><span style=\"color: #3a5268; font-size: small;\"><strong>(10% IVA INCLUIDO) TAMBI\u00c9N PARA LLEVAR<\/strong><\/span><\/h4>\n<p>[\/et_pb_text][et_pb_toggle title=\u00bbUN FINAL IRRESISTIBLE\u00bb open_toggle_background_color=\u00bb#f7f7f7&#8243; closed_toggle_background_color=\u00bb#f7f7f7&#8243; icon_color=\u00bb#3a5268&#8243; open_icon_color=\u00bb#3a5268&#8243; admin_label=\u00bbUN FINAL IRRESISTIBLE\u00bb _builder_version=\u00bb4.27.4&#8243; title_font=\u00bbJosefin Sans||||||||\u00bb title_line_height=\u00bb1.4em\u00bb body_font=\u00bbJosefin Sans||||||||\u00bb body_font_size=\u00bb15px\u00bb body_line_height=\u00bb1.8em\u00bb vertical_offset_tablet=\u00bb0&#8243; horizontal_offset_tablet=\u00bb0&#8243; animation_style=\u00bbfade\u00bb title_text_shadow_horizontal_length_tablet=\u00bb0px\u00bb title_text_shadow_vertical_length_tablet=\u00bb0px\u00bb title_text_shadow_blur_strength_tablet=\u00bb1px\u00bb closed_title_text_shadow_horizontal_length_tablet=\u00bb0px\u00bb closed_title_text_shadow_vertical_length_tablet=\u00bb0px\u00bb closed_title_text_shadow_blur_strength_tablet=\u00bb1px\u00bb body_text_shadow_horizontal_length_tablet=\u00bb0px\u00bb body_text_shadow_vertical_length_tablet=\u00bb0px\u00bb body_text_shadow_blur_strength_tablet=\u00bb1px\u00bb body_link_text_shadow_horizontal_length_tablet=\u00bb0px\u00bb body_link_text_shadow_vertical_length_tablet=\u00bb0px\u00bb body_link_text_shadow_blur_strength_tablet=\u00bb1px\u00bb body_ul_text_shadow_horizontal_length_tablet=\u00bb0px\u00bb body_ul_text_shadow_vertical_length_tablet=\u00bb0px\u00bb body_ul_text_shadow_blur_strength_tablet=\u00bb1px\u00bb body_ol_text_shadow_horizontal_length_tablet=\u00bb0px\u00bb body_ol_text_shadow_vertical_length_tablet=\u00bb0px\u00bb body_ol_text_shadow_blur_strength_tablet=\u00bb1px\u00bb body_quote_text_shadow_horizontal_length_tablet=\u00bb0px\u00bb body_quote_text_shadow_vertical_length_tablet=\u00bb0px\u00bb body_quote_text_shadow_blur_strength_tablet=\u00bb1px\u00bb border_width_all=\u00bb0px\u00bb box_shadow_horizontal_tablet=\u00bb0px\u00bb box_shadow_vertical_tablet=\u00bb0px\u00bb box_shadow_blur_tablet=\u00bb40px\u00bb box_shadow_spread_tablet=\u00bb0px\u00bb text_shadow_horizontal_length_tablet=\u00bb0px\u00bb text_shadow_vertical_length_tablet=\u00bb0px\u00bb text_shadow_blur_strength_tablet=\u00bb1px\u00bb global_colors_info=\u00bb{}\u00bb]<\/p>\n<p><strong><span style=\"color: #3a5268;\">Los tradicionales<\/span><\/strong><\/p>\n<p><strong><span style=\"color: #3a5268;\">Cremoso de arroz con leche y az\u00facar tostado<\/span><\/strong><br \/>Preparado muy lentamente para hacerlo m\u00e1s cremoso, cubierto con una crujiente capa de caramelo.<br \/>8,00\u20ac<\/p>\n<p><strong><span style=\"color: #3a5268;\">Tocinillo de cielo al caramelo con crema helada de vainilla<\/span><\/strong><br \/>Al m\u00e1s puro estilo casero, con la agradable suavidad de la vainilla helada y la elegancia del Pedro Xim\u00e9nez.<br \/>8,50\u20ac<\/p>\n<p><span style=\"color: #3a5268;\"><strong>Tiramis\u00fa<\/strong><\/span><br \/>Combinaci\u00f3n muy italiana de estimulante caf\u00e9 expresso, crema de Mascarpone y el toque amargo del cacao.<br \/>8,50\u20ac<\/p>\n<p><strong><span style=\"color: #3a5268;\">Filloas rellenas de crema pastelera<\/span><\/strong><br \/>Dulces y delicadas \u201cBlondas\u201d fritas con az\u00facar y canela, y rellenas de exquisita crema pastelera.<br \/>8,50\u20ac<\/p>\n<p><span style=\"color: #3a5268;\"><strong>Tarta de queso casera con caramelo Toffee<\/strong><\/span><br \/>Bizcocho ligero elaborado con suave crema de queso que contrasta con el dulzor del caramelo Toffee.<br \/>8,50\u20ac<\/p>\n<p><strong><span style=\"color: #3a5268;\">Sopa de chocolate blanco con sorbete de frutos rojos<\/span><\/strong><br \/>Un contraste de sabores y textura, el dulce y cremoso chocolate y la fresca acidez de los frutos rojos.<br \/>8,50\u20ac<\/p>\n<p>&nbsp;<\/p>\n<p><strong><span style=\"color: #3a5268;\">Refrescantes y ligeros<\/span><\/strong><\/p>\n<p><span style=\"font-size: 15px; color: #3a5268;\"><strong>Carpaccio de pi\u00f1a y mango con sorbete de mandarina<\/strong><\/span><span style=\"font-size: 15px;\"><br \/><\/span><span style=\"font-size: 15px;\">Un mosaico de sabores frescos y vivos colores.<br \/>8,00\u20ac<\/span><\/p>\n<p><span style=\"color: #3a5268;\"><strong>Helados de crema de leche<\/strong><\/span><br \/>Helados elaborados por nuestros repostero, con la m\u00e1s fresca crema de leche.<br \/>(Vainilla Bourbon, chocolate negro y yogurt griego\u2026)<br \/>7,50\u20ac<\/p>\n<p><span style=\"color: #3a5862;\"><strong>Sorbetes naturales batidos al orujo<\/strong><\/span><br \/>Sorbetes de frutas frescas con un toque de orujo de la tierra.<br \/>11,00\u20ac<\/p>\n<p>[\/et_pb_toggle][et_pb_toggle title=\u00bbVINOS Y DESTILADOS PARA LOS POSTRES\u00bb open_toggle_background_color=\u00bb#f7f7f7&#8243; closed_toggle_background_color=\u00bb#f7f7f7&#8243; icon_color=\u00bb#3a5268&#8243; open_icon_color=\u00bb#3a5268&#8243; admin_label=\u00bbVINOS Y DESTILADOS PARA LOS POSTRES\u00bb _builder_version=\u00bb4.27.4&#8243; title_font=\u00bbJosefin Sans||||||||\u00bb title_line_height=\u00bb1.4em\u00bb body_font=\u00bbJosefin Sans||||||||\u00bb body_font_size=\u00bb15px\u00bb body_line_height=\u00bb1.8em\u00bb vertical_offset_tablet=\u00bb0&#8243; horizontal_offset_tablet=\u00bb0&#8243; animation_style=\u00bbfade\u00bb hover_enabled=\u00bb0&#8243; title_text_shadow_horizontal_length_tablet=\u00bb0px\u00bb title_text_shadow_vertical_length_tablet=\u00bb0px\u00bb title_text_shadow_blur_strength_tablet=\u00bb1px\u00bb closed_title_text_shadow_horizontal_length_tablet=\u00bb0px\u00bb closed_title_text_shadow_vertical_length_tablet=\u00bb0px\u00bb closed_title_text_shadow_blur_strength_tablet=\u00bb1px\u00bb body_text_shadow_horizontal_length_tablet=\u00bb0px\u00bb body_text_shadow_vertical_length_tablet=\u00bb0px\u00bb body_text_shadow_blur_strength_tablet=\u00bb1px\u00bb body_link_text_shadow_horizontal_length_tablet=\u00bb0px\u00bb body_link_text_shadow_vertical_length_tablet=\u00bb0px\u00bb body_link_text_shadow_blur_strength_tablet=\u00bb1px\u00bb body_ul_text_shadow_horizontal_length_tablet=\u00bb0px\u00bb body_ul_text_shadow_vertical_length_tablet=\u00bb0px\u00bb body_ul_text_shadow_blur_strength_tablet=\u00bb1px\u00bb body_ol_text_shadow_horizontal_length_tablet=\u00bb0px\u00bb body_ol_text_shadow_vertical_length_tablet=\u00bb0px\u00bb body_ol_text_shadow_blur_strength_tablet=\u00bb1px\u00bb body_quote_text_shadow_horizontal_length_tablet=\u00bb0px\u00bb body_quote_text_shadow_vertical_length_tablet=\u00bb0px\u00bb body_quote_text_shadow_blur_strength_tablet=\u00bb1px\u00bb border_width_all=\u00bb0px\u00bb box_shadow_horizontal_tablet=\u00bb0px\u00bb box_shadow_vertical_tablet=\u00bb0px\u00bb box_shadow_blur_tablet=\u00bb40px\u00bb box_shadow_spread_tablet=\u00bb0px\u00bb text_shadow_horizontal_length_tablet=\u00bb0px\u00bb text_shadow_vertical_length_tablet=\u00bb0px\u00bb text_shadow_blur_strength_tablet=\u00bb1px\u00bb global_colors_info=\u00bb{}\u00bb sticky_enabled=\u00bb0&#8243;]<\/p>\n<p><span style=\"color: #000b27;\"><strong>Moscatel Gran Feudo de Chivite<\/strong><\/span><br \/>Copa 6,25\u20ac<\/p>\n<p><span style=\"color: #000b27;\"><strong>P.X. S\u00e1nchez Romate<\/strong><\/span><br \/>Copa 6,25\u20ac<\/p>\n<p><span style=\"color: #000b27;\"><strong>Casta Diva Moscatel<\/strong><\/span><br \/>Copa 7,50\u20ac<\/p>\n<p><span style=\"color: #000b27;\"><strong>Pedro Xim\u00e9nez Tradici\u00f3n VOS<\/strong><\/span><br \/>Copa 9,00\u20ac<\/p>\n<p><span style=\"color: #000b27;\"><strong>1413 Tokaji Disznoko Edes Szamordni<\/strong><\/span><br \/>Copa 9,00\u20ac<\/p>\n<p>&nbsp;<\/p>\n<p>[\/et_pb_toggle][et_pb_toggle title=\u00bbCAF\u00c9S\u00bb open_toggle_background_color=\u00bb#f7f7f7&#8243; closed_toggle_background_color=\u00bb#f7f7f7&#8243; icon_color=\u00bb#3a5268&#8243; open_icon_color=\u00bb#3a5268&#8243; admin_label=\u00bbCAF\u00c9S\u00bb _builder_version=\u00bb4.27.4&#8243; title_font=\u00bbJosefin Sans||||||||\u00bb title_line_height=\u00bb1.4em\u00bb body_font=\u00bbJosefin Sans||||||||\u00bb body_font_size=\u00bb15px\u00bb body_line_height=\u00bb1.8em\u00bb vertical_offset_tablet=\u00bb0&#8243; horizontal_offset_tablet=\u00bb0&#8243; animation_style=\u00bbfade\u00bb hover_enabled=\u00bb0&#8243; title_text_shadow_horizontal_length_tablet=\u00bb0px\u00bb title_text_shadow_vertical_length_tablet=\u00bb0px\u00bb title_text_shadow_blur_strength_tablet=\u00bb1px\u00bb closed_title_text_shadow_horizontal_length_tablet=\u00bb0px\u00bb closed_title_text_shadow_vertical_length_tablet=\u00bb0px\u00bb closed_title_text_shadow_blur_strength_tablet=\u00bb1px\u00bb body_text_shadow_horizontal_length_tablet=\u00bb0px\u00bb body_text_shadow_vertical_length_tablet=\u00bb0px\u00bb body_text_shadow_blur_strength_tablet=\u00bb1px\u00bb body_link_text_shadow_horizontal_length_tablet=\u00bb0px\u00bb body_link_text_shadow_vertical_length_tablet=\u00bb0px\u00bb body_link_text_shadow_blur_strength_tablet=\u00bb1px\u00bb body_ul_text_shadow_horizontal_length_tablet=\u00bb0px\u00bb body_ul_text_shadow_vertical_length_tablet=\u00bb0px\u00bb body_ul_text_shadow_blur_strength_tablet=\u00bb1px\u00bb body_ol_text_shadow_horizontal_length_tablet=\u00bb0px\u00bb body_ol_text_shadow_vertical_length_tablet=\u00bb0px\u00bb body_ol_text_shadow_blur_strength_tablet=\u00bb1px\u00bb body_quote_text_shadow_horizontal_length_tablet=\u00bb0px\u00bb body_quote_text_shadow_vertical_length_tablet=\u00bb0px\u00bb body_quote_text_shadow_blur_strength_tablet=\u00bb1px\u00bb border_width_all=\u00bb0px\u00bb box_shadow_horizontal_tablet=\u00bb0px\u00bb box_shadow_vertical_tablet=\u00bb0px\u00bb box_shadow_blur_tablet=\u00bb40px\u00bb box_shadow_spread_tablet=\u00bb0px\u00bb text_shadow_horizontal_length_tablet=\u00bb0px\u00bb text_shadow_vertical_length_tablet=\u00bb0px\u00bb text_shadow_blur_strength_tablet=\u00bb1px\u00bb global_colors_info=\u00bb{}\u00bb sticky_enabled=\u00bb0&#8243;]<\/p>\n<p><span style=\"color: #000b27;\"><strong>Especial de la Casa<\/strong><\/span><br \/>Circulo de oro es un caf\u00e9 natural supremo criba 18. Un caf\u00e9 suave de la especie ar\u00e1bica con aromas florales y afrutado. Acidez natural y persistencia arom\u00e1tica.<br \/>2,75\u20ac<\/p>\n<p><span style=\"color: #000b27;\"><strong>Descafeinado en grano<\/strong><\/span><br \/>100 % Colombia, Supremo. Caf\u00e9 suave y afrutado. M\u00ednimo contenido en cafe\u00edna, por debajo de 0,05%.<br \/>2,75\u20ac<\/p>\n<p><strong><span style=\"color: #333333;\">Caf\u00e9 Bomb\u00f3n<\/span><\/strong><br \/>Con deliciosa leche condensada.<br \/>4,20\u20ac<\/p>\n<p><span style=\"color: #000b27;\"><strong>Caf\u00e9 Capuchino<\/strong><\/span><br \/>Al estilo tradicional: batir la leche con el vaporizador y espolvorear con caf\u00e9 molido.<br \/>4,20\u20ac<\/p>\n<p><span style=\"color: #000b27;\"><strong>Caf\u00e9 Vien\u00e9s<\/strong><\/span><br \/>Se le a\u00f1ade un chorrito de co\u00f1ac y un poco de az\u00facar, y se sirve con nata montada y canela.<br \/>4,75\u20ac<\/p>\n<p><strong><span style=\"color: #333333;\"><span style=\"color: #000b27;\">Caf\u00e9 Escoc\u00e9s<\/span><\/span><\/strong><br \/>Whisky, helado de vainilla y caf\u00e9.<br \/>6.50\u20ac<\/p>\n<p><span style=\"color: #000b27;\"><strong>Caf\u00e9 Irland\u00e9s<\/strong><\/span><br \/>Whisky y az\u00facar flambeado, a\u00f1adimos el caf\u00e9 y rellenamos con nata.<br \/>6.50\u20ac<\/p>\n<p>&nbsp;<\/p>\n<p>[\/et_pb_toggle][et_pb_toggle title=\u00bbINFUSIONES Y T\u00c9S NATURALES\u00bb open_toggle_background_color=\u00bb#f7f7f7&#8243; closed_toggle_background_color=\u00bb#f7f7f7&#8243; icon_color=\u00bb#3a5268&#8243; open_icon_color=\u00bb#3a5268&#8243; admin_label=\u00bbINFUSIONES Y T\u00c9S NATURALES\u00bb _builder_version=\u00bb4.16&#8243; title_font=\u00bbJosefin Sans||||||||\u00bb title_line_height=\u00bb1.4em\u00bb body_font=\u00bbJosefin Sans||||||||\u00bb body_font_size=\u00bb15px\u00bb body_line_height=\u00bb1.8em\u00bb vertical_offset_tablet=\u00bb0&#8243; horizontal_offset_tablet=\u00bb0&#8243; animation_style=\u00bbfade\u00bb title_text_shadow_horizontal_length_tablet=\u00bb0px\u00bb title_text_shadow_vertical_length_tablet=\u00bb0px\u00bb title_text_shadow_blur_strength_tablet=\u00bb1px\u00bb closed_title_text_shadow_horizontal_length_tablet=\u00bb0px\u00bb closed_title_text_shadow_vertical_length_tablet=\u00bb0px\u00bb closed_title_text_shadow_blur_strength_tablet=\u00bb1px\u00bb body_text_shadow_horizontal_length_tablet=\u00bb0px\u00bb body_text_shadow_vertical_length_tablet=\u00bb0px\u00bb body_text_shadow_blur_strength_tablet=\u00bb1px\u00bb body_link_text_shadow_horizontal_length_tablet=\u00bb0px\u00bb body_link_text_shadow_vertical_length_tablet=\u00bb0px\u00bb body_link_text_shadow_blur_strength_tablet=\u00bb1px\u00bb body_ul_text_shadow_horizontal_length_tablet=\u00bb0px\u00bb body_ul_text_shadow_vertical_length_tablet=\u00bb0px\u00bb body_ul_text_shadow_blur_strength_tablet=\u00bb1px\u00bb body_ol_text_shadow_horizontal_length_tablet=\u00bb0px\u00bb body_ol_text_shadow_vertical_length_tablet=\u00bb0px\u00bb body_ol_text_shadow_blur_strength_tablet=\u00bb1px\u00bb body_quote_text_shadow_horizontal_length_tablet=\u00bb0px\u00bb body_quote_text_shadow_vertical_length_tablet=\u00bb0px\u00bb body_quote_text_shadow_blur_strength_tablet=\u00bb1px\u00bb border_width_all=\u00bb0px\u00bb box_shadow_horizontal_tablet=\u00bb0px\u00bb box_shadow_vertical_tablet=\u00bb0px\u00bb box_shadow_blur_tablet=\u00bb40px\u00bb box_shadow_spread_tablet=\u00bb0px\u00bb text_shadow_horizontal_length_tablet=\u00bb0px\u00bb text_shadow_vertical_length_tablet=\u00bb0px\u00bb text_shadow_blur_strength_tablet=\u00bb1px\u00bb global_colors_info=\u00bb{}\u00bb]<\/p>\n<p><span style=\"color: #000027;\"><strong>Manzanilla, poleo y tila biol\u00f3gicas<\/strong><\/span><br \/>3,90\u20ac<\/p>\n<p><span style=\"color: #000b27;\"><strong>Infusi\u00f3n de frutos rojos\u00a0<\/strong><\/span><br \/>Infusi\u00f3n de frutas sin cafe\u00edna. Taza roja intensa. Sabor a frutas rojas, grosellas, ar\u00e1ndanos y frambuesa. Intenso sabor y aroma denso.<br \/>3,90\u20ac<\/p>\n<p><strong><span color=\"#000000\" style=\"color: #000000;\">Infusi\u00f3n de Rooibos<\/span>\u00a0<\/strong><br \/>De origen sudafricano, no tiene cafe\u00edna. Las propiedades del Roiboos son realmente muy buenas y variadas, evita la retenci\u00f3n de l\u00edquidos, mejora la digesti\u00f3n y es bueno para la piel. Se deja reposar 5 minutos.<br \/>3,90\u20ac<\/p>\n<p><span style=\"color: #000027;\"><strong>Darjeeling, Badamtam FOP<\/strong><\/span><br \/>Un t\u00e9 negro del Himalaya de la India, tambi\u00e9n conocido como el champagne de los t\u00e9s. Tiene un sabor amoscatelado y un delicado color miel. Con o sin leche, 2-3 minutos.<br \/>3,90\u20ac<\/p>\n<p><span><strong><span style=\"color: #000027;\">Pu Ehr (T\u00e9 rojo)<\/span>\u00a0<\/strong><\/span><br \/>Es un t\u00e9 muy apreciado por su tradicional uso en la medicina natural china, especialmente por sus propiedades digestivas, depurativas y adelgazantes, sin leche, 3 min.<br \/>3,90\u20ac<\/p>\n<p><span style=\"color: #000027;\"><strong>T\u00e9 negro a la canela\u00a0<\/strong><\/span><br \/>Te negro con canela en rama. Con o sin leche, 4 minutos.<br \/>3,90\u20ac<\/p>\n<p><span color=\"#000027\" style=\"color: #000027;\"><b>T\u00e9 verde cpm vainilla<\/b><\/span><br \/>T\u00e9 verde aromatizado con vainilla. S\u00f3lo 2 minutos.<br \/>3,90\u20ac<\/p>\n<p><span style=\"color: #000027;\"><strong>Jasmine Monkey King<\/strong><\/span><br \/><span class=\"s1\">T\u00e9 semifermentado con flores de Jasmine. La alta proporci\u00f3n de Jasmine le da un intenso aroma. Solo 3 minutos.<\/span><br \/>3,90\u20ac<\/p>\n<p><span style=\"color: #000027;\"><strong>T\u00e9 English Breakfast<\/strong><\/span><br \/><span class=\"s1\">Mezcla de t\u00e9s negros BOP de origen Ceil\u00e1n y Assam. Es un t\u00e9 fuerte, especialmente pensado para comenzar el d\u00eda. Te toma con leche o lim\u00f3n.<\/span><br \/>3,90\u20ac<\/p>\n<p>[\/et_pb_toggle][\/et_pb_column_inner][\/et_pb_row_inner][\/et_pb_column][et_pb_column type=\u00bb1_3&#8243; _builder_version=\u00bb4.16&#8243; custom_padding=\u00bb|||\u00bb global_colors_info=\u00bb{}\u00bb custom_padding__hover=\u00bb|||\u00bb][\/et_pb_column][\/et_pb_section]<\/p>\n","protected":false},"excerpt":{"rendered":"<p>\u00a0 CARTA DE POSTRES (10% IVA INCLUIDO) TAMBI\u00c9N PARA LLEVARLos tradicionales Cremoso de arroz con leche y az\u00facar tostadoPreparado muy lentamente para hacerlo m\u00e1s cremoso, cubierto con una crujiente capa de caramelo.8,00\u20ac Tocinillo de cielo al caramelo con crema helada de vainillaAl m\u00e1s puro estilo casero, con la agradable suavidad de la vainilla helada y [&hellip;]<\/p>\n","protected":false},"author":2,"featured_media":0,"parent":0,"menu_order":0,"comment_status":"closed","ping_status":"closed","template":"page-template-blank.php","meta":{"_et_pb_use_builder":"on","_et_pb_old_content":"","_et_gb_content_width":"","footnotes":""},"class_list":["post-819","page","type-page","status-publish","hentry"],"_links":{"self":[{"href":"https:\/\/wp.grupo-oter.net\/cartas\/wp-json\/wp\/v2\/pages\/819","targetHints":{"allow":["GET"]}}],"collection":[{"href":"https:\/\/wp.grupo-oter.net\/cartas\/wp-json\/wp\/v2\/pages"}],"about":[{"href":"https:\/\/wp.grupo-oter.net\/cartas\/wp-json\/wp\/v2\/types\/page"}],"author":[{"embeddable":true,"href":"https:\/\/wp.grupo-oter.net\/cartas\/wp-json\/wp\/v2\/users\/2"}],"replies":[{"embeddable":true,"href":"https:\/\/wp.grupo-oter.net\/cartas\/wp-json\/wp\/v2\/comments?post=819"}],"version-history":[{"count":33,"href":"https:\/\/wp.grupo-oter.net\/cartas\/wp-json\/wp\/v2\/pages\/819\/revisions"}],"predecessor-version":[{"id":13737,"href":"https:\/\/wp.grupo-oter.net\/cartas\/wp-json\/wp\/v2\/pages\/819\/revisions\/13737"}],"wp:attachment":[{"href":"https:\/\/wp.grupo-oter.net\/cartas\/wp-json\/wp\/v2\/media?parent=819"}],"curies":[{"name":"wp","href":"https:\/\/api.w.org\/{rel}","templated":true}]}}