{"id":7536,"date":"2021-09-09T14:08:55","date_gmt":"2021-09-09T14:08:55","guid":{"rendered":"https:\/\/wp.grupo-oter.net\/cartas\/?page_id=7536"},"modified":"2021-09-09T14:08:55","modified_gmt":"2021-09-09T14:08:55","slug":"combos-ingles-parrilla-el-barril","status":"publish","type":"page","link":"https:\/\/wp.grupo-oter.net\/cartas\/combos-ingles-parrilla-el-barril\/","title":{"rendered":"Combos ingl\u00e9s parrilla el barril"},"content":{"rendered":"<p>[et_pb_section bb_built=\u00bb1&#8243; admin_label=\u00bbTestimonials\u00bb specialty=\u00bbon\u00bb custom_padding_last_edited=\u00bbon|phone\u00bb _builder_version=\u00bb4.9.4&#8243; vertical_offset_tablet=\u00bb0&#8243; horizontal_offset_tablet=\u00bb0&#8243; custom_padding=\u00bb||150px|\u00bb custom_padding_tablet=\u00bb|||\u00bb custom_padding_phone=\u00bb||||false|false\u00bb bottom_divider_style=\u00bbslant2&#8243; bottom_divider_color=\u00bb#5b5b5b\u00bb bottom_divider_height=\u00bb160px\u00bb bottom_divider_flip=\u00bbvertical\u00bb bottom_divider_height_phone=\u00bb90px\u00bb bottom_divider_height_last_edited=\u00bbon|tablet\u00bb z_index_tablet=\u00bb0&#8243; box_shadow_horizontal_tablet=\u00bb0px\u00bb box_shadow_vertical_tablet=\u00bb0px\u00bb box_shadow_blur_tablet=\u00bb40px\u00bb box_shadow_spread_tablet=\u00bb0px\u00bb][et_pb_column type=\u00bb2_3&#8243; specialty_columns=\u00bb2&#8243;][et_pb_row_inner column_structure=\u00bbundefined\u00bb _builder_version=\u00bb4.9.4&#8243;][et_pb_column_inner type=\u00bbundefined\u00bb saved_specialty_column_type=\u00bb2_3&#8243; _builder_version=\u00bb3.25&#8243; custom_padding=\u00bb|||\u00bb custom_padding__hover=\u00bb|||\u00bb saved_specialty_column_type=\u00bb2_3&#8243;][et_pb_text _builder_version=\u00bb4.9.4&#8243; text_font=\u00bbJosefin Sans||||||||\u00bb vertical_offset_tablet=\u00bb0&#8243; horizontal_offset_tablet=\u00bb0&#8243; z_index_tablet=\u00bb0&#8243; text_text_shadow_horizontal_length_tablet=\u00bb0px\u00bb text_text_shadow_vertical_length_tablet=\u00bb0px\u00bb text_text_shadow_blur_strength_tablet=\u00bb1px\u00bb link_text_shadow_horizontal_length_tablet=\u00bb0px\u00bb link_text_shadow_vertical_length_tablet=\u00bb0px\u00bb link_text_shadow_blur_strength_tablet=\u00bb1px\u00bb ul_text_shadow_horizontal_length_tablet=\u00bb0px\u00bb ul_text_shadow_vertical_length_tablet=\u00bb0px\u00bb ul_text_shadow_blur_strength_tablet=\u00bb1px\u00bb ol_text_shadow_horizontal_length_tablet=\u00bb0px\u00bb ol_text_shadow_vertical_length_tablet=\u00bb0px\u00bb ol_text_shadow_blur_strength_tablet=\u00bb1px\u00bb quote_text_shadow_horizontal_length_tablet=\u00bb0px\u00bb quote_text_shadow_vertical_length_tablet=\u00bb0px\u00bb quote_text_shadow_blur_strength_tablet=\u00bb1px\u00bb header_text_shadow_horizontal_length_tablet=\u00bb0px\u00bb header_text_shadow_vertical_length_tablet=\u00bb0px\u00bb header_text_shadow_blur_strength_tablet=\u00bb1px\u00bb header_2_text_shadow_horizontal_length_tablet=\u00bb0px\u00bb header_2_text_shadow_vertical_length_tablet=\u00bb0px\u00bb header_2_text_shadow_blur_strength_tablet=\u00bb1px\u00bb header_3_text_shadow_horizontal_length_tablet=\u00bb0px\u00bb header_3_text_shadow_vertical_length_tablet=\u00bb0px\u00bb header_3_text_shadow_blur_strength_tablet=\u00bb1px\u00bb header_4_text_shadow_horizontal_length_tablet=\u00bb0px\u00bb header_4_text_shadow_vertical_length_tablet=\u00bb0px\u00bb header_4_text_shadow_blur_strength_tablet=\u00bb1px\u00bb header_5_text_shadow_horizontal_length_tablet=\u00bb0px\u00bb header_5_text_shadow_vertical_length_tablet=\u00bb0px\u00bb header_5_text_shadow_blur_strength_tablet=\u00bb1px\u00bb header_6_text_shadow_horizontal_length_tablet=\u00bb0px\u00bb header_6_text_shadow_vertical_length_tablet=\u00bb0px\u00bb header_6_text_shadow_blur_strength_tablet=\u00bb1px\u00bb box_shadow_horizontal_tablet=\u00bb0px\u00bb box_shadow_vertical_tablet=\u00bb0px\u00bb box_shadow_blur_tablet=\u00bb40px\u00bb box_shadow_spread_tablet=\u00bb0px\u00bb]<\/p>\n<p><img decoding=\"async\" class=\"wp-image-470 aligncenter lazyload\" data-src=\"https:\/\/wp.grupo-oter.net\/cartas\/wp-content\/uploads\/sites\/40\/2020\/05\/png-parrilla-el-barril.png\" alt=\"\" width=\"235\" height=\"196\" src=\"data:image\/svg+xml;base64,PHN2ZyB3aWR0aD0iMSIgaGVpZ2h0PSIxIiB4bWxucz0iaHR0cDovL3d3dy53My5vcmcvMjAwMC9zdmciPjwvc3ZnPg==\" style=\"--smush-placeholder-width: 235px; --smush-placeholder-aspect-ratio: 235\/196;\" \/><\/p>\n<h2>\u00a0<\/h2>\n<h2 style=\"text-align: center;\"><span style=\"color: #000000;\"><strong>COMBOS<\/strong><\/span><\/h2>\n<h4 style=\"text-align: center;\"><span style=\"color: #000000;\"><strong>(10% iva incluido)<\/strong><\/span><\/h4>\n<p>[\/et_pb_text][et_pb_toggle admin_label=\u00bbCOMBO 1&#8243; title=\u00bbCOMBO 1&#8243; open_toggle_background_color=\u00bb#f7f7f7&#8243; closed_toggle_background_color=\u00bb#f7f7f7&#8243; icon_color=\u00bb#326e5c\u00bb _builder_version=\u00bb4.9.4&#8243; title_font=\u00bbJosefin Sans||||||||\u00bb title_line_height=\u00bb1.4em\u00bb body_font=\u00bbJosefin Sans||||||||\u00bb body_font_size=\u00bb15px\u00bb body_line_height=\u00bb1.8em\u00bb vertical_offset_tablet=\u00bb0&#8243; horizontal_offset_tablet=\u00bb0&#8243; animation_style=\u00bbfade\u00bb hover_enabled=\u00bb0&#8243; title_text_shadow_horizontal_length_tablet=\u00bb0px\u00bb title_text_shadow_vertical_length_tablet=\u00bb0px\u00bb title_text_shadow_blur_strength_tablet=\u00bb1px\u00bb closed_title_text_shadow_horizontal_length_tablet=\u00bb0px\u00bb closed_title_text_shadow_vertical_length_tablet=\u00bb0px\u00bb closed_title_text_shadow_blur_strength_tablet=\u00bb1px\u00bb body_text_shadow_horizontal_length_tablet=\u00bb0px\u00bb body_text_shadow_vertical_length_tablet=\u00bb0px\u00bb body_text_shadow_blur_strength_tablet=\u00bb1px\u00bb body_link_text_shadow_horizontal_length_tablet=\u00bb0px\u00bb body_link_text_shadow_vertical_length_tablet=\u00bb0px\u00bb body_link_text_shadow_blur_strength_tablet=\u00bb1px\u00bb body_ul_text_shadow_horizontal_length_tablet=\u00bb0px\u00bb body_ul_text_shadow_vertical_length_tablet=\u00bb0px\u00bb body_ul_text_shadow_blur_strength_tablet=\u00bb1px\u00bb body_ol_text_shadow_horizontal_length_tablet=\u00bb0px\u00bb body_ol_text_shadow_vertical_length_tablet=\u00bb0px\u00bb body_ol_text_shadow_blur_strength_tablet=\u00bb1px\u00bb body_quote_text_shadow_horizontal_length_tablet=\u00bb0px\u00bb body_quote_text_shadow_vertical_length_tablet=\u00bb0px\u00bb body_quote_text_shadow_blur_strength_tablet=\u00bb1px\u00bb border_width_all=\u00bb0px\u00bb box_shadow_horizontal_tablet=\u00bb0px\u00bb box_shadow_vertical_tablet=\u00bb0px\u00bb box_shadow_blur_tablet=\u00bb40px\u00bb box_shadow_spread_tablet=\u00bb0px\u00bb text_shadow_horizontal_length_tablet=\u00bb0px\u00bb text_shadow_vertical_length_tablet=\u00bb0px\u00bb text_shadow_blur_strength_tablet=\u00bb1px\u00bb sticky_enabled=\u00bb0&#8243;]<\/p>\n<h5 style=\"text-align: center;\"><span style=\"color: #000027;\"><strong>\u00abMEN\u00da EL DELICIOSO\u00bb (IDEAL PARA 2 PERSONAS)<\/strong><\/span><\/h5>\n<p style=\"font-weight: 400; text-align: center;\"><span class=\"s1\">Jam\u00f3n ib\u00e9rico de montanera.<\/span><\/p>\n<p style=\"font-weight: 400; text-align: center;\"><span class=\"s1\">Selecci\u00f3n de quesos afinados con frutos secos y membrillo natural.<\/span><\/p>\n<p style=\"font-weight: 400; text-align: center;\"><span class=\"s1\">Ensaladilla rusa de merluza de pincho.<\/span><\/p>\n<p style=\"font-weight: 400; text-align: center;\"><span class=\"s1\">Croquetas caseras de ib\u00e9rico.<\/span><\/p>\n<p style=\"font-weight: 400; text-align: center;\"><span class=\"s1\">Boquerones malague\u00f1os plateados, fritos al momento.<\/span><\/p>\n<p style=\"font-weight: 400; text-align: center;\"><span class=\"s1\">Arroz marinero limpio, <em>para no mancharse.<\/em><\/span><\/p>\n<p style=\"font-weight: 400; text-align: center;\"><span class=\"s1\">Cheesecake hecho en casa con caramelo Toffee.<\/span><\/p>\n<p style=\"font-weight: 400; text-align: center;\"><em><span style=\"color: #000027;\"><strong>Precio COMBO\u00a0 60,00\u20ac &#8211; IVA al 10% incluido<\/strong><\/span><\/em><\/p>\n<p class=\"p2\" style=\"text-align: center;\"><span class=\"s1\"><b>Completa tu Combo con nuestra selecci\u00f3n de vinos para llevar (Precio no incluido).<\/b><\/span><\/p>\n<p>[\/et_pb_toggle][et_pb_toggle admin_label=\u00bbCOMBO 2&#8243; title=\u00bbCOMBO 2&#8243; open_toggle_background_color=\u00bb#f7f7f7&#8243; closed_toggle_background_color=\u00bb#f7f7f7&#8243; icon_color=\u00bb#326e5c\u00bb _builder_version=\u00bb4.9.4&#8243; title_font=\u00bbJosefin Sans||||||||\u00bb title_line_height=\u00bb1.4em\u00bb body_font=\u00bbJosefin Sans||||||||\u00bb body_font_size=\u00bb15px\u00bb body_line_height=\u00bb1.8em\u00bb vertical_offset_tablet=\u00bb0&#8243; horizontal_offset_tablet=\u00bb0&#8243; animation_style=\u00bbfade\u00bb hover_enabled=\u00bb0&#8243; title_text_shadow_horizontal_length_tablet=\u00bb0px\u00bb title_text_shadow_vertical_length_tablet=\u00bb0px\u00bb title_text_shadow_blur_strength_tablet=\u00bb1px\u00bb closed_title_text_shadow_horizontal_length_tablet=\u00bb0px\u00bb closed_title_text_shadow_vertical_length_tablet=\u00bb0px\u00bb closed_title_text_shadow_blur_strength_tablet=\u00bb1px\u00bb body_text_shadow_horizontal_length_tablet=\u00bb0px\u00bb body_text_shadow_vertical_length_tablet=\u00bb0px\u00bb body_text_shadow_blur_strength_tablet=\u00bb1px\u00bb body_link_text_shadow_horizontal_length_tablet=\u00bb0px\u00bb body_link_text_shadow_vertical_length_tablet=\u00bb0px\u00bb body_link_text_shadow_blur_strength_tablet=\u00bb1px\u00bb body_ul_text_shadow_horizontal_length_tablet=\u00bb0px\u00bb body_ul_text_shadow_vertical_length_tablet=\u00bb0px\u00bb body_ul_text_shadow_blur_strength_tablet=\u00bb1px\u00bb body_ol_text_shadow_horizontal_length_tablet=\u00bb0px\u00bb body_ol_text_shadow_vertical_length_tablet=\u00bb0px\u00bb body_ol_text_shadow_blur_strength_tablet=\u00bb1px\u00bb body_quote_text_shadow_horizontal_length_tablet=\u00bb0px\u00bb body_quote_text_shadow_vertical_length_tablet=\u00bb0px\u00bb body_quote_text_shadow_blur_strength_tablet=\u00bb1px\u00bb border_width_all=\u00bb0px\u00bb box_shadow_horizontal_tablet=\u00bb0px\u00bb box_shadow_vertical_tablet=\u00bb0px\u00bb box_shadow_blur_tablet=\u00bb40px\u00bb box_shadow_spread_tablet=\u00bb0px\u00bb text_shadow_horizontal_length_tablet=\u00bb0px\u00bb text_shadow_vertical_length_tablet=\u00bb0px\u00bb text_shadow_blur_strength_tablet=\u00bb1px\u00bb sticky_enabled=\u00bb0&#8243;]<\/p>\n<h5 style=\"text-align: center;\"><span style=\"color: #000027;\"><strong>\u00abMEN\u00da CAPRICHOSO\u00bb (IDEAL PARA 2 PERSONAS)<\/strong><\/span><\/h5>\n<p style=\"font-weight: 400; text-align: center;\"><span class=\"s1\">Jam\u00f3n ib\u00e9rico de montanera.<\/span><\/p>\n<p style=\"font-weight: 400; text-align: center;\"><span class=\"s1\">Anchoas del Cant\u00e1brico 00.<\/span><\/p>\n<p style=\"font-weight: 400; text-align: center;\"><span class=\"s1\">Calamares fritos con piperada de pimientos.<\/span><\/p>\n<p style=\"font-weight: 400; text-align: center;\"><span class=\"s1\">Merluza de pincho a la Gaditana.<\/span><\/p>\n<p style=\"font-weight: 400; text-align: center;\"><span class=\"s1\">Tartar de at\u00fan con alga wakame y s\u00e9samo tostado.<\/span><\/p>\n<p style=\"font-weight: 400; text-align: center;\"><span class=\"s1\">Arroz marinero con chipirones y verduras de temporada.<\/span><\/p>\n<p style=\"font-weight: 400; text-align: center;\"><span class=\"s1\">Tiramis\u00fa con Amaretto y soletilla de caf\u00e9.<\/span><\/p>\n<p style=\"font-weight: 400; text-align: center;\"><em><span style=\"color: #000027;\"><strong>Precio\u00a0COMBO\u00a0 90,00\u20ac &#8211; IVA al 10% incluido<\/strong><\/span><\/em><\/p>\n<p class=\"p2\" style=\"text-align: center;\"><span class=\"s1\"><b>Completa tu Combo con nuestra selecci\u00f3n de vinos para llevar (Precio no incluido).<\/b><\/span><\/p>\n<p>[\/et_pb_toggle][\/et_pb_column_inner][\/et_pb_row_inner][\/et_pb_column][et_pb_column type=\u00bb1_3&#8243;][\/et_pb_column][\/et_pb_section]<\/p>\n","protected":false},"excerpt":{"rendered":"<p>\u00a0 COMBOS (10% iva incluido) \u00abMEN\u00da EL DELICIOSO\u00bb (IDEAL PARA 2 PERSONAS) Jam\u00f3n ib\u00e9rico de montanera. Selecci\u00f3n de quesos afinados con frutos secos y membrillo natural. Ensaladilla rusa de merluza de pincho. Croquetas caseras de ib\u00e9rico. Boquerones malague\u00f1os plateados, fritos al momento. Arroz marinero limpio, para no mancharse. Cheesecake hecho en casa con caramelo Toffee. [&hellip;]<\/p>\n","protected":false},"author":2,"featured_media":0,"parent":0,"menu_order":0,"comment_status":"closed","ping_status":"closed","template":"page-template-blank.php","meta":{"_et_pb_use_builder":"on","_et_pb_old_content":"","_et_gb_content_width":"","footnotes":""},"class_list":["post-7536","page","type-page","status-publish","hentry"],"_links":{"self":[{"href":"https:\/\/wp.grupo-oter.net\/cartas\/wp-json\/wp\/v2\/pages\/7536","targetHints":{"allow":["GET"]}}],"collection":[{"href":"https:\/\/wp.grupo-oter.net\/cartas\/wp-json\/wp\/v2\/pages"}],"about":[{"href":"https:\/\/wp.grupo-oter.net\/cartas\/wp-json\/wp\/v2\/types\/page"}],"author":[{"embeddable":true,"href":"https:\/\/wp.grupo-oter.net\/cartas\/wp-json\/wp\/v2\/users\/2"}],"replies":[{"embeddable":true,"href":"https:\/\/wp.grupo-oter.net\/cartas\/wp-json\/wp\/v2\/comments?post=7536"}],"version-history":[{"count":1,"href":"https:\/\/wp.grupo-oter.net\/cartas\/wp-json\/wp\/v2\/pages\/7536\/revisions"}],"predecessor-version":[{"id":7537,"href":"https:\/\/wp.grupo-oter.net\/cartas\/wp-json\/wp\/v2\/pages\/7536\/revisions\/7537"}],"wp:attachment":[{"href":"https:\/\/wp.grupo-oter.net\/cartas\/wp-json\/wp\/v2\/media?parent=7536"}],"curies":[{"name":"wp","href":"https:\/\/api.w.org\/{rel}","templated":true}]}}