{"id":739,"date":"2020-06-02T13:46:42","date_gmt":"2020-06-02T13:46:42","guid":{"rendered":"https:\/\/wp.grupo-oter.net\/cartas\/?page_id=739"},"modified":"2024-02-23T12:21:10","modified_gmt":"2024-02-23T12:21:10","slug":"postres-barril-de-goya","status":"publish","type":"page","link":"https:\/\/wp.grupo-oter.net\/cartas\/postres-barril-de-goya\/","title":{"rendered":"Postres Barril de Goya"},"content":{"rendered":"<p>[et_pb_section fb_built=\u00bb1&#8243; specialty=\u00bbon\u00bb custom_padding_last_edited=\u00bbon|phone\u00bb admin_label=\u00bbTestimonials\u00bb _builder_version=\u00bb4.16&#8243; vertical_offset_tablet=\u00bb0&#8243; horizontal_offset_tablet=\u00bb0&#8243; custom_padding=\u00bb||150px|\u00bb custom_padding_tablet=\u00bb|||\u00bb custom_padding_phone=\u00bb||||false|false\u00bb bottom_divider_style=\u00bbslant2&#8243; bottom_divider_color=\u00bb#063766&#8243; bottom_divider_height=\u00bb160px\u00bb bottom_divider_flip=\u00bbvertical\u00bb bottom_divider_height_tablet=\u00bb\u00bb bottom_divider_height_phone=\u00bb90px\u00bb bottom_divider_height_last_edited=\u00bbon|tablet\u00bb z_index_tablet=\u00bb0&#8243; box_shadow_horizontal_tablet=\u00bb0px\u00bb box_shadow_vertical_tablet=\u00bb0px\u00bb box_shadow_blur_tablet=\u00bb40px\u00bb box_shadow_spread_tablet=\u00bb0px\u00bb global_colors_info=\u00bb{}\u00bb][et_pb_column type=\u00bb2_3&#8243; specialty_columns=\u00bb2&#8243; _builder_version=\u00bb4.16&#8243; custom_padding=\u00bb|||\u00bb global_colors_info=\u00bb{}\u00bb custom_padding__hover=\u00bb|||\u00bb][et_pb_row_inner column_structure=\u00bbundefined\u00bb _builder_version=\u00bb4.16&#8243; global_colors_info=\u00bb{}\u00bb][et_pb_column_inner type=\u00bbundefined\u00bb saved_specialty_column_type=\u00bb2_3&#8243; _builder_version=\u00bb4.16&#8243; custom_padding=\u00bb|||\u00bb global_colors_info=\u00bb{}\u00bb custom_padding__hover=\u00bb|||\u00bb][et_pb_text _builder_version=\u00bb4.16&#8243; text_font=\u00bbJosefin Sans||||||||\u00bb vertical_offset_tablet=\u00bb0&#8243; horizontal_offset_tablet=\u00bb0&#8243; z_index_tablet=\u00bb0&#8243; text_text_shadow_horizontal_length_tablet=\u00bb0px\u00bb text_text_shadow_vertical_length_tablet=\u00bb0px\u00bb text_text_shadow_blur_strength_tablet=\u00bb1px\u00bb link_text_shadow_horizontal_length_tablet=\u00bb0px\u00bb link_text_shadow_vertical_length_tablet=\u00bb0px\u00bb link_text_shadow_blur_strength_tablet=\u00bb1px\u00bb ul_text_shadow_horizontal_length_tablet=\u00bb0px\u00bb ul_text_shadow_vertical_length_tablet=\u00bb0px\u00bb ul_text_shadow_blur_strength_tablet=\u00bb1px\u00bb ol_text_shadow_horizontal_length_tablet=\u00bb0px\u00bb ol_text_shadow_vertical_length_tablet=\u00bb0px\u00bb ol_text_shadow_blur_strength_tablet=\u00bb1px\u00bb quote_text_shadow_horizontal_length_tablet=\u00bb0px\u00bb quote_text_shadow_vertical_length_tablet=\u00bb0px\u00bb quote_text_shadow_blur_strength_tablet=\u00bb1px\u00bb header_text_shadow_horizontal_length_tablet=\u00bb0px\u00bb header_text_shadow_vertical_length_tablet=\u00bb0px\u00bb header_text_shadow_blur_strength_tablet=\u00bb1px\u00bb header_2_text_shadow_horizontal_length_tablet=\u00bb0px\u00bb header_2_text_shadow_vertical_length_tablet=\u00bb0px\u00bb header_2_text_shadow_blur_strength_tablet=\u00bb1px\u00bb header_3_text_shadow_horizontal_length_tablet=\u00bb0px\u00bb header_3_text_shadow_vertical_length_tablet=\u00bb0px\u00bb header_3_text_shadow_blur_strength_tablet=\u00bb1px\u00bb header_4_text_shadow_horizontal_length_tablet=\u00bb0px\u00bb header_4_text_shadow_vertical_length_tablet=\u00bb0px\u00bb header_4_text_shadow_blur_strength_tablet=\u00bb1px\u00bb header_5_text_shadow_horizontal_length_tablet=\u00bb0px\u00bb header_5_text_shadow_vertical_length_tablet=\u00bb0px\u00bb header_5_text_shadow_blur_strength_tablet=\u00bb1px\u00bb header_6_text_shadow_horizontal_length_tablet=\u00bb0px\u00bb header_6_text_shadow_vertical_length_tablet=\u00bb0px\u00bb header_6_text_shadow_blur_strength_tablet=\u00bb1px\u00bb box_shadow_horizontal_tablet=\u00bb0px\u00bb box_shadow_vertical_tablet=\u00bb0px\u00bb box_shadow_blur_tablet=\u00bb40px\u00bb box_shadow_spread_tablet=\u00bb0px\u00bb global_colors_info=\u00bb{}\u00bb]<\/p>\n<p><img decoding=\"async\" class=\"alignnone size-full wp-image-725 aligncenter lazyload\" data-src=\"https:\/\/wp.grupo-oter.net\/cartas\/wp-content\/uploads\/sites\/40\/2020\/06\/ELBARRIL_LOGO.png\" alt=\"\" width=\"212\" height=\"78\" src=\"data:image\/svg+xml;base64,PHN2ZyB3aWR0aD0iMSIgaGVpZ2h0PSIxIiB4bWxucz0iaHR0cDovL3d3dy53My5vcmcvMjAwMC9zdmciPjwvc3ZnPg==\" style=\"--smush-placeholder-width: 212px; --smush-placeholder-aspect-ratio: 212\/78;\" \/><\/p>\n<h2>\u00a0<\/h2>\n<h2 style=\"text-align: center;\"><span style=\"color: #063766;\"><strong>POSTRES<\/strong><\/span><\/h2>\n<h4 style=\"text-align: center;\"><span style=\"color: #063766; font-size: large;\"><strong>Tambi\u00e9n para llevar<br \/><\/strong><\/span><span style=\"color: #063766; font-size: small;\"><strong>(10% IVA incluido)<\/strong><\/span><\/h4>\n<p>[\/et_pb_text][et_pb_toggle title=\u00bbUN FINAL IRRESISTIBLE\u00bb open_toggle_background_color=\u00bb#f7f7f7&#8243; closed_toggle_background_color=\u00bb#f7f7f7&#8243; icon_color=\u00bb#063766&#8243; open_icon_color=\u00bb#063766&#8243; admin_label=\u00bbUN FINAL IRRESISTIBLE\u00bb _builder_version=\u00bb4.23.1&#8243; title_font=\u00bbJosefin Sans||||||||\u00bb title_line_height=\u00bb1.4em\u00bb body_font=\u00bbJosefin Sans||||||||\u00bb body_font_size=\u00bb15px\u00bb body_line_height=\u00bb1.8em\u00bb vertical_offset_tablet=\u00bb0&#8243; horizontal_offset_tablet=\u00bb0&#8243; custom_margin=\u00bb|-1px||||\u00bb animation_style=\u00bbfade\u00bb title_text_shadow_horizontal_length_tablet=\u00bb0px\u00bb title_text_shadow_vertical_length_tablet=\u00bb0px\u00bb title_text_shadow_blur_strength_tablet=\u00bb1px\u00bb closed_title_text_shadow_horizontal_length_tablet=\u00bb0px\u00bb closed_title_text_shadow_vertical_length_tablet=\u00bb0px\u00bb closed_title_text_shadow_blur_strength_tablet=\u00bb1px\u00bb body_text_shadow_horizontal_length_tablet=\u00bb0px\u00bb body_text_shadow_vertical_length_tablet=\u00bb0px\u00bb body_text_shadow_blur_strength_tablet=\u00bb1px\u00bb body_link_text_shadow_horizontal_length_tablet=\u00bb0px\u00bb body_link_text_shadow_vertical_length_tablet=\u00bb0px\u00bb body_link_text_shadow_blur_strength_tablet=\u00bb1px\u00bb body_ul_text_shadow_horizontal_length_tablet=\u00bb0px\u00bb body_ul_text_shadow_vertical_length_tablet=\u00bb0px\u00bb body_ul_text_shadow_blur_strength_tablet=\u00bb1px\u00bb body_ol_text_shadow_horizontal_length_tablet=\u00bb0px\u00bb body_ol_text_shadow_vertical_length_tablet=\u00bb0px\u00bb body_ol_text_shadow_blur_strength_tablet=\u00bb1px\u00bb body_quote_text_shadow_horizontal_length_tablet=\u00bb0px\u00bb body_quote_text_shadow_vertical_length_tablet=\u00bb0px\u00bb body_quote_text_shadow_blur_strength_tablet=\u00bb1px\u00bb border_width_all=\u00bb0px\u00bb box_shadow_horizontal_tablet=\u00bb0px\u00bb box_shadow_vertical_tablet=\u00bb0px\u00bb box_shadow_blur_tablet=\u00bb40px\u00bb box_shadow_spread_tablet=\u00bb0px\u00bb text_shadow_horizontal_length_tablet=\u00bb0px\u00bb text_shadow_vertical_length_tablet=\u00bb0px\u00bb text_shadow_blur_strength_tablet=\u00bb1px\u00bb global_colors_info=\u00bb{}\u00bb]<\/p>\n<p><strong><span style=\"color: #000b27;\">Tarta capuchina con yema de huevo tostada<\/span><\/strong><br \/><span style=\"color: #666666;\">Hecha de forma tradicional, al estilo de los conventos; con yema de huevo y almibar.<br \/>8,00\u20ac<\/span><\/p>\n<p><strong><span style=\"color: #000b27;\">Tarta de hojaldre con crema pastelera y compota de fruta<\/span><\/strong><br \/>Las mejores frutas de temporada en compota, sobre un fin\u00edsimo hojaldre. Una tarta delicosa y arom\u00e1tica.<br \/>8,00\u20ac<\/p>\n<p><strong><span style=\"color: #000b27;\">Filloas rellenas de crema y canela<\/span><\/strong><br \/>Dulces y delicadas \u00abblondas\u00bb con exquisita crema pastelera y un suave aroma a canela.<br \/>8,00\u20ac<\/p>\n<p><strong><span style=\"color: #000b27;\">Tarta de Santiago de almendras y mazap\u00e1n<br \/><\/span><\/strong>Sabrosa tarta tradicional gallega.<br \/>8,00\u20ac<\/p>\n<p><strong><span style=\"color: #000b27;\">Tocinito de cielo al estilo de Cadiz con helado cremoso<br \/><\/span><\/strong>Al estilo de Cadiz, con la agradable untuosidad de la yemas y la suavidad del helado.<br \/>8,00\u20ac<\/p>\n<p><strong><span style=\"color: #000b27;\">Leche frita tradicional al Cointreau<\/span><\/strong><br \/>Rebozada y frita, con textura cremosa y espolvoreada con az\u00facar y canela. Se completa aromatizandola con Cointreau.<br \/>8,00\u20ac<\/p>\n<p><strong><span style=\"color: #000b27;\">Mousse de chocolate con helado de naranja<\/span><\/strong><br \/>Contraste de texturas y sabores, ligero chocolate y cremoso helado, dulzor del mousse y acidez de la naranja.<br \/>8,00\u20ac<\/p>\n<p><strong><span style=\"color: #000b27;\">Sorbete de lim\u00f3n al Cava con aroma de Vodka<br \/><\/span><\/strong>Refrescante sorbete de limones naturales batido con Cava y Vodka.<br \/>7,50\u20ac<\/p>\n<p><strong><span style=\"color: #000b27;\">Fruta natural de temporada<\/span><\/strong><br \/>Fruta fresca de temporada en su mejor \u00e9poca de consumo.<br \/>7,50\u20ac<\/p>\n<p><strong><span style=\"color: #000b27;\">Zumo de naranja natura<br \/><\/span><\/strong><span style=\"color: #000b27;\">7,50\u20ac<\/span><strong><span style=\"color: #000b27;\"><br \/><\/span><\/strong><\/p>\n<p><strong><span style=\"color: #000b27;\">Helados artesanos de sabores variados (vainilla, turr\u00f3n, chocolate)<br \/><\/span><\/strong>Elaborados con la m\u00e1s fresca crema de leche, de diferentes sabores.<br \/>7,50\u20ac<span><\/span><\/p>\n<p>[\/et_pb_toggle][et_pb_toggle title=\u00bbVINOS Y DESTILADOS PARA LOS POSTRES\u00bb open_toggle_background_color=\u00bb#f7f7f7&#8243; closed_toggle_background_color=\u00bb#f7f7f7&#8243; icon_color=\u00bb#063766&#8243; open_icon_color=\u00bb#063766&#8243; admin_label=\u00bbVINOS Y DESTILADOS PARA LOS POSTRES\u00bb _builder_version=\u00bb4.23.1&#8243; title_font=\u00bbJosefin Sans||||||||\u00bb title_line_height=\u00bb1.4em\u00bb body_font=\u00bbJosefin Sans||||||||\u00bb body_font_size=\u00bb15px\u00bb body_line_height=\u00bb1.8em\u00bb vertical_offset_tablet=\u00bb0&#8243; horizontal_offset_tablet=\u00bb0&#8243; animation_style=\u00bbfade\u00bb title_text_shadow_horizontal_length_tablet=\u00bb0px\u00bb title_text_shadow_vertical_length_tablet=\u00bb0px\u00bb title_text_shadow_blur_strength_tablet=\u00bb1px\u00bb closed_title_text_shadow_horizontal_length_tablet=\u00bb0px\u00bb closed_title_text_shadow_vertical_length_tablet=\u00bb0px\u00bb closed_title_text_shadow_blur_strength_tablet=\u00bb1px\u00bb body_text_shadow_horizontal_length_tablet=\u00bb0px\u00bb body_text_shadow_vertical_length_tablet=\u00bb0px\u00bb body_text_shadow_blur_strength_tablet=\u00bb1px\u00bb body_link_text_shadow_horizontal_length_tablet=\u00bb0px\u00bb body_link_text_shadow_vertical_length_tablet=\u00bb0px\u00bb body_link_text_shadow_blur_strength_tablet=\u00bb1px\u00bb body_ul_text_shadow_horizontal_length_tablet=\u00bb0px\u00bb body_ul_text_shadow_vertical_length_tablet=\u00bb0px\u00bb body_ul_text_shadow_blur_strength_tablet=\u00bb1px\u00bb body_ol_text_shadow_horizontal_length_tablet=\u00bb0px\u00bb body_ol_text_shadow_vertical_length_tablet=\u00bb0px\u00bb body_ol_text_shadow_blur_strength_tablet=\u00bb1px\u00bb body_quote_text_shadow_horizontal_length_tablet=\u00bb0px\u00bb body_quote_text_shadow_vertical_length_tablet=\u00bb0px\u00bb body_quote_text_shadow_blur_strength_tablet=\u00bb1px\u00bb border_width_all=\u00bb0px\u00bb box_shadow_horizontal_tablet=\u00bb0px\u00bb box_shadow_vertical_tablet=\u00bb0px\u00bb box_shadow_blur_tablet=\u00bb40px\u00bb box_shadow_spread_tablet=\u00bb0px\u00bb text_shadow_horizontal_length_tablet=\u00bb0px\u00bb text_shadow_vertical_length_tablet=\u00bb0px\u00bb text_shadow_blur_strength_tablet=\u00bb1px\u00bb global_colors_info=\u00bb{}\u00bb]<\/p>\n<p><strong><span style=\"color: #333333;\">MOSCATEL GRAN FEUDO de Chivite<\/span><\/strong><br \/>Copa 6,00\u20ac<\/p>\n<p><strong><span style=\"color: #333333;\">P.X. S\u00c1NCHEZ ROMATE<\/span><\/strong><br \/>Copa 6,00\u20ac<\/p>\n<p><strong><span style=\"color: #333333;\">CASTA DIVA MOSCATEL<\/span><\/strong><br \/>Copa 7,50\u20ac<\/p>\n<p><strong><span style=\"color: #333333;\">PEDRO XIM\u00c9NEZ TRADICI\u00d3N VOS<\/span><\/strong><br \/>Copa 9,00\u20ac<\/p>\n<p><span style=\"color: #333333;\"><strong>1413 TOKAJI DISZNOKO EDES SZAMORODNI<\/strong><\/span><br \/>Copa 8,00\u20ac<\/p>\n<p>&nbsp;<\/p>\n<p>[\/et_pb_toggle][et_pb_toggle title=\u00bbCAF\u00c9S\u00bb open_toggle_background_color=\u00bb#f7f7f7&#8243; closed_toggle_background_color=\u00bb#f7f7f7&#8243; icon_color=\u00bb#063766&#8243; open_icon_color=\u00bb#063766&#8243; admin_label=\u00bbCAF\u00c9S\u00bb _builder_version=\u00bb4.16&#8243; title_font=\u00bbJosefin Sans||||||||\u00bb title_line_height=\u00bb1.4em\u00bb body_font=\u00bbJosefin Sans||||||||\u00bb body_font_size=\u00bb15px\u00bb body_line_height=\u00bb1.8em\u00bb vertical_offset_tablet=\u00bb0&#8243; horizontal_offset_tablet=\u00bb0&#8243; animation_style=\u00bbfade\u00bb title_text_shadow_horizontal_length_tablet=\u00bb0px\u00bb title_text_shadow_vertical_length_tablet=\u00bb0px\u00bb title_text_shadow_blur_strength_tablet=\u00bb1px\u00bb closed_title_text_shadow_horizontal_length_tablet=\u00bb0px\u00bb closed_title_text_shadow_vertical_length_tablet=\u00bb0px\u00bb closed_title_text_shadow_blur_strength_tablet=\u00bb1px\u00bb body_text_shadow_horizontal_length_tablet=\u00bb0px\u00bb body_text_shadow_vertical_length_tablet=\u00bb0px\u00bb body_text_shadow_blur_strength_tablet=\u00bb1px\u00bb body_link_text_shadow_horizontal_length_tablet=\u00bb0px\u00bb body_link_text_shadow_vertical_length_tablet=\u00bb0px\u00bb body_link_text_shadow_blur_strength_tablet=\u00bb1px\u00bb body_ul_text_shadow_horizontal_length_tablet=\u00bb0px\u00bb body_ul_text_shadow_vertical_length_tablet=\u00bb0px\u00bb body_ul_text_shadow_blur_strength_tablet=\u00bb1px\u00bb body_ol_text_shadow_horizontal_length_tablet=\u00bb0px\u00bb body_ol_text_shadow_vertical_length_tablet=\u00bb0px\u00bb body_ol_text_shadow_blur_strength_tablet=\u00bb1px\u00bb body_quote_text_shadow_horizontal_length_tablet=\u00bb0px\u00bb body_quote_text_shadow_vertical_length_tablet=\u00bb0px\u00bb body_quote_text_shadow_blur_strength_tablet=\u00bb1px\u00bb border_width_all=\u00bb0px\u00bb box_shadow_horizontal_tablet=\u00bb0px\u00bb box_shadow_vertical_tablet=\u00bb0px\u00bb box_shadow_blur_tablet=\u00bb40px\u00bb box_shadow_spread_tablet=\u00bb0px\u00bb text_shadow_horizontal_length_tablet=\u00bb0px\u00bb text_shadow_vertical_length_tablet=\u00bb0px\u00bb text_shadow_blur_strength_tablet=\u00bb1px\u00bb global_colors_info=\u00bb{}\u00bb]<\/p>\n<p><strong><span style=\"color: #333333;\">ESPECIAL DE LA CASA<\/span><\/strong><br \/>Circulo de oro es un caf\u00e9 natural supremo criba 18. Un caf\u00e9 suave de la especie ar\u00e1bica con aromas florales y afrutado. Acidez natural y persistencia arom\u00e1tica.<br \/>2,50\u20ac<\/p>\n<p><strong><span style=\"color: #333333;\">DESCAFEINADO EN GRANO<\/span><\/strong><br \/>100 % Colombia, Supremo. Caf\u00e9 suave y afrutado. M\u00ednimo contenido en cafe\u00edna, por debajo de 0,05%.<br \/>2,50\u20ac<\/p>\n<p><strong><span style=\"color: #333333;\">CAF\u00c9 BOMB\u00d3N<\/span><\/strong><br \/>Con deliciosa leche condensada.<br \/>4,25\u20ac<\/p>\n<p><strong><span style=\"color: #333333;\">CAF\u00c9 CAPUCHINO<\/span><\/strong><br \/>Al estilo tradicional: batir la leche con el vaporizador y espolvorear con caf\u00e9 molido.<br \/>3,80\u20ac<\/p>\n<p><strong><span style=\"color: #333333;\">CAF\u00c9 VIEN\u00c9S<\/span><\/strong><br \/>Se le a\u00f1ade un chorrito de co\u00f1ac y un poco de az\u00facar, y se sirve con nata montada y canela.<br \/>6,00\u20ac<\/p>\n<p><strong><span style=\"color: #333333;\">CAF\u00c9 ESCOC\u00c9S <\/span><\/strong><br \/>Whisky, helado de vainilla y caf\u00e9.<br \/>8.00\u20ac<\/p>\n<p><strong><span style=\"color: #333333;\">CAF\u00c9 IRLAND\u00c9S<\/span><\/strong><br \/>Whisky y az\u00facar flambeado, a\u00f1adimos el caf\u00e9 y rellenamos con nata.<br \/>8.00\u20ac<span style=\"font-size: 15px;\">\u00a0<\/span><\/p>\n<p>[\/et_pb_toggle][et_pb_toggle title=\u00bbINFUSIONES Y T\u00c9S NATURALES\u00bb open_toggle_background_color=\u00bb#f7f7f7&#8243; closed_toggle_background_color=\u00bb#f7f7f7&#8243; icon_color=\u00bb#063766&#8243; open_icon_color=\u00bb#063766&#8243; admin_label=\u00bbINFUSIONES Y T\u00c9S NATURALES\u00bb _builder_version=\u00bb4.16&#8243; title_font=\u00bbJosefin Sans||||||||\u00bb title_line_height=\u00bb1.4em\u00bb body_font=\u00bbJosefin Sans||||||||\u00bb body_font_size=\u00bb15px\u00bb body_line_height=\u00bb1.8em\u00bb vertical_offset_tablet=\u00bb0&#8243; horizontal_offset_tablet=\u00bb0&#8243; animation_style=\u00bbfade\u00bb title_text_shadow_horizontal_length_tablet=\u00bb0px\u00bb title_text_shadow_vertical_length_tablet=\u00bb0px\u00bb title_text_shadow_blur_strength_tablet=\u00bb1px\u00bb closed_title_text_shadow_horizontal_length_tablet=\u00bb0px\u00bb closed_title_text_shadow_vertical_length_tablet=\u00bb0px\u00bb closed_title_text_shadow_blur_strength_tablet=\u00bb1px\u00bb body_text_shadow_horizontal_length_tablet=\u00bb0px\u00bb body_text_shadow_vertical_length_tablet=\u00bb0px\u00bb body_text_shadow_blur_strength_tablet=\u00bb1px\u00bb body_link_text_shadow_horizontal_length_tablet=\u00bb0px\u00bb body_link_text_shadow_vertical_length_tablet=\u00bb0px\u00bb body_link_text_shadow_blur_strength_tablet=\u00bb1px\u00bb body_ul_text_shadow_horizontal_length_tablet=\u00bb0px\u00bb body_ul_text_shadow_vertical_length_tablet=\u00bb0px\u00bb body_ul_text_shadow_blur_strength_tablet=\u00bb1px\u00bb body_ol_text_shadow_horizontal_length_tablet=\u00bb0px\u00bb body_ol_text_shadow_vertical_length_tablet=\u00bb0px\u00bb body_ol_text_shadow_blur_strength_tablet=\u00bb1px\u00bb body_quote_text_shadow_horizontal_length_tablet=\u00bb0px\u00bb body_quote_text_shadow_vertical_length_tablet=\u00bb0px\u00bb body_quote_text_shadow_blur_strength_tablet=\u00bb1px\u00bb border_width_all=\u00bb0px\u00bb box_shadow_horizontal_tablet=\u00bb0px\u00bb box_shadow_vertical_tablet=\u00bb0px\u00bb box_shadow_blur_tablet=\u00bb40px\u00bb box_shadow_spread_tablet=\u00bb0px\u00bb text_shadow_horizontal_length_tablet=\u00bb0px\u00bb text_shadow_vertical_length_tablet=\u00bb0px\u00bb text_shadow_blur_strength_tablet=\u00bb1px\u00bb global_colors_info=\u00bb{}\u00bb]<\/p>\n<p><strong><span style=\"color: #333333;\">MANZANILLA, POLEO, Y TILA BIOL\u00d3GICAS <\/span><\/strong><br \/>3,30\u20ac<\/p>\n<p><strong><span style=\"color: #333333;\">TE ROJO PU ERH<br \/><\/span><\/strong>Es un t\u00e9 muy apreciado por su tradicional uso en la medicina natural china, especialmente por sus propiedades digestivas, depurativas y adelgazantes.<br \/>3,30\u20ac<\/p>\n<p><strong>T\u00c9 VERDE MEBMER<\/strong><br \/>El t\u00e9 verde es sometido al vapor y se deja secar para mantener su sabor, aroma y propiedades. Es uno de los m\u00e1s consumidos del mundo.<br \/>3,30\u20ac<\/p>\n<p><strong>T\u00c9 VERDE A\u00c7AI<\/strong><br \/>T\u00e9 verde tipo Sencha, se mezcla con el sabor rico y original de las grosellas negras y las bayas de A\u00e7ai brasile\u00f1a en una elaboraci\u00f3n refrescante y ligera.<br \/>3,30\u20ac<\/p>\n<p><strong>T\u00c9 BLANCO DE GRANADA<\/strong><br \/>Es perfecto a cualquier hora del d\u00eda. Esta mezcla llena la taza con el aroma de frescas granadas.<br \/>3,30\u20ac<\/p>\n<p><strong>T\u00c9 DULCE DE JENGIBRE Y DURAZNOS<\/strong><br \/>y ra\u00edz de jengibre con t\u00e9s de Ceil\u00e1n y Assam.<br \/>3,30\u20ac<\/p>\n<p><strong>T\u00c9 BOMBAY CHAI<\/strong><br \/>Chips de canela, jengibre, clavos de olor, nuez moscada y t\u00e9 Assam crean esta versi\u00f3n voluptuosa y sensacional de las bebidas tradicionales de la India.<br \/>3,30\u20ac<\/p>\n<p><strong>T\u00c9 OOLONG OJO DE DRAG\u00d3N<\/strong><br \/>Elixir suave y bien redondeado que combina Oolong chino ahumado con c\u00e1rtamo, melocot\u00f3n y albaricoque.<br \/>3,30\u20ac<\/p>\n<p><strong>T\u00c9 HERBAL DE ESPECIAS Y C\u00cdTRICOS (SIN CAFEINA)<\/strong><br \/>Un popurr\u00ed de c\u00edtricos frescos y especias esperan en cada sorbo refrescante. El sabor es tan exquisito que resulta dif\u00edcil de creer.<br \/>3,30\u20ac<\/p>\n<p>[\/et_pb_toggle][\/et_pb_column_inner][\/et_pb_row_inner][\/et_pb_column][et_pb_column type=\u00bb1_3&#8243; _builder_version=\u00bb4.16&#8243; custom_padding=\u00bb|||\u00bb global_colors_info=\u00bb{}\u00bb custom_padding__hover=\u00bb|||\u00bb][\/et_pb_column][\/et_pb_section]<\/p>\n","protected":false},"excerpt":{"rendered":"<p>\u00a0 POSTRES Tambi\u00e9n para llevar(10% IVA incluido)Tarta capuchina con yema de huevo tostadaHecha de forma tradicional, al estilo de los conventos; con yema de huevo y almibar.8,00\u20ac Tarta de hojaldre con crema pastelera y compota de frutaLas mejores frutas de temporada en compota, sobre un fin\u00edsimo hojaldre. Una tarta delicosa y arom\u00e1tica.8,00\u20ac Filloas rellenas de [&hellip;]<\/p>\n","protected":false},"author":2,"featured_media":0,"parent":0,"menu_order":0,"comment_status":"closed","ping_status":"closed","template":"page-template-blank.php","meta":{"_et_pb_use_builder":"on","_et_pb_old_content":"","_et_gb_content_width":"","footnotes":""},"class_list":["post-739","page","type-page","status-publish","hentry"],"_links":{"self":[{"href":"https:\/\/wp.grupo-oter.net\/cartas\/wp-json\/wp\/v2\/pages\/739","targetHints":{"allow":["GET"]}}],"collection":[{"href":"https:\/\/wp.grupo-oter.net\/cartas\/wp-json\/wp\/v2\/pages"}],"about":[{"href":"https:\/\/wp.grupo-oter.net\/cartas\/wp-json\/wp\/v2\/types\/page"}],"author":[{"embeddable":true,"href":"https:\/\/wp.grupo-oter.net\/cartas\/wp-json\/wp\/v2\/users\/2"}],"replies":[{"embeddable":true,"href":"https:\/\/wp.grupo-oter.net\/cartas\/wp-json\/wp\/v2\/comments?post=739"}],"version-history":[{"count":12,"href":"https:\/\/wp.grupo-oter.net\/cartas\/wp-json\/wp\/v2\/pages\/739\/revisions"}],"predecessor-version":[{"id":11727,"href":"https:\/\/wp.grupo-oter.net\/cartas\/wp-json\/wp\/v2\/pages\/739\/revisions\/11727"}],"wp:attachment":[{"href":"https:\/\/wp.grupo-oter.net\/cartas\/wp-json\/wp\/v2\/media?parent=739"}],"curies":[{"name":"wp","href":"https:\/\/api.w.org\/{rel}","templated":true}]}}