{"id":59,"date":"2020-04-30T10:48:26","date_gmt":"2020-04-30T10:48:26","guid":{"rendered":"https:\/\/wp.grupo-oter.net\/cartas\/?page_id=59"},"modified":"2025-11-03T07:27:53","modified_gmt":"2025-11-03T07:27:53","slug":"carta-sala-pulperia-de-mila","status":"publish","type":"page","link":"https:\/\/wp.grupo-oter.net\/cartas\/carta-sala-pulperia-de-mila\/","title":{"rendered":"Carta Sala Pulper\u00eda de Mila"},"content":{"rendered":"<p>[et_pb_section fb_built=\u00bb1&#8243; specialty=\u00bbon\u00bb custom_padding_last_edited=\u00bbon|phone\u00bb admin_label=\u00bbTestimonials\u00bb _builder_version=\u00bb4.16&#8243; custom_padding=\u00bb||150px|\u00bb custom_padding_tablet=\u00bb|||\u00bb custom_padding_phone=\u00bb||||false|false\u00bb bottom_divider_style=\u00bbslant2&#8243; bottom_divider_color=\u00bb#12589d\u00bb bottom_divider_height=\u00bb160px\u00bb bottom_divider_flip=\u00bbvertical\u00bb bottom_divider_height_tablet=\u00bb\u00bb bottom_divider_height_phone=\u00bb90px\u00bb bottom_divider_height_last_edited=\u00bbon|tablet\u00bb global_colors_info=\u00bb{}\u00bb][et_pb_column type=\u00bb2_3&#8243; specialty_columns=\u00bb2&#8243; _builder_version=\u00bb4.16&#8243; custom_padding=\u00bb|||\u00bb global_colors_info=\u00bb{}\u00bb custom_padding__hover=\u00bb|||\u00bb][et_pb_row_inner column_structure=\u00bbundefined\u00bb _builder_version=\u00bb4.16&#8243; global_colors_info=\u00bb{}\u00bb][et_pb_column_inner type=\u00bbundefined\u00bb saved_specialty_column_type=\u00bb2_3&#8243; _builder_version=\u00bb4.16&#8243; custom_padding=\u00bb|||\u00bb global_colors_info=\u00bb{}\u00bb custom_padding__hover=\u00bb|||\u00bb][et_pb_text _builder_version=\u00bb4.16&#8243; text_font=\u00bbJosefin Sans||||||||\u00bb global_colors_info=\u00bb{}\u00bb]<\/p>\n<p><img decoding=\"async\" class=\"wp-image-62 aligncenter lazyload\" data-src=\"https:\/\/wp.grupo-oter.net\/cartas\/wp-content\/uploads\/sites\/40\/2020\/04\/LOGO-LaPulperiadeMila.png\" alt=\"\" width=\"300\" height=\"131\" src=\"data:image\/svg+xml;base64,PHN2ZyB3aWR0aD0iMSIgaGVpZ2h0PSIxIiB4bWxucz0iaHR0cDovL3d3dy53My5vcmcvMjAwMC9zdmciPjwvc3ZnPg==\" style=\"--smush-placeholder-width: 300px; --smush-placeholder-aspect-ratio: 300\/131;\" \/><\/p>\n<h2>\u00a0<\/h2>\n<h2 style=\"text-align: center;\"><span style=\"color: #12589d;\"><strong>CA<span style=\"color: #12589d;\">RTA DE SALA <\/span><\/strong><\/span><\/h2>\n<h4 style=\"text-align: center;\"><span style=\"color: #12589d; font-size: small;\"><strong>(10% IVA INCLUIDO) TAMBI\u00c9N PARA LLEVAR<\/strong><\/span><\/h4>\n<p>[\/et_pb_text][et_pb_toggle title=\u00bbMARISCOS DE LONJA\u00bb open_toggle_background_color=\u00bb#f7f7f7&#8243; closed_toggle_background_color=\u00bb#f7f7f7&#8243; icon_color=\u00bb#12589d\u00bb open_icon_color=\u00bb#12589d\u00bb admin_label=\u00bbMARISCOS DE LONJA\u00bb _builder_version=\u00bb4.27.4&#8243; title_font=\u00bbJosefin Sans||||||||\u00bb title_line_height=\u00bb1.4em\u00bb body_font=\u00bbJosefin Sans||||||||\u00bb body_font_size=\u00bb15px\u00bb body_line_height=\u00bb1.8em\u00bb vertical_offset_tablet=\u00bb0&#8243; horizontal_offset_tablet=\u00bb0&#8243; animation_style=\u00bbfade\u00bb hover_enabled=\u00bb0&#8243; title_text_shadow_horizontal_length_tablet=\u00bb0px\u00bb title_text_shadow_vertical_length_tablet=\u00bb0px\u00bb title_text_shadow_blur_strength_tablet=\u00bb1px\u00bb closed_title_text_shadow_horizontal_length_tablet=\u00bb0px\u00bb closed_title_text_shadow_vertical_length_tablet=\u00bb0px\u00bb closed_title_text_shadow_blur_strength_tablet=\u00bb1px\u00bb body_text_shadow_horizontal_length_tablet=\u00bb0px\u00bb body_text_shadow_vertical_length_tablet=\u00bb0px\u00bb body_text_shadow_blur_strength_tablet=\u00bb1px\u00bb body_link_text_shadow_horizontal_length_tablet=\u00bb0px\u00bb body_link_text_shadow_vertical_length_tablet=\u00bb0px\u00bb body_link_text_shadow_blur_strength_tablet=\u00bb1px\u00bb body_ul_text_shadow_horizontal_length_tablet=\u00bb0px\u00bb body_ul_text_shadow_vertical_length_tablet=\u00bb0px\u00bb body_ul_text_shadow_blur_strength_tablet=\u00bb1px\u00bb body_ol_text_shadow_horizontal_length_tablet=\u00bb0px\u00bb body_ol_text_shadow_vertical_length_tablet=\u00bb0px\u00bb body_ol_text_shadow_blur_strength_tablet=\u00bb1px\u00bb body_quote_text_shadow_horizontal_length_tablet=\u00bb0px\u00bb body_quote_text_shadow_vertical_length_tablet=\u00bb0px\u00bb body_quote_text_shadow_blur_strength_tablet=\u00bb1px\u00bb border_width_all=\u00bb0px\u00bb box_shadow_horizontal_tablet=\u00bb0px\u00bb box_shadow_vertical_tablet=\u00bb0px\u00bb box_shadow_blur_tablet=\u00bb40px\u00bb box_shadow_spread_tablet=\u00bb0px\u00bb text_shadow_horizontal_length_tablet=\u00bb0px\u00bb text_shadow_vertical_length_tablet=\u00bb0px\u00bb text_shadow_blur_strength_tablet=\u00bb1px\u00bb global_colors_info=\u00bb{}\u00bb sticky_enabled=\u00bb0&#8243;]<\/p>\n<p><span style=\"color: #12589d;\"><strong>ZAMBURI\u00d1AS HORNEADAS AL ALBARI\u00d1O (6 UDS.)<\/strong><\/span><br \/>21,50\u20ac<\/p>\n<p><span style=\"color: #12589d;\"><strong>ALMEJAS DE LA R\u00cdA DE AROSA EN SART\u00c9N O A LA MARINERA<\/strong><\/span><br \/>32,00\u20ac<\/p>\n<p><span style=\"color: #12589d;\"><strong>GAMBAS DE COSTA EN SART\u00c9N AL AJO-GUINDILLA<\/strong><\/span><br \/>22,00\u20ac<\/p>\n<p>[\/et_pb_toggle][et_pb_toggle title=\u00bbCHACINAS FINAS Y QUESOS GALLEGOS \u00bb open_toggle_background_color=\u00bb#f7f7f7&#8243; closed_toggle_background_color=\u00bb#f7f7f7&#8243; icon_color=\u00bb#12589d\u00bb open_icon_color=\u00bb#12589d\u00bb admin_label=\u00bbCHACINAS FINAS Y QUESOS GALLEGOS\u00bb _builder_version=\u00bb4.27.4&#8243; title_font=\u00bbJosefin Sans||||||||\u00bb title_line_height=\u00bb1.4em\u00bb body_font=\u00bbJosefin Sans||||||||\u00bb body_font_size=\u00bb15px\u00bb body_line_height=\u00bb1.8em\u00bb animation_style=\u00bbfade\u00bb hover_enabled=\u00bb0&#8243; border_width_all=\u00bb0px\u00bb global_colors_info=\u00bb{}\u00bb sticky_enabled=\u00bb0&#8243;]<\/p>\n<p><span style=\"color: #12589d;\"><strong>JAM\u00d3N IB\u00c9RICO DE MONTANERA<br \/><\/strong><\/span>18,00\u20ac (1\/2 Raci\u00f3n)<br \/>28,50\u20ac<\/p>\n<p><span style=\"color: #12589d;\"><strong>QUESOS GALEGOS CON MEMBRILLO NATURAL, CONFITURA DE HIGOS Y FRUTOS SECOS<br \/><\/strong><\/span>14,00\u20ac (1\/2 Raci\u00f3n)<br \/>22,00\u20ac<\/p>\n<p>[\/et_pb_toggle][et_pb_toggle title=\u00bbSOPAS Y GUISOS\u00bb open_toggle_background_color=\u00bb#f7f7f7&#8243; closed_toggle_background_color=\u00bb#f7f7f7&#8243; icon_color=\u00bb#12589d\u00bb open_icon_color=\u00bb#12589d\u00bb admin_label=\u00bbESCABECHES Y TARTARES\u00bb _builder_version=\u00bb4.27.4&#8243; title_font=\u00bbJosefin Sans||||||||\u00bb title_line_height=\u00bb1.4em\u00bb body_font=\u00bbJosefin Sans||||||||\u00bb body_font_size=\u00bb15px\u00bb body_line_height=\u00bb1.8em\u00bb vertical_offset_tablet=\u00bb0&#8243; horizontal_offset_tablet=\u00bb0&#8243; animation_style=\u00bbfade\u00bb hover_enabled=\u00bb0&#8243; title_text_shadow_horizontal_length_tablet=\u00bb0px\u00bb title_text_shadow_vertical_length_tablet=\u00bb0px\u00bb title_text_shadow_blur_strength_tablet=\u00bb1px\u00bb closed_title_text_shadow_horizontal_length_tablet=\u00bb0px\u00bb closed_title_text_shadow_vertical_length_tablet=\u00bb0px\u00bb closed_title_text_shadow_blur_strength_tablet=\u00bb1px\u00bb body_text_shadow_horizontal_length_tablet=\u00bb0px\u00bb body_text_shadow_vertical_length_tablet=\u00bb0px\u00bb body_text_shadow_blur_strength_tablet=\u00bb1px\u00bb body_link_text_shadow_horizontal_length_tablet=\u00bb0px\u00bb body_link_text_shadow_vertical_length_tablet=\u00bb0px\u00bb body_link_text_shadow_blur_strength_tablet=\u00bb1px\u00bb body_ul_text_shadow_horizontal_length_tablet=\u00bb0px\u00bb body_ul_text_shadow_vertical_length_tablet=\u00bb0px\u00bb body_ul_text_shadow_blur_strength_tablet=\u00bb1px\u00bb body_ol_text_shadow_horizontal_length_tablet=\u00bb0px\u00bb body_ol_text_shadow_vertical_length_tablet=\u00bb0px\u00bb body_ol_text_shadow_blur_strength_tablet=\u00bb1px\u00bb body_quote_text_shadow_horizontal_length_tablet=\u00bb0px\u00bb body_quote_text_shadow_vertical_length_tablet=\u00bb0px\u00bb body_quote_text_shadow_blur_strength_tablet=\u00bb1px\u00bb border_width_all=\u00bb0px\u00bb box_shadow_horizontal_tablet=\u00bb0px\u00bb box_shadow_vertical_tablet=\u00bb0px\u00bb box_shadow_blur_tablet=\u00bb40px\u00bb box_shadow_spread_tablet=\u00bb0px\u00bb text_shadow_horizontal_length_tablet=\u00bb0px\u00bb text_shadow_vertical_length_tablet=\u00bb0px\u00bb text_shadow_blur_strength_tablet=\u00bb1px\u00bb global_colors_info=\u00bb{}\u00bb sticky_enabled=\u00bb0&#8243;]<\/p>\n<p><span style=\"color: #12589d;\"><strong>SOPA MARI\u00d1EIRA DE MARISCO Y PESCADO DE ROCA\u00a0<\/strong><\/span><br \/>18,50\u20ac<\/p>\n<p><span style=\"color: #12589d;\"><strong>CALLOS CON GARBANZOS<br \/><\/strong><\/span>22,00\u20ac<\/p>\n<p><span style=\"color: #12589d;\"><strong>ALCACHOFAS CON PULPO Y SU AJADA DE PIMIENT\u00d3N DE LA VERA<br \/><\/strong><\/span><span style=\"color: #333333;\">23,00\u20ac<\/span><\/p>\n<p>[\/et_pb_toggle][et_pb_toggle title=\u00bbLA EMPANADA Y LAS TORTILLAS\u00bb open_toggle_background_color=\u00bb#f7f7f7&#8243; closed_toggle_background_color=\u00bb#f7f7f7&#8243; icon_color=\u00bb#12589d\u00bb open_icon_color=\u00bb#12589d\u00bb admin_label=\u00bbLA EMPANADA Y LAS TORTILLAS\u00bb _builder_version=\u00bb4.27.4&#8243; title_font=\u00bbJosefin Sans||||||||\u00bb title_line_height=\u00bb1.4em\u00bb body_font=\u00bbJosefin Sans||||||||\u00bb body_font_size=\u00bb15px\u00bb body_line_height=\u00bb1.8em\u00bb animation_style=\u00bbfade\u00bb hover_enabled=\u00bb0&#8243; border_width_all=\u00bb0px\u00bb global_colors_info=\u00bb{}\u00bb sticky_enabled=\u00bb0&#8243;]<\/p>\n<p><span style=\"color: #666666;\"><strong>Siempre con huevos camperos<\/strong><\/span><\/p>\n<p><span style=\"color: #12589d;\"><strong>EMPANADA DE LA ALDEA (DIFERENTE CADA D\u00cdA) CONS\u00daLTENOS<\/strong><\/span><br \/>14,00\u20ac<\/p>\n<p><span style=\"color: #12589d;\"><strong>TORTILLA DE BETANZOS (PATATA Y CEBOLLA POCHADA)<\/strong><\/span><br \/>16,50\u20ac<\/p>\n<p><span style=\"color: #12589d;\"><strong>TORTILLA DE MERLUZA DE PINCHO Y PUERROS CONFITADOS<\/strong><\/span><br \/>18,50\u20ac<\/p>\n<p>[\/et_pb_toggle][et_pb_toggle title=\u00bbLOS PULPOS DE MILA\u00bb open_toggle_background_color=\u00bb#f7f7f7&#8243; closed_toggle_background_color=\u00bb#f7f7f7&#8243; icon_color=\u00bb#12589d\u00bb open_icon_color=\u00bb#12589d\u00bb admin_label=\u00bbLOS PULPOS DE MILA\u00bb _builder_version=\u00bb4.27.4&#8243; title_font=\u00bbJosefin Sans||||||||\u00bb title_line_height=\u00bb1.4em\u00bb body_font=\u00bbJosefin Sans||||||||\u00bb body_font_size=\u00bb15px\u00bb body_line_height=\u00bb1.8em\u00bb vertical_offset_tablet=\u00bb0&#8243; horizontal_offset_tablet=\u00bb0&#8243; animation_style=\u00bbfade\u00bb hover_enabled=\u00bb0&#8243; title_text_shadow_horizontal_length_tablet=\u00bb0px\u00bb title_text_shadow_vertical_length_tablet=\u00bb0px\u00bb title_text_shadow_blur_strength_tablet=\u00bb1px\u00bb closed_title_text_shadow_horizontal_length_tablet=\u00bb0px\u00bb closed_title_text_shadow_vertical_length_tablet=\u00bb0px\u00bb closed_title_text_shadow_blur_strength_tablet=\u00bb1px\u00bb body_text_shadow_horizontal_length_tablet=\u00bb0px\u00bb body_text_shadow_vertical_length_tablet=\u00bb0px\u00bb body_text_shadow_blur_strength_tablet=\u00bb1px\u00bb body_link_text_shadow_horizontal_length_tablet=\u00bb0px\u00bb body_link_text_shadow_vertical_length_tablet=\u00bb0px\u00bb body_link_text_shadow_blur_strength_tablet=\u00bb1px\u00bb body_ul_text_shadow_horizontal_length_tablet=\u00bb0px\u00bb body_ul_text_shadow_vertical_length_tablet=\u00bb0px\u00bb body_ul_text_shadow_blur_strength_tablet=\u00bb1px\u00bb body_ol_text_shadow_horizontal_length_tablet=\u00bb0px\u00bb body_ol_text_shadow_vertical_length_tablet=\u00bb0px\u00bb body_ol_text_shadow_blur_strength_tablet=\u00bb1px\u00bb body_quote_text_shadow_horizontal_length_tablet=\u00bb0px\u00bb body_quote_text_shadow_vertical_length_tablet=\u00bb0px\u00bb body_quote_text_shadow_blur_strength_tablet=\u00bb1px\u00bb border_width_all=\u00bb0px\u00bb box_shadow_horizontal_tablet=\u00bb0px\u00bb box_shadow_vertical_tablet=\u00bb0px\u00bb box_shadow_blur_tablet=\u00bb40px\u00bb box_shadow_spread_tablet=\u00bb0px\u00bb text_shadow_horizontal_length_tablet=\u00bb0px\u00bb text_shadow_vertical_length_tablet=\u00bb0px\u00bb text_shadow_blur_strength_tablet=\u00bb1px\u00bb global_colors_info=\u00bb{}\u00bb sticky_enabled=\u00bb0&#8243;]<\/p>\n<p><span style=\"color: #12589d;\"><strong>A LA GALLEGA CON SUS CACHELOS<\/strong><\/span><br \/>26,00\u20ac<\/p>\n<p><span style=\"color: #12589d;\"><strong>BRASEADO CON ALIOLI SUAVE<\/strong><\/span><br \/>26,00\u20ac<\/p>\n<p>[\/et_pb_toggle][et_pb_toggle title=\u00bbFRITOS DO MAR\u00bb open_toggle_background_color=\u00bb#f7f7f7&#8243; closed_toggle_background_color=\u00bb#f7f7f7&#8243; icon_color=\u00bb#12589d\u00bb open_icon_color=\u00bb#12589d\u00bb admin_label=\u00bbFRITOS DO MAR\u00bb _builder_version=\u00bb4.27.4&#8243; title_font=\u00bbJosefin Sans||||||||\u00bb title_line_height=\u00bb1.4em\u00bb body_font=\u00bbJosefin Sans||||||||\u00bb body_font_size=\u00bb15px\u00bb body_line_height=\u00bb1.8em\u00bb animation_style=\u00bbfade\u00bb hover_enabled=\u00bb0&#8243; border_width_all=\u00bb0px\u00bb global_colors_info=\u00bb{}\u00bb sticky_enabled=\u00bb0&#8243;]<\/p>\n<p><span style=\"color: #12589d;\"><strong>BOQUERONES DEL CANT\u00c1BRICO FRITOS AL MOMENTO<\/strong><\/span><br \/>15,00\u20ac<\/p>\n<p><span style=\"color: #12589d;\"><strong>CROQUETAS CREMOSAS (DE CENTOLLO, DE CARABINERO Y DE XAM\u00d3N) 6 UDS.<\/strong><\/span><br \/>15,00\u20ac<\/p>\n<p><span style=\"color: #12589d;\"><strong>LURAS DE POTERA FRITAS CON ASADILLO DE PIMIENTOS (CALAMARES)<br \/><\/strong><\/span>16,00\u20ac (1\/2 Raci\u00f3n)<br \/>22,00\u20ac<\/p>\n<p><span style=\"color: #12589d;\"><strong>LUBINA FRITA EN ADOBO DE LIM\u00d3N<\/strong><\/span><br \/>23,00\u20ac<\/p>\n<p>[\/et_pb_toggle][et_pb_toggle title=\u00bbARROZ AL CALDEIRO\u00bb open_toggle_background_color=\u00bb#f7f7f7&#8243; closed_toggle_background_color=\u00bb#f7f7f7&#8243; icon_color=\u00bb#12589d\u00bb open_icon_color=\u00bb#12589d\u00bb admin_label=\u00bbARROZ AL CALDEIRO\u00bb _builder_version=\u00bb4.27.4&#8243; title_font=\u00bbJosefin Sans||||||||\u00bb title_line_height=\u00bb1.4em\u00bb body_font=\u00bbJosefin Sans||||||||\u00bb body_font_size=\u00bb15px\u00bb body_line_height=\u00bb1.8em\u00bb animation_style=\u00bbfade\u00bb hover_enabled=\u00bb0&#8243; border_width_all=\u00bb0px\u00bb global_colors_info=\u00bb{}\u00bb sticky_enabled=\u00bb0&#8243;]<\/p>\n<h5><strong>M\u00ednimo 2 personas &#8211; Precio por Persona<\/strong><\/h5>\n<p><span style=\"color: #12589d;\"><strong>ARROZ MARINERO LIMPIO, PARA NO MANCHARSE<\/strong><\/span><br \/>25,00\u20ac<\/p>\n<p><span style=\"color: #12589d;\"><strong>ARROZ CON PULPO Y VERDURAS DE LA HUERTA<\/strong><\/span><br \/>26,00\u20ac<\/p>\n<p><span style=\"color: #12589d;\"><strong>ARROZ DE CARABINEROS, RAPE Y CHOCO<\/strong><\/span><br \/>30,00\u20ac<\/p>\n<p>[\/et_pb_toggle][et_pb_toggle title=\u00bbEL VERDE PASTO\u00bb open_toggle_background_color=\u00bb#f7f7f7&#8243; closed_toggle_background_color=\u00bb#f7f7f7&#8243; icon_color=\u00bb#12589d\u00bb open_icon_color=\u00bb#12589d\u00bb admin_label=\u00bbEL VERDE PASTO\u00bb _builder_version=\u00bb4.27.4&#8243; title_font=\u00bbJosefin Sans||||||||\u00bb title_line_height=\u00bb1.4em\u00bb body_font=\u00bbJosefin Sans||||||||\u00bb body_font_size=\u00bb15px\u00bb body_line_height=\u00bb1.8em\u00bb vertical_offset_tablet=\u00bb0&#8243; horizontal_offset_tablet=\u00bb0&#8243; animation_style=\u00bbfade\u00bb hover_enabled=\u00bb0&#8243; title_text_shadow_horizontal_length_tablet=\u00bb0px\u00bb title_text_shadow_vertical_length_tablet=\u00bb0px\u00bb title_text_shadow_blur_strength_tablet=\u00bb1px\u00bb closed_title_text_shadow_horizontal_length_tablet=\u00bb0px\u00bb closed_title_text_shadow_vertical_length_tablet=\u00bb0px\u00bb closed_title_text_shadow_blur_strength_tablet=\u00bb1px\u00bb body_text_shadow_horizontal_length_tablet=\u00bb0px\u00bb body_text_shadow_vertical_length_tablet=\u00bb0px\u00bb body_text_shadow_blur_strength_tablet=\u00bb1px\u00bb body_link_text_shadow_horizontal_length_tablet=\u00bb0px\u00bb body_link_text_shadow_vertical_length_tablet=\u00bb0px\u00bb body_link_text_shadow_blur_strength_tablet=\u00bb1px\u00bb body_ul_text_shadow_horizontal_length_tablet=\u00bb0px\u00bb body_ul_text_shadow_vertical_length_tablet=\u00bb0px\u00bb body_ul_text_shadow_blur_strength_tablet=\u00bb1px\u00bb body_ol_text_shadow_horizontal_length_tablet=\u00bb0px\u00bb body_ol_text_shadow_vertical_length_tablet=\u00bb0px\u00bb body_ol_text_shadow_blur_strength_tablet=\u00bb1px\u00bb body_quote_text_shadow_horizontal_length_tablet=\u00bb0px\u00bb body_quote_text_shadow_vertical_length_tablet=\u00bb0px\u00bb body_quote_text_shadow_blur_strength_tablet=\u00bb1px\u00bb border_width_all=\u00bb0px\u00bb box_shadow_horizontal_tablet=\u00bb0px\u00bb box_shadow_vertical_tablet=\u00bb0px\u00bb box_shadow_blur_tablet=\u00bb40px\u00bb box_shadow_spread_tablet=\u00bb0px\u00bb text_shadow_horizontal_length_tablet=\u00bb0px\u00bb text_shadow_vertical_length_tablet=\u00bb0px\u00bb text_shadow_blur_strength_tablet=\u00bb1px\u00bb global_colors_info=\u00bb{}\u00bb sticky_enabled=\u00bb0&#8243;]<\/p>\n<p><span style=\"color: #12589d;\"><strong>ENSALADA DE LA HORTA (TRES LECHUGAS, TOMATE FRESCO Y CEBOLLA ROJA)<\/strong><\/span><br \/>14,00\u20ac<\/p>\n<p><span style=\"color: #12589d;\"><strong>PIMIENTOS DE PADR\u00d3N-HERB\u00d3N<\/strong><\/span><br \/>12,50\u20ac<\/p>\n<p><span style=\"color: #12589d;\"><strong>ENSALADILLA RUSA DE BONITO DEL NORTE<\/strong><\/span><br \/>15,00\u20ac<\/p>\n<p><span style=\"color: #12589d;\"><strong>ENSALADA DE BONITO DE CAMPA\u00d1A, CEBOLLETA DULCE Y TOMATE DE TEMPORADA<\/strong><\/span><br \/>18,50\u20ac<\/p>\n<p><span style=\"color: #12589d;\"><strong>AGUACATE BRASEADO CON GAMBA DE COSTA EN ADEREZO DE PI\u00d1ONES Y LIM\u00d3N VERDE<\/strong><\/span><br \/>18,50\u20ac<\/p>\n<p><span style=\"color: #12589d;\"><strong>ALCACHOFAS FRESCAS A LA PARRILLA CON CRISTAL DE SAL. EN TEMPORADA<\/strong><\/span><br \/>19,00\u20ac<\/p>\n<p>[\/et_pb_toggle][et_pb_toggle title=\u00bbDE LA COSTA DA MORTE\u00bb open_toggle_background_color=\u00bb#f7f7f7&#8243; closed_toggle_background_color=\u00bb#f7f7f7&#8243; icon_color=\u00bb#12589d\u00bb open_icon_color=\u00bb#12589d\u00bb admin_label=\u00bbDE LA COSTA DA MORTE\u00bb _builder_version=\u00bb4.27.4&#8243; title_font=\u00bbJosefin Sans||||||||\u00bb title_line_height=\u00bb1.4em\u00bb body_font=\u00bbJosefin Sans||||||||\u00bb body_font_size=\u00bb15px\u00bb body_line_height=\u00bb1.8em\u00bb animation_style=\u00bbfade\u00bb hover_enabled=\u00bb0&#8243; border_width_all=\u00bb0px\u00bb global_colors_info=\u00bb{}\u00bb sticky_enabled=\u00bb0&#8243;]<\/p>\n<p><span style=\"color: #12589d;\"><strong><span>CHIPIRONES DE COSTA ENCEBOLLADOS<\/span><br \/><\/strong><span style=\"color: #333333;\">25,50\u20ac<\/span><\/span><\/p>\n<p><span style=\"color: #12589d;\"><strong>RAPE DE TRIPA NEGRA ASADO AL AJO DORADO<\/strong><\/span><br \/>27,00\u20ac<\/p>\n<p><span style=\"color: #12589d;\"><strong>RAPE DE TRIPA NEGRA CON VELOUT\u00c9 DE CARABINEROS<\/strong><\/span><br \/>28,50\u20ac<\/p>\n<p><span style=\"color: #12589d;\"><strong>LUBINA DE ESTERO A LA SAL. (M\u00cdNIMO 2 PERSONAS &#8211; PRECIO POR PERSONA)<\/strong><\/span><br \/>27,50\u20ac<\/p>\n<p><span style=\"color: #12589d;\"><strong>RODABALLO SALVAJE CON BILBA\u00cdNA LIGERA (M\u00cdNIMO DOS PERSONAS &#8211; PRECIO POR PERSONA)<\/strong><\/span><br \/>36,00\u20ac<\/p>\n<p>[\/et_pb_toggle][et_pb_toggle title=\u00bbESPECIALISTAS EN MERLUZA DE CELEIRO\u00bb open_toggle_background_color=\u00bb#f7f7f7&#8243; closed_toggle_background_color=\u00bb#f7f7f7&#8243; icon_color=\u00bb#12589d\u00bb open_icon_color=\u00bb#12589d\u00bb admin_label=\u00bbESPECIALISTAS EN MERLUZA DE CELEIRO\u00bb _builder_version=\u00bb4.27.4&#8243; title_font=\u00bbJosefin Sans||||||||\u00bb title_line_height=\u00bb1.4em\u00bb body_font=\u00bbJosefin Sans||||||||\u00bb body_font_size=\u00bb15px\u00bb body_line_height=\u00bb1.8em\u00bb animation_style=\u00bbfade\u00bb hover_enabled=\u00bb0&#8243; border_width_all=\u00bb0px\u00bb global_colors_info=\u00bb{}\u00bb sticky_enabled=\u00bb0&#8243;]<\/p>\n<p><span style=\"color: #12589d;\"><strong>TAQUITOS DE MERLUZA REBOZADOS<\/strong><\/span><br \/>26,50\u20ac<\/p>\n<p><span style=\"color: #12589d;\"><strong>MERLUZA DE PINCHO A LA ROMANA CON PATATA HILADA Y MAHONESA DE LIMA<\/strong><\/span><br \/>27,50\u20ac<\/p>\n<p><span style=\"color: #12589d;\"><strong>MERLUZA A LA GALLEGA CON SUS CACHELOS Y PIMENT\u00d3N DE LA VERA<\/strong><\/span><br \/>27,50\u20ac<\/p>\n<p><span style=\"color: #12589d;\"><strong>MERLUZA AL AJO-GUINDILLA (COGOTE, LOMO O COLA)<\/strong><\/span><br \/>27,50\u20ac<\/p>\n<p>[\/et_pb_toggle][et_pb_toggle title=\u00bbCARNES DE LA TIERRA\u00bb open_toggle_background_color=\u00bb#f7f7f7&#8243; closed_toggle_background_color=\u00bb#f7f7f7&#8243; icon_color=\u00bb#12589d\u00bb open_icon_color=\u00bb#12589d\u00bb admin_label=\u00bbCARNES DE LA TIERRA\u00bb _builder_version=\u00bb4.27.4&#8243; title_font=\u00bbJosefin Sans||||||||\u00bb title_line_height=\u00bb1.4em\u00bb body_font=\u00bbJosefin Sans||||||||\u00bb body_font_size=\u00bb15px\u00bb body_line_height=\u00bb1.8em\u00bb vertical_offset_tablet=\u00bb0&#8243; horizontal_offset_tablet=\u00bb0&#8243; animation_style=\u00bbfade\u00bb hover_enabled=\u00bb0&#8243; title_text_shadow_horizontal_length_tablet=\u00bb0px\u00bb title_text_shadow_vertical_length_tablet=\u00bb0px\u00bb title_text_shadow_blur_strength_tablet=\u00bb1px\u00bb closed_title_text_shadow_horizontal_length_tablet=\u00bb0px\u00bb closed_title_text_shadow_vertical_length_tablet=\u00bb0px\u00bb closed_title_text_shadow_blur_strength_tablet=\u00bb1px\u00bb body_text_shadow_horizontal_length_tablet=\u00bb0px\u00bb body_text_shadow_vertical_length_tablet=\u00bb0px\u00bb body_text_shadow_blur_strength_tablet=\u00bb1px\u00bb body_link_text_shadow_horizontal_length_tablet=\u00bb0px\u00bb body_link_text_shadow_vertical_length_tablet=\u00bb0px\u00bb body_link_text_shadow_blur_strength_tablet=\u00bb1px\u00bb body_ul_text_shadow_horizontal_length_tablet=\u00bb0px\u00bb body_ul_text_shadow_vertical_length_tablet=\u00bb0px\u00bb body_ul_text_shadow_blur_strength_tablet=\u00bb1px\u00bb body_ol_text_shadow_horizontal_length_tablet=\u00bb0px\u00bb body_ol_text_shadow_vertical_length_tablet=\u00bb0px\u00bb body_ol_text_shadow_blur_strength_tablet=\u00bb1px\u00bb body_quote_text_shadow_horizontal_length_tablet=\u00bb0px\u00bb body_quote_text_shadow_vertical_length_tablet=\u00bb0px\u00bb body_quote_text_shadow_blur_strength_tablet=\u00bb1px\u00bb border_width_all=\u00bb0px\u00bb box_shadow_horizontal_tablet=\u00bb0px\u00bb box_shadow_vertical_tablet=\u00bb0px\u00bb box_shadow_blur_tablet=\u00bb40px\u00bb box_shadow_spread_tablet=\u00bb0px\u00bb text_shadow_horizontal_length_tablet=\u00bb0px\u00bb text_shadow_vertical_length_tablet=\u00bb0px\u00bb text_shadow_blur_strength_tablet=\u00bb1px\u00bb global_colors_info=\u00bb{}\u00bb sticky_enabled=\u00bb0&#8243;]<\/p>\n<p><span style=\"color: #12589d;\"><strong>CHULETA DE VACUNO MAYOR A LA PARRILLA, 700\/800G. IDEAL PARA COMPARTIR<\/strong><\/span><br \/>72,00\u20ac<\/p>\n<p><span style=\"color: #12589d;\"><strong>LOMO BAJO DE VACA MADURADA A LA ESCAMA DE SAL<\/strong><\/span><br \/>28,50\u20ac<\/p>\n<p><span style=\"color: #12589d;\"><strong>SOLOMILLO TRADICIONAL CON JUGO DE SETAS<br \/><\/strong><span style=\"color: #333333;\">29,00\u20ac<\/span><\/span><\/p>\n<p><span style=\"color: #12589d;\"><strong>SALTEADO DE CARNE ROJA CON AJOS TIERNOS<br \/><\/strong><span style=\"color: #333333;\">27,50\u20ac<\/span><\/span><\/p>\n<p><span style=\"color: #12589d;\"><span style=\"color: #333333;\"><strong><span style=\"color: #12589d;\">STEAK TARTAR DE SOLOMILLO ELABORADO AL MOMENTO<\/span><br \/><\/strong>18,00 (1\/2 Raci\u00f3n)<br \/>28,50\u20ac<\/span><\/span><\/p>\n<p>[\/et_pb_toggle][et_pb_toggle title=\u00bbPANES\u00bb open_toggle_background_color=\u00bb#f7f7f7&#8243; closed_toggle_background_color=\u00bb#f7f7f7&#8243; icon_color=\u00bb#12589d\u00bb open_icon_color=\u00bb#12589d\u00bb admin_label=\u00bbPANES\u00bb _builder_version=\u00bb4.27.4&#8243; title_font=\u00bbJosefin Sans||||||||\u00bb title_line_height=\u00bb1.4em\u00bb body_font=\u00bbJosefin Sans||||||||\u00bb body_font_size=\u00bb15px\u00bb body_line_height=\u00bb1.8em\u00bb animation_style=\u00bbfade\u00bb hover_enabled=\u00bb0&#8243; border_width_all=\u00bb0px\u00bb global_colors_info=\u00bb{}\u00bb sticky_enabled=\u00bb0&#8243;]<\/p>\n<p><span style=\"color: #12589d;\"><strong>HOGAZA DE PAN GALLEGO Y APERITIVO\u00a0<\/strong><\/span><br \/>2,75\u20ac<\/p>\n<p>[\/et_pb_toggle][\/et_pb_column_inner][\/et_pb_row_inner][\/et_pb_column][et_pb_column type=\u00bb1_3&#8243; _builder_version=\u00bb4.16&#8243; custom_padding=\u00bb|||\u00bb global_colors_info=\u00bb{}\u00bb custom_padding__hover=\u00bb|||\u00bb][\/et_pb_column][\/et_pb_section]<\/p>\n","protected":false},"excerpt":{"rendered":"<p>\u00a0 CARTA DE SALA (10% IVA INCLUIDO) TAMBI\u00c9N PARA LLEVARZAMBURI\u00d1AS HORNEADAS AL ALBARI\u00d1O (6 UDS.)21,50\u20ac ALMEJAS DE LA R\u00cdA DE AROSA EN SART\u00c9N O A LA MARINERA32,00\u20ac GAMBAS DE COSTA EN SART\u00c9N AL AJO-GUINDILLA22,00\u20acJAM\u00d3N IB\u00c9RICO DE MONTANERA18,00\u20ac (1\/2 Raci\u00f3n)28,50\u20ac QUESOS GALEGOS CON MEMBRILLO NATURAL, CONFITURA DE HIGOS Y FRUTOS SECOS14,00\u20ac (1\/2 Raci\u00f3n)22,00\u20acSOPA MARI\u00d1EIRA DE MARISCO [&hellip;]<\/p>\n","protected":false},"author":2,"featured_media":0,"parent":0,"menu_order":0,"comment_status":"closed","ping_status":"closed","template":"page-template-blank.php","meta":{"_et_pb_use_builder":"on","_et_pb_old_content":"","_et_gb_content_width":"","footnotes":""},"class_list":["post-59","page","type-page","status-publish","hentry"],"_links":{"self":[{"href":"https:\/\/wp.grupo-oter.net\/cartas\/wp-json\/wp\/v2\/pages\/59","targetHints":{"allow":["GET"]}}],"collection":[{"href":"https:\/\/wp.grupo-oter.net\/cartas\/wp-json\/wp\/v2\/pages"}],"about":[{"href":"https:\/\/wp.grupo-oter.net\/cartas\/wp-json\/wp\/v2\/types\/page"}],"author":[{"embeddable":true,"href":"https:\/\/wp.grupo-oter.net\/cartas\/wp-json\/wp\/v2\/users\/2"}],"replies":[{"embeddable":true,"href":"https:\/\/wp.grupo-oter.net\/cartas\/wp-json\/wp\/v2\/comments?post=59"}],"version-history":[{"count":40,"href":"https:\/\/wp.grupo-oter.net\/cartas\/wp-json\/wp\/v2\/pages\/59\/revisions"}],"predecessor-version":[{"id":14009,"href":"https:\/\/wp.grupo-oter.net\/cartas\/wp-json\/wp\/v2\/pages\/59\/revisions\/14009"}],"wp:attachment":[{"href":"https:\/\/wp.grupo-oter.net\/cartas\/wp-json\/wp\/v2\/media?parent=59"}],"curies":[{"name":"wp","href":"https:\/\/api.w.org\/{rel}","templated":true}]}}