{"id":5893,"date":"2021-03-17T12:59:27","date_gmt":"2021-03-17T12:59:27","guid":{"rendered":"https:\/\/wp.grupo-oter.net\/cartas\/?page_id=5893"},"modified":"2025-06-12T13:00:55","modified_gmt":"2025-06-12T13:00:55","slug":"desayunos-barril-express","status":"publish","type":"page","link":"https:\/\/wp.grupo-oter.net\/cartas\/desayunos-barril-express\/","title":{"rendered":"Desayunos Barril Express"},"content":{"rendered":"<p>[et_pb_section fb_built=\u00bb1&#8243; specialty=\u00bbon\u00bb custom_padding_last_edited=\u00bbon|phone\u00bb admin_label=\u00bbTestimonials\u00bb _builder_version=\u00bb4.16&#8243; vertical_offset_tablet=\u00bb0&#8243; horizontal_offset_tablet=\u00bb0&#8243; custom_padding=\u00bb||150px|\u00bb custom_padding_tablet=\u00bb|||\u00bb custom_padding_phone=\u00bb||||false|false\u00bb bottom_divider_style=\u00bbslant2&#8243; bottom_divider_color=\u00bb#000000&#8243; bottom_divider_height=\u00bb160px\u00bb bottom_divider_flip=\u00bbvertical\u00bb bottom_divider_height_tablet=\u00bb\u00bb bottom_divider_height_phone=\u00bb90px\u00bb bottom_divider_height_last_edited=\u00bbon|tablet\u00bb z_index_tablet=\u00bb0&#8243; box_shadow_horizontal_tablet=\u00bb0px\u00bb box_shadow_vertical_tablet=\u00bb0px\u00bb box_shadow_blur_tablet=\u00bb40px\u00bb box_shadow_spread_tablet=\u00bb0px\u00bb global_colors_info=\u00bb{}\u00bb][et_pb_column type=\u00bb2_3&#8243; specialty_columns=\u00bb2&#8243; _builder_version=\u00bb4.16&#8243; custom_padding=\u00bb|||\u00bb global_colors_info=\u00bb{}\u00bb custom_padding__hover=\u00bb|||\u00bb][et_pb_row_inner column_structure=\u00bbundefined\u00bb _builder_version=\u00bb4.16&#8243; global_colors_info=\u00bb{}\u00bb][et_pb_column_inner type=\u00bbundefined\u00bb saved_specialty_column_type=\u00bb2_3&#8243; _builder_version=\u00bb4.16&#8243; custom_padding=\u00bb|||\u00bb global_colors_info=\u00bb{}\u00bb custom_padding__hover=\u00bb|||\u00bb][et_pb_text _builder_version=\u00bb4.16&#8243; text_font=\u00bbJosefin Sans||||||||\u00bb vertical_offset_tablet=\u00bb0&#8243; horizontal_offset_tablet=\u00bb0&#8243; z_index_tablet=\u00bb0&#8243; text_text_shadow_horizontal_length_tablet=\u00bb0px\u00bb text_text_shadow_vertical_length_tablet=\u00bb0px\u00bb text_text_shadow_blur_strength_tablet=\u00bb1px\u00bb link_text_shadow_horizontal_length_tablet=\u00bb0px\u00bb link_text_shadow_vertical_length_tablet=\u00bb0px\u00bb link_text_shadow_blur_strength_tablet=\u00bb1px\u00bb ul_text_shadow_horizontal_length_tablet=\u00bb0px\u00bb ul_text_shadow_vertical_length_tablet=\u00bb0px\u00bb ul_text_shadow_blur_strength_tablet=\u00bb1px\u00bb ol_text_shadow_horizontal_length_tablet=\u00bb0px\u00bb ol_text_shadow_vertical_length_tablet=\u00bb0px\u00bb ol_text_shadow_blur_strength_tablet=\u00bb1px\u00bb quote_text_shadow_horizontal_length_tablet=\u00bb0px\u00bb quote_text_shadow_vertical_length_tablet=\u00bb0px\u00bb quote_text_shadow_blur_strength_tablet=\u00bb1px\u00bb header_text_shadow_horizontal_length_tablet=\u00bb0px\u00bb header_text_shadow_vertical_length_tablet=\u00bb0px\u00bb header_text_shadow_blur_strength_tablet=\u00bb1px\u00bb header_2_text_shadow_horizontal_length_tablet=\u00bb0px\u00bb header_2_text_shadow_vertical_length_tablet=\u00bb0px\u00bb header_2_text_shadow_blur_strength_tablet=\u00bb1px\u00bb header_3_text_shadow_horizontal_length_tablet=\u00bb0px\u00bb header_3_text_shadow_vertical_length_tablet=\u00bb0px\u00bb header_3_text_shadow_blur_strength_tablet=\u00bb1px\u00bb header_4_text_shadow_horizontal_length_tablet=\u00bb0px\u00bb header_4_text_shadow_vertical_length_tablet=\u00bb0px\u00bb header_4_text_shadow_blur_strength_tablet=\u00bb1px\u00bb header_5_text_shadow_horizontal_length_tablet=\u00bb0px\u00bb header_5_text_shadow_vertical_length_tablet=\u00bb0px\u00bb header_5_text_shadow_blur_strength_tablet=\u00bb1px\u00bb header_6_text_shadow_horizontal_length_tablet=\u00bb0px\u00bb header_6_text_shadow_vertical_length_tablet=\u00bb0px\u00bb header_6_text_shadow_blur_strength_tablet=\u00bb1px\u00bb box_shadow_horizontal_tablet=\u00bb0px\u00bb box_shadow_vertical_tablet=\u00bb0px\u00bb box_shadow_blur_tablet=\u00bb40px\u00bb box_shadow_spread_tablet=\u00bb0px\u00bb global_colors_info=\u00bb{}\u00bb]<\/p>\n<p><img decoding=\"async\" class=\"wp-image-887 aligncenter lazyload\" data-src=\"https:\/\/wp.grupo-oter.net\/cartas\/wp-content\/uploads\/sites\/40\/2020\/06\/LOGO-BARRIL-EXPRESS-productos-para-llevar-2-copia.png\" alt=\"\" width=\"294\" height=\"256\" src=\"data:image\/svg+xml;base64,PHN2ZyB3aWR0aD0iMSIgaGVpZ2h0PSIxIiB4bWxucz0iaHR0cDovL3d3dy53My5vcmcvMjAwMC9zdmciPjwvc3ZnPg==\" style=\"--smush-placeholder-width: 294px; --smush-placeholder-aspect-ratio: 294\/256;\" \/><\/p>\n<p>&nbsp;<\/p>\n<h2 style=\"text-align: center;\"><span style=\"color: #000000;\"><strong>DESAYUNOS<\/strong><\/span><\/h2>\n<h4 style=\"text-align: center;\"><span style=\"color: #000000;\"><strong>(10% iva incluido)<\/strong><\/span><\/h4>\n<p>[\/et_pb_text][et_pb_toggle title=\u00bbNUESTROS DESAYUNOS\u00bb open_toggle_background_color=\u00bb#f7f7f7&#8243; closed_toggle_background_color=\u00bb#f7f7f7&#8243; icon_color=\u00bb#000000&#8243; open_icon_color=\u00bb#000000&#8243; admin_label=\u00bbmeriendas\u00bb _builder_version=\u00bb4.27.4&#8243; title_font=\u00bbJosefin Sans||||||||\u00bb title_line_height=\u00bb1.4em\u00bb body_font=\u00bbJosefin Sans||||||||\u00bb body_font_size=\u00bb15px\u00bb body_line_height=\u00bb1.8em\u00bb vertical_offset_tablet=\u00bb0&#8243; horizontal_offset_tablet=\u00bb0&#8243; animation_style=\u00bbfade\u00bb hover_enabled=\u00bb0&#8243; title_text_shadow_horizontal_length_tablet=\u00bb0px\u00bb title_text_shadow_vertical_length_tablet=\u00bb0px\u00bb title_text_shadow_blur_strength_tablet=\u00bb1px\u00bb closed_title_text_shadow_horizontal_length_tablet=\u00bb0px\u00bb closed_title_text_shadow_vertical_length_tablet=\u00bb0px\u00bb closed_title_text_shadow_blur_strength_tablet=\u00bb1px\u00bb body_text_shadow_horizontal_length_tablet=\u00bb0px\u00bb body_text_shadow_vertical_length_tablet=\u00bb0px\u00bb body_text_shadow_blur_strength_tablet=\u00bb1px\u00bb body_link_text_shadow_horizontal_length_tablet=\u00bb0px\u00bb body_link_text_shadow_vertical_length_tablet=\u00bb0px\u00bb body_link_text_shadow_blur_strength_tablet=\u00bb1px\u00bb body_ul_text_shadow_horizontal_length_tablet=\u00bb0px\u00bb body_ul_text_shadow_vertical_length_tablet=\u00bb0px\u00bb body_ul_text_shadow_blur_strength_tablet=\u00bb1px\u00bb body_ol_text_shadow_horizontal_length_tablet=\u00bb0px\u00bb body_ol_text_shadow_vertical_length_tablet=\u00bb0px\u00bb body_ol_text_shadow_blur_strength_tablet=\u00bb1px\u00bb body_quote_text_shadow_horizontal_length_tablet=\u00bb0px\u00bb body_quote_text_shadow_vertical_length_tablet=\u00bb0px\u00bb body_quote_text_shadow_blur_strength_tablet=\u00bb1px\u00bb border_width_all=\u00bb0px\u00bb box_shadow_horizontal_tablet=\u00bb0px\u00bb box_shadow_vertical_tablet=\u00bb0px\u00bb box_shadow_blur_tablet=\u00bb40px\u00bb box_shadow_spread_tablet=\u00bb0px\u00bb text_shadow_horizontal_length_tablet=\u00bb0px\u00bb text_shadow_vertical_length_tablet=\u00bb0px\u00bb text_shadow_blur_strength_tablet=\u00bb1px\u00bb global_colors_info=\u00bb{}\u00bb sticky_enabled=\u00bb0&#8243;]<\/p>\n<p style=\"text-align: center;\"><strong>Hasta las 12:30 de la ma\u00f1ana<\/strong><\/p>\n<p style=\"text-align: center;\"><strong>EXPRESS<\/strong><br \/>El mejor caf\u00e9 ar\u00e1bica o infusi\u00f3n natural acompa\u00f1ado de nuestra selecci\u00f3n a elegir:<\/p>\n<p style=\"text-align: center;\">Croissant de mantequilla<br \/>Pan r\u00fastico con tomate fresco y aceite de oliva virgen<br \/>Pan r\u00fastico con mantequilla y confitura casera<br \/>3,50\u20ac<\/p>\n<p style=\"text-align: center;\"><strong>DESAYUNOS ESPECIALES<br \/><\/strong> Acompa\u00f1ados de caf\u00e9 ar\u00e1bica o infusi\u00f3n natural y zumo de naranja natural<\/p>\n<p style=\"text-align: center;\"><strong>MADRILE\u00d1O<br \/><\/strong>Tosta de tortilla de patata con o sin pimientos asados<br \/>8,50\u20ac<\/p>\n<p style=\"text-align: center;\"><strong>AMERICANO<br \/><\/strong>Huevos con beicon a la plancha y pan r\u00fastico<br \/>9,50\u20ac<\/p>\n<p style=\"text-align: center;\"><strong>IB\u00c9RICO<br \/><\/strong>Tosta de jam\u00f3n ib\u00e9rico de montanera con tomate rallado y aceite de oliva virgen extra<br \/>9,00\u20ac<\/p>\n<p style=\"text-align: center;\"><span style=\"text-decoration: underline;\">A\u00f1ade a tu desayuno fruta fresca de temporada<\/span><br \/><span style=\"text-decoration: underline;\">2,00\u20ac<\/span><\/p>\n<p>[\/et_pb_toggle][\/et_pb_column_inner][\/et_pb_row_inner][\/et_pb_column][et_pb_column type=\u00bb1_3&#8243; _builder_version=\u00bb4.16&#8243; custom_padding=\u00bb|||\u00bb global_colors_info=\u00bb{}\u00bb custom_padding__hover=\u00bb|||\u00bb][\/et_pb_column][\/et_pb_section]<\/p>\n","protected":false},"excerpt":{"rendered":"<p>&nbsp; DESAYUNOS (10% iva incluido) Hasta las 12:30 de la ma\u00f1ana EXPRESSEl mejor caf\u00e9 ar\u00e1bica o infusi\u00f3n natural acompa\u00f1ado de nuestra selecci\u00f3n a elegir: Croissant de mantequillaPan r\u00fastico con tomate fresco y aceite de oliva virgenPan r\u00fastico con mantequilla y confitura casera3,50\u20ac DESAYUNOS ESPECIALES Acompa\u00f1ados de caf\u00e9 ar\u00e1bica o infusi\u00f3n natural y zumo de naranja [&hellip;]<\/p>\n","protected":false},"author":2,"featured_media":0,"parent":0,"menu_order":0,"comment_status":"closed","ping_status":"closed","template":"page-template-blank.php","meta":{"_et_pb_use_builder":"on","_et_pb_old_content":"","_et_gb_content_width":"","footnotes":""},"class_list":["post-5893","page","type-page","status-publish","hentry"],"_links":{"self":[{"href":"https:\/\/wp.grupo-oter.net\/cartas\/wp-json\/wp\/v2\/pages\/5893","targetHints":{"allow":["GET"]}}],"collection":[{"href":"https:\/\/wp.grupo-oter.net\/cartas\/wp-json\/wp\/v2\/pages"}],"about":[{"href":"https:\/\/wp.grupo-oter.net\/cartas\/wp-json\/wp\/v2\/types\/page"}],"author":[{"embeddable":true,"href":"https:\/\/wp.grupo-oter.net\/cartas\/wp-json\/wp\/v2\/users\/2"}],"replies":[{"embeddable":true,"href":"https:\/\/wp.grupo-oter.net\/cartas\/wp-json\/wp\/v2\/comments?post=5893"}],"version-history":[{"count":13,"href":"https:\/\/wp.grupo-oter.net\/cartas\/wp-json\/wp\/v2\/pages\/5893\/revisions"}],"predecessor-version":[{"id":13457,"href":"https:\/\/wp.grupo-oter.net\/cartas\/wp-json\/wp\/v2\/pages\/5893\/revisions\/13457"}],"wp:attachment":[{"href":"https:\/\/wp.grupo-oter.net\/cartas\/wp-json\/wp\/v2\/media?parent=5893"}],"curies":[{"name":"wp","href":"https:\/\/api.w.org\/{rel}","templated":true}]}}