{"id":4806,"date":"2020-11-25T15:31:48","date_gmt":"2020-11-25T15:31:48","guid":{"rendered":"https:\/\/wp.grupo-oter.net\/cartas\/?page_id=4806"},"modified":"2025-10-31T13:02:23","modified_gmt":"2025-10-31T13:02:23","slug":"menus-oter","status":"publish","type":"page","link":"https:\/\/wp.grupo-oter.net\/cartas\/menus-oter\/","title":{"rendered":"Men\u00fas Oter"},"content":{"rendered":"<p>[et_pb_section fb_built=\u00bb1&#8243; specialty=\u00bbon\u00bb custom_padding_last_edited=\u00bbon|phone\u00bb admin_label=\u00bbTestimonials\u00bb _builder_version=\u00bb4.16&#8243; vertical_offset_tablet=\u00bb0&#8243; horizontal_offset_tablet=\u00bb0&#8243; custom_padding=\u00bb||150px|\u00bb custom_padding_tablet=\u00bb|||\u00bb custom_padding_phone=\u00bb||||false|false\u00bb bottom_divider_style=\u00bbslant2&#8243; bottom_divider_color=\u00bb#9c4036&#8243; bottom_divider_height=\u00bb160px\u00bb bottom_divider_flip=\u00bbvertical\u00bb bottom_divider_height_tablet=\u00bb\u00bb bottom_divider_height_phone=\u00bb90px\u00bb bottom_divider_height_last_edited=\u00bbon|tablet\u00bb z_index_tablet=\u00bb0&#8243; box_shadow_horizontal_tablet=\u00bb0px\u00bb box_shadow_vertical_tablet=\u00bb0px\u00bb box_shadow_blur_tablet=\u00bb40px\u00bb box_shadow_spread_tablet=\u00bb0px\u00bb global_colors_info=\u00bb{}\u00bb][et_pb_column type=\u00bb2_3&#8243; specialty_columns=\u00bb2&#8243; _builder_version=\u00bb4.16&#8243; custom_padding=\u00bb|||\u00bb global_colors_info=\u00bb{}\u00bb custom_padding__hover=\u00bb|||\u00bb][et_pb_row_inner column_structure=\u00bbundefined\u00bb _builder_version=\u00bb4.16&#8243; global_colors_info=\u00bb{}\u00bb][et_pb_column_inner type=\u00bbundefined\u00bb saved_specialty_column_type=\u00bb2_3&#8243; _builder_version=\u00bb4.16&#8243; custom_padding=\u00bb|||\u00bb global_colors_info=\u00bb{}\u00bb custom_padding__hover=\u00bb|||\u00bb][et_pb_text _builder_version=\u00bb4.16&#8243; text_font=\u00bbJosefin Sans||||||||\u00bb vertical_offset_tablet=\u00bb0&#8243; horizontal_offset_tablet=\u00bb0&#8243; z_index_tablet=\u00bb0&#8243; text_text_shadow_horizontal_length_tablet=\u00bb0px\u00bb text_text_shadow_vertical_length_tablet=\u00bb0px\u00bb text_text_shadow_blur_strength_tablet=\u00bb1px\u00bb link_text_shadow_horizontal_length_tablet=\u00bb0px\u00bb link_text_shadow_vertical_length_tablet=\u00bb0px\u00bb link_text_shadow_blur_strength_tablet=\u00bb1px\u00bb ul_text_shadow_horizontal_length_tablet=\u00bb0px\u00bb ul_text_shadow_vertical_length_tablet=\u00bb0px\u00bb ul_text_shadow_blur_strength_tablet=\u00bb1px\u00bb ol_text_shadow_horizontal_length_tablet=\u00bb0px\u00bb ol_text_shadow_vertical_length_tablet=\u00bb0px\u00bb ol_text_shadow_blur_strength_tablet=\u00bb1px\u00bb quote_text_shadow_horizontal_length_tablet=\u00bb0px\u00bb quote_text_shadow_vertical_length_tablet=\u00bb0px\u00bb quote_text_shadow_blur_strength_tablet=\u00bb1px\u00bb header_text_shadow_horizontal_length_tablet=\u00bb0px\u00bb header_text_shadow_vertical_length_tablet=\u00bb0px\u00bb header_text_shadow_blur_strength_tablet=\u00bb1px\u00bb header_2_text_shadow_horizontal_length_tablet=\u00bb0px\u00bb header_2_text_shadow_vertical_length_tablet=\u00bb0px\u00bb header_2_text_shadow_blur_strength_tablet=\u00bb1px\u00bb header_3_text_shadow_horizontal_length_tablet=\u00bb0px\u00bb header_3_text_shadow_vertical_length_tablet=\u00bb0px\u00bb header_3_text_shadow_blur_strength_tablet=\u00bb1px\u00bb header_4_text_shadow_horizontal_length_tablet=\u00bb0px\u00bb header_4_text_shadow_vertical_length_tablet=\u00bb0px\u00bb header_4_text_shadow_blur_strength_tablet=\u00bb1px\u00bb header_5_text_shadow_horizontal_length_tablet=\u00bb0px\u00bb header_5_text_shadow_vertical_length_tablet=\u00bb0px\u00bb header_5_text_shadow_blur_strength_tablet=\u00bb1px\u00bb header_6_text_shadow_horizontal_length_tablet=\u00bb0px\u00bb header_6_text_shadow_vertical_length_tablet=\u00bb0px\u00bb header_6_text_shadow_blur_strength_tablet=\u00bb1px\u00bb box_shadow_horizontal_tablet=\u00bb0px\u00bb box_shadow_vertical_tablet=\u00bb0px\u00bb box_shadow_blur_tablet=\u00bb40px\u00bb box_shadow_spread_tablet=\u00bb0px\u00bb global_colors_info=\u00bb{}\u00bb]<\/p>\n<p><img decoding=\"async\" class=\"wp-image-429 aligncenter lazyload\" data-src=\"https:\/\/wp.grupo-oter.net\/cartas\/wp-content\/uploads\/sites\/40\/2020\/05\/oter-logo.png\" alt=\"\" width=\"287\" height=\"120\" src=\"data:image\/svg+xml;base64,PHN2ZyB3aWR0aD0iMSIgaGVpZ2h0PSIxIiB4bWxucz0iaHR0cDovL3d3dy53My5vcmcvMjAwMC9zdmciPjwvc3ZnPg==\" style=\"--smush-placeholder-width: 287px; --smush-placeholder-aspect-ratio: 287\/120;\" \/><\/p>\n<h2>\u00a0<\/h2>\n<h2 style=\"text-align: center;\"><span style=\"color: #9c4036;\"><strong>MEN\u00daS PARA GRUPOS<\/strong><\/span><\/h2>\n<h4 style=\"text-align: center;\"><span style=\"color: #9c4036;\"><strong>(10% iva incluido)<\/strong><\/span><\/h4>\n<p>[\/et_pb_text][et_pb_toggle title=\u00bbMEN\u00daS DE GRUPOS (Validez JUNIO 2026)\u00bb open_toggle_background_color=\u00bb#f7f7f7&#8243; closed_toggle_background_color=\u00bb#f7f7f7&#8243; icon_color=\u00bb#9c4036&#8243; open_icon_color=\u00bb#9c4036&#8243; admin_label=\u00bbAPERITIVOS\u00bb _builder_version=\u00bb4.27.4&#8243; title_font=\u00bbJosefin Sans||||||||\u00bb title_line_height=\u00bb1.4em\u00bb body_font=\u00bbJosefin Sans||||||||\u00bb body_font_size=\u00bb15px\u00bb body_line_height=\u00bb1.8em\u00bb vertical_offset_tablet=\u00bb0&#8243; horizontal_offset_tablet=\u00bb0&#8243; animation_style=\u00bbfade\u00bb hover_enabled=\u00bb0&#8243; title_text_shadow_horizontal_length_tablet=\u00bb0px\u00bb title_text_shadow_vertical_length_tablet=\u00bb0px\u00bb title_text_shadow_blur_strength_tablet=\u00bb1px\u00bb closed_title_text_shadow_horizontal_length_tablet=\u00bb0px\u00bb closed_title_text_shadow_vertical_length_tablet=\u00bb0px\u00bb closed_title_text_shadow_blur_strength_tablet=\u00bb1px\u00bb body_text_shadow_horizontal_length_tablet=\u00bb0px\u00bb body_text_shadow_vertical_length_tablet=\u00bb0px\u00bb body_text_shadow_blur_strength_tablet=\u00bb1px\u00bb body_link_text_shadow_horizontal_length_tablet=\u00bb0px\u00bb body_link_text_shadow_vertical_length_tablet=\u00bb0px\u00bb body_link_text_shadow_blur_strength_tablet=\u00bb1px\u00bb body_ul_text_shadow_horizontal_length_tablet=\u00bb0px\u00bb body_ul_text_shadow_vertical_length_tablet=\u00bb0px\u00bb body_ul_text_shadow_blur_strength_tablet=\u00bb1px\u00bb body_ol_text_shadow_horizontal_length_tablet=\u00bb0px\u00bb body_ol_text_shadow_vertical_length_tablet=\u00bb0px\u00bb body_ol_text_shadow_blur_strength_tablet=\u00bb1px\u00bb body_quote_text_shadow_horizontal_length_tablet=\u00bb0px\u00bb body_quote_text_shadow_vertical_length_tablet=\u00bb0px\u00bb body_quote_text_shadow_blur_strength_tablet=\u00bb1px\u00bb border_width_all=\u00bb0px\u00bb box_shadow_horizontal_tablet=\u00bb0px\u00bb box_shadow_vertical_tablet=\u00bb0px\u00bb box_shadow_blur_tablet=\u00bb40px\u00bb box_shadow_spread_tablet=\u00bb0px\u00bb text_shadow_horizontal_length_tablet=\u00bb0px\u00bb text_shadow_vertical_length_tablet=\u00bb0px\u00bb text_shadow_blur_strength_tablet=\u00bb1px\u00bb global_colors_info=\u00bb{}\u00bb sticky_enabled=\u00bb0&#8243;]<\/p>\n<p style=\"text-align: center;\"><strong>MEN\u00da I<\/strong><\/p>\n<p style=\"text-align: center;\">\u00a0<strong>Para compartir<\/strong><\/p>\n<p style=\"text-align: center;\"><strong>(1 plato cada 4 personas)<\/strong><\/p>\n<p style=\"text-align: center;\">Jam\u00f3n ib\u00e9rico de montanera al corte.<\/p>\n<p style=\"text-align: center;\">Tomates de temporada ali\u00f1ados con piparras encurtidas.<\/p>\n<p style=\"text-align: center;\">Croquetas caseras, diferentes cada d\u00eda (2 Uds. por persona).<\/p>\n<p style=\"text-align: center;\">Gamba roja alistada al ajo-guindilla.<\/p>\n<p style=\"text-align: center;\">\n<p style=\"text-align: center;\"><strong>Segundo plato (a elegir una opci\u00f3n)<\/strong><\/p>\n<p style=\"text-align: center;\"><strong>(Para m\u00e1s de 50 pax, elegir por adelantado un \u00fanico plato para todo<\/strong> <strong>el grupo)<\/strong><\/p>\n<p style=\"text-align: center;\">Rape de costa al ajo dorado con verduritas grill\u00e9<\/p>\n<p style=\"text-align: center;\">o<\/p>\n<p style=\"text-align: center;\">Entrecot de carne roja con patatas al romero y tomate provenzal.<\/p>\n<p style=\"text-align: center;\">\n<p style=\"text-align: center;\"><strong>El final m\u00e1s dulce<\/strong><\/p>\n<p style=\"text-align: center;\">Torrija Brioche.<\/p>\n<p style=\"text-align: center;\">Caf\u00e9 Ar\u00e1bica e infusiones naturales.<\/p>\n<p style=\"text-align: center;\">Dulces de la Casa.<\/p>\n<p style=\"text-align: center;\">\n<p style=\"text-align: center;\"><strong>Nuestra bodega<\/strong><\/p>\n<p style=\"text-align: center;\"><strong>Vino blanco (Magnum)<\/strong><\/p>\n<p style=\"text-align: center;\">\u00a0(D.O. Rueda) Guardavi\u00f1as &#8211; Verdejo 100%.<\/p>\n<p style=\"text-align: center;\"><strong>Vino tinto (Magnum)<\/strong><\/p>\n<p style=\"text-align: center;\">\u00a0(D.O.Ca. Rioja) Hacienda Calavia, Crianza &#8211; Tempranillo 100%.<\/p>\n<p style=\"text-align: center;\">\u00a0Aguas minerales (con o sin gas).<\/p>\n<p style=\"text-align: center;\">\u00a0<strong>PRECIO POR PERSONA 65,00\u20ac <\/strong><\/p>\n<p style=\"text-align: center;\"><strong>10% IVA INCLUIDO<\/strong><\/p>\n<p style=\"text-align: center;\"><strong><\/strong><\/p>\n<p style=\"text-align: center;\"><strong>MEN\u00da II<\/strong><\/p>\n<p style=\"text-align: center;\"><strong>Para compartir<\/strong><\/p>\n<p style=\"text-align: center;\"><strong>(1 plato cada 4 personas)<\/strong><\/p>\n<p style=\"text-align: center;\">Jam\u00f3n ib\u00e9rico de montanera al corte.<\/p>\n<p style=\"text-align: center;\">Alcachofas frescas braseadas a la escama de sal (2 uds por persona)<\/p>\n<p style=\"text-align: center;\">Pulpo de pedrero a la brasa con Parmentier de patata al aceite de piment\u00f3n.<\/p>\n<p style=\"text-align: center;\">Lubina frita en adobo de lima, cilantro y cebolla roja encurtida.<\/p>\n<p style=\"text-align: center;\"><strong>\u00a0<\/strong><\/p>\n<p style=\"text-align: center;\"><strong>Segundo plato (a elegir una opci\u00f3n)<\/strong><\/p>\n<p style=\"text-align: center;\"><strong>(Para m\u00e1s de 50 pax, elegir por adelantado un \u00fanico plato para todo<\/strong> <strong>el grupo)<\/strong><\/p>\n<p style=\"text-align: center;\">Merluza de Burela con chutney de tomate y mahonesa de wasabi.<\/p>\n<p style=\"text-align: center;\">o<\/p>\n<p style=\"text-align: center;\">Corte de lomo bajo de vaca madurada 45 d\u00edas a la parrilla<\/p>\n<p style=\"text-align: center;\">con tomates confitados y patatas a las finas hierbas.<\/p>\n<p style=\"text-align: center;\"><strong>\u00a0<\/strong><\/p>\n<p style=\"text-align: center;\"><strong>El final m\u00e1s dulce<\/strong><\/p>\n<p style=\"text-align: center;\">Tarta de queso hecha en casa con caramelo Toffee.<\/p>\n<p style=\"text-align: center;\">Caf\u00e9 Ar\u00e1bica e infusiones naturales.<\/p>\n<p style=\"text-align: center;\">Dulces de la Casa.<\/p>\n<p style=\"text-align: center;\">\n<p style=\"text-align: center;\"><strong>Nuestra bodega<\/strong><\/p>\n<p style=\"text-align: center;\"><strong>(A elegir un vino blanco y un vino tinto)<\/strong><\/p>\n<p style=\"text-align: center;\"><strong>Vinos blancos (Magnum)<\/strong><\/p>\n<p style=\"text-align: center;\">(D.O. Rueda) Mantel Blanco &#8211; Verdejo 100%.<\/p>\n<p style=\"text-align: center;\">(D.O. Valdeorras) Montenovo &#8211; Godello 100%.<\/p>\n<p style=\"text-align: center;\"><strong>Vinos tintos (Magnum)<\/strong><\/p>\n<p style=\"text-align: center;\">(D.O.Ca. Rioja) Hacienda Calavia, Crianza &#8211; Tempranillo 100%.<\/p>\n<p style=\"text-align: center;\">\u00a0(D.O. Ribera de Duero) Vi\u00f1a Pedrosa &#8211; Tinto Fino 100%.<\/p>\n<p style=\"text-align: center;\">\u00a0Aguas minerales (con o sin gas).<\/p>\n<p style=\"text-align: center;\"><strong>\u00a0<\/strong><strong>PRECIO POR PERSONA 68,00\u20ac <\/strong><\/p>\n<p style=\"text-align: center;\"><strong>10% IVA INCLUIDO <\/strong><\/p>\n<p style=\"text-align: center;\"><strong>\u00a0<\/strong><\/p>\n<p style=\"text-align: center;\"><strong>MEN\u00da III<\/strong><\/p>\n<p style=\"text-align: center;\"><strong>\u00a0<\/strong><strong>Para compartir <\/strong><strong>(1 plato cada 4 personas)<\/strong><\/p>\n<p style=\"text-align: center;\">Jam\u00f3n de montanera cortado a cuchillo.<\/p>\n<p style=\"text-align: center;\">Gamba blanca de Isla Cristina hervida.<\/p>\n<p style=\"text-align: center;\">Aguacate fresco braseado con gamba roja en aderezo de soja y lima.<\/p>\n<p style=\"text-align: center;\">Rabas de calamar de potera fritos al momento con asadillo de pimientos.<\/p>\n<p style=\"text-align: center;\">\n<p style=\"text-align: center;\"><strong>Segundo plato (a elegir una opci\u00f3n)<\/strong><\/p>\n<p style=\"text-align: center;\"><strong>(Para m\u00e1s de 50 pax, elegir por adelantado un \u00fanico plato para todo<\/strong> <strong>el grupo)<\/strong><\/p>\n<p style=\"text-align: center;\">Rape del Cant\u00e1brico con velout\u00e9 de gamba alistada.<\/p>\n<p style=\"text-align: center;\">o<\/p>\n<p style=\"text-align: center;\">Taco de solomillo de vaca mayor a la parrilla con foie al Oporto.<\/p>\n<p style=\"text-align: center;\">\n<p style=\"text-align: center;\"><strong>El final m\u00e1s dulce<\/strong><\/p>\n<p style=\"text-align: center;\">Tiramis\u00fa con cremoso de Mascarpone.<\/p>\n<p style=\"text-align: center;\">Caf\u00e9 Ar\u00e1bica e infusiones naturales.<\/p>\n<p style=\"text-align: center;\">Dulces de la Casa.<\/p>\n<p style=\"text-align: center;\">\n<p style=\"text-align: center;\"><strong>Nuestra bodega<\/strong><\/p>\n<p style=\"text-align: center;\"><strong>(a elegir un vino blanco y un vino tinto)<\/strong><\/p>\n<p style=\"text-align: center;\"><strong>Vinos blancos (Magnum)<\/strong><\/p>\n<p style=\"text-align: center;\">(D.O. Rueda) Mantel Blanco &#8211; Verdejo 100%.<\/p>\n<p style=\"text-align: center;\">(D.O. Valdeorras) Montenovo &#8211; Godello 100%.<\/p>\n<p style=\"text-align: center;\">(D.O. R\u00edas Baixas) Mart\u00edn C\u00f3dax sobre L\u00edas &#8211; Albari\u00f1o 100%.<\/p>\n<p style=\"text-align: center;\"><strong>Vinos tintos (Magnum)<\/strong><\/p>\n<p style=\"text-align: center;\">(D.O.Ca. Rioja) Izadi Crianza &#8211; Tempranillo 100%.<\/p>\n<p style=\"text-align: center;\">\u00a0(D.O. Ribera de Duero) Vi\u00f1a Pedrosa &#8211; Tinto Fino 100%.<\/p>\n<p style=\"text-align: center;\">(D.O.Ca. Rioja) XR de Marqu\u00e9s de Riscal Reserva \u2013 Tempranillo 95%, Graciano 5%.<\/p>\n<p style=\"text-align: center;\">\u00a0Aguas minerales (con o sin gas).<\/p>\n<p style=\"text-align: center;\">\u00a0<strong>PRECIO POR PERSONA 72,00 \u20ac<\/strong><\/p>\n<p style=\"text-align: center;\"><strong>10% IVA INCLUIDO<\/strong><\/p>\n<p style=\"text-align: center;\"><strong>\u00a0<\/strong><\/p>\n<p style=\"text-align: center;\"><strong>MEN\u00da IV<\/strong><\/p>\n<p style=\"text-align: center;\"><strong>\u00a0<\/strong><strong>Para compartir <\/strong><strong>(1 plato cada 4 personas)<\/strong><\/p>\n<p style=\"text-align: center;\">Jam\u00f3n ib\u00e9rico de bellota cortado a cuchillo.<\/p>\n<p style=\"text-align: center;\">Gamba roja de J\u00e1vea a la parrilla.<\/p>\n<p style=\"text-align: center;\">Foie de pato mi-cuit hecho en casa con reducci\u00f3n de Oporto<\/p>\n<p style=\"text-align: center;\">Lomos de bonito de campa\u00f1a con tomate de temporada y cebolla dulce.<\/p>\n<p style=\"text-align: center;\"><strong>\u00a0<\/strong><\/p>\n<p style=\"text-align: center;\"><strong>Segundo plato (a elegir una opci\u00f3n)<\/strong><\/p>\n<p style=\"text-align: center;\"><strong>(Para m\u00e1s de 50 pax, elegir por adelantado un \u00fanico plato para todo<\/strong> <strong>el grupo)<\/strong><\/p>\n<p style=\"text-align: center;\">Lubina de estero a las finas hierbas con tomate compotado y calabaza braseada.<\/p>\n<p style=\"text-align: center;\">o<\/p>\n<p style=\"text-align: center;\">Tost\u00f3n de cochinillo asado en su jugo.<\/p>\n<p style=\"text-align: center;\">\n<p style=\"text-align: center;\"><strong>El final m\u00e1s dulce<\/strong><\/p>\n<p style=\"text-align: center;\">Souffl\u00e9 de chocolate Guanaja con crema helada de vainilla.<\/p>\n<p style=\"text-align: center;\">Caf\u00e9 Ar\u00e1bica e infusiones naturales.<\/p>\n<p style=\"text-align: center;\">Dulces de la Casa.<\/p>\n<p style=\"text-align: center;\">\n<p style=\"text-align: center;\"><strong>Nuestra bodega<\/strong><\/p>\n<p style=\"text-align: center;\"><strong>(a elegir un vino blanco y un vino tinto)<\/strong><\/p>\n<p style=\"text-align: center;\"><strong>Vinos blancos (Magnum)<\/strong><\/p>\n<p style=\"text-align: center;\">(D.O. Rueda) Mantel Blanco &#8211; Verdejo 100%.<\/p>\n<p style=\"text-align: center;\">(D.O. Valdeorras) Montenovo &#8211; Godello 100%.<\/p>\n<p style=\"text-align: center;\">(D.O. R\u00edas Baixas) Mart\u00edn C\u00f3dax sobre L\u00edas &#8211; Albari\u00f1o 100%.<\/p>\n<p style=\"text-align: center;\"><strong>Vinos tintos (Magnum)<\/strong><\/p>\n<p style=\"text-align: center;\">(D.O.Ca. Rioja) Izadi Crianza &#8211; Tempranillo 100%.<\/p>\n<p style=\"text-align: center;\">\u00a0(D.O. Ribera de Duero) Vi\u00f1a Pedrosa &#8211; Tinto Fino 100%.<\/p>\n<p style=\"text-align: center;\">(D.O.Ca. Rioja) XR de Marqu\u00e9s de Riscal Reserva &#8211; Tempranillo 95%, Graciano 5%.<\/p>\n<p style=\"text-align: center;\">\u00a0Aguas minerales (con o sin gas).<\/p>\n<p style=\"text-align: center;\">\u00a0<strong>PRECIO POR PERSONA 76,00\u20ac<\/strong><\/p>\n<p style=\"text-align: center;\"><strong>10% IVA INCLUIDO<\/strong><\/p>\n<p><strong><\/strong><\/p>\n<p style=\"text-align: left;\"><strong><em>Indicaciones: <\/em><\/strong><\/p>\n<ul>\n<li><em>Men\u00fas de grupo para <strong>10 pax. m\u00ednimo.<\/strong><\/em><\/li>\n<li><em>El men\u00fa incluye las bebidas desde el inicio de la comida\/cena (entrantes) hasta fin de la misma (postres).<\/em><\/li>\n<li><em>Las consumiciones que se tomen antes o despu\u00e9s se consideran extras y, por lo tanto, se abonar\u00edan aparte.<\/em><\/li>\n<li><em>Consulte las opciones de bienvenida con nuestro Departamento de Eventos.<\/em><\/li>\n<li><em>Si tiene alguna intolerancia alimentaria, h\u00e1ganoslo saber. Disponemos de informaci\u00f3n sobre al\u00e9rgenos.<\/em><\/li>\n<li><em>Los platos del men\u00fa son susceptibles de ser sustituidos por otros de iguales o mejores caracter\u00edsticas seg\u00fan necesidades del restaurante.<\/em><\/li>\n<\/ul>\n<p>[\/et_pb_toggle][et_pb_toggle title=\u00bbMEN\u00da ESPECIAL NOCHEVIEJA\u00bb open_toggle_background_color=\u00bb#f7f7f7&#8243; closed_toggle_background_color=\u00bb#f7f7f7&#8243; icon_color=\u00bb#9c4036&#8243; open_icon_color=\u00bb#9c4036&#8243; disabled_on=\u00bboff|off|off\u00bb admin_label=\u00bbCOCKTAILS GRUPO OTER\u00bb _builder_version=\u00bb4.27.4&#8243; title_font=\u00bbJosefin Sans||||||||\u00bb title_line_height=\u00bb1.4em\u00bb body_font=\u00bbJosefin Sans||||||||\u00bb body_font_size=\u00bb15px\u00bb body_line_height=\u00bb1.8em\u00bb vertical_offset_tablet=\u00bb0&#8243; horizontal_offset_tablet=\u00bb0&#8243; animation_style=\u00bbfade\u00bb title_text_shadow_horizontal_length_tablet=\u00bb0px\u00bb title_text_shadow_vertical_length_tablet=\u00bb0px\u00bb title_text_shadow_blur_strength_tablet=\u00bb1px\u00bb closed_title_text_shadow_horizontal_length_tablet=\u00bb0px\u00bb closed_title_text_shadow_vertical_length_tablet=\u00bb0px\u00bb closed_title_text_shadow_blur_strength_tablet=\u00bb1px\u00bb body_text_shadow_horizontal_length_tablet=\u00bb0px\u00bb body_text_shadow_vertical_length_tablet=\u00bb0px\u00bb body_text_shadow_blur_strength_tablet=\u00bb1px\u00bb body_link_text_shadow_horizontal_length_tablet=\u00bb0px\u00bb body_link_text_shadow_vertical_length_tablet=\u00bb0px\u00bb body_link_text_shadow_blur_strength_tablet=\u00bb1px\u00bb body_ul_text_shadow_horizontal_length_tablet=\u00bb0px\u00bb body_ul_text_shadow_vertical_length_tablet=\u00bb0px\u00bb body_ul_text_shadow_blur_strength_tablet=\u00bb1px\u00bb body_ol_text_shadow_horizontal_length_tablet=\u00bb0px\u00bb body_ol_text_shadow_vertical_length_tablet=\u00bb0px\u00bb body_ol_text_shadow_blur_strength_tablet=\u00bb1px\u00bb body_quote_text_shadow_horizontal_length_tablet=\u00bb0px\u00bb body_quote_text_shadow_vertical_length_tablet=\u00bb0px\u00bb body_quote_text_shadow_blur_strength_tablet=\u00bb1px\u00bb border_width_all=\u00bb0px\u00bb box_shadow_horizontal_tablet=\u00bb0px\u00bb box_shadow_vertical_tablet=\u00bb0px\u00bb box_shadow_blur_tablet=\u00bb40px\u00bb box_shadow_spread_tablet=\u00bb0px\u00bb text_shadow_horizontal_length_tablet=\u00bb0px\u00bb text_shadow_vertical_length_tablet=\u00bb0px\u00bb text_shadow_blur_strength_tablet=\u00bb1px\u00bb global_colors_info=\u00bb{}\u00bb]<\/p>\n<p><img decoding=\"async\" data-src=\"https:\/\/wp.grupo-oter.net\/cartas\/wp-content\/uploads\/sites\/40\/2025\/10\/Cena-Gala-Nochevieja-2025-26-Oter.jpg\" width=\"1192\" height=\"1684\" alt=\"\" class=\"wp-image-13900 alignnone size-full lazyload\" data-srcset=\"https:\/\/wp.grupo-oter.net\/cartas\/wp-content\/uploads\/sites\/40\/2025\/10\/Cena-Gala-Nochevieja-2025-26-Oter.jpg 1192w, https:\/\/wp.grupo-oter.net\/cartas\/wp-content\/uploads\/sites\/40\/2025\/10\/Cena-Gala-Nochevieja-2025-26-Oter-980x1384.jpg 980w, https:\/\/wp.grupo-oter.net\/cartas\/wp-content\/uploads\/sites\/40\/2025\/10\/Cena-Gala-Nochevieja-2025-26-Oter-480x678.jpg 480w\" data-sizes=\"(min-width: 0px) and (max-width: 480px) 480px, (min-width: 481px) and (max-width: 980px) 980px, (min-width: 981px) 1192px, 100vw\" src=\"data:image\/svg+xml;base64,PHN2ZyB3aWR0aD0iMSIgaGVpZ2h0PSIxIiB4bWxucz0iaHR0cDovL3d3dy53My5vcmcvMjAwMC9zdmciPjwvc3ZnPg==\" style=\"--smush-placeholder-width: 1192px; --smush-placeholder-aspect-ratio: 1192\/1684;\" \/><\/p>\n<p>[\/et_pb_toggle][\/et_pb_column_inner][\/et_pb_row_inner][\/et_pb_column][et_pb_column type=\u00bb1_3&#8243; _builder_version=\u00bb4.16&#8243; custom_padding=\u00bb|||\u00bb global_colors_info=\u00bb{}\u00bb custom_padding__hover=\u00bb|||\u00bb][\/et_pb_column][\/et_pb_section]<\/p>\n","protected":false},"excerpt":{"rendered":"<p>\u00a0 MEN\u00daS PARA GRUPOS (10% iva incluido) MEN\u00da I \u00a0Para compartir (1 plato cada 4 personas) Jam\u00f3n ib\u00e9rico de montanera al corte. Tomates de temporada ali\u00f1ados con piparras encurtidas. Croquetas caseras, diferentes cada d\u00eda (2 Uds. por persona). Gamba roja alistada al ajo-guindilla. Segundo plato (a elegir una opci\u00f3n) (Para m\u00e1s de 50 pax, elegir [&hellip;]<\/p>\n","protected":false},"author":2,"featured_media":0,"parent":0,"menu_order":0,"comment_status":"closed","ping_status":"closed","template":"page-template-blank.php","meta":{"_et_pb_use_builder":"on","_et_pb_old_content":"","_et_gb_content_width":"","footnotes":""},"class_list":["post-4806","page","type-page","status-publish","hentry"],"_links":{"self":[{"href":"https:\/\/wp.grupo-oter.net\/cartas\/wp-json\/wp\/v2\/pages\/4806","targetHints":{"allow":["GET"]}}],"collection":[{"href":"https:\/\/wp.grupo-oter.net\/cartas\/wp-json\/wp\/v2\/pages"}],"about":[{"href":"https:\/\/wp.grupo-oter.net\/cartas\/wp-json\/wp\/v2\/types\/page"}],"author":[{"embeddable":true,"href":"https:\/\/wp.grupo-oter.net\/cartas\/wp-json\/wp\/v2\/users\/2"}],"replies":[{"embeddable":true,"href":"https:\/\/wp.grupo-oter.net\/cartas\/wp-json\/wp\/v2\/comments?post=4806"}],"version-history":[{"count":28,"href":"https:\/\/wp.grupo-oter.net\/cartas\/wp-json\/wp\/v2\/pages\/4806\/revisions"}],"predecessor-version":[{"id":13994,"href":"https:\/\/wp.grupo-oter.net\/cartas\/wp-json\/wp\/v2\/pages\/4806\/revisions\/13994"}],"wp:attachment":[{"href":"https:\/\/wp.grupo-oter.net\/cartas\/wp-json\/wp\/v2\/media?parent=4806"}],"curies":[{"name":"wp","href":"https:\/\/api.w.org\/{rel}","templated":true}]}}