{"id":4799,"date":"2020-11-25T15:29:09","date_gmt":"2020-11-25T15:29:09","guid":{"rendered":"https:\/\/wp.grupo-oter.net\/cartas\/?page_id=4799"},"modified":"2025-10-30T10:24:13","modified_gmt":"2025-10-30T10:24:13","slug":"menus-nuevo-gerardo","status":"publish","type":"page","link":"https:\/\/wp.grupo-oter.net\/cartas\/menus-nuevo-gerardo\/","title":{"rendered":"Men\u00fas Nuevo Gerardo"},"content":{"rendered":"<p>[et_pb_section fb_built=\u00bb1&#8243; specialty=\u00bbon\u00bb custom_padding_last_edited=\u00bbon|phone\u00bb admin_label=\u00bbTestimonials\u00bb _builder_version=\u00bb4.16&#8243; vertical_offset_tablet=\u00bb0&#8243; horizontal_offset_tablet=\u00bb0&#8243; custom_padding=\u00bb||150px|\u00bb custom_padding_tablet=\u00bb|||\u00bb custom_padding_phone=\u00bb||||false|false\u00bb bottom_divider_style=\u00bbslant2&#8243; bottom_divider_color=\u00bb#0d5a9a\u00bb bottom_divider_height=\u00bb160px\u00bb bottom_divider_flip=\u00bbvertical\u00bb bottom_divider_height_tablet=\u00bb\u00bb bottom_divider_height_phone=\u00bb90px\u00bb bottom_divider_height_last_edited=\u00bbon|tablet\u00bb z_index_tablet=\u00bb0&#8243; box_shadow_horizontal_tablet=\u00bb0px\u00bb box_shadow_vertical_tablet=\u00bb0px\u00bb box_shadow_blur_tablet=\u00bb40px\u00bb box_shadow_spread_tablet=\u00bb0px\u00bb global_colors_info=\u00bb{}\u00bb][et_pb_column type=\u00bb2_3&#8243; specialty_columns=\u00bb2&#8243; _builder_version=\u00bb4.16&#8243; custom_padding=\u00bb|||\u00bb global_colors_info=\u00bb{}\u00bb custom_padding__hover=\u00bb|||\u00bb][et_pb_row_inner column_structure=\u00bbundefined\u00bb _builder_version=\u00bb4.16&#8243; global_colors_info=\u00bb{}\u00bb][et_pb_column_inner type=\u00bbundefined\u00bb saved_specialty_column_type=\u00bb2_3&#8243; _builder_version=\u00bb4.16&#8243; custom_padding=\u00bb|||\u00bb global_colors_info=\u00bb{}\u00bb custom_padding__hover=\u00bb|||\u00bb][et_pb_text _builder_version=\u00bb4.16&#8243; text_font=\u00bbJosefin Sans||||||||\u00bb vertical_offset_tablet=\u00bb0&#8243; horizontal_offset_tablet=\u00bb0&#8243; z_index_tablet=\u00bb0&#8243; text_text_shadow_horizontal_length_tablet=\u00bb0px\u00bb text_text_shadow_vertical_length_tablet=\u00bb0px\u00bb text_text_shadow_blur_strength_tablet=\u00bb1px\u00bb link_text_shadow_horizontal_length_tablet=\u00bb0px\u00bb link_text_shadow_vertical_length_tablet=\u00bb0px\u00bb link_text_shadow_blur_strength_tablet=\u00bb1px\u00bb ul_text_shadow_horizontal_length_tablet=\u00bb0px\u00bb ul_text_shadow_vertical_length_tablet=\u00bb0px\u00bb ul_text_shadow_blur_strength_tablet=\u00bb1px\u00bb ol_text_shadow_horizontal_length_tablet=\u00bb0px\u00bb ol_text_shadow_vertical_length_tablet=\u00bb0px\u00bb ol_text_shadow_blur_strength_tablet=\u00bb1px\u00bb quote_text_shadow_horizontal_length_tablet=\u00bb0px\u00bb quote_text_shadow_vertical_length_tablet=\u00bb0px\u00bb quote_text_shadow_blur_strength_tablet=\u00bb1px\u00bb header_text_shadow_horizontal_length_tablet=\u00bb0px\u00bb header_text_shadow_vertical_length_tablet=\u00bb0px\u00bb header_text_shadow_blur_strength_tablet=\u00bb1px\u00bb header_2_text_shadow_horizontal_length_tablet=\u00bb0px\u00bb header_2_text_shadow_vertical_length_tablet=\u00bb0px\u00bb header_2_text_shadow_blur_strength_tablet=\u00bb1px\u00bb header_3_text_shadow_horizontal_length_tablet=\u00bb0px\u00bb header_3_text_shadow_vertical_length_tablet=\u00bb0px\u00bb header_3_text_shadow_blur_strength_tablet=\u00bb1px\u00bb header_4_text_shadow_horizontal_length_tablet=\u00bb0px\u00bb header_4_text_shadow_vertical_length_tablet=\u00bb0px\u00bb header_4_text_shadow_blur_strength_tablet=\u00bb1px\u00bb header_5_text_shadow_horizontal_length_tablet=\u00bb0px\u00bb header_5_text_shadow_vertical_length_tablet=\u00bb0px\u00bb header_5_text_shadow_blur_strength_tablet=\u00bb1px\u00bb header_6_text_shadow_horizontal_length_tablet=\u00bb0px\u00bb header_6_text_shadow_vertical_length_tablet=\u00bb0px\u00bb header_6_text_shadow_blur_strength_tablet=\u00bb1px\u00bb box_shadow_horizontal_tablet=\u00bb0px\u00bb box_shadow_vertical_tablet=\u00bb0px\u00bb box_shadow_blur_tablet=\u00bb40px\u00bb box_shadow_spread_tablet=\u00bb0px\u00bb global_colors_info=\u00bb{}\u00bb]<\/p>\n<p><img decoding=\"async\" class=\"wp-image-780 aligncenter lazyload\" data-src=\"https:\/\/wp.grupo-oter.net\/cartas\/wp-content\/uploads\/sites\/40\/2020\/06\/Logo-PNG-Nuevo-Gerardo.png\" alt=\"\" width=\"125\" height=\"120\" src=\"data:image\/svg+xml;base64,PHN2ZyB3aWR0aD0iMSIgaGVpZ2h0PSIxIiB4bWxucz0iaHR0cDovL3d3dy53My5vcmcvMjAwMC9zdmciPjwvc3ZnPg==\" style=\"--smush-placeholder-width: 125px; --smush-placeholder-aspect-ratio: 125\/120;\" \/><\/p>\n<h2>\u00a0<\/h2>\n<h2 style=\"text-align: center;\"><span style=\"color: #0d5a9a;\"><strong>MEN\u00daS PARA GRUPO<\/strong><\/span><\/h2>\n<h4 style=\"text-align: center;\"><span style=\"color: #0d5a9a;\"><strong>(10% iva incluido)<\/strong><\/span><\/h4>\n<p>[\/et_pb_text][et_pb_toggle title=\u00bbMEN\u00daS DE GRUPOS  (Validez JUNIO 2026)\u00bb open_toggle_background_color=\u00bb#f7f7f7&#8243; closed_toggle_background_color=\u00bb#f7f7f7&#8243; icon_color=\u00bb#0d5a9a\u00bb open_icon_color=\u00bb#0d5a9a\u00bb admin_label=\u00bbAPERITIVOS\u00bb _builder_version=\u00bb4.27.4&#8243; title_font=\u00bbJosefin Sans||||||||\u00bb title_line_height=\u00bb1.4em\u00bb body_font=\u00bbJosefin Sans||||||||\u00bb body_font_size=\u00bb15px\u00bb body_line_height=\u00bb1.8em\u00bb vertical_offset_tablet=\u00bb0&#8243; horizontal_offset_tablet=\u00bb0&#8243; animation_style=\u00bbfade\u00bb title_text_shadow_horizontal_length_tablet=\u00bb0px\u00bb title_text_shadow_vertical_length_tablet=\u00bb0px\u00bb title_text_shadow_blur_strength_tablet=\u00bb1px\u00bb closed_title_text_shadow_horizontal_length_tablet=\u00bb0px\u00bb closed_title_text_shadow_vertical_length_tablet=\u00bb0px\u00bb closed_title_text_shadow_blur_strength_tablet=\u00bb1px\u00bb body_text_shadow_horizontal_length_tablet=\u00bb0px\u00bb body_text_shadow_vertical_length_tablet=\u00bb0px\u00bb body_text_shadow_blur_strength_tablet=\u00bb1px\u00bb body_link_text_shadow_horizontal_length_tablet=\u00bb0px\u00bb body_link_text_shadow_vertical_length_tablet=\u00bb0px\u00bb body_link_text_shadow_blur_strength_tablet=\u00bb1px\u00bb body_ul_text_shadow_horizontal_length_tablet=\u00bb0px\u00bb body_ul_text_shadow_vertical_length_tablet=\u00bb0px\u00bb body_ul_text_shadow_blur_strength_tablet=\u00bb1px\u00bb body_ol_text_shadow_horizontal_length_tablet=\u00bb0px\u00bb body_ol_text_shadow_vertical_length_tablet=\u00bb0px\u00bb body_ol_text_shadow_blur_strength_tablet=\u00bb1px\u00bb body_quote_text_shadow_horizontal_length_tablet=\u00bb0px\u00bb body_quote_text_shadow_vertical_length_tablet=\u00bb0px\u00bb body_quote_text_shadow_blur_strength_tablet=\u00bb1px\u00bb border_width_all=\u00bb0px\u00bb box_shadow_horizontal_tablet=\u00bb0px\u00bb box_shadow_vertical_tablet=\u00bb0px\u00bb box_shadow_blur_tablet=\u00bb40px\u00bb box_shadow_spread_tablet=\u00bb0px\u00bb text_shadow_horizontal_length_tablet=\u00bb0px\u00bb text_shadow_vertical_length_tablet=\u00bb0px\u00bb text_shadow_blur_strength_tablet=\u00bb1px\u00bb global_colors_info=\u00bb{}\u00bb]<\/p>\n<p style=\"text-align: center;\"><strong>MEN\u00da\u00a0\u00a0 I<\/strong><\/p>\n<p style=\"text-align: center;\"><strong>\u00a0<\/strong><strong>Primeros platos para compartir<\/strong><\/p>\n<p style=\"text-align: center;\"><strong>(1 plato cada 4 personas)<\/strong><\/p>\n<p style=\"text-align: center;\">Jam\u00f3n ib\u00e9rico de montanera al corte.<\/p>\n<p style=\"text-align: center;\">Tomate de la Huerta de Madrid con piparras encurtidas.<\/p>\n<p style=\"text-align: center;\">Ensaladilla rusa tradicional con bonito de campa\u00f1a.<\/p>\n<p style=\"text-align: center;\">Croquetas caseras del ib\u00e9rico (2 Uds. por persona).<\/p>\n<p style=\"text-align: center;\">\n<p style=\"text-align: center;\"><strong>Segundo plato (a elegir una opci\u00f3n)<\/strong><\/p>\n<p style=\"text-align: center;\"><strong>(Para m\u00e1s de 50 pax, elegir por adelantado un \u00fanico plato para todo<\/strong> <strong>el grupo)<\/strong><\/p>\n<p style=\"text-align: center;\">Arroz Marinero limpio con pescado de roca.<\/p>\n<p style=\"text-align: center;\">o<\/p>\n<p style=\"text-align: center;\">Rape de tripa negra al ajo dorado con patatas finas hierbas.<\/p>\n<p style=\"text-align: center;\">o<\/p>\n<p style=\"text-align: center;\">Corte de lomo bajo de vaca madura en su jugo con setas de temporada<\/p>\n<p style=\"text-align: center;\">y patata r\u00fastica.<\/p>\n<p style=\"text-align: center;\">\n<p style=\"text-align: center;\"><strong>El final m\u00e1s dulce<\/strong><\/p>\n<p style=\"text-align: center;\">Tarta de queso cremosa con caramelo Toffee.<\/p>\n<p style=\"text-align: center;\">Caf\u00e9 Ar\u00e1bica e infusiones naturales.<\/p>\n<p style=\"text-align: center;\">Dulces de la Casa.<\/p>\n<p style=\"text-align: center;\">(El pan y los postres se elaboran en nuestro obrador).<\/p>\n<p style=\"text-align: center;\">\n<p style=\"text-align: center;\"><strong>Nuestra bodega<\/strong><\/p>\n<p style=\"text-align: center;\"><strong>Vino blanco (Magnum)<\/strong><\/p>\n<p style=\"text-align: center;\">(D.O. Rueda) Guardavi\u00f1as &#8211; Verdejo 100%.<\/p>\n<p style=\"text-align: center;\"><strong>Vino tinto (Magnum)<\/strong><\/p>\n<p style=\"text-align: center;\">(D.O.Ca. Rioja) Hacienda Calavia Crianza &#8211; Tempranillo 100%.<\/p>\n<p style=\"text-align: center;\">Aguas minerales (con o sin gas).<\/p>\n<p style=\"text-align: center;\">\n<p style=\"text-align: center;\">\u00a0<strong>PRECIO POR PERSONA 65,00\u20ac <\/strong><\/p>\n<p style=\"text-align: center;\"><strong>\u00a010% IVA INCLUIDO<\/strong><\/p>\n<p style=\"text-align: center;\"><strong><\/strong><\/p>\n<p style=\"text-align: center;\"><strong>MEN\u00da\u00a0\u00a0 II<\/strong><\/p>\n<p style=\"text-align: center;\"><strong>\u00a0<\/strong><strong>Primeros platos para compartir<\/strong><\/p>\n<p style=\"text-align: center;\"><strong>(1 plato cada 4 personas)<\/strong><\/p>\n<p style=\"text-align: center;\">Jam\u00f3n ib\u00e9rico de bellota cortado a cuchillo.<\/p>\n<p style=\"text-align: center;\">Bienmesabe en adobo con asadillo de pimientos.<\/p>\n<p style=\"text-align: center;\">Alcachofas frescas braseadas con cristal de sal (2 Uds por persona).<\/p>\n<p style=\"text-align: center;\">Pulpo de pedrero con sus cachelos al aceite de piment\u00f3n de La Vera.<\/p>\n<p style=\"text-align: center;\">\n<p style=\"text-align: center;\"><strong>Segundo plato (a elegir una opci\u00f3n)<\/strong><\/p>\n<p style=\"text-align: center;\"><strong>(Para m\u00e1s de 50 pax, elegir por adelantado un \u00fanico plato para todo<\/strong> <strong>el grupo)<\/strong><\/p>\n<p style=\"text-align: center;\">Arroz con verduritas y chipirones de Costa.<\/p>\n<p style=\"text-align: center;\">o<\/p>\n<p style=\"text-align: center;\">Merluza de pincho a la Bilba\u00edna suave.<\/p>\n<p style=\"text-align: center;\">o<\/p>\n<p style=\"text-align: center;\">Entrecot de vacuno mayor con pimientos \u00a0de Lodosa confitados.<\/p>\n<p style=\"text-align: center;\"><strong>\u00a0<\/strong><\/p>\n<p style=\"text-align: center;\"><strong>El final m\u00e1s dulce<\/strong><\/p>\n<p style=\"text-align: center;\">Tocinillo de cielo al P.X. con crema helada de vainilla.<\/p>\n<p style=\"text-align: center;\">Caf\u00e9 Ar\u00e1bica e infusiones naturales.<\/p>\n<p style=\"text-align: center;\">Dulces de la Casa.<\/p>\n<p style=\"text-align: center;\">(El pan y los postres se elaboran en nuestro obrador).<\/p>\n<p style=\"text-align: center;\"><strong>\u00a0<\/strong><\/p>\n<p style=\"text-align: center;\"><strong>Nuestra bodega<\/strong><\/p>\n<p style=\"text-align: center;\"><strong>(A elegir un vino blanco y un vino tinto)<\/strong><\/p>\n<p style=\"text-align: center;\"><strong>Vinos blancos (Magnum)<\/strong><\/p>\n<p style=\"text-align: center;\">(D.O. Rueda) Mantel Blanco &#8211; Verdejo 100%.<\/p>\n<p style=\"text-align: center;\">(D.O. Valdeorras) Montenovo &#8211; Godello 100%.<\/p>\n<p style=\"text-align: center;\"><strong>Vinos tintos (Magnum)<\/strong><\/p>\n<p style=\"text-align: center;\">(D.O.Ca. Rioja) Hacienda Calavia, Crianza &#8211; Tempranillo 100%.<\/p>\n<p style=\"text-align: center;\">\u00a0(D.O. Ribera de Duero) Vi\u00f1a Pedrosa &#8211; Tinto Fino 100%.<\/p>\n<p style=\"text-align: center;\">\u00a0Aguas minerales (con o sin gas).<\/p>\n<p style=\"text-align: center;\"><strong>\u00a0<\/strong><\/p>\n<p style=\"text-align: center;\"><strong>PRECIO POR PERSONA\u00a0 68,00\u20ac<\/strong><\/p>\n<p style=\"text-align: center;\"><strong>10% IVA INCLUIDO<\/strong><\/p>\n<p style=\"text-align: center;\"><strong>\u00a0<\/strong><\/p>\n<p style=\"text-align: center;\"><strong>MEN\u00da\u00a0\u00a0 III<\/strong><\/p>\n<p style=\"text-align: center;\"><strong>\u00a0<\/strong><strong>Primeros platos para compartir<\/strong><\/p>\n<p style=\"text-align: center;\"><strong>(1 plato cada 4 personas)<\/strong><\/p>\n<p style=\"text-align: center;\">Jam\u00f3n ib\u00e9rico de montanera cortado a cuchillo.<\/p>\n<p style=\"text-align: center;\">Gamba blanca de Huelva cocida o plancha.<\/p>\n<p style=\"text-align: center;\">Tomates seleccionados, bonito del Norte y cebolleta dulce.<\/p>\n<p style=\"text-align: center;\">Pulpo a la brasa con Alioli suave.<\/p>\n<p style=\"text-align: center;\">\n<p style=\"text-align: center;\"><strong>Segundo plato (a elegir una opci\u00f3n)<\/strong><\/p>\n<p style=\"text-align: center;\"><strong>(Para m\u00e1s de 50 pax, elegir por adelantado un \u00fanico plato para todo<\/strong> <strong>el grupo)<\/strong><\/p>\n<p style=\"text-align: center;\">\n<p style=\"text-align: center;\">Arroz seco \u00a0con rape y gamba alistada.<\/p>\n<p style=\"text-align: center;\">o<\/p>\n<p style=\"text-align: center;\">Lubina de estero, estilo Orio con patatas al confit.<\/p>\n<p style=\"text-align: center;\">o<\/p>\n<p style=\"text-align: center;\">Solomillo de vaca madura a la mostaza antigua.<\/p>\n<p style=\"text-align: center;\">\n<p style=\"text-align: center;\"><strong>El final m\u00e1s dulce<\/strong><\/p>\n<p style=\"text-align: center;\">Coulant de chocolate negro y crema helada de vainilla.<\/p>\n<p style=\"text-align: center;\">Caf\u00e9 Ar\u00e1bica e infusiones naturales.<\/p>\n<p style=\"text-align: center;\">Dulces de la Casa.<\/p>\n<p style=\"text-align: center;\">(El pan y los postres se elaboran en nuestro obrador).<\/p>\n<p style=\"text-align: center;\">\n<p style=\"text-align: center;\"><strong>Nuestra bodega<\/strong><\/p>\n<p style=\"text-align: center;\"><strong>(a elegir un vino blanco y un vino tinto)<\/strong><\/p>\n<p style=\"text-align: center;\"><strong>Vinos blancos (Magnum)<\/strong><\/p>\n<p style=\"text-align: center;\">(D.O. Rueda) Mantel Blanco &#8211; Verdejo 100%.<\/p>\n<p style=\"text-align: center;\">(D.O. Valdeorras) Montenovo &#8211; Godello 100%.<\/p>\n<p style=\"text-align: center;\">(D.O. R\u00edas Baixas) Mart\u00edn C\u00f3dax sobre L\u00edas &#8211; Albari\u00f1o 100%.<\/p>\n<p style=\"text-align: center;\"><strong>Vinos tintos (Magnum)<\/strong><\/p>\n<p style=\"text-align: center;\">(D.O.Ca. Rioja) Izadi Crianza &#8211; Tempranillo 100%.<\/p>\n<p style=\"text-align: center;\">\u00a0(D.O. Ribera de Duero) Vi\u00f1a Pedrosa &#8211; Tinto Fino 100%.<\/p>\n<p style=\"text-align: center;\">(D.O.Ca. Rioja) XR de Marqu\u00e9s de Riscal Reserva \u2013 Tempranillo 95%, Graciano 5%.<\/p>\n<p style=\"text-align: center;\">\u00a0Aguas minerales (con o sin gas).<\/p>\n<p style=\"text-align: center;\"><strong>\u00a0<\/strong><\/p>\n<p style=\"text-align: center;\"><strong>\u00a0<\/strong><strong>PRECIO POR PERSONA\u00a0 72,00\u20ac<\/strong><\/p>\n<p style=\"text-align: center;\"><strong>10% IVA INCLUIDO<\/strong><\/p>\n<p style=\"text-align: center;\"><strong><\/strong><\/p>\n<p style=\"text-align: center;\"><strong>MEN\u00da\u00a0\u00a0 IV<\/strong><\/p>\n<p style=\"text-align: center;\"><strong>\u00a0<\/strong><strong>Primeros platos para compartir<\/strong><\/p>\n<p style=\"text-align: center;\"><strong>(1 plato cada 4 personas)<\/strong><\/p>\n<p style=\"text-align: center;\">Jam\u00f3n ib\u00e9rico de bellota cortado a cuchillo.<\/p>\n<p style=\"text-align: center;\">Gambas rojas de Denia a la plancha.<\/p>\n<p style=\"text-align: center;\">Almejas salvajes de la R\u00eda de Arosa a la sart\u00e9n.<\/p>\n<p style=\"text-align: center;\">Bocaditos de merluza de pincho con mahonesa de lima.<\/p>\n<p style=\"text-align: center;\">\n<p style=\"text-align: center;\"><strong>Segundo plato (a elegir una opci\u00f3n)<\/strong><\/p>\n<p style=\"text-align: center;\"><strong>(Para m\u00e1s de 50 pax, elegir por adelantado un \u00fanico plato para todo<\/strong> <strong>el grupo)<\/strong><\/p>\n<p style=\"text-align: center;\">Arroz con carabineros de Isla Cristina.<\/p>\n<p style=\"text-align: center;\">o<\/p>\n<p style=\"text-align: center;\">Rodaballo estilo Guetaria con verduritas torneadas.<\/p>\n<p style=\"text-align: center;\">o<\/p>\n<p style=\"text-align: center;\">Tourned\u00f3 de vacuno mayor en jugo trufado y foie de pato.<\/p>\n<p style=\"text-align: center;\">\n<p style=\"text-align: center;\"><strong>El final m\u00e1s dulce<\/strong><\/p>\n<p style=\"text-align: center;\">Hojaldre de manzana con crema helada de vainilla.<\/p>\n<p style=\"text-align: center;\">Caf\u00e9 Ar\u00e1bica e infusiones naturales.<\/p>\n<p style=\"text-align: center;\">Dulces de la Casa.<\/p>\n<p style=\"text-align: center;\">(El pan y los postres se elaboran en nuestro obrador).<\/p>\n<p style=\"text-align: center;\"><strong>\u00a0<\/strong><\/p>\n<p style=\"text-align: center;\"><strong>Nuestra bodega<\/strong><\/p>\n<p style=\"text-align: center;\"><strong>(a elegir un vino blanco y un vino tinto)<\/strong><\/p>\n<p style=\"text-align: center;\"><strong>Vinos blancos (Magnum)<\/strong><\/p>\n<p style=\"text-align: center;\">(D.O. Rueda) Mantel Blanco &#8211; Verdejo 100%.<\/p>\n<p style=\"text-align: center;\">(D.O. Valdeorras) Montenovo &#8211; Godello 100%.<\/p>\n<p style=\"text-align: center;\">(D.O. R\u00edas Baixas) Mart\u00edn C\u00f3dax sobre L\u00edas &#8211; Albari\u00f1o 100%.<\/p>\n<p style=\"text-align: center;\"><strong>Vinos tintos (Magnum)<\/strong><\/p>\n<p style=\"text-align: center;\">(D.O.Ca. Rioja) Izadi Crianza &#8211; Tempranillo 100%.<\/p>\n<p style=\"text-align: center;\">\u00a0(D.O. Ribera de Duero) Vi\u00f1a Pedrosa &#8211; Tinto Fino 100%.<\/p>\n<p style=\"text-align: center;\">(D.O.Ca. Rioja) XR de Marqu\u00e9s de Riscal Reserva \u2013 Tempranillo 95%, Graciano 5%.<\/p>\n<p style=\"text-align: center;\">\u00a0Aguas minerales (con o sin gas).<\/p>\n<p style=\"text-align: center;\"><strong>\u00a0<\/strong><\/p>\n<p style=\"text-align: center;\"><strong>\u00a0<\/strong><strong>PRECIO POR PERSONA\u00a0 76,00\u20ac<\/strong><\/p>\n<p style=\"text-align: center;\"><strong>(10% IVA INCLUIDO)<\/strong><\/p>\n<p style=\"text-align: center;\"><strong><\/strong><\/p>\n<p style=\"text-align: left;\"><strong><em>Indicaciones: <\/em><\/strong><\/p>\n<ul>\n<li><em>Men\u00fas de grupo para <strong>10 pax. m\u00ednimo.<\/strong><\/em><\/li>\n<li><em>El men\u00fa incluye las bebidas desde el inicio de la comida\/cena (entrantes) hasta fin de la misma (postres).<\/em><\/li>\n<li><em>Las consumiciones que se tomen antes o despu\u00e9s se consideran extras y, por lo tanto, se abonar\u00edan aparte.<\/em><\/li>\n<li><em>Consulte las opciones de bienvenida con nuestro Departamento de Eventos.<\/em><\/li>\n<li><em>Si tiene alguna intolerancia alimentaria, h\u00e1ganoslo saber. Disponemos de informaci\u00f3n sobre al\u00e9rgenos.<\/em><\/li>\n<li><em>Los platos del men\u00fa son susceptibles de ser sustituidos por otros de iguales o mejores caracter\u00edsticas seg\u00fan necesidades del restaurante.<\/em><\/li>\n<\/ul>\n<p>[\/et_pb_toggle][et_pb_toggle title=\u00bbMEN\u00da ESPECIAL NOCHEVIEJA\u00bb open_toggle_background_color=\u00bb#f7f7f7&#8243; closed_toggle_background_color=\u00bb#f7f7f7&#8243; icon_color=\u00bb#0d5a9a\u00bb open_icon_color=\u00bb#0d5a9a\u00bb disabled_on=\u00bboff|off|off\u00bb admin_label=\u00bbCOCKTAILS GRUPO OTER\u00bb _builder_version=\u00bb4.27.4&#8243; title_font=\u00bbJosefin Sans||||||||\u00bb title_line_height=\u00bb1.4em\u00bb body_font=\u00bbJosefin Sans||||||||\u00bb body_font_size=\u00bb15px\u00bb body_line_height=\u00bb1.8em\u00bb vertical_offset_tablet=\u00bb0&#8243; horizontal_offset_tablet=\u00bb0&#8243; animation_style=\u00bbfade\u00bb hover_enabled=\u00bb0&#8243; title_text_shadow_horizontal_length_tablet=\u00bb0px\u00bb title_text_shadow_vertical_length_tablet=\u00bb0px\u00bb title_text_shadow_blur_strength_tablet=\u00bb1px\u00bb closed_title_text_shadow_horizontal_length_tablet=\u00bb0px\u00bb closed_title_text_shadow_vertical_length_tablet=\u00bb0px\u00bb closed_title_text_shadow_blur_strength_tablet=\u00bb1px\u00bb body_text_shadow_horizontal_length_tablet=\u00bb0px\u00bb body_text_shadow_vertical_length_tablet=\u00bb0px\u00bb body_text_shadow_blur_strength_tablet=\u00bb1px\u00bb body_link_text_shadow_horizontal_length_tablet=\u00bb0px\u00bb body_link_text_shadow_vertical_length_tablet=\u00bb0px\u00bb body_link_text_shadow_blur_strength_tablet=\u00bb1px\u00bb body_ul_text_shadow_horizontal_length_tablet=\u00bb0px\u00bb body_ul_text_shadow_vertical_length_tablet=\u00bb0px\u00bb body_ul_text_shadow_blur_strength_tablet=\u00bb1px\u00bb body_ol_text_shadow_horizontal_length_tablet=\u00bb0px\u00bb body_ol_text_shadow_vertical_length_tablet=\u00bb0px\u00bb body_ol_text_shadow_blur_strength_tablet=\u00bb1px\u00bb body_quote_text_shadow_horizontal_length_tablet=\u00bb0px\u00bb body_quote_text_shadow_vertical_length_tablet=\u00bb0px\u00bb body_quote_text_shadow_blur_strength_tablet=\u00bb1px\u00bb border_width_all=\u00bb0px\u00bb box_shadow_horizontal_tablet=\u00bb0px\u00bb box_shadow_vertical_tablet=\u00bb0px\u00bb box_shadow_blur_tablet=\u00bb40px\u00bb box_shadow_spread_tablet=\u00bb0px\u00bb text_shadow_horizontal_length_tablet=\u00bb0px\u00bb text_shadow_vertical_length_tablet=\u00bb0px\u00bb text_shadow_blur_strength_tablet=\u00bb1px\u00bb global_colors_info=\u00bb{}\u00bb sticky_enabled=\u00bb0&#8243;]<\/p>\n<p><img decoding=\"async\" data-src=\"https:\/\/wp.grupo-oter.net\/cartas\/wp-content\/uploads\/sites\/40\/2025\/10\/Cena-Gala-Nochevieja-2025-26-Gerardo-AlbAlc.jpg\" width=\"1190\" height=\"1683\" alt=\"\" class=\"wp-image-13895 alignnone size-full lazyload\" data-srcset=\"https:\/\/wp.grupo-oter.net\/cartas\/wp-content\/uploads\/sites\/40\/2025\/10\/Cena-Gala-Nochevieja-2025-26-Gerardo-AlbAlc.jpg 1190w, https:\/\/wp.grupo-oter.net\/cartas\/wp-content\/uploads\/sites\/40\/2025\/10\/Cena-Gala-Nochevieja-2025-26-Gerardo-AlbAlc-980x1386.jpg 980w, https:\/\/wp.grupo-oter.net\/cartas\/wp-content\/uploads\/sites\/40\/2025\/10\/Cena-Gala-Nochevieja-2025-26-Gerardo-AlbAlc-480x679.jpg 480w\" data-sizes=\"(min-width: 0px) and (max-width: 480px) 480px, (min-width: 481px) and (max-width: 980px) 980px, (min-width: 981px) 1190px, 100vw\" src=\"data:image\/svg+xml;base64,PHN2ZyB3aWR0aD0iMSIgaGVpZ2h0PSIxIiB4bWxucz0iaHR0cDovL3d3dy53My5vcmcvMjAwMC9zdmciPjwvc3ZnPg==\" style=\"--smush-placeholder-width: 1190px; --smush-placeholder-aspect-ratio: 1190\/1683;\" \/><\/p>\n<p>[\/et_pb_toggle][\/et_pb_column_inner][\/et_pb_row_inner][\/et_pb_column][et_pb_column type=\u00bb1_3&#8243; _builder_version=\u00bb4.16&#8243; custom_padding=\u00bb|||\u00bb global_colors_info=\u00bb{}\u00bb custom_padding__hover=\u00bb|||\u00bb][\/et_pb_column][\/et_pb_section]<\/p>\n","protected":false},"excerpt":{"rendered":"<p>\u00a0 MEN\u00daS PARA GRUPO (10% iva incluido) MEN\u00da\u00a0\u00a0 I \u00a0Primeros platos para compartir (1 plato cada 4 personas) Jam\u00f3n ib\u00e9rico de montanera al corte. Tomate de la Huerta de Madrid con piparras encurtidas. Ensaladilla rusa tradicional con bonito de campa\u00f1a. Croquetas caseras del ib\u00e9rico (2 Uds. por persona). Segundo plato (a elegir una opci\u00f3n) (Para [&hellip;]<\/p>\n","protected":false},"author":2,"featured_media":0,"parent":0,"menu_order":0,"comment_status":"closed","ping_status":"closed","template":"page-template-blank.php","meta":{"_et_pb_use_builder":"on","_et_pb_old_content":"","_et_gb_content_width":"","footnotes":""},"class_list":["post-4799","page","type-page","status-publish","hentry"],"_links":{"self":[{"href":"https:\/\/wp.grupo-oter.net\/cartas\/wp-json\/wp\/v2\/pages\/4799","targetHints":{"allow":["GET"]}}],"collection":[{"href":"https:\/\/wp.grupo-oter.net\/cartas\/wp-json\/wp\/v2\/pages"}],"about":[{"href":"https:\/\/wp.grupo-oter.net\/cartas\/wp-json\/wp\/v2\/types\/page"}],"author":[{"embeddable":true,"href":"https:\/\/wp.grupo-oter.net\/cartas\/wp-json\/wp\/v2\/users\/2"}],"replies":[{"embeddable":true,"href":"https:\/\/wp.grupo-oter.net\/cartas\/wp-json\/wp\/v2\/comments?post=4799"}],"version-history":[{"count":28,"href":"https:\/\/wp.grupo-oter.net\/cartas\/wp-json\/wp\/v2\/pages\/4799\/revisions"}],"predecessor-version":[{"id":13927,"href":"https:\/\/wp.grupo-oter.net\/cartas\/wp-json\/wp\/v2\/pages\/4799\/revisions\/13927"}],"wp:attachment":[{"href":"https:\/\/wp.grupo-oter.net\/cartas\/wp-json\/wp\/v2\/media?parent=4799"}],"curies":[{"name":"wp","href":"https:\/\/api.w.org\/{rel}","templated":true}]}}