{"id":4782,"date":"2020-11-25T15:22:37","date_gmt":"2020-11-25T15:22:37","guid":{"rendered":"https:\/\/wp.grupo-oter.net\/cartas\/?page_id=4782"},"modified":"2025-11-18T11:46:06","modified_gmt":"2025-11-18T11:46:06","slug":"menus-la-lenera","status":"publish","type":"page","link":"https:\/\/wp.grupo-oter.net\/cartas\/menus-la-lenera\/","title":{"rendered":"Men\u00fas La Le\u00f1era"},"content":{"rendered":"<p>[et_pb_section fb_built=\u00bb1&#8243; specialty=\u00bbon\u00bb custom_padding_last_edited=\u00bbon|phone\u00bb admin_label=\u00bbTestimonials\u00bb _builder_version=\u00bb4.16&#8243; vertical_offset_tablet=\u00bb0&#8243; horizontal_offset_tablet=\u00bb0&#8243; custom_padding=\u00bb||150px|\u00bb custom_padding_tablet=\u00bb|||\u00bb custom_padding_phone=\u00bb||||false|false\u00bb bottom_divider_style=\u00bbslant2&#8243; bottom_divider_color=\u00bb#9c4036&#8243; bottom_divider_height=\u00bb160px\u00bb bottom_divider_flip=\u00bbvertical\u00bb bottom_divider_height_tablet=\u00bb\u00bb bottom_divider_height_phone=\u00bb90px\u00bb bottom_divider_height_last_edited=\u00bbon|tablet\u00bb z_index_tablet=\u00bb0&#8243; box_shadow_horizontal_tablet=\u00bb0px\u00bb box_shadow_vertical_tablet=\u00bb0px\u00bb box_shadow_blur_tablet=\u00bb40px\u00bb box_shadow_spread_tablet=\u00bb0px\u00bb global_colors_info=\u00bb{}\u00bb][et_pb_column type=\u00bb2_3&#8243; specialty_columns=\u00bb2&#8243; _builder_version=\u00bb4.16&#8243; custom_padding=\u00bb|||\u00bb global_colors_info=\u00bb{}\u00bb custom_padding__hover=\u00bb|||\u00bb][et_pb_row_inner column_structure=\u00bbundefined\u00bb _builder_version=\u00bb4.16&#8243; global_colors_info=\u00bb{}\u00bb][et_pb_column_inner type=\u00bbundefined\u00bb saved_specialty_column_type=\u00bb2_3&#8243; _builder_version=\u00bb4.16&#8243; custom_padding=\u00bb|||\u00bb global_colors_info=\u00bb{}\u00bb custom_padding__hover=\u00bb|||\u00bb][et_pb_text _builder_version=\u00bb4.16&#8243; text_font=\u00bbJosefin Sans||||||||\u00bb vertical_offset_tablet=\u00bb0&#8243; horizontal_offset_tablet=\u00bb0&#8243; z_index_tablet=\u00bb0&#8243; text_text_shadow_horizontal_length_tablet=\u00bb0px\u00bb text_text_shadow_vertical_length_tablet=\u00bb0px\u00bb text_text_shadow_blur_strength_tablet=\u00bb1px\u00bb link_text_shadow_horizontal_length_tablet=\u00bb0px\u00bb link_text_shadow_vertical_length_tablet=\u00bb0px\u00bb link_text_shadow_blur_strength_tablet=\u00bb1px\u00bb ul_text_shadow_horizontal_length_tablet=\u00bb0px\u00bb ul_text_shadow_vertical_length_tablet=\u00bb0px\u00bb ul_text_shadow_blur_strength_tablet=\u00bb1px\u00bb ol_text_shadow_horizontal_length_tablet=\u00bb0px\u00bb ol_text_shadow_vertical_length_tablet=\u00bb0px\u00bb ol_text_shadow_blur_strength_tablet=\u00bb1px\u00bb quote_text_shadow_horizontal_length_tablet=\u00bb0px\u00bb quote_text_shadow_vertical_length_tablet=\u00bb0px\u00bb quote_text_shadow_blur_strength_tablet=\u00bb1px\u00bb header_text_shadow_horizontal_length_tablet=\u00bb0px\u00bb header_text_shadow_vertical_length_tablet=\u00bb0px\u00bb header_text_shadow_blur_strength_tablet=\u00bb1px\u00bb header_2_text_shadow_horizontal_length_tablet=\u00bb0px\u00bb header_2_text_shadow_vertical_length_tablet=\u00bb0px\u00bb header_2_text_shadow_blur_strength_tablet=\u00bb1px\u00bb header_3_text_shadow_horizontal_length_tablet=\u00bb0px\u00bb header_3_text_shadow_vertical_length_tablet=\u00bb0px\u00bb header_3_text_shadow_blur_strength_tablet=\u00bb1px\u00bb header_4_text_shadow_horizontal_length_tablet=\u00bb0px\u00bb header_4_text_shadow_vertical_length_tablet=\u00bb0px\u00bb header_4_text_shadow_blur_strength_tablet=\u00bb1px\u00bb header_5_text_shadow_horizontal_length_tablet=\u00bb0px\u00bb header_5_text_shadow_vertical_length_tablet=\u00bb0px\u00bb header_5_text_shadow_blur_strength_tablet=\u00bb1px\u00bb header_6_text_shadow_horizontal_length_tablet=\u00bb0px\u00bb header_6_text_shadow_vertical_length_tablet=\u00bb0px\u00bb header_6_text_shadow_blur_strength_tablet=\u00bb1px\u00bb box_shadow_horizontal_tablet=\u00bb0px\u00bb box_shadow_vertical_tablet=\u00bb0px\u00bb box_shadow_blur_tablet=\u00bb40px\u00bb box_shadow_spread_tablet=\u00bb0px\u00bb global_colors_info=\u00bb{}\u00bb]<\/p>\n<p><img decoding=\"async\" class=\"size-full wp-image-366 aligncenter lazyload\" data-src=\"https:\/\/wp.grupo-oter.net\/cartas\/wp-content\/uploads\/sites\/40\/2020\/05\/lalenera.png\" alt=\"\" width=\"161\" height=\"170\" src=\"data:image\/svg+xml;base64,PHN2ZyB3aWR0aD0iMSIgaGVpZ2h0PSIxIiB4bWxucz0iaHR0cDovL3d3dy53My5vcmcvMjAwMC9zdmciPjwvc3ZnPg==\" style=\"--smush-placeholder-width: 161px; --smush-placeholder-aspect-ratio: 161\/170;\" \/><\/p>\n<h2>\u00a0<\/h2>\n<h2 style=\"text-align: center;\"><span style=\"color: #9c4036;\"><strong>MEN\u00daS PARA EVENTOS<\/strong><\/span><\/h2>\n<h4 style=\"text-align: center;\"><span style=\"color: #9c4036;\"><strong>(10% iva incluido)<\/strong><\/span><\/h4>\n<p>[\/et_pb_text][et_pb_toggle title=\u00bbMEN\u00daS DE GRUPOS (Validez JUNIO 2026)\u00bb open_toggle_background_color=\u00bb#f7f7f7&#8243; closed_toggle_background_color=\u00bb#f7f7f7&#8243; icon_color=\u00bb#9c4036&#8243; open_icon_color=\u00bb#9c4036&#8243; admin_label=\u00bbMEN\u00daS DE GRUPO\u00bb _builder_version=\u00bb4.27.4&#8243; title_font=\u00bbJosefin Sans||||||||\u00bb title_line_height=\u00bb1.4em\u00bb body_font=\u00bbJosefin Sans||||||||\u00bb body_font_size=\u00bb15px\u00bb body_line_height=\u00bb1.8em\u00bb vertical_offset_tablet=\u00bb0&#8243; horizontal_offset_tablet=\u00bb0&#8243; animation_style=\u00bbfade\u00bb title_text_shadow_horizontal_length_tablet=\u00bb0px\u00bb title_text_shadow_vertical_length_tablet=\u00bb0px\u00bb title_text_shadow_blur_strength_tablet=\u00bb1px\u00bb closed_title_text_shadow_horizontal_length_tablet=\u00bb0px\u00bb closed_title_text_shadow_vertical_length_tablet=\u00bb0px\u00bb closed_title_text_shadow_blur_strength_tablet=\u00bb1px\u00bb body_text_shadow_horizontal_length_tablet=\u00bb0px\u00bb body_text_shadow_vertical_length_tablet=\u00bb0px\u00bb body_text_shadow_blur_strength_tablet=\u00bb1px\u00bb body_link_text_shadow_horizontal_length_tablet=\u00bb0px\u00bb body_link_text_shadow_vertical_length_tablet=\u00bb0px\u00bb body_link_text_shadow_blur_strength_tablet=\u00bb1px\u00bb body_ul_text_shadow_horizontal_length_tablet=\u00bb0px\u00bb body_ul_text_shadow_vertical_length_tablet=\u00bb0px\u00bb body_ul_text_shadow_blur_strength_tablet=\u00bb1px\u00bb body_ol_text_shadow_horizontal_length_tablet=\u00bb0px\u00bb body_ol_text_shadow_vertical_length_tablet=\u00bb0px\u00bb body_ol_text_shadow_blur_strength_tablet=\u00bb1px\u00bb body_quote_text_shadow_horizontal_length_tablet=\u00bb0px\u00bb body_quote_text_shadow_vertical_length_tablet=\u00bb0px\u00bb body_quote_text_shadow_blur_strength_tablet=\u00bb1px\u00bb border_width_all=\u00bb0px\u00bb box_shadow_horizontal_tablet=\u00bb0px\u00bb box_shadow_vertical_tablet=\u00bb0px\u00bb box_shadow_blur_tablet=\u00bb40px\u00bb box_shadow_spread_tablet=\u00bb0px\u00bb text_shadow_horizontal_length_tablet=\u00bb0px\u00bb text_shadow_vertical_length_tablet=\u00bb0px\u00bb text_shadow_blur_strength_tablet=\u00bb1px\u00bb global_colors_info=\u00bb{}\u00bb]<\/p>\n<p style=\"text-align: center;\"><strong>MEN\u00da 1<\/strong><\/p>\n<p style=\"text-align: center;\">\n<p style=\"text-align: center;\"><strong>PARA COMPARTIR<\/strong><\/p>\n<p style=\"text-align: center;\"><strong>(1 PLATO PARA CUATRO PERSONAS)<\/strong><\/p>\n<p style=\"text-align: center;\">CECINA DE BUEY LIGERAMENTE AHUMADA CON ALMENDRAS MARCONA.<\/p>\n<p style=\"text-align: center;\">TOMATE DE LA HUERTA SELECCIONADO CON PIPARRAS Y ACEITE DE OLIVA VIRGEN.<\/p>\n<p style=\"text-align: center;\">TORTILLA PAISANA A LA ASTURIANA.<\/p>\n<p style=\"text-align: center;\">CROQUETAS DE NUESTRO CHEF.<\/p>\n<p style=\"text-align: center;\"><strong>\u00a0<\/strong><\/p>\n<p style=\"text-align: center;\"><strong>SEGUNDO PLATO (A ELEGIR UNA OPCI\u00d3N)<\/strong><\/p>\n<p style=\"text-align: center;\"><strong>(PARA M\u00c1S DE 50 PAX, ELEGIR POR ADELANTADO UN \u00daNICO PLATO PARA TODO EL GRUPO)<\/strong><\/p>\n<p style=\"text-align: center;\">RAPE A LA BRASA CON BILBA\u00cdNA LIGERA<\/p>\n<p style=\"text-align: center;\">===<\/p>\n<p style=\"text-align: center;\">ENTRECOT DE VACA ROXA A LAS BRASAS.<\/p>\n<p style=\"text-align: center;\">\n<p style=\"text-align: center;\">\n<p style=\"text-align: center;\"><strong>LA DULCE TENTACI\u00d3N<\/strong><\/p>\n<p style=\"text-align: center;\">CREMOSO DE ARROZ CON LECHE Y AZ\u00daCAR TOSTADO.<\/p>\n<p style=\"text-align: center;\">CAF\u00c9 AR\u00c1BICA E INFUSIONES NATURALES.<\/p>\n<p style=\"text-align: center;\">DULCES DE LA CASA.<\/p>\n<p style=\"text-align: center;\">\n<p style=\"text-align: center;\">\n<p style=\"text-align: center;\"><strong>NUESTRA BODEGA<\/strong><\/p>\n<p style=\"text-align: center;\"><strong>VINO BLANCO (MAGNUM)<\/strong><\/p>\n<p style=\"text-align: center;\">\u00a0(D.O. RUEDA) GUARDAVI\u00d1AS &#8211; VERDEJO 100%.<\/p>\n<p style=\"text-align: center;\"><strong>VINO TINTO (MAGNUM)<\/strong><\/p>\n<p style=\"text-align: center;\">\u00a0(D.O.CA. RIOJA) HACIENDA CALAVIA, CRIANZA &#8211; TEMPRANILLO 100%.<\/p>\n<p style=\"text-align: center;\">\u00a0AGUAS MINERALES (CON O SIN GAS).<\/p>\n<p style=\"text-align: center;\">\n<p style=\"text-align: center;\"><strong>PRECIO POR PERSONA 66,00\u20ac <\/strong><\/p>\n<p style=\"text-align: center;\"><strong>10% IVA INCLUIDO<\/strong><\/p>\n<p style=\"text-align: center;\"><strong>\u00a0<\/strong><\/p>\n<p style=\"text-align: center;\"><strong>MEN\u00da\u00a0\u00a0 2<\/strong><\/p>\n<p style=\"text-align: center;\">\n<p style=\"text-align: center;\"><strong>PARA COMPARTIR<\/strong><\/p>\n<p style=\"text-align: center;\"><strong>(1 PLATO PARA CUATRO PERSONAS)<\/strong><\/p>\n<p style=\"text-align: center;\">CECINA DE LE\u00d3N, LIGERAMENTE AHUMADA CON ALMENDRAS MARCONA.<\/p>\n<p style=\"text-align: center;\">DEGUSTACI\u00d3N DE FABES CASERAS.<\/p>\n<p style=\"text-align: center;\">TORTILLA DE BACALAO Y PUERROS.<\/p>\n<p style=\"text-align: center;\">CHIPIRONCITOS DE POTERA FRITOS.<\/p>\n<p style=\"text-align: center;\"><strong>\u00a0<\/strong><\/p>\n<p style=\"text-align: center;\"><strong>SEGUNDO PLATO (A ELEGIR UNA OPCI\u00d3N)<\/strong><\/p>\n<p style=\"text-align: center;\"><strong>(PARA M\u00c1S DE 50 PAX, ELEGIR POR ADELANTADO UN \u00daNICO PLATO PARA TODO EL GRUPO)<\/strong><\/p>\n<p style=\"text-align: center;\">MERLUZA RELLENA DE CENTOLLO DE LA R\u00cdA.<\/p>\n<p style=\"text-align: center;\">===<\/p>\n<p style=\"text-align: center;\">LOMO DE VACUNO MAYOR DE LOS VALLES DE SOMIEDO A LA PARRILLA.<\/p>\n<p style=\"text-align: center;\">\n<p style=\"text-align: center;\">\n<p style=\"text-align: center;\"><strong>LA DULCE TENTACI\u00d3N<\/strong><\/p>\n<p style=\"text-align: center;\">TARTA DE QUESO VIDIAGO CON CONFITURA DE NARANJA AMARGA.<\/p>\n<p style=\"text-align: center;\">CAF\u00c9 AR\u00c1BICA E INFUSIONES NATURALES.<\/p>\n<p style=\"text-align: center;\">DULCES DE LA CASA.<\/p>\n<p style=\"text-align: center;\">\n<p style=\"text-align: center;\">\n<p style=\"text-align: center;\"><strong>NUESTRA BODEGA<\/strong><\/p>\n<p style=\"text-align: center;\"><strong>(A ELEGIR UN VINO BLANCO Y UN VINO TINTO)<\/strong><\/p>\n<p style=\"text-align: center;\"><strong>VINOS BLANCOS (MAGNUM)<\/strong><\/p>\n<p style=\"text-align: center;\">\u00a0(D.O. RUEDA) MANTEL BLANCO &#8211; VERDEJO 100%.<\/p>\n<p style=\"text-align: center;\">(D.O. VALDEORRAS) MONTENOVO &#8211; GODELLO 100%.<\/p>\n<p style=\"text-align: center;\"><strong>VINOS TINTOS (MAGNUM)<\/strong><\/p>\n<p style=\"text-align: center;\">\u00a0(D.O.CA. RIOJA) HACIENDA CALAVIA, CRIANZA &#8211; TEMPRANILLO 100%.<\/p>\n<p style=\"text-align: center;\">\u00a0(D.O. RIBERA DE DUERO) VI\u00d1A PEDROSA &#8211; TINTO FINO 100%.<\/p>\n<p style=\"text-align: center;\">\u00a0AGUAS MINERALES (CON O SIN GAS)<\/p>\n<p style=\"text-align: center;\">\n<p style=\"text-align: center;\"><strong>PRECIO POR PERSONA\u00a0 69,00\u20ac<\/strong><\/p>\n<p style=\"text-align: center;\"><strong>10% IVA INCLUIDO<\/strong><\/p>\n<p style=\"text-align: center;\"><strong><\/strong><\/p>\n<p style=\"text-align: center;\"><strong><\/strong><\/p>\n<p style=\"text-align: center;\"><strong>MEN\u00da\u00a0 3<\/strong><\/p>\n<p style=\"text-align: center;\">\n<p style=\"text-align: center;\"><strong>PARA COMPARTIR<\/strong><\/p>\n<p style=\"text-align: center;\"><strong>(1 PLATO PARA CUATRO PERSONAS)<\/strong><\/p>\n<p style=\"text-align: center;\">JAM\u00d3N IB\u00c9RICO DE MONTANERA AL CORTE.<\/p>\n<p style=\"text-align: center;\">ALCACHOFAS FRESCAS FLOREADAS A LA ESCAMA DE SAL.<\/p>\n<p style=\"text-align: center;\">DEGUSTACI\u00d3N DE FABES CASERAS.<\/p>\n<p style=\"text-align: center;\">bU\u00d1UELOS DE BACALAO CON MAHONESA DE MOSTAZA-MIEL.<\/p>\n<p style=\"text-align: center;\"><strong>\u00a0<\/strong><\/p>\n<p style=\"text-align: center;\"><strong>SEGUNDO PLATO (A ELEGIR UNA OPCI\u00d3N)<\/strong><\/p>\n<p style=\"text-align: center;\"><strong>(PARA M\u00c1S DE 50 PAX, ELEGIR POR ADELANTADO UN \u00daNICO PLATO PARA TODO EL GRUPO)<\/strong><\/p>\n<p style=\"text-align: center;\">LOMO DE LUBINA AL HORNO CON CASS\u00c9 DE TOMATE Y EMULSI\u00d3N DE ALBAHACA.<\/p>\n<p style=\"text-align: center;\">===<\/p>\n<p style=\"text-align: center;\">TRONCO DE SOLOMILLO AL FOIE O AL CABRALES.<\/p>\n<p style=\"text-align: center;\">\n<p style=\"text-align: center;\">\n<p style=\"text-align: center;\"><strong>LA DULCE TENTACI\u00d3N<\/strong><\/p>\n<p style=\"text-align: center;\">TOCINO DE CIELO AL CARAMELO CON HELADO CREMOSO DE VAINILLA.<\/p>\n<p style=\"text-align: center;\">CAF\u00c9 AR\u00c1BICA E INFUSIONES NATURALES.<\/p>\n<p style=\"text-align: center;\">DULCES DE LA CASA.<\/p>\n<p style=\"text-align: center;\">\n<p style=\"text-align: center;\">\n<p style=\"text-align: center;\"><strong>NUESTRA BODEGA<\/strong><\/p>\n<p style=\"text-align: center;\"><strong>(A ELEGIR UN VINO BLANCO Y UN VINO TINTO)<\/strong><\/p>\n<p style=\"text-align: center;\"><strong>VINOS BLANCOS (MAGNUM)<\/strong><\/p>\n<p style=\"text-align: center;\">\u00a0(D.O. RUEDA) MANTEL BLANCO &#8211; VERDEJO 100%.<\/p>\n<p style=\"text-align: center;\">(D.O. VALDEORRAS) MONTENOVO &#8211; GODELLO 100%.<\/p>\n<p style=\"text-align: center;\">(D.O. R\u00cdAS BAIXAS) MART\u00cdN C\u00d3DAX SOBRE L\u00cdAS &#8211; ALBARI\u00d1O 100%.<\/p>\n<p style=\"text-align: center;\"><strong>VINOS TINTOS (MAGNUM)<\/strong><\/p>\n<p style=\"text-align: center;\">\u00a0(D.O.CA. RIOJA) IZADI CRIANZA &#8211; TEMPRANILLO 100%.<\/p>\n<p style=\"text-align: center;\">\u00a0(D.O. RIBERA DE DUERO) VI\u00d1A PEDROSA &#8211; TINTO FINO 100%.<\/p>\n<p style=\"text-align: center;\">(D.O.CA. RIOJA) XR DE MARQU\u00c9S DE RISCAL RESERVA &#8211; TEMPRANILLO 95%, GRACIANO 5%.<\/p>\n<p style=\"text-align: center;\">\u00a0AGUAS MINERALES (CON O SIN GAS).<\/p>\n<p style=\"text-align: center;\">\n<p style=\"text-align: center;\"><strong>PRECIO POR PERSONA 73,00\u20ac <\/strong><\/p>\n<p style=\"text-align: center;\"><strong>10% IVA INCLUIDO<\/strong><\/p>\n<p style=\"text-align: center;\"><strong><\/strong><\/p>\n<p style=\"text-align: center;\"><strong><\/strong><\/p>\n<p style=\"text-align: center;\"><strong>MEN\u00da \u00a04<\/strong><\/p>\n<p style=\"text-align: center;\"><strong>\u00a0<\/strong><strong>PARA COMPARTIR<\/strong><\/p>\n<p style=\"text-align: center;\"><strong>(1 PLATO PARA CUATRO PERSONAS)<\/strong><\/p>\n<p style=\"text-align: center;\">JAM\u00d3N IB\u00c9RICO DE MONTANERA AL CORTE.<\/p>\n<p style=\"text-align: center;\">LOMOS DE BONITO DE CAMPA\u00d1A CON CEBOLLETA FRESCA Y TOMATE NATURAL.<\/p>\n<p style=\"text-align: center;\">PULPO A LA BRASA CON ALIOLI SUAVE.<\/p>\n<p style=\"text-align: center;\">DEGUSTACI\u00d3N DE FABES CASERAS.<\/p>\n<p style=\"text-align: center;\">\n<p style=\"text-align: center;\">\n<p style=\"text-align: center;\"><strong>SEGUNDO PLATO (A ELEGIR UNA OPCI\u00d3N)<\/strong><\/p>\n<p style=\"text-align: center;\"><strong>(PARA M\u00c1S DE 50 PAX, ELEGIR POR ADELANTADO UN \u00daNICO PLATO PARA TODO EL GRUPO)<\/strong><\/p>\n<p style=\"text-align: center;\">RODABALLO SALVAJE AL HORNO CON PIMIENTOS DEL PIQUILLO CONFITADOS.<\/p>\n<p style=\"text-align: center;\">===<\/p>\n<p style=\"text-align: center;\">CHULETA DE SOLOMILLO DE VACUNO MAYOR AL CARB\u00d3N DE ENCINA.<\/p>\n<p style=\"text-align: center;\">\n<p style=\"text-align: center;\">\n<p style=\"text-align: center;\"><strong>LA DULCE TENTACI\u00d3N<\/strong><\/p>\n<p style=\"text-align: center;\">TARTA PANTXINETA DE CREMA PASTELERA Y ALMENDRA.<\/p>\n<p style=\"text-align: center;\">CAF\u00c9 AR\u00c1BICA E INFUSIONES NATURALES.<\/p>\n<p style=\"text-align: center;\">DULCES DE LA CASA.<\/p>\n<p style=\"text-align: center;\">\n<p style=\"text-align: center;\">\n<p style=\"text-align: center;\"><strong>NUESTRA BODEGA<\/strong><\/p>\n<p style=\"text-align: center;\"><strong>(A ELEGIR UN VINO BLANCO Y UN VINO TINTO)<\/strong><\/p>\n<p style=\"text-align: center;\"><strong>VINOS BLANCOS (MAGNUM)<\/strong><\/p>\n<p style=\"text-align: center;\">\u00a0(D.O. RUEDA) MANTEL BLANCO &#8211; VERDEJO 100%.<\/p>\n<p style=\"text-align: center;\">(D.O. VALDEORRAS) MONTENOVO &#8211; GODELLO 100%.<\/p>\n<p style=\"text-align: center;\">(D.O. R\u00cdAS BAIXAS) MART\u00cdN C\u00d3DAX SOBRE L\u00cdAS &#8211; ALBARI\u00d1O 100%.<\/p>\n<p style=\"text-align: center;\"><strong>VINOS TINTOS (MAGNUM)<\/strong><\/p>\n<p style=\"text-align: center;\">\u00a0(D.O.CA. RIOJA) IZADI CRIANZA &#8211; TEMPRANILLO 100%.<\/p>\n<p style=\"text-align: center;\">\u00a0(D.O. RIBERA DE DUERO) VI\u00d1A PEDROSA &#8211; TINTO FINO 100%.<\/p>\n<p style=\"text-align: center;\">(D.O.CA. RIOJA) XR DE MARQU\u00c9S DE RISCAL RESERVA \u2013 TEMPRANILLO 95%, GRACIANO 5%.<\/p>\n<p style=\"text-align: center;\">\u00a0AGUAS MINERALES (CON O SIN GAS)<\/p>\n<p style=\"text-align: center;\">\n<p style=\"text-align: center;\"><strong>PRECIO POR PERSONA\u00a0 76,00\u20ac<\/strong><\/p>\n<p style=\"text-align: center;\"><strong>(10% IVA INCLUIDO)<\/strong><\/p>\n<p style=\"text-align: center;\"><strong><\/strong><\/p>\n<p style=\"text-align: left;\"><strong><em>Indicaciones: <\/em><\/strong><\/p>\n<ul>\n<li><em>Men\u00fas de grupo para <strong>10 pax. m\u00ednimo.<\/strong><\/em><\/li>\n<li><em>El men\u00fa incluye las bebidas desde el inicio de la comida\/cena (entrantes) hasta fin de la misma (postres).<\/em><\/li>\n<li><em>Las consumiciones que se tomen antes o despu\u00e9s se consideran extras y, por lo tanto, se abonar\u00edan aparte.<\/em><\/li>\n<li><em>Consulte las opciones de bienvenida con nuestro Departamento de Eventos.<\/em><\/li>\n<li><em>Si tiene alguna intolerancia alimentaria, h\u00e1ganoslo saber. Disponemos de informaci\u00f3n sobre al\u00e9rgenos.<\/em><\/li>\n<li><em>Los platos del men\u00fa son susceptibles de ser sustituidos por otros de iguales o mejores caracter\u00edsticas seg\u00fan necesidades del restaurante.<\/em><\/li>\n<\/ul>\n<p>[\/et_pb_toggle][et_pb_toggle title=\u00bbMEN\u00da ESPECIAL NOCHEVIEJA\u00bb open_toggle_background_color=\u00bb#f7f7f7&#8243; closed_toggle_background_color=\u00bb#f7f7f7&#8243; icon_color=\u00bb#9c4036&#8243; open_icon_color=\u00bb#9c4036&#8243; disabled_on=\u00bbon|on|on\u00bb admin_label=\u00bbMEN\u00daS DE GRUPO\u00bb _builder_version=\u00bb4.27.4&#8243; title_font=\u00bbJosefin Sans||||||||\u00bb title_line_height=\u00bb1.4em\u00bb body_font=\u00bbJosefin Sans||||||||\u00bb body_font_size=\u00bb15px\u00bb body_line_height=\u00bb1.8em\u00bb vertical_offset_tablet=\u00bb0&#8243; horizontal_offset_tablet=\u00bb0&#8243; animation_style=\u00bbfade\u00bb hover_enabled=\u00bb0&#8243; title_text_shadow_horizontal_length_tablet=\u00bb0px\u00bb title_text_shadow_vertical_length_tablet=\u00bb0px\u00bb title_text_shadow_blur_strength_tablet=\u00bb1px\u00bb closed_title_text_shadow_horizontal_length_tablet=\u00bb0px\u00bb closed_title_text_shadow_vertical_length_tablet=\u00bb0px\u00bb closed_title_text_shadow_blur_strength_tablet=\u00bb1px\u00bb body_text_shadow_horizontal_length_tablet=\u00bb0px\u00bb body_text_shadow_vertical_length_tablet=\u00bb0px\u00bb body_text_shadow_blur_strength_tablet=\u00bb1px\u00bb body_link_text_shadow_horizontal_length_tablet=\u00bb0px\u00bb body_link_text_shadow_vertical_length_tablet=\u00bb0px\u00bb body_link_text_shadow_blur_strength_tablet=\u00bb1px\u00bb body_ul_text_shadow_horizontal_length_tablet=\u00bb0px\u00bb body_ul_text_shadow_vertical_length_tablet=\u00bb0px\u00bb body_ul_text_shadow_blur_strength_tablet=\u00bb1px\u00bb body_ol_text_shadow_horizontal_length_tablet=\u00bb0px\u00bb body_ol_text_shadow_vertical_length_tablet=\u00bb0px\u00bb body_ol_text_shadow_blur_strength_tablet=\u00bb1px\u00bb body_quote_text_shadow_horizontal_length_tablet=\u00bb0px\u00bb body_quote_text_shadow_vertical_length_tablet=\u00bb0px\u00bb body_quote_text_shadow_blur_strength_tablet=\u00bb1px\u00bb border_width_all=\u00bb0px\u00bb box_shadow_horizontal_tablet=\u00bb0px\u00bb box_shadow_vertical_tablet=\u00bb0px\u00bb box_shadow_blur_tablet=\u00bb40px\u00bb box_shadow_spread_tablet=\u00bb0px\u00bb text_shadow_horizontal_length_tablet=\u00bb0px\u00bb text_shadow_vertical_length_tablet=\u00bb0px\u00bb text_shadow_blur_strength_tablet=\u00bb1px\u00bb global_colors_info=\u00bb{}\u00bb sticky_enabled=\u00bb0&#8243; disabled=\u00bbon\u00bb]<\/p>\n<p><img decoding=\"async\" data-src=\"https:\/\/wp.grupo-oter.net\/cartas\/wp-content\/uploads\/sites\/40\/2025\/10\/Cena-Gala-Nochevieja-2025-26-Lenera.jpg\" width=\"1190\" height=\"1683\" alt=\"\" class=\"wp-image-13899 alignnone size-full lazyload\" data-srcset=\"https:\/\/wp.grupo-oter.net\/cartas\/wp-content\/uploads\/sites\/40\/2025\/10\/Cena-Gala-Nochevieja-2025-26-Lenera.jpg 1190w, https:\/\/wp.grupo-oter.net\/cartas\/wp-content\/uploads\/sites\/40\/2025\/10\/Cena-Gala-Nochevieja-2025-26-Lenera-980x1386.jpg 980w, https:\/\/wp.grupo-oter.net\/cartas\/wp-content\/uploads\/sites\/40\/2025\/10\/Cena-Gala-Nochevieja-2025-26-Lenera-480x679.jpg 480w\" data-sizes=\"(min-width: 0px) and (max-width: 480px) 480px, (min-width: 481px) and (max-width: 980px) 980px, (min-width: 981px) 1190px, 100vw\" src=\"data:image\/svg+xml;base64,PHN2ZyB3aWR0aD0iMSIgaGVpZ2h0PSIxIiB4bWxucz0iaHR0cDovL3d3dy53My5vcmcvMjAwMC9zdmciPjwvc3ZnPg==\" style=\"--smush-placeholder-width: 1190px; --smush-placeholder-aspect-ratio: 1190\/1683;\" \/><\/p>\n<p>[\/et_pb_toggle][\/et_pb_column_inner][\/et_pb_row_inner][\/et_pb_column][et_pb_column type=\u00bb1_3&#8243; _builder_version=\u00bb4.16&#8243; custom_padding=\u00bb|||\u00bb global_colors_info=\u00bb{}\u00bb custom_padding__hover=\u00bb|||\u00bb][\/et_pb_column][\/et_pb_section]<\/p>\n","protected":false},"excerpt":{"rendered":"<p>\u00a0 MEN\u00daS PARA EVENTOS (10% iva incluido) MEN\u00da 1 PARA COMPARTIR (1 PLATO PARA CUATRO PERSONAS) CECINA DE BUEY LIGERAMENTE AHUMADA CON ALMENDRAS MARCONA. TOMATE DE LA HUERTA SELECCIONADO CON PIPARRAS Y ACEITE DE OLIVA VIRGEN. TORTILLA PAISANA A LA ASTURIANA. CROQUETAS DE NUESTRO CHEF. \u00a0 SEGUNDO PLATO (A ELEGIR UNA OPCI\u00d3N) (PARA M\u00c1S DE [&hellip;]<\/p>\n","protected":false},"author":2,"featured_media":0,"parent":0,"menu_order":0,"comment_status":"closed","ping_status":"closed","template":"page-template-blank.php","meta":{"_et_pb_use_builder":"on","_et_pb_old_content":"","_et_gb_content_width":"","footnotes":""},"class_list":["post-4782","page","type-page","status-publish","hentry"],"_links":{"self":[{"href":"https:\/\/wp.grupo-oter.net\/cartas\/wp-json\/wp\/v2\/pages\/4782","targetHints":{"allow":["GET"]}}],"collection":[{"href":"https:\/\/wp.grupo-oter.net\/cartas\/wp-json\/wp\/v2\/pages"}],"about":[{"href":"https:\/\/wp.grupo-oter.net\/cartas\/wp-json\/wp\/v2\/types\/page"}],"author":[{"embeddable":true,"href":"https:\/\/wp.grupo-oter.net\/cartas\/wp-json\/wp\/v2\/users\/2"}],"replies":[{"embeddable":true,"href":"https:\/\/wp.grupo-oter.net\/cartas\/wp-json\/wp\/v2\/comments?post=4782"}],"version-history":[{"count":34,"href":"https:\/\/wp.grupo-oter.net\/cartas\/wp-json\/wp\/v2\/pages\/4782\/revisions"}],"predecessor-version":[{"id":14035,"href":"https:\/\/wp.grupo-oter.net\/cartas\/wp-json\/wp\/v2\/pages\/4782\/revisions\/14035"}],"wp:attachment":[{"href":"https:\/\/wp.grupo-oter.net\/cartas\/wp-json\/wp\/v2\/media?parent=4782"}],"curies":[{"name":"wp","href":"https:\/\/api.w.org\/{rel}","templated":true}]}}