{"id":4776,"date":"2020-11-25T15:19:10","date_gmt":"2020-11-25T15:19:10","guid":{"rendered":"https:\/\/wp.grupo-oter.net\/cartas\/?page_id=4776"},"modified":"2025-10-31T11:39:12","modified_gmt":"2025-10-31T11:39:12","slug":"menus-el-telegrafo","status":"publish","type":"page","link":"https:\/\/wp.grupo-oter.net\/cartas\/menus-el-telegrafo\/","title":{"rendered":"Men\u00fas El Tel\u00e9grafo"},"content":{"rendered":"<p>[et_pb_section fb_built=\u00bb1&#8243; specialty=\u00bbon\u00bb custom_padding_last_edited=\u00bbon|phone\u00bb admin_label=\u00bbTestimonials\u00bb _builder_version=\u00bb4.16&#8243; vertical_offset_tablet=\u00bb0&#8243; horizontal_offset_tablet=\u00bb0&#8243; custom_padding=\u00bb||150px|\u00bb custom_padding_tablet=\u00bb|||\u00bb custom_padding_phone=\u00bb||||false|false\u00bb bottom_divider_style=\u00bbslant2&#8243; bottom_divider_color=\u00bb#8e794e\u00bb bottom_divider_height=\u00bb160px\u00bb bottom_divider_flip=\u00bbvertical\u00bb bottom_divider_height_tablet=\u00bb\u00bb bottom_divider_height_phone=\u00bb90px\u00bb bottom_divider_height_last_edited=\u00bbon|tablet\u00bb z_index_tablet=\u00bb0&#8243; box_shadow_horizontal_tablet=\u00bb0px\u00bb box_shadow_vertical_tablet=\u00bb0px\u00bb box_shadow_blur_tablet=\u00bb40px\u00bb box_shadow_spread_tablet=\u00bb0px\u00bb global_colors_info=\u00bb{}\u00bb][et_pb_column type=\u00bb2_3&#8243; specialty_columns=\u00bb2&#8243; _builder_version=\u00bb4.16&#8243; custom_padding=\u00bb|||\u00bb global_colors_info=\u00bb{}\u00bb custom_padding__hover=\u00bb|||\u00bb][et_pb_row_inner column_structure=\u00bbundefined\u00bb _builder_version=\u00bb4.16&#8243; global_colors_info=\u00bb{}\u00bb][et_pb_column_inner type=\u00bbundefined\u00bb saved_specialty_column_type=\u00bb2_3&#8243; _builder_version=\u00bb4.16&#8243; custom_padding=\u00bb|||\u00bb global_colors_info=\u00bb{}\u00bb custom_padding__hover=\u00bb|||\u00bb][et_pb_text _builder_version=\u00bb4.16&#8243; text_font=\u00bbJosefin Sans||||||||\u00bb vertical_offset_tablet=\u00bb0&#8243; horizontal_offset_tablet=\u00bb0&#8243; z_index_tablet=\u00bb0&#8243; text_text_shadow_horizontal_length_tablet=\u00bb0px\u00bb text_text_shadow_vertical_length_tablet=\u00bb0px\u00bb text_text_shadow_blur_strength_tablet=\u00bb1px\u00bb link_text_shadow_horizontal_length_tablet=\u00bb0px\u00bb link_text_shadow_vertical_length_tablet=\u00bb0px\u00bb link_text_shadow_blur_strength_tablet=\u00bb1px\u00bb ul_text_shadow_horizontal_length_tablet=\u00bb0px\u00bb ul_text_shadow_vertical_length_tablet=\u00bb0px\u00bb ul_text_shadow_blur_strength_tablet=\u00bb1px\u00bb ol_text_shadow_horizontal_length_tablet=\u00bb0px\u00bb ol_text_shadow_vertical_length_tablet=\u00bb0px\u00bb ol_text_shadow_blur_strength_tablet=\u00bb1px\u00bb quote_text_shadow_horizontal_length_tablet=\u00bb0px\u00bb quote_text_shadow_vertical_length_tablet=\u00bb0px\u00bb quote_text_shadow_blur_strength_tablet=\u00bb1px\u00bb header_text_shadow_horizontal_length_tablet=\u00bb0px\u00bb header_text_shadow_vertical_length_tablet=\u00bb0px\u00bb header_text_shadow_blur_strength_tablet=\u00bb1px\u00bb header_2_text_shadow_horizontal_length_tablet=\u00bb0px\u00bb header_2_text_shadow_vertical_length_tablet=\u00bb0px\u00bb header_2_text_shadow_blur_strength_tablet=\u00bb1px\u00bb header_3_text_shadow_horizontal_length_tablet=\u00bb0px\u00bb header_3_text_shadow_vertical_length_tablet=\u00bb0px\u00bb header_3_text_shadow_blur_strength_tablet=\u00bb1px\u00bb header_4_text_shadow_horizontal_length_tablet=\u00bb0px\u00bb header_4_text_shadow_vertical_length_tablet=\u00bb0px\u00bb header_4_text_shadow_blur_strength_tablet=\u00bb1px\u00bb header_5_text_shadow_horizontal_length_tablet=\u00bb0px\u00bb header_5_text_shadow_vertical_length_tablet=\u00bb0px\u00bb header_5_text_shadow_blur_strength_tablet=\u00bb1px\u00bb header_6_text_shadow_horizontal_length_tablet=\u00bb0px\u00bb header_6_text_shadow_vertical_length_tablet=\u00bb0px\u00bb header_6_text_shadow_blur_strength_tablet=\u00bb1px\u00bb box_shadow_horizontal_tablet=\u00bb0px\u00bb box_shadow_vertical_tablet=\u00bb0px\u00bb box_shadow_blur_tablet=\u00bb40px\u00bb box_shadow_spread_tablet=\u00bb0px\u00bb global_colors_info=\u00bb{}\u00bb]<\/p>\n<p><img decoding=\"async\" class=\"wp-image-188 aligncenter lazyload\" data-src=\"https:\/\/wp.grupo-oter.net\/cartas\/wp-content\/uploads\/sites\/40\/2020\/05\/Logo-El-Tel\u00e9grafo.jpg\" alt=\"\" width=\"320\" height=\"221\" data-srcset=\"https:\/\/wp.grupo-oter.net\/cartas\/wp-content\/uploads\/sites\/40\/2020\/05\/Logo-El-Tel\u00e9grafo.jpg 1587w, https:\/\/wp.grupo-oter.net\/cartas\/wp-content\/uploads\/sites\/40\/2020\/05\/Logo-El-Tel\u00e9grafo-300x207.jpg 300w, https:\/\/wp.grupo-oter.net\/cartas\/wp-content\/uploads\/sites\/40\/2020\/05\/Logo-El-Tel\u00e9grafo-1024x705.jpg 1024w, https:\/\/wp.grupo-oter.net\/cartas\/wp-content\/uploads\/sites\/40\/2020\/05\/Logo-El-Tel\u00e9grafo-768x529.jpg 768w, https:\/\/wp.grupo-oter.net\/cartas\/wp-content\/uploads\/sites\/40\/2020\/05\/Logo-El-Tel\u00e9grafo-1536x1058.jpg 1536w, https:\/\/wp.grupo-oter.net\/cartas\/wp-content\/uploads\/sites\/40\/2020\/05\/Logo-El-Tel\u00e9grafo-1080x744.jpg 1080w, https:\/\/wp.grupo-oter.net\/cartas\/wp-content\/uploads\/sites\/40\/2020\/05\/Logo-El-Tel\u00e9grafo-1280x882.jpg 1280w, https:\/\/wp.grupo-oter.net\/cartas\/wp-content\/uploads\/sites\/40\/2020\/05\/Logo-El-Tel\u00e9grafo-980x675.jpg 980w, https:\/\/wp.grupo-oter.net\/cartas\/wp-content\/uploads\/sites\/40\/2020\/05\/Logo-El-Tel\u00e9grafo-480x331.jpg 480w\" data-sizes=\"(max-width: 320px) 100vw, 320px\" src=\"data:image\/svg+xml;base64,PHN2ZyB3aWR0aD0iMSIgaGVpZ2h0PSIxIiB4bWxucz0iaHR0cDovL3d3dy53My5vcmcvMjAwMC9zdmciPjwvc3ZnPg==\" style=\"--smush-placeholder-width: 320px; --smush-placeholder-aspect-ratio: 320\/221;\" \/><\/p>\n<h2>\u00a0<\/h2>\n<h2 style=\"text-align: center;\"><span style=\"color: #000b27;\"><strong>MEN\u00daS PARA GRUPOS<\/strong><\/span><\/h2>\n<h4 style=\"text-align: center;\"><span style=\"color: #000b27;\"><strong>(10% iva incluido)<\/strong><\/span><\/h4>\n<p>[\/et_pb_text][et_pb_toggle title=\u00bbMEN\u00daS DE GRUPOS (Validez JUNIO 2026)\u00bb open_toggle_background_color=\u00bb#f7f7f7&#8243; closed_toggle_background_color=\u00bb#f7f7f7&#8243; icon_color=\u00bb#8e794e\u00bb open_icon_color=\u00bb#8e794e\u00bb admin_label=\u00bbAPERITIVOS\u00bb _builder_version=\u00bb4.27.4&#8243; title_font=\u00bbJosefin Sans||||||||\u00bb title_line_height=\u00bb1.4em\u00bb body_font=\u00bbJosefin Sans||||||||\u00bb body_font_size=\u00bb15px\u00bb body_line_height=\u00bb1.8em\u00bb vertical_offset_tablet=\u00bb0&#8243; horizontal_offset_tablet=\u00bb0&#8243; animation_style=\u00bbfade\u00bb hover_enabled=\u00bb0&#8243; title_text_shadow_horizontal_length_tablet=\u00bb0px\u00bb title_text_shadow_vertical_length_tablet=\u00bb0px\u00bb title_text_shadow_blur_strength_tablet=\u00bb1px\u00bb closed_title_text_shadow_horizontal_length_tablet=\u00bb0px\u00bb closed_title_text_shadow_vertical_length_tablet=\u00bb0px\u00bb closed_title_text_shadow_blur_strength_tablet=\u00bb1px\u00bb body_text_shadow_horizontal_length_tablet=\u00bb0px\u00bb body_text_shadow_vertical_length_tablet=\u00bb0px\u00bb body_text_shadow_blur_strength_tablet=\u00bb1px\u00bb body_link_text_shadow_horizontal_length_tablet=\u00bb0px\u00bb body_link_text_shadow_vertical_length_tablet=\u00bb0px\u00bb body_link_text_shadow_blur_strength_tablet=\u00bb1px\u00bb body_ul_text_shadow_horizontal_length_tablet=\u00bb0px\u00bb body_ul_text_shadow_vertical_length_tablet=\u00bb0px\u00bb body_ul_text_shadow_blur_strength_tablet=\u00bb1px\u00bb body_ol_text_shadow_horizontal_length_tablet=\u00bb0px\u00bb body_ol_text_shadow_vertical_length_tablet=\u00bb0px\u00bb body_ol_text_shadow_blur_strength_tablet=\u00bb1px\u00bb body_quote_text_shadow_horizontal_length_tablet=\u00bb0px\u00bb body_quote_text_shadow_vertical_length_tablet=\u00bb0px\u00bb body_quote_text_shadow_blur_strength_tablet=\u00bb1px\u00bb border_width_all=\u00bb0px\u00bb box_shadow_horizontal_tablet=\u00bb0px\u00bb box_shadow_vertical_tablet=\u00bb0px\u00bb box_shadow_blur_tablet=\u00bb40px\u00bb box_shadow_spread_tablet=\u00bb0px\u00bb text_shadow_horizontal_length_tablet=\u00bb0px\u00bb text_shadow_vertical_length_tablet=\u00bb0px\u00bb text_shadow_blur_strength_tablet=\u00bb1px\u00bb global_colors_info=\u00bb{}\u00bb sticky_enabled=\u00bb0&#8243;]<\/p>\n<p style=\"text-align: center;\"><strong>MEN\u00da I<\/strong><\/p>\n<p style=\"text-align: center;\"><strong>Primeros platos para compartir<\/strong><\/p>\n<p style=\"text-align: center;\"><strong>(1 plato cada 4 personas)<\/strong><\/p>\n<p style=\"text-align: center;\">Jam\u00f3n y lomo ib\u00e9rico puro bellota<\/p>\n<p style=\"text-align: center;\">Croquetas cremosas de centollo (2 Uds. por persona).<\/p>\n<p style=\"text-align: center;\">Pulpo de pedrero cocido al aceite de piment\u00f3n de la Vera.<\/p>\n<p style=\"text-align: center;\">Tomates seleccionados con aguacate, rabanitos y albahaca al ali\u00f1o de lima.<\/p>\n<p style=\"text-align: center;\">\n<p style=\"text-align: center;\">\n<p style=\"text-align: center;\"><strong>Segundo plato (a elegir una opci\u00f3n)<\/strong><\/p>\n<p style=\"text-align: center;\"><strong>(Para m\u00e1s de 50 pax, elegir por adelantado un \u00fanico plato para todo el grupo)<\/strong><\/p>\n<p style=\"text-align: center;\">Arroz marinero limpio, \u201cpara no mancharse\u201d.<\/p>\n<p style=\"text-align: center;\">===<\/p>\n<p style=\"text-align: center;\">Tronco de rape a la Donostiarra.<\/p>\n<p style=\"text-align: center;\">===<\/p>\n<p style=\"text-align: center;\">Lomo bajo de vaca madura a la escama de sal.<\/p>\n<p style=\"text-align: center;\"><strong>\u00a0<\/strong><\/p>\n<p style=\"text-align: center;\"><strong>El final m\u00e1s dulce<\/strong><\/p>\n<p style=\"text-align: center;\">Tocino de cielo al caramelo con vainilla helada.<\/p>\n<p style=\"text-align: center;\">Caf\u00e9 Ar\u00e1bica e infusiones naturales.<\/p>\n<p style=\"text-align: center;\">Dulces de la Casa.<\/p>\n<p style=\"text-align: center;\"><strong>\u00a0<\/strong><\/p>\n<p style=\"text-align: center;\"><strong>Nuestra bodega<\/strong><\/p>\n<p style=\"text-align: center;\"><strong>Vino blanco (Magnum)<\/strong><\/p>\n<p style=\"text-align: center;\">\u00a0(D.O. Rueda) Guardavi\u00f1as &#8211; Verdejo 100%.<\/p>\n<p style=\"text-align: center;\"><strong>Vino tinto (Magnum)<\/strong><\/p>\n<p style=\"text-align: center;\">(D.O.Ca. Rioja) Hacienda Calavia, Crianza &#8211; Tempranillo 100%.<\/p>\n<p style=\"text-align: center;\">\u00a0Aguas minerales (con gas o sin gas).<\/p>\n<p style=\"text-align: center;\"><strong>\u00a0<\/strong><strong>PRECIO POR PERSONA 67,00<\/strong><strong>\u20ac<\/strong><\/p>\n<p style=\"text-align: center;\"><strong>10% IVA INCLUIDO<\/strong><\/p>\n<p style=\"text-align: center;\"><strong>\u00a0<\/strong><\/p>\n<p style=\"text-align: center;\"><strong>MEN\u00da II<\/strong><\/p>\n<p style=\"text-align: center;\"><strong>\u00a0<\/strong><strong>Primeros platos para compartir<\/strong><\/p>\n<p style=\"text-align: center;\"><strong>(1 plato cada 4 personas)<\/strong><\/p>\n<p style=\"text-align: center;\">Jam\u00f3n y lomo ib\u00e9rico puro bellota<\/p>\n<p style=\"text-align: center;\">Calamares de potera fritos a la Andaluza con pimientos asados.<\/p>\n<p style=\"text-align: center;\">Langostinos de Isla Cristina terciados cocidos al momento.<\/p>\n<p style=\"text-align: center;\">Ensalada de lomos de bonito de campa\u00f1a, con tomate de nuestra finca.<\/p>\n<p style=\"text-align: center;\">\n<p style=\"text-align: center;\">\n<p style=\"text-align: center;\"><strong>Segundo plato (a elegir una opci\u00f3n)<\/strong><\/p>\n<p style=\"text-align: center;\"><strong>(Para m\u00e1s de 50 pax, elegir por adelantado un \u00fanico plato para todo el grupo)<\/strong><\/p>\n<p style=\"text-align: center;\">Arroz de marisco y pescado de roca.<\/p>\n<p style=\"text-align: center;\">===<\/p>\n<p style=\"text-align: center;\">Lubina a la parrilla con cass\u00e9 de tomate y emulsi\u00f3n de albahaca.<\/p>\n<p style=\"text-align: center;\">===<\/p>\n<p style=\"text-align: center;\">Corte de vacuno mayor madurado 45 d\u00edas<\/p>\n<p style=\"text-align: center;\">con patata r\u00fastica a las finas hierbas.<\/p>\n<p style=\"text-align: center;\">\n<p style=\"text-align: center;\">\n<p style=\"text-align: center;\"><strong>El final m\u00e1s dulce<\/strong><\/p>\n<p style=\"text-align: center;\">Filloas rellenas de crema pastelera al punto de canela.<\/p>\n<p style=\"text-align: center;\">Caf\u00e9 Ar\u00e1bica e infusiones naturales.<\/p>\n<p style=\"text-align: center;\">Dulces de la Casa.<\/p>\n<p style=\"text-align: center;\"><strong>\u00a0<\/strong><\/p>\n<p style=\"text-align: center;\"><strong>Nuestra bodega<\/strong><\/p>\n<p style=\"text-align: center;\"><strong>(A elegir un vino blanco y un vino tinto)<\/strong><\/p>\n<p style=\"text-align: center;\"><strong>Vinos blancos (Magnum)<\/strong><\/p>\n<p style=\"text-align: center;\">(D.O. Rueda) Mantel Blanco &#8211; Verdejo 100%.<\/p>\n<p style=\"text-align: center;\">(D.O. Valdeorras) Montenovo &#8211; Godello 100%.<\/p>\n<p style=\"text-align: center;\"><strong>Vinos tintos (Magnum)<\/strong><\/p>\n<p style=\"text-align: center;\">(D.O.Ca. Rioja) Hacienda Calavia, Crianza &#8211; Tempranillo 100%.<\/p>\n<p style=\"text-align: center;\">\u00a0(D.O. Ribera de Duero) Vi\u00f1a Pedrosa &#8211; Tinto Fino 100%.<\/p>\n<p style=\"text-align: center;\">\u00a0Aguas minerales (con o sin gas).<\/p>\n<p style=\"text-align: center;\"><strong>\u00a0<\/strong><strong>PRECIO POR PERSONA 69,00<\/strong><strong>\u20ac<\/strong><\/p>\n<p style=\"text-align: center;\"><strong>10% IVA INCLUIDO<\/strong><\/p>\n<p style=\"text-align: center;\"><strong>\u00a0<\/strong><\/p>\n<p style=\"text-align: center;\"><strong>MEN\u00da III<\/strong><\/p>\n<p style=\"text-align: center;\"><strong>\u00a0<\/strong><strong>Primeros platos para compartir<\/strong><\/p>\n<p style=\"text-align: center;\"><strong>(1 plato cada 4 personas)<\/strong><\/p>\n<p style=\"text-align: center;\">Jam\u00f3n y lomo ib\u00e9rico puro bellota<\/p>\n<p style=\"text-align: center;\">Gambas blancas de Huelva cocidas.<\/p>\n<p style=\"text-align: center;\">Alcachofas naturales a la parrilla a la escama de sal.<\/p>\n<p style=\"text-align: center;\">Lubina de costa frita al adobo de lima, cebolla roja encurtida y cilantro.<\/p>\n<p style=\"text-align: center;\">\n<p style=\"text-align: center;\">\n<p style=\"text-align: center;\"><strong>Segundo plato (A elegir una opci\u00f3n)<\/strong><\/p>\n<p style=\"text-align: center;\"><strong>(Para m\u00e1s de 50 pax, elegir por adelantado un \u00fanico plato para todo el grupo)<\/strong><\/p>\n<p style=\"text-align: center;\">Caldereta de arroz con carabinero del Sur.<\/p>\n<p style=\"text-align: center;\">===<\/p>\n<p style=\"text-align: center;\">Merluza de Burela a la Bilba\u00edna con verduras al-dente.<\/p>\n<p style=\"text-align: center;\">===<\/p>\n<p style=\"text-align: center;\">Lomo bajo madurado \u00a0a la parrilla con pimientos del piquillo confitados.<\/p>\n<p style=\"text-align: center;\">\n<p style=\"text-align: center;\">\n<p style=\"text-align: center;\"><strong>El final m\u00e1s dulce<\/strong><\/p>\n<p style=\"text-align: center;\">Tiramis\u00fa con Mascarpone, soletilla de caf\u00e9 y Amaretto.<\/p>\n<p style=\"text-align: center;\">Caf\u00e9 Ar\u00e1bica e infusiones naturales.<\/p>\n<p style=\"text-align: center;\">Dulces de la Casa.<\/p>\n<p style=\"text-align: center;\"><strong>\u00a0\u00a0\u00a0\u00a0\u00a0\u00a0\u00a0\u00a0\u00a0\u00a0\u00a0\u00a0\u00a0\u00a0\u00a0\u00a0\u00a0\u00a0\u00a0\u00a0\u00a0\u00a0\u00a0\u00a0\u00a0\u00a0\u00a0\u00a0\u00a0\u00a0\u00a0\u00a0\u00a0\u00a0\u00a0\u00a0\u00a0\u00a0\u00a0\u00a0\u00a0\u00a0\u00a0\u00a0\u00a0\u00a0\u00a0\u00a0\u00a0\u00a0\u00a0\u00a0\u00a0\u00a0\u00a0\u00a0\u00a0\u00a0\u00a0\u00a0\u00a0\u00a0\u00a0\u00a0\u00a0\u00a0\u00a0\u00a0\u00a0\u00a0\u00a0\u00a0\u00a0\u00a0\u00a0 <\/strong><\/p>\n<p style=\"text-align: center;\"><strong>Nuestra bodega<\/strong><\/p>\n<p style=\"text-align: center;\"><strong>(a elegir un vino blanco y un vino tinto)<\/strong><\/p>\n<p style=\"text-align: center;\"><strong>Vinos blancos (Magnum)<\/strong><\/p>\n<p style=\"text-align: center;\">(D.O. Rueda) Mantel Blanco &#8211; Verdejo 100%.<\/p>\n<p style=\"text-align: center;\">(D.O. Valdeorras) Montenovo &#8211; Godello 100%.<\/p>\n<p style=\"text-align: center;\">(D.O. R\u00edas Baixas) Mart\u00edn C\u00f3dax sobre L\u00edas &#8211; Albari\u00f1o 100%.<\/p>\n<p style=\"text-align: center;\"><strong>Vinos tintos (Magnum)<\/strong><\/p>\n<p style=\"text-align: center;\">(D.O.Ca. Rioja) Izadi Crianza &#8211; Tempranillo 100%.<\/p>\n<p style=\"text-align: center;\">\u00a0(D.O. Ribera de Duero) Vi\u00f1a Pedrosa &#8211; Tinto Fino 100%.<\/p>\n<p style=\"text-align: center;\">(D.O.Ca. Rioja) XR de Marqu\u00e9s de Riscal Reserva \u2013 Tempranillo 95%, Graciano 5%.<\/p>\n<p style=\"text-align: center;\">\u00a0Aguas minerales (con o sin gas).<\/p>\n<p style=\"text-align: center;\">\n<p style=\"text-align: center;\"><strong>PRECIO POR PERSONA 75,00<\/strong><strong>\u20ac<\/strong><\/p>\n<p style=\"text-align: center;\"><strong>10% IVA<\/strong><strong> INCLUIDO<\/strong><\/p>\n<p style=\"text-align: center;\"><strong><\/strong><\/p>\n<p style=\"text-align: center;\"><strong><\/strong><\/p>\n<p style=\"text-align: center;\"><strong>MEN\u00da IV<\/strong><\/p>\n<p style=\"text-align: center;\"><strong>\u00a0<\/strong><strong>Primeros platos para compartir<\/strong><\/p>\n<p style=\"text-align: center;\"><strong>(1 plato cada 4 personas)<\/strong><\/p>\n<p style=\"text-align: center;\">Jam\u00f3n y lomo ib\u00e9rico puro bellota<\/p>\n<p style=\"text-align: center;\">Almejas salvajes de la R\u00eda de Arosa a la sart\u00e9n.<\/p>\n<p style=\"text-align: center;\">Gamba roja de Denia hervida o parrilla al momento.<\/p>\n<p style=\"text-align: center;\">Pulpo de pedrero a la brasa con alioli suave.<\/p>\n<p style=\"text-align: center;\"><strong>\u00a0<\/strong><\/p>\n<p style=\"text-align: center;\"><strong>Segundo plato (a elegir una opci\u00f3n)<\/strong><\/p>\n<p style=\"text-align: center;\"><strong>(Para m\u00e1s de 50 pax, elegir por adelantado un \u00fanico plato para todo el grupo)<\/strong><\/p>\n<p style=\"text-align: center;\">Caldereta de arroz con bogavante nacional.<\/p>\n<p style=\"text-align: center;\">===<\/p>\n<p style=\"text-align: center;\">Rodaballo estilo Guetaria.<\/p>\n<p style=\"text-align: center;\">===<\/p>\n<p style=\"text-align: center;\">Paletilla de cordero lechal en su jugo.<\/p>\n<p style=\"text-align: center;\">\n<p style=\"text-align: center;\">\n<p style=\"text-align: center;\"><strong>El final m\u00e1s dulce<\/strong><\/p>\n<p style=\"text-align: center;\">Hojaldre de manzana hecho al momento<\/p>\n<p style=\"text-align: center;\">con crema helada de vainilla.<\/p>\n<p style=\"text-align: center;\">Caf\u00e9 Ar\u00e1bica e infusiones naturales.<\/p>\n<p style=\"text-align: center;\">Dulces de la Casa.<\/p>\n<p style=\"text-align: center;\">\n<p style=\"text-align: center;\"><strong>Nuestra bodega<\/strong><\/p>\n<p style=\"text-align: center;\"><strong>(a elegir un vino blanco y un vino tinto)<\/strong><\/p>\n<p style=\"text-align: center;\"><strong>Vinos blancos (Magnum)<\/strong><\/p>\n<p style=\"text-align: center;\">(D.O. Rueda) Mantel Blanco &#8211; Verdejo 100%.<\/p>\n<p style=\"text-align: center;\">(D.O. Valdeorras) Montenovo &#8211; Godello 100%.<\/p>\n<p style=\"text-align: center;\">(D.O. R\u00edas Baixas) Mart\u00edn C\u00f3dax sobre L\u00edas &#8211; Albari\u00f1o 100%.<\/p>\n<p style=\"text-align: center;\"><strong>Vinos tintos (Magnum)<\/strong><\/p>\n<p style=\"text-align: center;\">(D.O.Ca. Rioja) Izadi Crianza &#8211; Tempranillo 100%.<\/p>\n<p style=\"text-align: center;\">\u00a0(D.O. Ribera de Duero) Vi\u00f1a Pedrosa &#8211; Tinto Fino 100%.<\/p>\n<p style=\"text-align: center;\">(D.O.Ca. Rioja) XR de Marqu\u00e9s de Riscal Reserva \u2013 Tempranillo 95%, Graciano 5%.<\/p>\n<p style=\"text-align: center;\">Aguas minerales (con o sin gas).<\/p>\n<p style=\"text-align: center;\"><strong>PRECIO POR PERSONA 78,00<\/strong><strong>\u20ac <\/strong><\/p>\n<p style=\"text-align: center;\"><strong>10% IVA<\/strong><strong> INCLUIDO<\/strong><\/p>\n<p style=\"text-align: center;\"><strong><\/strong><\/p>\n<p style=\"text-align: left;\"><strong><em>Indicaciones: <\/em><\/strong><\/p>\n<ul>\n<li><em>Men\u00fas de grupo para <strong>10 pax. m\u00ednimo.<\/strong><\/em><\/li>\n<li><em>El men\u00fa incluye las bebidas desde el inicio de la comida\/cena (entrantes) hasta fin de la misma (postres).<\/em><\/li>\n<li><em>Las consumiciones que se tomen antes o despu\u00e9s se consideran extras y, por lo tanto, se abonar\u00edan aparte.<\/em><\/li>\n<li><em>Consulte las opciones de bienvenida con nuestro Departamento de Eventos.<\/em><\/li>\n<li><em>Si tiene alguna intolerancia alimentaria, h\u00e1ganoslo saber. Disponemos de informaci\u00f3n sobre al\u00e9rgenos.<\/em><\/li>\n<li><em>Los platos del men\u00fa son susceptibles de ser sustituidos por otros de iguales o mejores caracter\u00edsticas seg\u00fan necesidades del restaurante.<\/em><\/li>\n<\/ul>\n<p>&nbsp;<\/p>\n<p>[\/et_pb_toggle][et_pb_toggle title=\u00bbMEN\u00da ESPECIAL NOCHEVIEJA\u00bb open_toggle_background_color=\u00bb#f7f7f7&#8243; closed_toggle_background_color=\u00bb#f7f7f7&#8243; icon_color=\u00bb#8e794e\u00bb open_icon_color=\u00bb#8e794e\u00bb disabled_on=\u00bboff|off|off\u00bb admin_label=\u00bbCOCKTAILS GRUPO OTER\u00bb _builder_version=\u00bb4.27.4&#8243; title_font=\u00bbJosefin Sans||||||||\u00bb title_line_height=\u00bb1.4em\u00bb body_font=\u00bbJosefin Sans||||||||\u00bb body_font_size=\u00bb15px\u00bb body_line_height=\u00bb1.8em\u00bb vertical_offset_tablet=\u00bb0&#8243; horizontal_offset_tablet=\u00bb0&#8243; animation_style=\u00bbfade\u00bb title_text_shadow_horizontal_length_tablet=\u00bb0px\u00bb title_text_shadow_vertical_length_tablet=\u00bb0px\u00bb title_text_shadow_blur_strength_tablet=\u00bb1px\u00bb closed_title_text_shadow_horizontal_length_tablet=\u00bb0px\u00bb closed_title_text_shadow_vertical_length_tablet=\u00bb0px\u00bb closed_title_text_shadow_blur_strength_tablet=\u00bb1px\u00bb body_text_shadow_horizontal_length_tablet=\u00bb0px\u00bb body_text_shadow_vertical_length_tablet=\u00bb0px\u00bb body_text_shadow_blur_strength_tablet=\u00bb1px\u00bb body_link_text_shadow_horizontal_length_tablet=\u00bb0px\u00bb body_link_text_shadow_vertical_length_tablet=\u00bb0px\u00bb body_link_text_shadow_blur_strength_tablet=\u00bb1px\u00bb body_ul_text_shadow_horizontal_length_tablet=\u00bb0px\u00bb body_ul_text_shadow_vertical_length_tablet=\u00bb0px\u00bb body_ul_text_shadow_blur_strength_tablet=\u00bb1px\u00bb body_ol_text_shadow_horizontal_length_tablet=\u00bb0px\u00bb body_ol_text_shadow_vertical_length_tablet=\u00bb0px\u00bb body_ol_text_shadow_blur_strength_tablet=\u00bb1px\u00bb body_quote_text_shadow_horizontal_length_tablet=\u00bb0px\u00bb body_quote_text_shadow_vertical_length_tablet=\u00bb0px\u00bb body_quote_text_shadow_blur_strength_tablet=\u00bb1px\u00bb border_width_all=\u00bb0px\u00bb box_shadow_horizontal_tablet=\u00bb0px\u00bb box_shadow_vertical_tablet=\u00bb0px\u00bb box_shadow_blur_tablet=\u00bb40px\u00bb box_shadow_spread_tablet=\u00bb0px\u00bb text_shadow_horizontal_length_tablet=\u00bb0px\u00bb text_shadow_vertical_length_tablet=\u00bb0px\u00bb text_shadow_blur_strength_tablet=\u00bb1px\u00bb global_colors_info=\u00bb{}\u00bb]<\/p>\n<p><img decoding=\"async\" data-src=\"https:\/\/wp.grupo-oter.net\/cartas\/wp-content\/uploads\/sites\/40\/2025\/10\/Cena-Gala-Nochevieja-2025-26-Telegrafo.jpg\" width=\"1192\" height=\"1684\" alt=\"\" class=\"wp-image-13906 alignnone size-full lazyload\" data-srcset=\"https:\/\/wp.grupo-oter.net\/cartas\/wp-content\/uploads\/sites\/40\/2025\/10\/Cena-Gala-Nochevieja-2025-26-Telegrafo.jpg 1192w, https:\/\/wp.grupo-oter.net\/cartas\/wp-content\/uploads\/sites\/40\/2025\/10\/Cena-Gala-Nochevieja-2025-26-Telegrafo-980x1384.jpg 980w, https:\/\/wp.grupo-oter.net\/cartas\/wp-content\/uploads\/sites\/40\/2025\/10\/Cena-Gala-Nochevieja-2025-26-Telegrafo-480x678.jpg 480w\" data-sizes=\"(min-width: 0px) and (max-width: 480px) 480px, (min-width: 481px) and (max-width: 980px) 980px, (min-width: 981px) 1192px, 100vw\" src=\"data:image\/svg+xml;base64,PHN2ZyB3aWR0aD0iMSIgaGVpZ2h0PSIxIiB4bWxucz0iaHR0cDovL3d3dy53My5vcmcvMjAwMC9zdmciPjwvc3ZnPg==\" style=\"--smush-placeholder-width: 1192px; --smush-placeholder-aspect-ratio: 1192\/1684;\" \/><\/p>\n<p>[\/et_pb_toggle][\/et_pb_column_inner][\/et_pb_row_inner][\/et_pb_column][et_pb_column type=\u00bb1_3&#8243; _builder_version=\u00bb4.16&#8243; custom_padding=\u00bb|||\u00bb global_colors_info=\u00bb{}\u00bb custom_padding__hover=\u00bb|||\u00bb][\/et_pb_column][\/et_pb_section]<\/p>\n","protected":false},"excerpt":{"rendered":"<p>\u00a0 MEN\u00daS PARA GRUPOS (10% iva incluido) MEN\u00da I Primeros platos para compartir (1 plato cada 4 personas) Jam\u00f3n y lomo ib\u00e9rico puro bellota Croquetas cremosas de centollo (2 Uds. por persona). Pulpo de pedrero cocido al aceite de piment\u00f3n de la Vera. Tomates seleccionados con aguacate, rabanitos y albahaca al ali\u00f1o de lima. Segundo [&hellip;]<\/p>\n","protected":false},"author":2,"featured_media":0,"parent":0,"menu_order":0,"comment_status":"closed","ping_status":"closed","template":"page-template-blank.php","meta":{"_et_pb_use_builder":"on","_et_pb_old_content":"","_et_gb_content_width":"","footnotes":""},"class_list":["post-4776","page","type-page","status-publish","hentry"],"_links":{"self":[{"href":"https:\/\/wp.grupo-oter.net\/cartas\/wp-json\/wp\/v2\/pages\/4776","targetHints":{"allow":["GET"]}}],"collection":[{"href":"https:\/\/wp.grupo-oter.net\/cartas\/wp-json\/wp\/v2\/pages"}],"about":[{"href":"https:\/\/wp.grupo-oter.net\/cartas\/wp-json\/wp\/v2\/types\/page"}],"author":[{"embeddable":true,"href":"https:\/\/wp.grupo-oter.net\/cartas\/wp-json\/wp\/v2\/users\/2"}],"replies":[{"embeddable":true,"href":"https:\/\/wp.grupo-oter.net\/cartas\/wp-json\/wp\/v2\/comments?post=4776"}],"version-history":[{"count":34,"href":"https:\/\/wp.grupo-oter.net\/cartas\/wp-json\/wp\/v2\/pages\/4776\/revisions"}],"predecessor-version":[{"id":13971,"href":"https:\/\/wp.grupo-oter.net\/cartas\/wp-json\/wp\/v2\/pages\/4776\/revisions\/13971"}],"wp:attachment":[{"href":"https:\/\/wp.grupo-oter.net\/cartas\/wp-json\/wp\/v2\/media?parent=4776"}],"curies":[{"name":"wp","href":"https:\/\/api.w.org\/{rel}","templated":true}]}}