{"id":4721,"date":"2020-11-25T14:43:59","date_gmt":"2020-11-25T14:43:59","guid":{"rendered":"https:\/\/wp.grupo-oter.net\/cartas\/?page_id=4721"},"modified":"2025-10-31T08:22:15","modified_gmt":"2025-10-31T08:22:15","slug":"menus-el-barril-de-alcantara","status":"publish","type":"page","link":"https:\/\/wp.grupo-oter.net\/cartas\/menus-el-barril-de-alcantara\/","title":{"rendered":"Men\u00fas El Barril de Alc\u00e1ntara"},"content":{"rendered":"<p>[et_pb_section fb_built=\u00bb1&#8243; specialty=\u00bbon\u00bb custom_padding_last_edited=\u00bbon|phone\u00bb admin_label=\u00bbTestimonials\u00bb _builder_version=\u00bb4.16&#8243; vertical_offset_tablet=\u00bb0&#8243; horizontal_offset_tablet=\u00bb0&#8243; custom_padding=\u00bb||150px|\u00bb custom_padding_tablet=\u00bb|||\u00bb custom_padding_phone=\u00bb||||false|false\u00bb bottom_divider_style=\u00bbslant2&#8243; bottom_divider_color=\u00bb#3a5268&#8243; bottom_divider_height=\u00bb160px\u00bb bottom_divider_flip=\u00bbvertical\u00bb bottom_divider_height_tablet=\u00bb\u00bb bottom_divider_height_phone=\u00bb90px\u00bb bottom_divider_height_last_edited=\u00bbon|tablet\u00bb z_index_tablet=\u00bb0&#8243; box_shadow_horizontal_tablet=\u00bb0px\u00bb box_shadow_vertical_tablet=\u00bb0px\u00bb box_shadow_blur_tablet=\u00bb40px\u00bb box_shadow_spread_tablet=\u00bb0px\u00bb global_colors_info=\u00bb{}\u00bb][et_pb_column type=\u00bb2_3&#8243; specialty_columns=\u00bb2&#8243; _builder_version=\u00bb4.16&#8243; custom_padding=\u00bb|||\u00bb global_colors_info=\u00bb{}\u00bb custom_padding__hover=\u00bb|||\u00bb][et_pb_row_inner column_structure=\u00bbundefined\u00bb _builder_version=\u00bb4.16&#8243; global_colors_info=\u00bb{}\u00bb][et_pb_column_inner type=\u00bbundefined\u00bb saved_specialty_column_type=\u00bb2_3&#8243; _builder_version=\u00bb4.16&#8243; custom_padding=\u00bb|||\u00bb global_colors_info=\u00bb{}\u00bb custom_padding__hover=\u00bb|||\u00bb][et_pb_text _builder_version=\u00bb4.16&#8243; text_font=\u00bbJosefin Sans||||||||\u00bb vertical_offset_tablet=\u00bb0&#8243; horizontal_offset_tablet=\u00bb0&#8243; z_index_tablet=\u00bb0&#8243; text_text_shadow_horizontal_length_tablet=\u00bb0px\u00bb text_text_shadow_vertical_length_tablet=\u00bb0px\u00bb text_text_shadow_blur_strength_tablet=\u00bb1px\u00bb link_text_shadow_horizontal_length_tablet=\u00bb0px\u00bb link_text_shadow_vertical_length_tablet=\u00bb0px\u00bb link_text_shadow_blur_strength_tablet=\u00bb1px\u00bb ul_text_shadow_horizontal_length_tablet=\u00bb0px\u00bb ul_text_shadow_vertical_length_tablet=\u00bb0px\u00bb ul_text_shadow_blur_strength_tablet=\u00bb1px\u00bb ol_text_shadow_horizontal_length_tablet=\u00bb0px\u00bb ol_text_shadow_vertical_length_tablet=\u00bb0px\u00bb ol_text_shadow_blur_strength_tablet=\u00bb1px\u00bb quote_text_shadow_horizontal_length_tablet=\u00bb0px\u00bb quote_text_shadow_vertical_length_tablet=\u00bb0px\u00bb quote_text_shadow_blur_strength_tablet=\u00bb1px\u00bb header_text_shadow_horizontal_length_tablet=\u00bb0px\u00bb header_text_shadow_vertical_length_tablet=\u00bb0px\u00bb header_text_shadow_blur_strength_tablet=\u00bb1px\u00bb header_2_text_shadow_horizontal_length_tablet=\u00bb0px\u00bb header_2_text_shadow_vertical_length_tablet=\u00bb0px\u00bb header_2_text_shadow_blur_strength_tablet=\u00bb1px\u00bb header_3_text_shadow_horizontal_length_tablet=\u00bb0px\u00bb header_3_text_shadow_vertical_length_tablet=\u00bb0px\u00bb header_3_text_shadow_blur_strength_tablet=\u00bb1px\u00bb header_4_text_shadow_horizontal_length_tablet=\u00bb0px\u00bb header_4_text_shadow_vertical_length_tablet=\u00bb0px\u00bb header_4_text_shadow_blur_strength_tablet=\u00bb1px\u00bb header_5_text_shadow_horizontal_length_tablet=\u00bb0px\u00bb header_5_text_shadow_vertical_length_tablet=\u00bb0px\u00bb header_5_text_shadow_blur_strength_tablet=\u00bb1px\u00bb header_6_text_shadow_horizontal_length_tablet=\u00bb0px\u00bb header_6_text_shadow_vertical_length_tablet=\u00bb0px\u00bb header_6_text_shadow_blur_strength_tablet=\u00bb1px\u00bb box_shadow_horizontal_tablet=\u00bb0px\u00bb box_shadow_vertical_tablet=\u00bb0px\u00bb box_shadow_blur_tablet=\u00bb40px\u00bb box_shadow_spread_tablet=\u00bb0px\u00bb global_colors_info=\u00bb{}\u00bb]<\/p>\n<p><img decoding=\"async\" class=\"size-full wp-image-94 aligncenter lazyload\" data-src=\"https:\/\/wp.grupo-oter.net\/cartas\/wp-content\/uploads\/sites\/40\/2020\/05\/El-Barril-de-Alc\u00e1ntara-LOGO.jpg\" alt=\"\" width=\"125\" height=\"100\" src=\"data:image\/svg+xml;base64,PHN2ZyB3aWR0aD0iMSIgaGVpZ2h0PSIxIiB4bWxucz0iaHR0cDovL3d3dy53My5vcmcvMjAwMC9zdmciPjwvc3ZnPg==\" style=\"--smush-placeholder-width: 125px; --smush-placeholder-aspect-ratio: 125\/100;\" \/><\/p>\n<h2>\u00a0<\/h2>\n<h2 style=\"text-align: center;\"><span style=\"color: #3a5268;\"><strong>MEN\u00daS PARA GRUPOS<\/strong><\/span><\/h2>\n<h2 style=\"text-align: center;\"><strong style=\"color: #3a5268; font-size: 18px;\">(10% iva incluido)<\/strong><\/h2>\n<p>[\/et_pb_text][et_pb_toggle title=\u00bbMEN\u00daS DE GRUPOS (Validez JUNIO 2026)\u00bb open_toggle_background_color=\u00bb#f7f7f7&#8243; closed_toggle_background_color=\u00bb#f7f7f7&#8243; icon_color=\u00bb#3a5268&#8243; open_icon_color=\u00bb#3a5268&#8243; admin_label=\u00bbUN FINAL IRRESISTIBLE\u00bb _builder_version=\u00bb4.27.4&#8243; title_font=\u00bbJosefin Sans||||||||\u00bb title_line_height=\u00bb1.4em\u00bb body_font=\u00bbJosefin Sans||||||||\u00bb body_font_size=\u00bb15px\u00bb body_line_height=\u00bb1.8em\u00bb vertical_offset_tablet=\u00bb0&#8243; horizontal_offset_tablet=\u00bb0&#8243; animation_style=\u00bbfade\u00bb hover_enabled=\u00bb0&#8243; title_text_shadow_horizontal_length_tablet=\u00bb0px\u00bb title_text_shadow_vertical_length_tablet=\u00bb0px\u00bb title_text_shadow_blur_strength_tablet=\u00bb1px\u00bb closed_title_text_shadow_horizontal_length_tablet=\u00bb0px\u00bb closed_title_text_shadow_vertical_length_tablet=\u00bb0px\u00bb closed_title_text_shadow_blur_strength_tablet=\u00bb1px\u00bb body_text_shadow_horizontal_length_tablet=\u00bb0px\u00bb body_text_shadow_vertical_length_tablet=\u00bb0px\u00bb body_text_shadow_blur_strength_tablet=\u00bb1px\u00bb body_link_text_shadow_horizontal_length_tablet=\u00bb0px\u00bb body_link_text_shadow_vertical_length_tablet=\u00bb0px\u00bb body_link_text_shadow_blur_strength_tablet=\u00bb1px\u00bb body_ul_text_shadow_horizontal_length_tablet=\u00bb0px\u00bb body_ul_text_shadow_vertical_length_tablet=\u00bb0px\u00bb body_ul_text_shadow_blur_strength_tablet=\u00bb1px\u00bb body_ol_text_shadow_horizontal_length_tablet=\u00bb0px\u00bb body_ol_text_shadow_vertical_length_tablet=\u00bb0px\u00bb body_ol_text_shadow_blur_strength_tablet=\u00bb1px\u00bb body_quote_text_shadow_horizontal_length_tablet=\u00bb0px\u00bb body_quote_text_shadow_vertical_length_tablet=\u00bb0px\u00bb body_quote_text_shadow_blur_strength_tablet=\u00bb1px\u00bb border_width_all=\u00bb0px\u00bb box_shadow_horizontal_tablet=\u00bb0px\u00bb box_shadow_vertical_tablet=\u00bb0px\u00bb box_shadow_blur_tablet=\u00bb40px\u00bb box_shadow_spread_tablet=\u00bb0px\u00bb text_shadow_horizontal_length_tablet=\u00bb0px\u00bb text_shadow_vertical_length_tablet=\u00bb0px\u00bb text_shadow_blur_strength_tablet=\u00bb1px\u00bb global_colors_info=\u00bb{}\u00bb sticky_enabled=\u00bb0&#8243;]<\/p>\n<p style=\"text-align: center;\"><strong><em>MEN\u00da I<\/em><\/strong><\/p>\n<p style=\"text-align: center;\"><strong><em>\u00a0<\/em><\/strong><strong><em>Primeros platos para compartir<\/em><\/strong><\/p>\n<p style=\"text-align: center;\"><strong><em>(1 plato cada 4 personas)<\/em><\/strong><\/p>\n<p style=\"text-align: center;\"><em>Jam\u00f3n ib\u00e9rico de montanera al corte.<\/em><\/p>\n<p style=\"text-align: center;\"><em>Ensaladilla rusa de merluza de pincho.<\/em><\/p>\n<p style=\"text-align: center;\"><em>Zamburi\u00f1as gratinadas al Albari\u00f1o (2 uds por persona).<\/em><\/p>\n<p style=\"text-align: center;\"><em>Bienmesabe en adobo con pimientos asados.<\/em><\/p>\n<p style=\"text-align: center;\"><strong><em>\u00a0<\/em><\/strong><\/p>\n<p style=\"text-align: center;\"><strong><em>Para seguir (A elegir uno)<\/em><\/strong><\/p>\n<p style=\"text-align: center;\"><em>Caldereta de arroz marinero limpio, \u201cpara no mancharse\u201d.<\/em><\/p>\n<p style=\"text-align: center;\"><em>o<\/em><\/p>\n<p style=\"text-align: center;\"><em>Chipirones de anzuelo a la parrilla con Alioli suave.<\/em><\/p>\n<p style=\"text-align: center;\"><em>o<\/em><\/p>\n<p style=\"text-align: center;\"><em>Salteado de solomillo en su jugo al Ajo-guindilla.<\/em><\/p>\n<p style=\"text-align: center;\"><em>\u00a0<\/em><\/p>\n<p style=\"text-align: center;\"><strong><em>El dulce final<\/em><\/strong><\/p>\n<p style=\"text-align: center;\"><em>Tarta de queso hecha en Casa con caramelo Toffee.<\/em><\/p>\n<p style=\"text-align: center;\"><em>Caf\u00e9 Ar\u00e1bica e infusiones naturales.<\/em><\/p>\n<p style=\"text-align: center;\"><em>Dulces de la Casa.<\/em><\/p>\n<p style=\"text-align: center;\"><em>(El pan y los postres se elaboran en nuestro Obrador).<\/em><\/p>\n<p style=\"text-align: center;\"><em>\u00a0<\/em><\/p>\n<p style=\"text-align: center;\"><strong><em>Nuestra bodega<\/em><\/strong><\/p>\n<p style=\"text-align: center;\"><strong><em>Vino blanco (Magnum)<\/em><\/strong><\/p>\n<p style=\"text-align: center;\"><em>(D.O. Rueda) Guardavi\u00f1as &#8211; Verdejo 100%.<\/em><\/p>\n<p style=\"text-align: center;\"><strong><em>Vino tinto (Magnum)<\/em><\/strong><\/p>\n<p style=\"text-align: center;\"><em>(D.O.Ca. Rioja) Hacienda Calavia Crianza \u2013 Tempranillo 100%.<\/em><em>\u00a0<\/em><\/p>\n<p style=\"text-align: center;\"><em>Aguas minerales (con o sin gas).<\/em><\/p>\n<p style=\"text-align: center;\"><strong><em>PRECIO POR PERSONA 65,00\u20ac<\/em><\/strong><\/p>\n<p style=\"text-align: center;\"><strong><em>10% IVA INCLUIDO<\/em><\/strong><\/p>\n<p style=\"text-align: center;\"><strong><em><\/em><\/strong><\/p>\n<p style=\"text-align: center;\"><strong><em><\/em><\/strong><\/p>\n<p style=\"text-align: center;\"><strong><em>MEN\u00da II<\/em><\/strong><\/p>\n<p style=\"text-align: center;\"><strong><em>\u00a0<\/em><\/strong><strong style=\"font-size: 15px;\"><em>Primeros platos para compartir<\/em><\/strong><\/p>\n<p style=\"text-align: center;\"><strong><em>(1 plato cada 4 personas)<\/em><\/strong><\/p>\n<p style=\"text-align: center;\"><em>Jam\u00f3n ib\u00e9rico de montanera al corte.<\/em><\/p>\n<p style=\"text-align: center;\"><em>Alcachofas braseadas a la escama de sal (2 uds por persona).<\/em><\/p>\n<p style=\"text-align: center;\"><em>Croquetitas caseras del Chef (2 uds por persona).<\/em><\/p>\n<p style=\"text-align: center;\"><em>Boquerones plateados fritos al momento.<\/em><\/p>\n<p style=\"text-align: center;\"><em>\u00a0<\/em><\/p>\n<p style=\"text-align: center;\"><strong><em>Para seguir (A elegir uno)<\/em><\/strong><\/p>\n<p style=\"text-align: center;\"><em>Arroz con chipirones y verdurita de temporada.<\/em><\/p>\n<p style=\"text-align: center;\"><em>o<\/em><\/p>\n<p style=\"text-align: center;\"><em>Rape de tripa negra al ajo dorado.<\/em><\/p>\n<p style=\"text-align: center;\"><em>o<\/em><\/p>\n<p style=\"text-align: center;\"><em>Entrecot de carne roja a la parrilla con patatas fritas al momento.<\/em><\/p>\n<p style=\"text-align: center;\"><em>\u00a0<\/em><\/p>\n<p style=\"text-align: center;\"><strong><em>El dulce final<\/em><\/strong><\/p>\n<p style=\"text-align: center;\"><em>Tiramis\u00fa con soletilla de caf\u00e9, Mascarpone y su Amaretto.<\/em><\/p>\n<p style=\"text-align: center;\"><em>Caf\u00e9 Ar\u00e1bica e infusiones naturales.<\/em><\/p>\n<p style=\"text-align: center;\"><em>Dulces de la Casa.<\/em><\/p>\n<p style=\"text-align: center;\"><em>\u00a0(El pan y los postres se elaboran en nuestro Obrador).<\/em><\/p>\n<p style=\"text-align: center;\"><em>\u00a0<\/em><\/p>\n<p style=\"text-align: center;\"><strong><em>Nuestra bodega<\/em><\/strong><\/p>\n<p style=\"text-align: center;\"><strong><em>(A elegir un vino blanco y un vino tinto)<\/em><\/strong><\/p>\n<p style=\"text-align: center;\"><strong><em>Vinos blancos (Magnum)<\/em><\/strong><\/p>\n<p style=\"text-align: center;\"><em>(D.O. Rueda) Mantel Blanco &#8211; Verdejo 100%.<\/em><\/p>\n<p style=\"text-align: center;\"><em>(D.O. Valdeorras) Montenovo &#8211; Godello 100%.<\/em><\/p>\n<p style=\"text-align: center;\"><strong><em>Vinos tintos (Magnum)<\/em><\/strong><\/p>\n<p style=\"text-align: center;\"><em>(D.O.Ca. Rioja) Hacienda Calavia, Crianza &#8211; Tempranillo 100<\/em><em>%.<\/em><\/p>\n<p style=\"text-align: center;\"><em>\u00a0(D.O. Ribera de Duero) Vi\u00f1a Pedrosa &#8211; Tinto Fino 100%.<\/em><\/p>\n<p style=\"text-align: center;\"><em>Aguas minerales (con o sin gas).<\/em><\/p>\n<p style=\"text-align: center;\"><strong><em>\u00a0<\/em><\/strong><strong><em>PRECIO POR PERSONA 67,00\u20ac<\/em><\/strong><\/p>\n<p style=\"text-align: center;\"><strong><em>10% IVA INCLUIDO<\/em><\/strong><\/p>\n<p style=\"text-align: center;\"><strong><em><\/em><\/strong><\/p>\n<p style=\"text-align: center;\"><strong><em>MEN\u00da III<\/em><\/strong><\/p>\n<p style=\"text-align: center;\"><strong><em>\u00a0<\/em><\/strong><strong><em>Primeros platos para compartir<\/em><\/strong><\/p>\n<p style=\"text-align: center;\"><em>Jam\u00f3n ib\u00e9rico de bellota al corte.<\/em><\/p>\n<p style=\"text-align: center;\"><em>Gambas blancas de Huelva cocidas.<\/em><\/p>\n<p style=\"text-align: center;\"><em>Ensalada de tomate de temporada, ventresca de bonito y cebolleta fresca.<\/em><\/p>\n<p style=\"text-align: center;\"><em>Calamares de potera a la Andaluza, fritos y crujientes.<\/em><\/p>\n<p style=\"text-align: center;\"><strong><em>\u00a0<\/em><\/strong><\/p>\n<p style=\"text-align: center;\"><strong><em>Para seguir (A elegir uno)<\/em><\/strong><\/p>\n<p style=\"text-align: center;\"><em>Arroz Marinero caldoso con chipirones y gamba de costa.<\/em><\/p>\n<p style=\"text-align: center;\"><em>o<\/em><\/p>\n<p style=\"text-align: center;\"><em>Merluza de Celeiro a la Bilba\u00edna con verduras grill\u00e9.<\/em><\/p>\n<p style=\"text-align: center;\"><em>o<\/em><\/p>\n<p style=\"text-align: center;\"><em>Solomillo de vaca mayor en su jugo con patata r\u00fastica y pimientos confitados.<\/em><\/p>\n<p style=\"text-align: center;\"><em>\u00a0<\/em><\/p>\n<p style=\"text-align: center;\"><strong><em>El dulce final<\/em><\/strong><\/p>\n<p style=\"text-align: center;\"><em>Tocino de cielo al caramelo con helado cremoso de vainilla.<\/em><\/p>\n<p style=\"text-align: center;\"><em>Caf\u00e9 Ar\u00e1bica e infusiones naturales.<\/em><\/p>\n<p style=\"text-align: center;\"><em>Dulces de la Casa.<\/em><\/p>\n<p style=\"text-align: center;\"><em>\u00a0(El pan y los postres se elaboran en nuestro Obrador).<\/em><\/p>\n<p style=\"text-align: center;\"><strong><em>\u00a0<\/em><\/strong><\/p>\n<p style=\"text-align: center;\"><strong><em>Nuestra bodega<\/em><\/strong><\/p>\n<p style=\"text-align: center;\"><strong><em>(a elegir un vino blanco y un vino tinto)<\/em><\/strong><\/p>\n<p style=\"text-align: center;\"><strong><em>Vinos blancos (Magnum)<\/em><\/strong><\/p>\n<p style=\"text-align: center;\"><em>(D.O. Rueda) Mantel Blanco &#8211; Verdejo 100%.<\/em><\/p>\n<p style=\"text-align: center;\"><em>(D.O. Valdeorras) Montenovo &#8211; Godello 100%.<\/em><\/p>\n<p style=\"text-align: center;\"><em>(D.O. R\u00edas Baixas) Mart\u00edn C\u00f3dax sobre L\u00edas &#8211; Albari\u00f1o 100%.<\/em><\/p>\n<p style=\"text-align: center;\"><strong><em>Vinos tintos (Magnum)<\/em><\/strong><\/p>\n<p style=\"text-align: center;\"><em>(D.O.Ca. Rioja) Izadi Crianza &#8211; Tempranillo 100<\/em><em>%.<\/em><\/p>\n<p style=\"text-align: center;\"><em>\u00a0(D.O. Ribera de Duero) Vi\u00f1a Pedrosa &#8211; Tinto Fino 100%.<\/em><\/p>\n<p style=\"text-align: center;\"><em>(D.O.Ca. Rioja) XR de Marqu\u00e9s de Riscal Reserva \u2013 Tempranillo 95%, Graciano 5%.<\/em><\/p>\n<p style=\"text-align: center;\"><em>Aguas minerales (con o sin gas).<\/em><\/p>\n<p style=\"text-align: center;\"><em>\u00a0<\/em><strong><em>PRECIO POR PERSONA 69,00\u20ac<\/em><\/strong><\/p>\n<p style=\"text-align: center;\"><strong><em>10% IVA INCLUIDO<\/em><\/strong><\/p>\n<p style=\"text-align: center;\"><strong><em><\/em><\/strong><\/p>\n<p style=\"text-align: center;\"><strong><em>MEN\u00da IV<\/em><\/strong><\/p>\n<p style=\"text-align: center;\"><strong><em>\u00a0<\/em><\/strong><strong><em>Primeros platos para compartir<\/em><\/strong><\/p>\n<p style=\"text-align: center;\"><strong><em>(1 plato cada 4 personas)<\/em><\/strong><\/p>\n<p style=\"text-align: center;\"><em>Jam\u00f3n ib\u00e9rico de bellota al corte.<\/em><\/p>\n<p style=\"text-align: center;\"><em>Gambas rojas de J\u00e1vea plancha.<\/em><\/p>\n<p style=\"text-align: center;\"><em>Bocaditos de merluza a la Gaditana.<\/em><\/p>\n<p style=\"text-align: center;\"><em>Pulpo de pedrero a la gallega con sus patatinas.<\/em><\/p>\n<p style=\"text-align: center;\"><em>\u00a0<\/em><\/p>\n<p style=\"text-align: center;\"><strong><em>Para seguir (a elegir uno)<\/em><\/strong><\/p>\n<p style=\"text-align: center;\"><em>Arroz caldoso con carabinero de Isla Cristina.<\/em><\/p>\n<p style=\"text-align: center;\"><em>o<\/em><\/p>\n<p style=\"text-align: center;\"><em>Lubina de estero al horno con Bilba\u00edna ligera y verduras al-dente.<\/em><\/p>\n<p style=\"text-align: center;\"><em>o<\/em><\/p>\n<p style=\"text-align: center;\"><em>Tourned\u00f3 de vaca madura en jugo de setas de temporada y patatas torneadas.<\/em><\/p>\n<p style=\"text-align: center;\"><em>\u00a0<\/em><\/p>\n<p style=\"text-align: center;\"><strong><em>El dulce final<\/em><\/strong><\/p>\n<p style=\"text-align: center;\"><em>Filloas de crema pastelera al punto de canela.<\/em><\/p>\n<p style=\"text-align: center;\"><em>Caf\u00e9 Ar\u00e1bica e infusiones naturales.<\/em><\/p>\n<p style=\"text-align: center;\"><em>Dulces de la Casa.<\/em><\/p>\n<p style=\"text-align: center;\"><em>\u00a0(El pan y los postres se elaboran en nuestro Obrador).<\/em><\/p>\n<p style=\"text-align: center;\"><strong><em>\u00a0<\/em><\/strong><\/p>\n<p style=\"text-align: center;\"><strong><em>Nuestra bodega<\/em><\/strong><\/p>\n<p style=\"text-align: center;\"><strong><em>(a elegir un vino blanco y un vino tinto)<\/em><\/strong><\/p>\n<p style=\"text-align: center;\"><strong><em>Vinos blancos (Magnum)<\/em><\/strong><\/p>\n<p style=\"text-align: center;\"><em>(D.O. Rueda) Mantel Blanco &#8211; Verdejo 100%.<\/em><\/p>\n<p style=\"text-align: center;\"><em>(D.O. Valdeorras) Montenovo &#8211; Godello 100%.<\/em><\/p>\n<p style=\"text-align: center;\"><em>(D.O. R\u00edas Baixas) Mart\u00edn C\u00f3dax sobre L\u00edas &#8211; Albari\u00f1o 100%.<\/em><\/p>\n<p style=\"text-align: center;\"><strong><em>Vinos tintos (Magnum)<\/em><\/strong><\/p>\n<p style=\"text-align: center;\"><em>(D.O.Ca. Rioja) Izadi Crianza &#8211; Tempranillo 100<\/em><em>%.<\/em><\/p>\n<p style=\"text-align: center;\"><em>\u00a0(D.O. Ribera de Duero) Vi\u00f1a Pedrosa &#8211; Tinto Fino 100%.<\/em><\/p>\n<p style=\"text-align: center;\"><em>(D.O.Ca. Rioja) XR de Marqu\u00e9s de Riscal Reserva \u2013 Tempranillo 95%, Graciano 5%.<\/em><\/p>\n<p style=\"text-align: center;\"><em>\u00a0<\/em><em>Aguas minerales (con o sin gas).<\/em><\/p>\n<p style=\"text-align: center;\"><strong><em>\u00a0<\/em><\/strong><strong><em>PRECIO POR PERSONA 75,00\u20ac <\/em><\/strong><\/p>\n<p style=\"text-align: center;\"><strong><em>10% IVA INCLUIDO<\/em><\/strong><\/p>\n<p style=\"text-align: center;\"><strong><em><\/em><\/strong><\/p>\n<p style=\"text-align: left;\"><strong><em>Indicaciones: <\/em><\/strong><\/p>\n<ul>\n<li><em>Men\u00fas de grupo para <strong>10 pax. m\u00ednimo<\/strong><\/em><\/li>\n<li><em>El men\u00fa incluye las bebidas desde el inicio de la comida\/cena (entrantes) hasta fin de la misma (postres).<\/em><\/li>\n<li><em>Las consumiciones que se tomen antes o despu\u00e9s se consideran extras y, por lo tanto, se abonar\u00edan aparte.<\/em><\/li>\n<li><em>Consulte las opciones de bienvenida con nuestro Departamento de Eventos.<\/em><\/li>\n<li><em>Si tiene alguna intolerancia alimentaria, h\u00e1ganoslo saber. Disponemos de informaci\u00f3n sobre al\u00e9rgenos.<\/em><\/li>\n<li><em>Los platos del men\u00fa son susceptibles de ser sustituidos por otros de iguales o mejores caracter\u00edsticas seg\u00fan necesidades del restaurante.<\/em><\/li>\n<\/ul>\n<p>[\/et_pb_toggle][et_pb_toggle title=\u00bbMEN\u00da ESPECIAL NAVIDAD\u00bb open_toggle_background_color=\u00bb#f7f7f7&#8243; closed_toggle_background_color=\u00bb#f7f7f7&#8243; icon_color=\u00bb#3a5268&#8243; open_icon_color=\u00bb#3a5268&#8243; disabled_on=\u00bboff|off|off\u00bb admin_label=\u00bbUN FINAL IRRESISTIBLE\u00bb _builder_version=\u00bb4.27.4&#8243; title_font=\u00bbJosefin Sans||||||||\u00bb title_line_height=\u00bb1.4em\u00bb body_font=\u00bbJosefin Sans||||||||\u00bb body_font_size=\u00bb15px\u00bb body_line_height=\u00bb1.8em\u00bb vertical_offset_tablet=\u00bb0&#8243; horizontal_offset_tablet=\u00bb0&#8243; animation_style=\u00bbfade\u00bb title_text_shadow_horizontal_length_tablet=\u00bb0px\u00bb title_text_shadow_vertical_length_tablet=\u00bb0px\u00bb title_text_shadow_blur_strength_tablet=\u00bb1px\u00bb closed_title_text_shadow_horizontal_length_tablet=\u00bb0px\u00bb closed_title_text_shadow_vertical_length_tablet=\u00bb0px\u00bb closed_title_text_shadow_blur_strength_tablet=\u00bb1px\u00bb body_text_shadow_horizontal_length_tablet=\u00bb0px\u00bb body_text_shadow_vertical_length_tablet=\u00bb0px\u00bb body_text_shadow_blur_strength_tablet=\u00bb1px\u00bb body_link_text_shadow_horizontal_length_tablet=\u00bb0px\u00bb body_link_text_shadow_vertical_length_tablet=\u00bb0px\u00bb body_link_text_shadow_blur_strength_tablet=\u00bb1px\u00bb body_ul_text_shadow_horizontal_length_tablet=\u00bb0px\u00bb body_ul_text_shadow_vertical_length_tablet=\u00bb0px\u00bb body_ul_text_shadow_blur_strength_tablet=\u00bb1px\u00bb body_ol_text_shadow_horizontal_length_tablet=\u00bb0px\u00bb body_ol_text_shadow_vertical_length_tablet=\u00bb0px\u00bb body_ol_text_shadow_blur_strength_tablet=\u00bb1px\u00bb body_quote_text_shadow_horizontal_length_tablet=\u00bb0px\u00bb body_quote_text_shadow_vertical_length_tablet=\u00bb0px\u00bb body_quote_text_shadow_blur_strength_tablet=\u00bb1px\u00bb border_width_all=\u00bb0px\u00bb box_shadow_horizontal_tablet=\u00bb0px\u00bb box_shadow_vertical_tablet=\u00bb0px\u00bb box_shadow_blur_tablet=\u00bb40px\u00bb box_shadow_spread_tablet=\u00bb0px\u00bb text_shadow_horizontal_length_tablet=\u00bb0px\u00bb text_shadow_vertical_length_tablet=\u00bb0px\u00bb text_shadow_blur_strength_tablet=\u00bb1px\u00bb global_colors_info=\u00bb{}\u00bb]<\/p>\n<p><a href=\"https:\/\/wp.grupo-oter.net\/cartas\/wp-content\/uploads\/sites\/40\/2024\/10\/Cena-Gala-Nochevieja-2024-25-BAlcantara.pdf\" rel=\"attachment wp-att-12586\"><\/a><\/p>\n<p style=\"text-align: center;\"><img decoding=\"async\" data-src=\"https:\/\/wp.grupo-oter.net\/cartas\/wp-content\/uploads\/sites\/40\/2025\/10\/Cena-Gala-Nochevieja-2025-26-BAlcantara.jpg\" width=\"1190\" height=\"1683\" alt=\"\" class=\"wp-image-13887 alignnone size-full lazyload\" data-srcset=\"https:\/\/wp.grupo-oter.net\/cartas\/wp-content\/uploads\/sites\/40\/2025\/10\/Cena-Gala-Nochevieja-2025-26-BAlcantara.jpg 1190w, https:\/\/wp.grupo-oter.net\/cartas\/wp-content\/uploads\/sites\/40\/2025\/10\/Cena-Gala-Nochevieja-2025-26-BAlcantara-980x1386.jpg 980w, https:\/\/wp.grupo-oter.net\/cartas\/wp-content\/uploads\/sites\/40\/2025\/10\/Cena-Gala-Nochevieja-2025-26-BAlcantara-480x679.jpg 480w\" data-sizes=\"(min-width: 0px) and (max-width: 480px) 480px, (min-width: 481px) and (max-width: 980px) 980px, (min-width: 981px) 1190px, 100vw\" src=\"data:image\/svg+xml;base64,PHN2ZyB3aWR0aD0iMSIgaGVpZ2h0PSIxIiB4bWxucz0iaHR0cDovL3d3dy53My5vcmcvMjAwMC9zdmciPjwvc3ZnPg==\" style=\"--smush-placeholder-width: 1190px; --smush-placeholder-aspect-ratio: 1190\/1683;\" \/><\/p>\n<p>[\/et_pb_toggle][\/et_pb_column_inner][\/et_pb_row_inner][\/et_pb_column][et_pb_column type=\u00bb1_3&#8243; _builder_version=\u00bb4.16&#8243; custom_padding=\u00bb|||\u00bb global_colors_info=\u00bb{}\u00bb custom_padding__hover=\u00bb|||\u00bb][\/et_pb_column][\/et_pb_section]<\/p>\n","protected":false},"excerpt":{"rendered":"<p>\u00a0 MEN\u00daS PARA GRUPOS (10% iva incluido) MEN\u00da I \u00a0Primeros platos para compartir (1 plato cada 4 personas) Jam\u00f3n ib\u00e9rico de montanera al corte. Ensaladilla rusa de merluza de pincho. Zamburi\u00f1as gratinadas al Albari\u00f1o (2 uds por persona). Bienmesabe en adobo con pimientos asados. \u00a0 Para seguir (A elegir uno) Caldereta de arroz marinero limpio, [&hellip;]<\/p>\n","protected":false},"author":2,"featured_media":0,"parent":0,"menu_order":0,"comment_status":"closed","ping_status":"closed","template":"page-template-blank.php","meta":{"_et_pb_use_builder":"on","_et_pb_old_content":"","_et_gb_content_width":"","footnotes":""},"class_list":["post-4721","page","type-page","status-publish","hentry"],"_links":{"self":[{"href":"https:\/\/wp.grupo-oter.net\/cartas\/wp-json\/wp\/v2\/pages\/4721","targetHints":{"allow":["GET"]}}],"collection":[{"href":"https:\/\/wp.grupo-oter.net\/cartas\/wp-json\/wp\/v2\/pages"}],"about":[{"href":"https:\/\/wp.grupo-oter.net\/cartas\/wp-json\/wp\/v2\/types\/page"}],"author":[{"embeddable":true,"href":"https:\/\/wp.grupo-oter.net\/cartas\/wp-json\/wp\/v2\/users\/2"}],"replies":[{"embeddable":true,"href":"https:\/\/wp.grupo-oter.net\/cartas\/wp-json\/wp\/v2\/comments?post=4721"}],"version-history":[{"count":31,"href":"https:\/\/wp.grupo-oter.net\/cartas\/wp-json\/wp\/v2\/pages\/4721\/revisions"}],"predecessor-version":[{"id":13939,"href":"https:\/\/wp.grupo-oter.net\/cartas\/wp-json\/wp\/v2\/pages\/4721\/revisions\/13939"}],"wp:attachment":[{"href":"https:\/\/wp.grupo-oter.net\/cartas\/wp-json\/wp\/v2\/media?parent=4721"}],"curies":[{"name":"wp","href":"https:\/\/api.w.org\/{rel}","templated":true}]}}