{"id":456,"date":"2020-05-14T14:29:16","date_gmt":"2020-05-14T14:29:16","guid":{"rendered":"https:\/\/wp.grupo-oter.net\/cartas\/?page_id=456"},"modified":"2025-06-10T14:57:53","modified_gmt":"2025-06-10T14:57:53","slug":"postres-pulperia-de-mila","status":"publish","type":"page","link":"https:\/\/wp.grupo-oter.net\/cartas\/postres-pulperia-de-mila\/","title":{"rendered":"Postres Pulper\u00eda de Mila"},"content":{"rendered":"<p>[et_pb_section fb_built=\u00bb1&#8243; specialty=\u00bbon\u00bb custom_padding_last_edited=\u00bbon|phone\u00bb admin_label=\u00bbTestimonials\u00bb _builder_version=\u00bb4.16&#8243; vertical_offset_tablet=\u00bb0&#8243; horizontal_offset_tablet=\u00bb0&#8243; custom_padding=\u00bb||150px|\u00bb custom_padding_tablet=\u00bb|||\u00bb custom_padding_phone=\u00bb||||false|false\u00bb bottom_divider_style=\u00bbslant2&#8243; bottom_divider_color=\u00bb#12589d\u00bb bottom_divider_height=\u00bb160px\u00bb bottom_divider_flip=\u00bbvertical\u00bb bottom_divider_height_tablet=\u00bb\u00bb bottom_divider_height_phone=\u00bb90px\u00bb bottom_divider_height_last_edited=\u00bbon|tablet\u00bb z_index_tablet=\u00bb0&#8243; box_shadow_horizontal_tablet=\u00bb0px\u00bb box_shadow_vertical_tablet=\u00bb0px\u00bb box_shadow_blur_tablet=\u00bb40px\u00bb box_shadow_spread_tablet=\u00bb0px\u00bb global_colors_info=\u00bb{}\u00bb][et_pb_column type=\u00bb2_3&#8243; specialty_columns=\u00bb2&#8243; _builder_version=\u00bb4.16&#8243; custom_padding=\u00bb|||\u00bb global_colors_info=\u00bb{}\u00bb custom_padding__hover=\u00bb|||\u00bb][et_pb_row_inner column_structure=\u00bbundefined\u00bb _builder_version=\u00bb4.16&#8243; global_colors_info=\u00bb{}\u00bb][et_pb_column_inner type=\u00bbundefined\u00bb saved_specialty_column_type=\u00bb2_3&#8243; _builder_version=\u00bb4.16&#8243; custom_padding=\u00bb|||\u00bb global_colors_info=\u00bb{}\u00bb custom_padding__hover=\u00bb|||\u00bb][et_pb_text _builder_version=\u00bb4.16&#8243; text_font=\u00bbJosefin Sans||||||||\u00bb vertical_offset_tablet=\u00bb0&#8243; horizontal_offset_tablet=\u00bb0&#8243; z_index_tablet=\u00bb0&#8243; text_text_shadow_horizontal_length_tablet=\u00bb0px\u00bb text_text_shadow_vertical_length_tablet=\u00bb0px\u00bb text_text_shadow_blur_strength_tablet=\u00bb1px\u00bb link_text_shadow_horizontal_length_tablet=\u00bb0px\u00bb link_text_shadow_vertical_length_tablet=\u00bb0px\u00bb link_text_shadow_blur_strength_tablet=\u00bb1px\u00bb ul_text_shadow_horizontal_length_tablet=\u00bb0px\u00bb ul_text_shadow_vertical_length_tablet=\u00bb0px\u00bb ul_text_shadow_blur_strength_tablet=\u00bb1px\u00bb ol_text_shadow_horizontal_length_tablet=\u00bb0px\u00bb ol_text_shadow_vertical_length_tablet=\u00bb0px\u00bb ol_text_shadow_blur_strength_tablet=\u00bb1px\u00bb quote_text_shadow_horizontal_length_tablet=\u00bb0px\u00bb quote_text_shadow_vertical_length_tablet=\u00bb0px\u00bb quote_text_shadow_blur_strength_tablet=\u00bb1px\u00bb header_text_shadow_horizontal_length_tablet=\u00bb0px\u00bb header_text_shadow_vertical_length_tablet=\u00bb0px\u00bb header_text_shadow_blur_strength_tablet=\u00bb1px\u00bb header_2_text_shadow_horizontal_length_tablet=\u00bb0px\u00bb header_2_text_shadow_vertical_length_tablet=\u00bb0px\u00bb header_2_text_shadow_blur_strength_tablet=\u00bb1px\u00bb header_3_text_shadow_horizontal_length_tablet=\u00bb0px\u00bb header_3_text_shadow_vertical_length_tablet=\u00bb0px\u00bb header_3_text_shadow_blur_strength_tablet=\u00bb1px\u00bb header_4_text_shadow_horizontal_length_tablet=\u00bb0px\u00bb header_4_text_shadow_vertical_length_tablet=\u00bb0px\u00bb header_4_text_shadow_blur_strength_tablet=\u00bb1px\u00bb header_5_text_shadow_horizontal_length_tablet=\u00bb0px\u00bb header_5_text_shadow_vertical_length_tablet=\u00bb0px\u00bb header_5_text_shadow_blur_strength_tablet=\u00bb1px\u00bb header_6_text_shadow_horizontal_length_tablet=\u00bb0px\u00bb header_6_text_shadow_vertical_length_tablet=\u00bb0px\u00bb header_6_text_shadow_blur_strength_tablet=\u00bb1px\u00bb box_shadow_horizontal_tablet=\u00bb0px\u00bb box_shadow_vertical_tablet=\u00bb0px\u00bb box_shadow_blur_tablet=\u00bb40px\u00bb box_shadow_spread_tablet=\u00bb0px\u00bb global_colors_info=\u00bb{}\u00bb]<\/p>\n<p><img decoding=\"async\" class=\"alignnone size-medium wp-image-62 aligncenter lazyload\" data-src=\"https:\/\/wp.grupo-oter.net\/cartas\/wp-content\/uploads\/sites\/40\/2020\/04\/LOGO-LaPulperiadeMila-300x131.png\" alt=\"\" width=\"300\" height=\"131\" src=\"data:image\/svg+xml;base64,PHN2ZyB3aWR0aD0iMSIgaGVpZ2h0PSIxIiB4bWxucz0iaHR0cDovL3d3dy53My5vcmcvMjAwMC9zdmciPjwvc3ZnPg==\" style=\"--smush-placeholder-width: 300px; --smush-placeholder-aspect-ratio: 300\/131;\" \/><\/p>\n<h2>\u00a0<\/h2>\n<h2 style=\"text-align: center;\"><span style=\"color: #12589d;\"><strong>CARTA DE POSTRES<\/strong><\/span><\/h2>\n<h4 style=\"text-align: center;\"><span style=\"color: #12589d; font-size: small;\"><strong>(10% IVA INCLUIDO) TAMBI\u00c9N PARA LLEVAR<\/strong><\/span><\/h4>\n<p>[\/et_pb_text][et_pb_toggle title=\u00bbPOSTRES DE NUESTRO OBRADOR\u00bb open_toggle_background_color=\u00bb#f7f7f7&#8243; closed_toggle_background_color=\u00bb#f7f7f7&#8243; icon_color=\u00bb#12589d\u00bb open_icon_color=\u00bb#12589d\u00bb admin_label=\u00bbPOSTRES TRADICIONALES\u00bb _builder_version=\u00bb4.27.4&#8243; title_font=\u00bbJosefin Sans||||||||\u00bb title_line_height=\u00bb1.4em\u00bb body_font=\u00bbJosefin Sans||||||||\u00bb body_font_size=\u00bb15px\u00bb body_line_height=\u00bb1.8em\u00bb vertical_offset_tablet=\u00bb0&#8243; horizontal_offset_tablet=\u00bb0&#8243; animation_style=\u00bbfade\u00bb hover_enabled=\u00bb0&#8243; title_text_shadow_horizontal_length_tablet=\u00bb0px\u00bb title_text_shadow_vertical_length_tablet=\u00bb0px\u00bb title_text_shadow_blur_strength_tablet=\u00bb1px\u00bb closed_title_text_shadow_horizontal_length_tablet=\u00bb0px\u00bb closed_title_text_shadow_vertical_length_tablet=\u00bb0px\u00bb closed_title_text_shadow_blur_strength_tablet=\u00bb1px\u00bb body_text_shadow_horizontal_length_tablet=\u00bb0px\u00bb body_text_shadow_vertical_length_tablet=\u00bb0px\u00bb body_text_shadow_blur_strength_tablet=\u00bb1px\u00bb body_link_text_shadow_horizontal_length_tablet=\u00bb0px\u00bb body_link_text_shadow_vertical_length_tablet=\u00bb0px\u00bb body_link_text_shadow_blur_strength_tablet=\u00bb1px\u00bb body_ul_text_shadow_horizontal_length_tablet=\u00bb0px\u00bb body_ul_text_shadow_vertical_length_tablet=\u00bb0px\u00bb body_ul_text_shadow_blur_strength_tablet=\u00bb1px\u00bb body_ol_text_shadow_horizontal_length_tablet=\u00bb0px\u00bb body_ol_text_shadow_vertical_length_tablet=\u00bb0px\u00bb body_ol_text_shadow_blur_strength_tablet=\u00bb1px\u00bb body_quote_text_shadow_horizontal_length_tablet=\u00bb0px\u00bb body_quote_text_shadow_vertical_length_tablet=\u00bb0px\u00bb body_quote_text_shadow_blur_strength_tablet=\u00bb1px\u00bb border_width_all=\u00bb0px\u00bb box_shadow_horizontal_tablet=\u00bb0px\u00bb box_shadow_vertical_tablet=\u00bb0px\u00bb box_shadow_blur_tablet=\u00bb40px\u00bb box_shadow_spread_tablet=\u00bb0px\u00bb text_shadow_horizontal_length_tablet=\u00bb0px\u00bb text_shadow_vertical_length_tablet=\u00bb0px\u00bb text_shadow_blur_strength_tablet=\u00bb1px\u00bb global_colors_info=\u00bb{}\u00bb sticky_enabled=\u00bb0&#8243;]<\/p>\n<p><strong style=\"color: #000b27; font-size: 15px;\">Los tradicionales<\/strong><\/p>\n<p><strong style=\"color: #000b27; font-size: 15px;\">SOUFFLE DE CHOCOLATE CALIENTE<br \/><\/strong><span style=\"font-size: 15px;\">(PREPARACION 15 MINUTOS) DELICIOSO POSTRE DEL M\u00c1S PURO CHOCOLATE QUE CRECE Y CRECE EN EL HORNO<br \/><\/span>8,50\u20ac<\/p>\n<p><span style=\"color: #000b27;\"><strong>HOJALDRE DE MANZANA VERDE<\/strong><\/span><br \/>MANZANA COMPOTADA Y LAMINADA CON UNA BASE DE HOJALDRE FINO AL HORNO Y CREMA HELADA DE VAINILLA<br \/>8,50\u20ac<\/p>\n<p><span style=\"color: #000b27;\"><strong>FILLOAS CASERAS<\/strong><\/span><br \/>\u201cBLONDAS\u201d RELLENAS DE CREMA PASTELERA, FRITAS CON CANELA Y AZ\u00daCAR<br \/>8,50\u20ac<\/p>\n<p><span style=\"color: #000b27;\"><strong>CUAJADA DE CASER\u00cdO CON MIEL DE ROMERO<\/strong><\/span><br \/>ELABORADAS CON AUT\u00c9NTICO CUAJO DEL VALLE Y MIEL DE ROMERO<br \/>8,00\u20ac<\/p>\n<p><span style=\"color: #000b27;\"><strong>QUESADA GALLEGA<\/strong><\/span><br \/>ELABORADA CON EL MEJOR QUESO FRESCO DE LA TIERRA. PARA TOMAR Y NO PARAR.<br \/>8,50\u20ac<\/p>\n<p><span style=\"color: #000b27;\"><strong>ARROZ CON LECHE Y AZ\u00daCAR TOSTADA<\/strong><\/span><br \/>PREPARADO MUY LENTAMENTE PARA HACERLO M\u00c1S CREMOSO, CUBIERTO CON UNA CRUJIENTE CAPA DE CARAMELO TOSTADO<br \/>7,50\u20ac<\/p>\n<p><span style=\"color: #000b27;\"><strong>TOCINO DE CIELO AL CARAMELO<\/strong><\/span><br \/>LA UNTUOSIDAD DE LA YEMAS, EL AZ\u00daCAR Y EL CARAMELO, \u00a1UN POSTRE CELESTIAL!<br \/>8,00\u20ac<\/p>\n<p><span style=\"color: #000b27;\"><strong>QUESO POSTRE. IDEAL PARA COMPARTIR<\/strong><\/span><br \/>SELECCI\u00d3N DE NUESTROS MEJORES QUESOS CON FRUTOS SECOS Y CONFITURA CASERA.<br \/>12,00\u20ac<\/p>\n<p><strong style=\"color: #000b27; font-size: 15px;\">Refrescantes y ligeros<\/strong><\/p>\n<p><span style=\"color: #000b27;\"><strong>HELADOS DE CREMA DE LECHE<\/strong><\/span><br \/>ELABORADOS EN NUESTRO OBRADOR CON LA M\u00c1S FRESCA CREMA DE LECHE<br \/>7,50\u20ac<\/p>\n<p><span style=\"color: #000b27;\"><strong>SORBETES NATURALES DE FRUTAS FRESCAS<\/strong><\/span><br \/>PREPARADOS CON FRUTAS DE TEMPORADA<br \/>8,00\u20ac<\/p>\n<p><span style=\"color: #000b27;\"><strong>SORBETE DE MANZANA VERDE CON AGUARDIENTE<\/strong><\/span><br \/>GRANIZADO DE MANZANA VERDE Y AGUARDIENTE DE RIBEIRO<br \/>11,00\u20ac<\/p>\n<p>[\/et_pb_toggle][et_pb_toggle title=\u00bbVINOS Y DESTILADOS PARA LOS POSTRES\u00bb open_toggle_background_color=\u00bb#f7f7f7&#8243; closed_toggle_background_color=\u00bb#f7f7f7&#8243; icon_color=\u00bb#12589d\u00bb open_icon_color=\u00bb#12589d\u00bb admin_label=\u00bbVINOS Y DESTILADOS PARA LOS POSTRES\u00bb _builder_version=\u00bb4.27.0&#8243; title_font=\u00bbJosefin Sans||||||||\u00bb title_line_height=\u00bb1.4em\u00bb body_font=\u00bbJosefin Sans||||||||\u00bb body_font_size=\u00bb15px\u00bb body_line_height=\u00bb1.8em\u00bb vertical_offset_tablet=\u00bb0&#8243; horizontal_offset_tablet=\u00bb0&#8243; animation_style=\u00bbfade\u00bb title_text_shadow_horizontal_length_tablet=\u00bb0px\u00bb title_text_shadow_vertical_length_tablet=\u00bb0px\u00bb title_text_shadow_blur_strength_tablet=\u00bb1px\u00bb closed_title_text_shadow_horizontal_length_tablet=\u00bb0px\u00bb closed_title_text_shadow_vertical_length_tablet=\u00bb0px\u00bb closed_title_text_shadow_blur_strength_tablet=\u00bb1px\u00bb body_text_shadow_horizontal_length_tablet=\u00bb0px\u00bb body_text_shadow_vertical_length_tablet=\u00bb0px\u00bb body_text_shadow_blur_strength_tablet=\u00bb1px\u00bb body_link_text_shadow_horizontal_length_tablet=\u00bb0px\u00bb body_link_text_shadow_vertical_length_tablet=\u00bb0px\u00bb body_link_text_shadow_blur_strength_tablet=\u00bb1px\u00bb body_ul_text_shadow_horizontal_length_tablet=\u00bb0px\u00bb body_ul_text_shadow_vertical_length_tablet=\u00bb0px\u00bb body_ul_text_shadow_blur_strength_tablet=\u00bb1px\u00bb body_ol_text_shadow_horizontal_length_tablet=\u00bb0px\u00bb body_ol_text_shadow_vertical_length_tablet=\u00bb0px\u00bb body_ol_text_shadow_blur_strength_tablet=\u00bb1px\u00bb body_quote_text_shadow_horizontal_length_tablet=\u00bb0px\u00bb body_quote_text_shadow_vertical_length_tablet=\u00bb0px\u00bb body_quote_text_shadow_blur_strength_tablet=\u00bb1px\u00bb border_width_all=\u00bb0px\u00bb box_shadow_horizontal_tablet=\u00bb0px\u00bb box_shadow_vertical_tablet=\u00bb0px\u00bb box_shadow_blur_tablet=\u00bb40px\u00bb box_shadow_spread_tablet=\u00bb0px\u00bb text_shadow_horizontal_length_tablet=\u00bb0px\u00bb text_shadow_vertical_length_tablet=\u00bb0px\u00bb text_shadow_blur_strength_tablet=\u00bb1px\u00bb global_colors_info=\u00bb{}\u00bb]<\/p>\n<p><span style=\"color: #000b27;\"><strong>ORUJOS BLANCO Y HIERBAS Pazo Valdomi\u00f1o<br \/><\/strong>Copa 6,00\u20ac<\/span><\/p>\n<p><span style=\"color: #000b27;\"><strong>MOSCATEL GRAN FEUDO de Chivite<\/strong><\/span><br \/>Copa 6,00\u20ac<\/p>\n<p><span style=\"color: #000b27;\"><strong>LICOR DE CAF\u00c9 LUA <\/strong><\/span><br \/>Copa 8,00\u20ac<\/p>\n<p><span style=\"color: #000b27;\"><strong>P.X. S\u00c1NCHEZ ROMATE<\/strong><\/span><br \/>Copa 6,00\u20ac<\/p>\n<p><span style=\"color: #000b27;\"><strong>1413 TOKAJI DISZNOKO EDES SZAMORODNI<\/strong><\/span><br \/>Copa 8,00\u20ac<\/p>\n<p>&nbsp;<\/p>\n<p>[\/et_pb_toggle][et_pb_toggle title=\u00bbCAF\u00c9S\u00bb open_toggle_background_color=\u00bb#f7f7f7&#8243; closed_toggle_background_color=\u00bb#f7f7f7&#8243; icon_color=\u00bb#12589d\u00bb open_icon_color=\u00bb#12589d\u00bb admin_label=\u00bbCAF\u00c9S\u00bb _builder_version=\u00bb4.16&#8243; title_font=\u00bbJosefin Sans||||||||\u00bb title_line_height=\u00bb1.4em\u00bb body_font=\u00bbJosefin Sans||||||||\u00bb body_font_size=\u00bb15px\u00bb body_line_height=\u00bb1.8em\u00bb vertical_offset_tablet=\u00bb0&#8243; horizontal_offset_tablet=\u00bb0&#8243; animation_style=\u00bbfade\u00bb title_text_shadow_horizontal_length_tablet=\u00bb0px\u00bb title_text_shadow_vertical_length_tablet=\u00bb0px\u00bb title_text_shadow_blur_strength_tablet=\u00bb1px\u00bb closed_title_text_shadow_horizontal_length_tablet=\u00bb0px\u00bb closed_title_text_shadow_vertical_length_tablet=\u00bb0px\u00bb closed_title_text_shadow_blur_strength_tablet=\u00bb1px\u00bb body_text_shadow_horizontal_length_tablet=\u00bb0px\u00bb body_text_shadow_vertical_length_tablet=\u00bb0px\u00bb body_text_shadow_blur_strength_tablet=\u00bb1px\u00bb body_link_text_shadow_horizontal_length_tablet=\u00bb0px\u00bb body_link_text_shadow_vertical_length_tablet=\u00bb0px\u00bb body_link_text_shadow_blur_strength_tablet=\u00bb1px\u00bb body_ul_text_shadow_horizontal_length_tablet=\u00bb0px\u00bb body_ul_text_shadow_vertical_length_tablet=\u00bb0px\u00bb body_ul_text_shadow_blur_strength_tablet=\u00bb1px\u00bb body_ol_text_shadow_horizontal_length_tablet=\u00bb0px\u00bb body_ol_text_shadow_vertical_length_tablet=\u00bb0px\u00bb body_ol_text_shadow_blur_strength_tablet=\u00bb1px\u00bb body_quote_text_shadow_horizontal_length_tablet=\u00bb0px\u00bb body_quote_text_shadow_vertical_length_tablet=\u00bb0px\u00bb body_quote_text_shadow_blur_strength_tablet=\u00bb1px\u00bb border_width_all=\u00bb0px\u00bb box_shadow_horizontal_tablet=\u00bb0px\u00bb box_shadow_vertical_tablet=\u00bb0px\u00bb box_shadow_blur_tablet=\u00bb40px\u00bb box_shadow_spread_tablet=\u00bb0px\u00bb text_shadow_horizontal_length_tablet=\u00bb0px\u00bb text_shadow_vertical_length_tablet=\u00bb0px\u00bb text_shadow_blur_strength_tablet=\u00bb1px\u00bb global_colors_info=\u00bb{}\u00bb]<\/p>\n<p><span style=\"color: #000b27;\"><strong>ESPECIAL DE LA CASA<\/strong><\/span><br \/> EL AUTENTICO CAF\u00c9 DE POTA ELABORADO A LA MANERA DE RIANXO CON UNAS GOTAS DE CANAS DAS HERBAS.<br \/> 2,50\u20ac<\/p>\n<p><span style=\"color: #000b27;\"><strong>CAF\u00c9 PARA LOS QUE PREFIEREN DE M\u00c1QUINA<br \/> <\/strong><\/span><span style=\"font-size: 15px;\">RISTRETO &#8211; INTENSO Y PERSISTENTE . Intensidad 9<br \/> <\/span><span style=\"font-size: 15px;\">ESPRESSO LEGGERO &#8211; LIGERO Y REFRESCANTE. Intensidad 6<br \/> <\/span><span style=\"font-size: 15px;\">LARGO FORTE &#8211; ELEGANTE Y TOSTADO. Intensidad 4<br \/> <\/span><span style=\"font-size: 15px;\">ESPRESSO DESCAFFEINATO &#8211; DENSO Y FUERTE. Intensidad 7<br \/> <\/span>2,50\u20ac<\/p>\n<p><span style=\"color: #000b27;\"><strong>DESCAFEINADO\u00a0<\/strong><\/span><br \/> 100 % Colombia, Supremo. Caf\u00e9 suave y afrutado. M\u00ednimo contenido en cafe\u00edna, por debajo de 0,05%.<br \/> 2,50\u20ac<\/p>\n<p><strong><span style=\"color: #333333;\">CAF\u00c9 BOMB\u00d3N<\/span><\/strong><br \/> Con deliciosa leche condensada.<br \/> 3,90\u20ac<\/p>\n<p><span style=\"color: #000b27;\"><strong>CAF\u00c9 CAPUCHINO<\/strong><\/span><br \/> Al estilo tradicional: batiendo la leche con el vaporizador y espolvoreando con caf\u00e9 molido.<br \/> 3,90\u20ac<\/p>\n<p><span style=\"color: #000b27;\"><strong>CAF\u00c9 IRLAND\u00c9S<\/strong><\/span><br \/> Whisky y az\u00facar flambeado, a\u00f1adimos el caf\u00e9 y rellenamos con nata.<br \/> 6.00\u20ac<\/p>\n<p>[\/et_pb_toggle][et_pb_toggle title=\u00bbINFUSIONES Y T\u00c9S NATURALES\u00bb open_toggle_background_color=\u00bb#f7f7f7&#8243; closed_toggle_background_color=\u00bb#f7f7f7&#8243; icon_color=\u00bb#12589d\u00bb open_icon_color=\u00bb#12589d\u00bb admin_label=\u00bbINFUSIONES Y T\u00c9S NATURALES\u00bb _builder_version=\u00bb4.16&#8243; title_font=\u00bbJosefin Sans||||||||\u00bb title_line_height=\u00bb1.4em\u00bb body_font=\u00bbJosefin Sans||||||||\u00bb body_font_size=\u00bb15px\u00bb body_line_height=\u00bb1.8em\u00bb vertical_offset_tablet=\u00bb0&#8243; horizontal_offset_tablet=\u00bb0&#8243; animation_style=\u00bbfade\u00bb title_text_shadow_horizontal_length_tablet=\u00bb0px\u00bb title_text_shadow_vertical_length_tablet=\u00bb0px\u00bb title_text_shadow_blur_strength_tablet=\u00bb1px\u00bb closed_title_text_shadow_horizontal_length_tablet=\u00bb0px\u00bb closed_title_text_shadow_vertical_length_tablet=\u00bb0px\u00bb closed_title_text_shadow_blur_strength_tablet=\u00bb1px\u00bb body_text_shadow_horizontal_length_tablet=\u00bb0px\u00bb body_text_shadow_vertical_length_tablet=\u00bb0px\u00bb body_text_shadow_blur_strength_tablet=\u00bb1px\u00bb body_link_text_shadow_horizontal_length_tablet=\u00bb0px\u00bb body_link_text_shadow_vertical_length_tablet=\u00bb0px\u00bb body_link_text_shadow_blur_strength_tablet=\u00bb1px\u00bb body_ul_text_shadow_horizontal_length_tablet=\u00bb0px\u00bb body_ul_text_shadow_vertical_length_tablet=\u00bb0px\u00bb body_ul_text_shadow_blur_strength_tablet=\u00bb1px\u00bb body_ol_text_shadow_horizontal_length_tablet=\u00bb0px\u00bb body_ol_text_shadow_vertical_length_tablet=\u00bb0px\u00bb body_ol_text_shadow_blur_strength_tablet=\u00bb1px\u00bb body_quote_text_shadow_horizontal_length_tablet=\u00bb0px\u00bb body_quote_text_shadow_vertical_length_tablet=\u00bb0px\u00bb body_quote_text_shadow_blur_strength_tablet=\u00bb1px\u00bb border_width_all=\u00bb0px\u00bb box_shadow_horizontal_tablet=\u00bb0px\u00bb box_shadow_vertical_tablet=\u00bb0px\u00bb box_shadow_blur_tablet=\u00bb40px\u00bb box_shadow_spread_tablet=\u00bb0px\u00bb text_shadow_horizontal_length_tablet=\u00bb0px\u00bb text_shadow_vertical_length_tablet=\u00bb0px\u00bb text_shadow_blur_strength_tablet=\u00bb1px\u00bb global_colors_info=\u00bb{}\u00bb]<\/p>\n<p><strong><span style=\"color: #333333;\"><span style=\"color: #000b27;\">MANZANILLA, POLEO, Y TILA BIOL\u00d3GICAS<\/span> <\/span><\/strong><br \/> 3,60\u20ac<\/p>\n<p><span style=\"color: #000b27;\"><strong>INFUSI\u00d3N DE ROOIBOS\u00a0<\/strong><\/span><br \/> De origen sudafricano, no tiene cafe\u00edna. Las propiedades del Rooibos son realmente muy buenas y variadas, evita la retenci\u00f3n de l\u00edquidos, mejora la digesti\u00f3n y es bueno para la piel. Se deja reposar 5 minutos.<br \/> 3,80\u20ac<\/p>\n<p><span style=\"color: #000b27;\"><strong>PU EHR (T\u00c9 ROJO)\u00a0<\/strong><\/span><br \/> Es un t\u00e9 muy apreciado por su tradicional uso en la medicina natural china, especialmente por sus propiedades digestivas, depurativas y adelgazantes, sin leche, 3 min.<br \/> 3,80\u20ac<\/p>\n<p><span style=\"color: #000b27;\"><strong>TE NEGRO A LA CANELA\u00a0<\/strong><\/span><br \/> T\u00e9 negro con canela en rama. Con o sin leche, 4 min.<br \/> 3,80\u20ac<\/p>\n<p><span style=\"color: #000b27;\"><strong>T\u00c9 VERDE CON VAINILLA\u00a0<\/strong><\/span><br \/> T\u00e9 verde aromatizado con vainilla, S\u00f3lo, 2 min.<br \/> 3,80\u20ac<\/p>\n<p><span style=\"color: #000b27;\"><strong>JASMINE MONKEY KING\u00a0<\/strong><\/span><br \/> T\u00e9 semifermentado con flores de Jasmine. La alta proporci\u00f3n de Jasmine le da un intenso aroma. S\u00f3lo, 3 min.<br \/> 3,80\u20ac<\/p>\n<p><span style=\"color: #000b27;\"><strong>T\u00c9 ENGLISH BREAKFAST\u00a0<\/strong><\/span><br \/> Mezcla de t\u00e9s negros BOP de origen Ceil\u00e1n y Assam. Es un t\u00e9 fuerte, especialmente pensado para comenzar el d\u00eda. Se toma con leche o lim\u00f3n.<br \/> 3,80\u20ac<\/p>\n<p>[\/et_pb_toggle][\/et_pb_column_inner][\/et_pb_row_inner][\/et_pb_column][et_pb_column type=\u00bb1_3&#8243; _builder_version=\u00bb4.16&#8243; custom_padding=\u00bb|||\u00bb global_colors_info=\u00bb{}\u00bb custom_padding__hover=\u00bb|||\u00bb][\/et_pb_column][\/et_pb_section]<\/p>\n","protected":false},"excerpt":{"rendered":"<p>\u00a0 CARTA DE POSTRES (10% IVA INCLUIDO) TAMBI\u00c9N PARA LLEVARLos tradicionales SOUFFLE DE CHOCOLATE CALIENTE(PREPARACION 15 MINUTOS) DELICIOSO POSTRE DEL M\u00c1S PURO CHOCOLATE QUE CRECE Y CRECE EN EL HORNO8,50\u20ac HOJALDRE DE MANZANA VERDEMANZANA COMPOTADA Y LAMINADA CON UNA BASE DE HOJALDRE FINO AL HORNO Y CREMA HELADA DE VAINILLA8,50\u20ac FILLOAS CASERAS\u201cBLONDAS\u201d RELLENAS DE CREMA [&hellip;]<\/p>\n","protected":false},"author":2,"featured_media":0,"parent":0,"menu_order":0,"comment_status":"closed","ping_status":"closed","template":"page-template-blank.php","meta":{"_et_pb_use_builder":"on","_et_pb_old_content":"","_et_gb_content_width":"","footnotes":""},"class_list":["post-456","page","type-page","status-publish","hentry"],"_links":{"self":[{"href":"https:\/\/wp.grupo-oter.net\/cartas\/wp-json\/wp\/v2\/pages\/456","targetHints":{"allow":["GET"]}}],"collection":[{"href":"https:\/\/wp.grupo-oter.net\/cartas\/wp-json\/wp\/v2\/pages"}],"about":[{"href":"https:\/\/wp.grupo-oter.net\/cartas\/wp-json\/wp\/v2\/types\/page"}],"author":[{"embeddable":true,"href":"https:\/\/wp.grupo-oter.net\/cartas\/wp-json\/wp\/v2\/users\/2"}],"replies":[{"embeddable":true,"href":"https:\/\/wp.grupo-oter.net\/cartas\/wp-json\/wp\/v2\/comments?post=456"}],"version-history":[{"count":17,"href":"https:\/\/wp.grupo-oter.net\/cartas\/wp-json\/wp\/v2\/pages\/456\/revisions"}],"predecessor-version":[{"id":13403,"href":"https:\/\/wp.grupo-oter.net\/cartas\/wp-json\/wp\/v2\/pages\/456\/revisions\/13403"}],"wp:attachment":[{"href":"https:\/\/wp.grupo-oter.net\/cartas\/wp-json\/wp\/v2\/media?parent=456"}],"curies":[{"name":"wp","href":"https:\/\/api.w.org\/{rel}","templated":true}]}}