{"id":421,"date":"2020-05-14T10:49:33","date_gmt":"2020-05-14T10:49:33","guid":{"rendered":"https:\/\/wp.grupo-oter.net\/cartas\/?page_id=421"},"modified":"2025-06-11T06:41:05","modified_gmt":"2025-06-11T06:41:05","slug":"postres-la-playa","status":"publish","type":"page","link":"https:\/\/wp.grupo-oter.net\/cartas\/postres-la-playa\/","title":{"rendered":"Postres La Playa"},"content":{"rendered":"<p>[et_pb_section fb_built=\u00bb1&#8243; specialty=\u00bbon\u00bb custom_padding_last_edited=\u00bbon|phone\u00bb admin_label=\u00bbTestimonials\u00bb _builder_version=\u00bb4.16&#8243; vertical_offset_tablet=\u00bb0&#8243; horizontal_offset_tablet=\u00bb0&#8243; custom_padding=\u00bb||150px|\u00bb custom_padding_tablet=\u00bb|||\u00bb custom_padding_phone=\u00bb||||false|false\u00bb bottom_divider_style=\u00bbslant2&#8243; bottom_divider_color=\u00bb#e5bd67&#8243; bottom_divider_height=\u00bb160px\u00bb bottom_divider_flip=\u00bbvertical\u00bb bottom_divider_height_tablet=\u00bb\u00bb bottom_divider_height_phone=\u00bb90px\u00bb bottom_divider_height_last_edited=\u00bbon|tablet\u00bb z_index_tablet=\u00bb0&#8243; box_shadow_horizontal_tablet=\u00bb0px\u00bb box_shadow_vertical_tablet=\u00bb0px\u00bb box_shadow_blur_tablet=\u00bb40px\u00bb box_shadow_spread_tablet=\u00bb0px\u00bb global_colors_info=\u00bb{}\u00bb][et_pb_column type=\u00bb2_3&#8243; specialty_columns=\u00bb2&#8243; _builder_version=\u00bb4.16&#8243; custom_padding=\u00bb|||\u00bb global_colors_info=\u00bb{}\u00bb custom_padding__hover=\u00bb|||\u00bb][et_pb_row_inner column_structure=\u00bbundefined\u00bb _builder_version=\u00bb4.16&#8243; global_colors_info=\u00bb{}\u00bb][et_pb_column_inner type=\u00bbundefined\u00bb saved_specialty_column_type=\u00bb2_3&#8243; _builder_version=\u00bb4.16&#8243; custom_padding=\u00bb|||\u00bb global_colors_info=\u00bb{}\u00bb custom_padding__hover=\u00bb|||\u00bb][et_pb_text _builder_version=\u00bb4.16&#8243; text_font=\u00bbJosefin Sans||||||||\u00bb vertical_offset_tablet=\u00bb0&#8243; horizontal_offset_tablet=\u00bb0&#8243; z_index_tablet=\u00bb0&#8243; text_text_shadow_horizontal_length_tablet=\u00bb0px\u00bb text_text_shadow_vertical_length_tablet=\u00bb0px\u00bb text_text_shadow_blur_strength_tablet=\u00bb1px\u00bb link_text_shadow_horizontal_length_tablet=\u00bb0px\u00bb link_text_shadow_vertical_length_tablet=\u00bb0px\u00bb link_text_shadow_blur_strength_tablet=\u00bb1px\u00bb ul_text_shadow_horizontal_length_tablet=\u00bb0px\u00bb ul_text_shadow_vertical_length_tablet=\u00bb0px\u00bb ul_text_shadow_blur_strength_tablet=\u00bb1px\u00bb ol_text_shadow_horizontal_length_tablet=\u00bb0px\u00bb ol_text_shadow_vertical_length_tablet=\u00bb0px\u00bb ol_text_shadow_blur_strength_tablet=\u00bb1px\u00bb quote_text_shadow_horizontal_length_tablet=\u00bb0px\u00bb quote_text_shadow_vertical_length_tablet=\u00bb0px\u00bb quote_text_shadow_blur_strength_tablet=\u00bb1px\u00bb header_text_shadow_horizontal_length_tablet=\u00bb0px\u00bb header_text_shadow_vertical_length_tablet=\u00bb0px\u00bb header_text_shadow_blur_strength_tablet=\u00bb1px\u00bb header_2_text_shadow_horizontal_length_tablet=\u00bb0px\u00bb header_2_text_shadow_vertical_length_tablet=\u00bb0px\u00bb header_2_text_shadow_blur_strength_tablet=\u00bb1px\u00bb header_3_text_shadow_horizontal_length_tablet=\u00bb0px\u00bb header_3_text_shadow_vertical_length_tablet=\u00bb0px\u00bb header_3_text_shadow_blur_strength_tablet=\u00bb1px\u00bb header_4_text_shadow_horizontal_length_tablet=\u00bb0px\u00bb header_4_text_shadow_vertical_length_tablet=\u00bb0px\u00bb header_4_text_shadow_blur_strength_tablet=\u00bb1px\u00bb header_5_text_shadow_horizontal_length_tablet=\u00bb0px\u00bb header_5_text_shadow_vertical_length_tablet=\u00bb0px\u00bb header_5_text_shadow_blur_strength_tablet=\u00bb1px\u00bb header_6_text_shadow_horizontal_length_tablet=\u00bb0px\u00bb header_6_text_shadow_vertical_length_tablet=\u00bb0px\u00bb header_6_text_shadow_blur_strength_tablet=\u00bb1px\u00bb box_shadow_horizontal_tablet=\u00bb0px\u00bb box_shadow_vertical_tablet=\u00bb0px\u00bb box_shadow_blur_tablet=\u00bb40px\u00bb box_shadow_spread_tablet=\u00bb0px\u00bb global_colors_info=\u00bb{}\u00bb]<\/p>\n<p><img decoding=\"async\" class=\"size-medium wp-image-416 aligncenter lazyload\" data-src=\"https:\/\/wp.grupo-oter.net\/cartas\/wp-content\/uploads\/sites\/40\/2020\/05\/logo-la-playa-1-300x117.png\" alt=\"\" width=\"300\" height=\"117\" src=\"data:image\/svg+xml;base64,PHN2ZyB3aWR0aD0iMSIgaGVpZ2h0PSIxIiB4bWxucz0iaHR0cDovL3d3dy53My5vcmcvMjAwMC9zdmciPjwvc3ZnPg==\" style=\"--smush-placeholder-width: 300px; --smush-placeholder-aspect-ratio: 300\/117;\" \/><\/p>\n<h2>\u00a0<\/h2>\n<h2 style=\"text-align: center;\"><span style=\"color: #e5bd67;\"><strong>CARTA DE POSTRES<\/strong><\/span><\/h2>\n<h4 style=\"text-align: center;\"><span style=\"color: #e5bd67; font-size: small;\"><strong>(10% IVA INCLUIDO) TAMBI\u00c9N PARA LLEVAR<\/strong><\/span><\/h4>\n<p>[\/et_pb_text][et_pb_toggle title=\u00bbNUESTROS POSTRES\u00bb open_toggle_background_color=\u00bb#f7f7f7&#8243; closed_toggle_background_color=\u00bb#f7f7f7&#8243; icon_color=\u00bb#e5bd67&#8243; open_icon_color=\u00bb#e5bd67&#8243; admin_label=\u00bbNUESTROS POSTRES\u00bb _builder_version=\u00bb4.27.4&#8243; title_font=\u00bbJosefin Sans||||||||\u00bb title_line_height=\u00bb1.4em\u00bb body_font=\u00bbJosefin Sans||||||||\u00bb body_font_size=\u00bb15px\u00bb body_line_height=\u00bb1.8em\u00bb vertical_offset_tablet=\u00bb0&#8243; horizontal_offset_tablet=\u00bb0&#8243; animation_style=\u00bbfade\u00bb hover_enabled=\u00bb0&#8243; title_text_shadow_horizontal_length_tablet=\u00bb0px\u00bb title_text_shadow_vertical_length_tablet=\u00bb0px\u00bb title_text_shadow_blur_strength_tablet=\u00bb1px\u00bb closed_title_text_shadow_horizontal_length_tablet=\u00bb0px\u00bb closed_title_text_shadow_vertical_length_tablet=\u00bb0px\u00bb closed_title_text_shadow_blur_strength_tablet=\u00bb1px\u00bb body_text_shadow_horizontal_length_tablet=\u00bb0px\u00bb body_text_shadow_vertical_length_tablet=\u00bb0px\u00bb body_text_shadow_blur_strength_tablet=\u00bb1px\u00bb body_link_text_shadow_horizontal_length_tablet=\u00bb0px\u00bb body_link_text_shadow_vertical_length_tablet=\u00bb0px\u00bb body_link_text_shadow_blur_strength_tablet=\u00bb1px\u00bb body_ul_text_shadow_horizontal_length_tablet=\u00bb0px\u00bb body_ul_text_shadow_vertical_length_tablet=\u00bb0px\u00bb body_ul_text_shadow_blur_strength_tablet=\u00bb1px\u00bb body_ol_text_shadow_horizontal_length_tablet=\u00bb0px\u00bb body_ol_text_shadow_vertical_length_tablet=\u00bb0px\u00bb body_ol_text_shadow_blur_strength_tablet=\u00bb1px\u00bb body_quote_text_shadow_horizontal_length_tablet=\u00bb0px\u00bb body_quote_text_shadow_vertical_length_tablet=\u00bb0px\u00bb body_quote_text_shadow_blur_strength_tablet=\u00bb1px\u00bb border_width_all=\u00bb0px\u00bb box_shadow_horizontal_tablet=\u00bb0px\u00bb box_shadow_vertical_tablet=\u00bb0px\u00bb box_shadow_blur_tablet=\u00bb40px\u00bb box_shadow_spread_tablet=\u00bb0px\u00bb text_shadow_horizontal_length_tablet=\u00bb0px\u00bb text_shadow_vertical_length_tablet=\u00bb0px\u00bb text_shadow_blur_strength_tablet=\u00bb1px\u00bb global_colors_info=\u00bb{}\u00bb sticky_enabled=\u00bb0&#8243;]<\/p>\n<h5><span style=\"color: #808080;\">LOS TRADICIONALES<\/span><\/h5>\n<p><strong>Torrija brioche con crema helada de vainilla<\/strong><br \/>Un dulce tradicional, elaborado a partir de crema pastelera, harina y leche. Se deja cuajar, se reboza y se fr\u00ede.<br \/>8,00\u20ac<\/p>\n<p><strong>Arroz con leche de caser\u00edo con az\u00facar tostado<\/strong><br \/>Como \u00abel de toda la vida\u00bb, preparado muy lentamente para hacerlo m\u00e1s cremoso.<br \/>7,50\u20ac<\/p>\n<p><strong>Filloas rellenas de crema al punto de az\u00facar y canela<\/strong><br \/>Dulces y delicadas \u201cblondas\u201d con exquisita crema pastelera, fritas con un golpe de az\u00facar y canela.<br \/>8,00\u20ac<\/p>\n<p><strong>Hojaldre de manzana hecho al momento<\/strong><br \/>Horneada al momento de pedirla, caramelizando l\u00e1minas de manzana.<br \/>8,50\u20ac<\/p>\n<p><strong>Souffl\u00e9 de chocolate al horno<\/strong><br \/>Delicioso postre del m\u00e1s puro chocolate que crece y crece en el horno.<br \/>8,50\u20ac<\/p>\n<p><strong>Tarta de queso con caramelo Toffee<\/strong><br \/>Bizcocho de queso cremoso con el toque dulce del caramelo Toffee.<br \/>8,00\u20ac<\/p>\n<p><strong>Creppe Suzette al Gran Marnier (Min. 2 Pers.) Precio por persona<br \/><\/strong><span style=\"color: #333333; font-size: 16px;\">Un cl\u00e1sico elaborado a la vista del cliente, zumo de naranja, az\u00facar tostado, Grand Marnier y Mangaroca. \u00a1Irresistible!<\/span><br \/><span style=\"color: #333333;\">12,00\u20ac<\/span><\/p>\n<p><span><strong>Queso postre. Ideal para compartir<\/strong><\/span><br \/>Selecci\u00f3n de nuestros mejores quesos con frutos secos y confitura casera.<br \/>12,00\u20ac<\/p>\n<p><strong><span style=\"color: #808080; font-size: 16px;\">REFRESCANTES Y LIGEROS<\/span><\/strong><\/p>\n<p><strong>Carpaccio de pi\u00f1a y mango con sorbete de c\u00edtricos<\/strong><br \/>Frescas y jugosas frutas tropicales maceradas en sus propios zumos.<br \/>8,00\u20ac<\/p>\n<p><strong>Helados artesanos<\/strong><br \/>Elaborados por nuestro repostero con la m\u00e1s fresca crema de leche.<br \/>Diferentes cada d\u00eda. \u00a1\u00a1Consultenos!!<br \/>7,50\u20ac<\/p>\n<p><strong>Sorbetes de frutas naturales<br \/><\/strong>Un final dulce y ligero.<br \/>8,00\u20ac<\/p>\n<p><strong>Sorbetes de frutas batidos al Vodka o al Cava<\/strong><br \/>Lim\u00f3n al Cava, mandarina al Vodka y mango al Ron.<br \/>11,00\u20ac<\/p>\n<p>[\/et_pb_toggle][et_pb_toggle title=\u00bbVINOS Y DESTILADOS PARA LOS POSTRES\u00bb open_toggle_background_color=\u00bb#f7f7f7&#8243; closed_toggle_background_color=\u00bb#f7f7f7&#8243; icon_color=\u00bb#e5bd67&#8243; open_icon_color=\u00bb#e5bd67&#8243; admin_label=\u00bbVINOS Y DESTILADOS PARA LOS POSTRES\u00bb _builder_version=\u00bb4.27.0&#8243; title_font=\u00bbJosefin Sans||||||||\u00bb title_line_height=\u00bb1.4em\u00bb body_font=\u00bbJosefin Sans||||||||\u00bb body_font_size=\u00bb15px\u00bb body_line_height=\u00bb1.8em\u00bb vertical_offset_tablet=\u00bb0&#8243; horizontal_offset_tablet=\u00bb0&#8243; animation_style=\u00bbfade\u00bb title_text_shadow_horizontal_length_tablet=\u00bb0px\u00bb title_text_shadow_vertical_length_tablet=\u00bb0px\u00bb title_text_shadow_blur_strength_tablet=\u00bb1px\u00bb closed_title_text_shadow_horizontal_length_tablet=\u00bb0px\u00bb closed_title_text_shadow_vertical_length_tablet=\u00bb0px\u00bb closed_title_text_shadow_blur_strength_tablet=\u00bb1px\u00bb body_text_shadow_horizontal_length_tablet=\u00bb0px\u00bb body_text_shadow_vertical_length_tablet=\u00bb0px\u00bb body_text_shadow_blur_strength_tablet=\u00bb1px\u00bb body_link_text_shadow_horizontal_length_tablet=\u00bb0px\u00bb body_link_text_shadow_vertical_length_tablet=\u00bb0px\u00bb body_link_text_shadow_blur_strength_tablet=\u00bb1px\u00bb body_ul_text_shadow_horizontal_length_tablet=\u00bb0px\u00bb body_ul_text_shadow_vertical_length_tablet=\u00bb0px\u00bb body_ul_text_shadow_blur_strength_tablet=\u00bb1px\u00bb body_ol_text_shadow_horizontal_length_tablet=\u00bb0px\u00bb body_ol_text_shadow_vertical_length_tablet=\u00bb0px\u00bb body_ol_text_shadow_blur_strength_tablet=\u00bb1px\u00bb body_quote_text_shadow_horizontal_length_tablet=\u00bb0px\u00bb body_quote_text_shadow_vertical_length_tablet=\u00bb0px\u00bb body_quote_text_shadow_blur_strength_tablet=\u00bb1px\u00bb border_width_all=\u00bb0px\u00bb box_shadow_horizontal_tablet=\u00bb0px\u00bb box_shadow_vertical_tablet=\u00bb0px\u00bb box_shadow_blur_tablet=\u00bb40px\u00bb box_shadow_spread_tablet=\u00bb0px\u00bb text_shadow_horizontal_length_tablet=\u00bb0px\u00bb text_shadow_vertical_length_tablet=\u00bb0px\u00bb text_shadow_blur_strength_tablet=\u00bb1px\u00bb global_colors_info=\u00bb{}\u00bb]<\/p>\n<p><span style=\"color: #000b27;\"><strong>MOSCATEL GRAN FEUDO de Chivite<\/strong><\/span><br \/>Copa 6,00\u20ac<\/p>\n<p><span style=\"color: #000b27;\"><strong>P.X. S\u00c1NCHEZ ROMATE<\/strong><\/span><br \/>Copa 6,00\u20ac<\/p>\n<p><span style=\"color: #000b27;\"><strong>CASTA DIVA MOSCATEL<\/strong><\/span><br \/>Copa 7,50\u20ac<\/p>\n<p><span style=\"color: #000b27;\"><strong>PEDRO XIM\u00c9NEZ TRADICI\u00d3N VOS<\/strong><\/span><br \/>Copa 9,00\u20ac<\/p>\n<p><span style=\"color: #000b27;\"><strong>1413 TOKAJI DISZNOKO EDES SZAMORODNI<\/strong><\/span><br \/>Copa 8,00\u20ac<\/p>\n<p>[\/et_pb_toggle][et_pb_toggle title=\u00bbCAF\u00c9S\u00bb open_toggle_background_color=\u00bb#f7f7f7&#8243; closed_toggle_background_color=\u00bb#f7f7f7&#8243; icon_color=\u00bb#e5bd67&#8243; open_icon_color=\u00bb#e5bd67&#8243; admin_label=\u00bbCAF\u00c9S\u00bb _builder_version=\u00bb4.16&#8243; title_font=\u00bbJosefin Sans||||||||\u00bb title_line_height=\u00bb1.4em\u00bb body_font=\u00bbJosefin Sans||||||||\u00bb body_font_size=\u00bb15px\u00bb body_line_height=\u00bb1.8em\u00bb vertical_offset_tablet=\u00bb0&#8243; horizontal_offset_tablet=\u00bb0&#8243; animation_style=\u00bbfade\u00bb title_text_shadow_horizontal_length_tablet=\u00bb0px\u00bb title_text_shadow_vertical_length_tablet=\u00bb0px\u00bb title_text_shadow_blur_strength_tablet=\u00bb1px\u00bb closed_title_text_shadow_horizontal_length_tablet=\u00bb0px\u00bb closed_title_text_shadow_vertical_length_tablet=\u00bb0px\u00bb closed_title_text_shadow_blur_strength_tablet=\u00bb1px\u00bb body_text_shadow_horizontal_length_tablet=\u00bb0px\u00bb body_text_shadow_vertical_length_tablet=\u00bb0px\u00bb body_text_shadow_blur_strength_tablet=\u00bb1px\u00bb body_link_text_shadow_horizontal_length_tablet=\u00bb0px\u00bb body_link_text_shadow_vertical_length_tablet=\u00bb0px\u00bb body_link_text_shadow_blur_strength_tablet=\u00bb1px\u00bb body_ul_text_shadow_horizontal_length_tablet=\u00bb0px\u00bb body_ul_text_shadow_vertical_length_tablet=\u00bb0px\u00bb body_ul_text_shadow_blur_strength_tablet=\u00bb1px\u00bb body_ol_text_shadow_horizontal_length_tablet=\u00bb0px\u00bb body_ol_text_shadow_vertical_length_tablet=\u00bb0px\u00bb body_ol_text_shadow_blur_strength_tablet=\u00bb1px\u00bb body_quote_text_shadow_horizontal_length_tablet=\u00bb0px\u00bb body_quote_text_shadow_vertical_length_tablet=\u00bb0px\u00bb body_quote_text_shadow_blur_strength_tablet=\u00bb1px\u00bb border_width_all=\u00bb0px\u00bb box_shadow_horizontal_tablet=\u00bb0px\u00bb box_shadow_vertical_tablet=\u00bb0px\u00bb box_shadow_blur_tablet=\u00bb40px\u00bb box_shadow_spread_tablet=\u00bb0px\u00bb text_shadow_horizontal_length_tablet=\u00bb0px\u00bb text_shadow_vertical_length_tablet=\u00bb0px\u00bb text_shadow_blur_strength_tablet=\u00bb1px\u00bb global_colors_info=\u00bb{}\u00bb]<\/p>\n<p><span style=\"color: #000b27;\"><strong>ESPECIAL DE LA CASA<\/strong><\/span><br \/>Circulo de oro es un caf\u00e9 natural supremo criba 18. Un caf\u00e9 suave de la especie ar\u00e1bica con aromas florales y afrutado. Acidez natural y persistencia arom\u00e1tica.<br \/>2,50\u20ac<\/p>\n<p><span style=\"color: #000b27;\"><strong>DESCAFEINADO EN GRANO<\/strong><\/span><br \/>100 % Colombia, Supremo. Caf\u00e9 suave y afrutado. M\u00ednimo contenido en cafe\u00edna, por debajo de 0,05%.<br \/>2,50\u20ac<\/p>\n<p><strong><span style=\"color: #333333;\">CAF\u00c9 BOMB\u00d3N<\/span><\/strong><br \/>Con deliciosa leche condensada.<br \/>3,90\u20ac<\/p>\n<p><span style=\"color: #000b27;\"><strong>CAF\u00c9 CAPUCHINO<\/strong><\/span><br \/>Al estilo tradicional: batir la leche con el vaporizador y espolvorear con caf\u00e9 molido.<br \/>3,90\u20ac<\/p>\n<p><span style=\"color: #000b27;\"><strong>CAF\u00c9 VIEN\u00c9S<\/strong><\/span><br \/>Se le a\u00f1ade un chorrito de co\u00f1ac y un poco de az\u00facar, y se sirve con nata montada y canela.<br \/>4,50\u20ac<\/p>\n<p><strong><span style=\"color: #333333;\"><span style=\"color: #000b27;\">CAF\u00c9 ESCOC\u00c9S<\/span> <\/span><\/strong><br \/>Whisky, helado de vainilla y caf\u00e9.<br \/>6.00\u20ac<\/p>\n<p><span style=\"color: #000b27;\"><strong>CAF\u00c9 IRLAND\u00c9S<\/strong><\/span><br \/>Whisky y az\u00facar flambeado, a\u00f1adimos el caf\u00e9 y rellenamos con nata.<br \/>6.00\u20ac<\/p>\n<p>[\/et_pb_toggle][et_pb_toggle title=\u00bbINFUSIONES Y T\u00c9S NATURALES\u00bb open_toggle_background_color=\u00bb#f7f7f7&#8243; closed_toggle_background_color=\u00bb#f7f7f7&#8243; icon_color=\u00bb#e5bd67&#8243; open_icon_color=\u00bb#e5bd67&#8243; admin_label=\u00bbINFUSIONES Y T\u00c9S NATURALES\u00bb _builder_version=\u00bb4.16&#8243; title_font=\u00bbJosefin Sans||||||||\u00bb title_line_height=\u00bb1.4em\u00bb body_font=\u00bbJosefin Sans||||||||\u00bb body_font_size=\u00bb15px\u00bb body_line_height=\u00bb1.8em\u00bb vertical_offset_tablet=\u00bb0&#8243; horizontal_offset_tablet=\u00bb0&#8243; animation_style=\u00bbfade\u00bb title_text_shadow_horizontal_length_tablet=\u00bb0px\u00bb title_text_shadow_vertical_length_tablet=\u00bb0px\u00bb title_text_shadow_blur_strength_tablet=\u00bb1px\u00bb closed_title_text_shadow_horizontal_length_tablet=\u00bb0px\u00bb closed_title_text_shadow_vertical_length_tablet=\u00bb0px\u00bb closed_title_text_shadow_blur_strength_tablet=\u00bb1px\u00bb body_text_shadow_horizontal_length_tablet=\u00bb0px\u00bb body_text_shadow_vertical_length_tablet=\u00bb0px\u00bb body_text_shadow_blur_strength_tablet=\u00bb1px\u00bb body_link_text_shadow_horizontal_length_tablet=\u00bb0px\u00bb body_link_text_shadow_vertical_length_tablet=\u00bb0px\u00bb body_link_text_shadow_blur_strength_tablet=\u00bb1px\u00bb body_ul_text_shadow_horizontal_length_tablet=\u00bb0px\u00bb body_ul_text_shadow_vertical_length_tablet=\u00bb0px\u00bb body_ul_text_shadow_blur_strength_tablet=\u00bb1px\u00bb body_ol_text_shadow_horizontal_length_tablet=\u00bb0px\u00bb body_ol_text_shadow_vertical_length_tablet=\u00bb0px\u00bb body_ol_text_shadow_blur_strength_tablet=\u00bb1px\u00bb body_quote_text_shadow_horizontal_length_tablet=\u00bb0px\u00bb body_quote_text_shadow_vertical_length_tablet=\u00bb0px\u00bb body_quote_text_shadow_blur_strength_tablet=\u00bb1px\u00bb border_width_all=\u00bb0px\u00bb box_shadow_horizontal_tablet=\u00bb0px\u00bb box_shadow_vertical_tablet=\u00bb0px\u00bb box_shadow_blur_tablet=\u00bb40px\u00bb box_shadow_spread_tablet=\u00bb0px\u00bb text_shadow_horizontal_length_tablet=\u00bb0px\u00bb text_shadow_vertical_length_tablet=\u00bb0px\u00bb text_shadow_blur_strength_tablet=\u00bb1px\u00bb global_colors_info=\u00bb{}\u00bb]<\/p>\n<p><strong><span style=\"color: #333333;\"><span style=\"color: #000b27;\">MANZANILLA, POLEO, Y TILA BIOL\u00d3GICAS<\/span> <\/span><\/strong><br \/>3,90\u20ac<\/p>\n<p><span style=\"color: #000b27;\"><strong>INFUSI\u00d3N DE FRUTOS ROJOS\u00a0<\/strong><\/span><br \/>Infusi\u00f3n de frutas sin cafe\u00edna. Taza roja intensa. Sabor a frutas rojas, grosellas, ar\u00e1ndanos y frambuesa. Intenso sabor y aroma denso.<br \/>3,90\u20ac<\/p>\n<p><span style=\"color: #000b27;\"><strong>INFUSI\u00d3N DE ROOIBOS\u00a0<\/strong><\/span><br \/>De origen sudafricano, no tiene cafe\u00edna. Las propiedades del Rooibos son realmente muy buenas y variadas, evita la retenci\u00f3n de l\u00edquidos, mejora la digesti\u00f3n y es bueno para la piel. Se deja reposar 5 minutos.<br \/>3,90\u20ac<\/p>\n<p><span style=\"color: #000b27;\"><strong>DARJEELING, BADAMTAM FOP<\/strong><\/span><br \/>Un t\u00e9 negro del Himalaya de la India, tambi\u00e9n conocido como el champagne de los t\u00e9s. Tiene un sabor amoscatelado y un delicado color miel. Con o sin leche, 2-3 min.<br \/>3,90\u20ac<\/p>\n<p><span style=\"color: #000b27;\"><strong>PU EHR (T\u00c9 ROJO)\u00a0<\/strong><\/span><br \/>Es un t\u00e9 muy apreciado por su tradicional uso en la medicina natural china, especialmente por sus propiedades digestivas, depurativas y adelgazantes, sin leche, 3 min.<br \/>3,90\u20ac<\/p>\n<p><span style=\"color: #000b27;\"><strong>TE NEGRO A LA CANELA\u00a0<\/strong><\/span><br \/>T\u00e9 negro con canela en rama. Con o sin leche, 4 min.<br \/>3,90\u20ac<\/p>\n<p><span style=\"color: #000b27;\"><strong>T\u00c9 VERDE CON VAINILLA\u00a0<\/strong><\/span><br \/>T\u00e9 verde aromatizado con vainilla, S\u00f3lo, 2 min.<br \/>3,90\u20ac<\/p>\n<p><span style=\"color: #000b27;\"><strong>JASMINE MONKEY KING\u00a0<\/strong><\/span><br \/>T\u00e9 semifermentado con flores de Jasmine. La alta proporci\u00f3n de Jasmine le da un intenso aroma. S\u00f3lo, 3 min.<br \/>3,90\u20ac<\/p>\n<p><span style=\"color: #000b27;\"><strong>T\u00c9 ENGLISH BREAKFAST\u00a0<\/strong><\/span><br \/>Mezcla de t\u00e9s negros BOP de origen Ceil\u00e1n y Assam. Es un t\u00e9 fuerte, especialmente pensado para comenzar el d\u00eda. Se toma con leche o lim\u00f3n.<br \/>3,90\u20ac<\/p>\n<p>[\/et_pb_toggle][\/et_pb_column_inner][\/et_pb_row_inner][\/et_pb_column][et_pb_column type=\u00bb1_3&#8243; _builder_version=\u00bb4.16&#8243; custom_padding=\u00bb|||\u00bb global_colors_info=\u00bb{}\u00bb custom_padding__hover=\u00bb|||\u00bb][\/et_pb_column][\/et_pb_section]<\/p>\n","protected":false},"excerpt":{"rendered":"<p>\u00a0 CARTA DE POSTRES (10% IVA INCLUIDO) TAMBI\u00c9N PARA LLEVARLOS TRADICIONALES Torrija brioche con crema helada de vainillaUn dulce tradicional, elaborado a partir de crema pastelera, harina y leche. Se deja cuajar, se reboza y se fr\u00ede.8,00\u20ac Arroz con leche de caser\u00edo con az\u00facar tostadoComo \u00abel de toda la vida\u00bb, preparado muy lentamente para hacerlo [&hellip;]<\/p>\n","protected":false},"author":2,"featured_media":0,"parent":0,"menu_order":0,"comment_status":"closed","ping_status":"closed","template":"page-template-blank.php","meta":{"_et_pb_use_builder":"on","_et_pb_old_content":"","_et_gb_content_width":"","footnotes":""},"class_list":["post-421","page","type-page","status-publish","hentry"],"_links":{"self":[{"href":"https:\/\/wp.grupo-oter.net\/cartas\/wp-json\/wp\/v2\/pages\/421","targetHints":{"allow":["GET"]}}],"collection":[{"href":"https:\/\/wp.grupo-oter.net\/cartas\/wp-json\/wp\/v2\/pages"}],"about":[{"href":"https:\/\/wp.grupo-oter.net\/cartas\/wp-json\/wp\/v2\/types\/page"}],"author":[{"embeddable":true,"href":"https:\/\/wp.grupo-oter.net\/cartas\/wp-json\/wp\/v2\/users\/2"}],"replies":[{"embeddable":true,"href":"https:\/\/wp.grupo-oter.net\/cartas\/wp-json\/wp\/v2\/comments?post=421"}],"version-history":[{"count":19,"href":"https:\/\/wp.grupo-oter.net\/cartas\/wp-json\/wp\/v2\/pages\/421\/revisions"}],"predecessor-version":[{"id":13420,"href":"https:\/\/wp.grupo-oter.net\/cartas\/wp-json\/wp\/v2\/pages\/421\/revisions\/13420"}],"wp:attachment":[{"href":"https:\/\/wp.grupo-oter.net\/cartas\/wp-json\/wp\/v2\/media?parent=421"}],"curies":[{"name":"wp","href":"https:\/\/api.w.org\/{rel}","templated":true}]}}