{"id":374,"date":"2020-05-13T19:35:37","date_gmt":"2020-05-13T19:35:37","guid":{"rendered":"https:\/\/wp.grupo-oter.net\/cartas\/?page_id=374"},"modified":"2025-10-15T10:58:45","modified_gmt":"2025-10-15T10:58:45","slug":"postres-la-lenera","status":"publish","type":"page","link":"https:\/\/wp.grupo-oter.net\/cartas\/postres-la-lenera\/","title":{"rendered":"Postres La Le\u00f1era"},"content":{"rendered":"<p>[et_pb_section fb_built=\u00bb1&#8243; specialty=\u00bbon\u00bb custom_padding_last_edited=\u00bbon|phone\u00bb admin_label=\u00bbTestimonials\u00bb _builder_version=\u00bb4.16&#8243; vertical_offset_tablet=\u00bb0&#8243; horizontal_offset_tablet=\u00bb0&#8243; custom_padding=\u00bb||150px|\u00bb custom_padding_tablet=\u00bb|||\u00bb custom_padding_phone=\u00bb||||false|false\u00bb bottom_divider_style=\u00bbslant2&#8243; bottom_divider_color=\u00bb#9c4036&#8243; bottom_divider_height=\u00bb160px\u00bb bottom_divider_flip=\u00bbvertical\u00bb bottom_divider_height_tablet=\u00bb\u00bb bottom_divider_height_phone=\u00bb90px\u00bb bottom_divider_height_last_edited=\u00bbon|tablet\u00bb z_index_tablet=\u00bb0&#8243; box_shadow_horizontal_tablet=\u00bb0px\u00bb box_shadow_vertical_tablet=\u00bb0px\u00bb box_shadow_blur_tablet=\u00bb40px\u00bb box_shadow_spread_tablet=\u00bb0px\u00bb global_colors_info=\u00bb{}\u00bb][et_pb_column type=\u00bb2_3&#8243; specialty_columns=\u00bb2&#8243; _builder_version=\u00bb4.16&#8243; custom_padding=\u00bb|||\u00bb global_colors_info=\u00bb{}\u00bb custom_padding__hover=\u00bb|||\u00bb][et_pb_row_inner column_structure=\u00bbundefined\u00bb _builder_version=\u00bb4.16&#8243; global_colors_info=\u00bb{}\u00bb][et_pb_column_inner type=\u00bbundefined\u00bb saved_specialty_column_type=\u00bb2_3&#8243; _builder_version=\u00bb4.16&#8243; custom_padding=\u00bb|||\u00bb global_colors_info=\u00bb{}\u00bb custom_padding__hover=\u00bb|||\u00bb][et_pb_text _builder_version=\u00bb4.16&#8243; text_font=\u00bbJosefin Sans||||||||\u00bb vertical_offset_tablet=\u00bb0&#8243; horizontal_offset_tablet=\u00bb0&#8243; z_index_tablet=\u00bb0&#8243; text_text_shadow_horizontal_length_tablet=\u00bb0px\u00bb text_text_shadow_vertical_length_tablet=\u00bb0px\u00bb text_text_shadow_blur_strength_tablet=\u00bb1px\u00bb link_text_shadow_horizontal_length_tablet=\u00bb0px\u00bb link_text_shadow_vertical_length_tablet=\u00bb0px\u00bb link_text_shadow_blur_strength_tablet=\u00bb1px\u00bb ul_text_shadow_horizontal_length_tablet=\u00bb0px\u00bb ul_text_shadow_vertical_length_tablet=\u00bb0px\u00bb ul_text_shadow_blur_strength_tablet=\u00bb1px\u00bb ol_text_shadow_horizontal_length_tablet=\u00bb0px\u00bb ol_text_shadow_vertical_length_tablet=\u00bb0px\u00bb ol_text_shadow_blur_strength_tablet=\u00bb1px\u00bb quote_text_shadow_horizontal_length_tablet=\u00bb0px\u00bb quote_text_shadow_vertical_length_tablet=\u00bb0px\u00bb quote_text_shadow_blur_strength_tablet=\u00bb1px\u00bb header_text_shadow_horizontal_length_tablet=\u00bb0px\u00bb header_text_shadow_vertical_length_tablet=\u00bb0px\u00bb header_text_shadow_blur_strength_tablet=\u00bb1px\u00bb header_2_text_shadow_horizontal_length_tablet=\u00bb0px\u00bb header_2_text_shadow_vertical_length_tablet=\u00bb0px\u00bb header_2_text_shadow_blur_strength_tablet=\u00bb1px\u00bb header_3_text_shadow_horizontal_length_tablet=\u00bb0px\u00bb header_3_text_shadow_vertical_length_tablet=\u00bb0px\u00bb header_3_text_shadow_blur_strength_tablet=\u00bb1px\u00bb header_4_text_shadow_horizontal_length_tablet=\u00bb0px\u00bb header_4_text_shadow_vertical_length_tablet=\u00bb0px\u00bb header_4_text_shadow_blur_strength_tablet=\u00bb1px\u00bb header_5_text_shadow_horizontal_length_tablet=\u00bb0px\u00bb header_5_text_shadow_vertical_length_tablet=\u00bb0px\u00bb header_5_text_shadow_blur_strength_tablet=\u00bb1px\u00bb header_6_text_shadow_horizontal_length_tablet=\u00bb0px\u00bb header_6_text_shadow_vertical_length_tablet=\u00bb0px\u00bb header_6_text_shadow_blur_strength_tablet=\u00bb1px\u00bb box_shadow_horizontal_tablet=\u00bb0px\u00bb box_shadow_vertical_tablet=\u00bb0px\u00bb box_shadow_blur_tablet=\u00bb40px\u00bb box_shadow_spread_tablet=\u00bb0px\u00bb global_colors_info=\u00bb{}\u00bb]<\/p>\n<p><img decoding=\"async\" class=\"size-full wp-image-366 aligncenter lazyload\" data-src=\"https:\/\/wp.grupo-oter.net\/cartas\/wp-content\/uploads\/sites\/40\/2020\/05\/lalenera.png\" alt=\"\" width=\"161\" height=\"170\" src=\"data:image\/svg+xml;base64,PHN2ZyB3aWR0aD0iMSIgaGVpZ2h0PSIxIiB4bWxucz0iaHR0cDovL3d3dy53My5vcmcvMjAwMC9zdmciPjwvc3ZnPg==\" style=\"--smush-placeholder-width: 161px; --smush-placeholder-aspect-ratio: 161\/170;\" \/><\/p>\n<h2>\u00a0<\/h2>\n<h2 style=\"text-align: center;\"><span style=\"color: #9c4036;\"><strong>CARTA DE POSTRES<\/strong><\/span><\/h2>\n<h4 style=\"text-align: center;\"><span style=\"color: #9c4036; font-size: small;\"><strong>(10% IVA INCLUIDO) TAMBI\u00c9N PARA LLEVAR<\/strong><\/span><\/h4>\n<p>[\/et_pb_text][et_pb_toggle title=\u00bbPOSTRES DE NUESTRO OBRADOR\u00bb open_toggle_background_color=\u00bb#f7f7f7&#8243; closed_toggle_background_color=\u00bb#f7f7f7&#8243; icon_color=\u00bb#9c4036&#8243; open_icon_color=\u00bb#9c4036&#8243; admin_label=\u00bbPOSTRES DE NUESTRO OBRADOR\u00bb _builder_version=\u00bb4.27.4&#8243; title_font=\u00bbJosefin Sans||||||||\u00bb title_line_height=\u00bb1.4em\u00bb body_font=\u00bbJosefin Sans||||||||\u00bb body_font_size=\u00bb15px\u00bb body_line_height=\u00bb1.8em\u00bb vertical_offset_tablet=\u00bb0&#8243; horizontal_offset_tablet=\u00bb0&#8243; animation_style=\u00bbfade\u00bb hover_enabled=\u00bb0&#8243; title_text_shadow_horizontal_length_tablet=\u00bb0px\u00bb title_text_shadow_vertical_length_tablet=\u00bb0px\u00bb title_text_shadow_blur_strength_tablet=\u00bb1px\u00bb closed_title_text_shadow_horizontal_length_tablet=\u00bb0px\u00bb closed_title_text_shadow_vertical_length_tablet=\u00bb0px\u00bb closed_title_text_shadow_blur_strength_tablet=\u00bb1px\u00bb body_text_shadow_horizontal_length_tablet=\u00bb0px\u00bb body_text_shadow_vertical_length_tablet=\u00bb0px\u00bb body_text_shadow_blur_strength_tablet=\u00bb1px\u00bb body_link_text_shadow_horizontal_length_tablet=\u00bb0px\u00bb body_link_text_shadow_vertical_length_tablet=\u00bb0px\u00bb body_link_text_shadow_blur_strength_tablet=\u00bb1px\u00bb body_ul_text_shadow_horizontal_length_tablet=\u00bb0px\u00bb body_ul_text_shadow_vertical_length_tablet=\u00bb0px\u00bb body_ul_text_shadow_blur_strength_tablet=\u00bb1px\u00bb body_ol_text_shadow_horizontal_length_tablet=\u00bb0px\u00bb body_ol_text_shadow_vertical_length_tablet=\u00bb0px\u00bb body_ol_text_shadow_blur_strength_tablet=\u00bb1px\u00bb body_quote_text_shadow_horizontal_length_tablet=\u00bb0px\u00bb body_quote_text_shadow_vertical_length_tablet=\u00bb0px\u00bb body_quote_text_shadow_blur_strength_tablet=\u00bb1px\u00bb border_width_all=\u00bb0px\u00bb box_shadow_horizontal_tablet=\u00bb0px\u00bb box_shadow_vertical_tablet=\u00bb0px\u00bb box_shadow_blur_tablet=\u00bb40px\u00bb box_shadow_spread_tablet=\u00bb0px\u00bb text_shadow_horizontal_length_tablet=\u00bb0px\u00bb text_shadow_vertical_length_tablet=\u00bb0px\u00bb text_shadow_blur_strength_tablet=\u00bb1px\u00bb global_colors_info=\u00bb{}\u00bb sticky_enabled=\u00bb0&#8243;]<\/p>\n<p><strong><span style=\"color: #9c4036;\"><span style=\"color: #333333;\">Los tradicionales<\/span><\/span><\/strong><\/p>\n<p><strong><span style=\"color: #9c4036;\">ARROZ CON LECHE A LA ASTURIANA<\/span><\/strong><br \/>Preparado muy lentamente para hacerlo m\u00e1s cremoso, cubierto con una crujiente capa de caramelo.<br \/>7,50\u20ac<\/p>\n<p><strong><span style=\"color: #9c4036;\">TOCINO DE CIELO CON LECHE MERENGADA<\/span><\/strong><br \/>Al estilo tradicional, con la agradable untuosidad de las yemas y el frescor de la leche merengada.<br \/>8,50\u20ac<\/p>\n<p><span style=\"color: #9c4036;\"><strong>TARTA DE QUESO DEL VALLE DE NARCEA CON CONFITURA DE FRUTOS ROJOS<\/strong><\/span><br \/>Elaborada con una suave crema de queso fresco con el toque \u00e1cido de los frutos rojos.<br \/>8,00\u20ac<\/p>\n<p><span style=\"color: #9c4036;\"><strong>LECHE FRITA FLAMBEADA<\/strong><\/span><br \/>Un postre tradicional aromatizado con orujo sobre almibar suave.<br \/>8,00\u20ac<\/p>\n<p><strong><span style=\"color: #9c4036;\">FILLOAS<\/span><\/strong><br \/>\u201cBlondas\u201d rellenas de crema pastelera.<br \/>8,50\u20ac<\/p>\n<p><span style=\"color: #9c4036;\"><strong>COULANT DE CHOCOLATE CALIENTE CON HELADO DE VAINILLA<\/strong><\/span><br \/>Delicioso postre del m\u00e1s puro chocolate que crece y crece en el horno.<br \/>8,50\u20ac<\/p>\n<p><span style=\"color: #9c4036;\"><strong>HOJALDRE FINO DE MANZANA CON HELADO CREMOSO DE VAINILLA<\/strong><\/span><br \/>Horneado al momento de pedirlo, caramelizando l\u00e1minas de manzana con el toque arom\u00e1tico de la vainilla.<br \/>9,00\u20ac<\/p>\n<p><strong><span style=\"color: #9c4036;\">CREPES SUZETTE AL GRAND MARNIER (2 PERSONAS, PRECIO POR PERSONA)<\/span><\/strong><br \/>Un cl\u00e1sico elaborado a la vista del cliente, zumo de naranja, az\u00facar tostado, Grand Marnier y Mangaroca\u00a1<br \/>14,00\u20ac<\/p>\n<p><span style=\"color: #9c4036;\"><strong>QUESO POSTRE<\/strong><\/span><br \/>Selecci\u00f3n de nuestros mejores quesos con frutos secos y confitura casera.<br \/>13,00\u20ac<\/p>\n<p><strong><span style=\"color: #333333;\">Refrescantes y ligeros<\/span><\/strong><\/p>\n<p><strong><span style=\"color: #9c4036;\">CARPACCIO DE PI\u00d1A Y MANGO<\/span><\/strong><br \/>Una deliciosa combinaci\u00f3n de sabores tropicales.<br \/>9,00\u20ac<\/p>\n<p><strong><span style=\"color: #9c4036;\">HELADO DE VAINILLA AL PX<\/span><\/strong><br \/>Vainilla y PX, un maridaje recomendable.<br \/>8,50\u20ac<\/p>\n<p><strong><span style=\"color: #9c4036;\">HELADOS ARTESANOS<\/span><\/strong><br \/>Elaborados por nosotros con la m\u00e1s fresca crema de leche.<br \/>8,00\u20ac<\/p>\n<p><strong><span style=\"color: #9c4036;\">SORBETES NATURALES SIN ALCOHOL<\/span><\/strong><br \/>Sorbetes de frutas frescas de varios sabores.<br \/>8,50\u20ac<\/p>\n<p><span style=\"color: #9c4036;\"><strong>SORBETE DE MANZANA VERDE Y AGUARDIENTE DE SIDRA<\/strong><\/span><br \/>Combinaci\u00f3n muy refrescante, la acidez de la manzana verde y el toque dulce de la sidra.<br \/>12,00\u20ac<\/p>\n<p>[\/et_pb_toggle][et_pb_toggle title=\u00bbVINOS QUE RECOMENDAMOS PARA LOS POSTRES\u00bb open_toggle_background_color=\u00bb#f7f7f7&#8243; closed_toggle_background_color=\u00bb#f7f7f7&#8243; icon_color=\u00bb#9c4036&#8243; open_icon_color=\u00bb#9c4036&#8243; admin_label=\u00bbVINOS QUE RECOMENDAMOS PARA LOS POSTRES\u00bb _builder_version=\u00bb4.27.4&#8243; title_font=\u00bbJosefin Sans||||||||\u00bb title_line_height=\u00bb1.4em\u00bb body_font=\u00bbJosefin Sans||||||||\u00bb body_font_size=\u00bb15px\u00bb body_line_height=\u00bb1.8em\u00bb vertical_offset_tablet=\u00bb0&#8243; horizontal_offset_tablet=\u00bb0&#8243; animation_style=\u00bbfade\u00bb hover_enabled=\u00bb0&#8243; title_text_shadow_horizontal_length_tablet=\u00bb0px\u00bb title_text_shadow_vertical_length_tablet=\u00bb0px\u00bb title_text_shadow_blur_strength_tablet=\u00bb1px\u00bb closed_title_text_shadow_horizontal_length_tablet=\u00bb0px\u00bb closed_title_text_shadow_vertical_length_tablet=\u00bb0px\u00bb closed_title_text_shadow_blur_strength_tablet=\u00bb1px\u00bb body_text_shadow_horizontal_length_tablet=\u00bb0px\u00bb body_text_shadow_vertical_length_tablet=\u00bb0px\u00bb body_text_shadow_blur_strength_tablet=\u00bb1px\u00bb body_link_text_shadow_horizontal_length_tablet=\u00bb0px\u00bb body_link_text_shadow_vertical_length_tablet=\u00bb0px\u00bb body_link_text_shadow_blur_strength_tablet=\u00bb1px\u00bb body_ul_text_shadow_horizontal_length_tablet=\u00bb0px\u00bb body_ul_text_shadow_vertical_length_tablet=\u00bb0px\u00bb body_ul_text_shadow_blur_strength_tablet=\u00bb1px\u00bb body_ol_text_shadow_horizontal_length_tablet=\u00bb0px\u00bb body_ol_text_shadow_vertical_length_tablet=\u00bb0px\u00bb body_ol_text_shadow_blur_strength_tablet=\u00bb1px\u00bb body_quote_text_shadow_horizontal_length_tablet=\u00bb0px\u00bb body_quote_text_shadow_vertical_length_tablet=\u00bb0px\u00bb body_quote_text_shadow_blur_strength_tablet=\u00bb1px\u00bb border_width_all=\u00bb0px\u00bb box_shadow_horizontal_tablet=\u00bb0px\u00bb box_shadow_vertical_tablet=\u00bb0px\u00bb box_shadow_blur_tablet=\u00bb40px\u00bb box_shadow_spread_tablet=\u00bb0px\u00bb text_shadow_horizontal_length_tablet=\u00bb0px\u00bb text_shadow_vertical_length_tablet=\u00bb0px\u00bb text_shadow_blur_strength_tablet=\u00bb1px\u00bb global_colors_info=\u00bb{}\u00bb sticky_enabled=\u00bb0&#8243;]<\/p>\n<p><strong><span style=\"color: #333333;\">MOSCATEL GRAN FEUDO de Chivite<\/span><\/strong><br \/>Copa6,25\u20ac<\/p>\n<p><strong><span style=\"color: #333333;\">P.X. S\u00c1NCHEZ ROMATE<\/span><\/strong><br \/>Copa 6,25\u20ac<\/p>\n<p><strong><span style=\"color: #333333;\">CASTA DIVA MOSCATEL<\/span><\/strong><br \/>Copa 7,50\u20ac<\/p>\n<p><strong><span style=\"color: #333333;\">PEDRO XIM\u00c9NEZ TRADICI\u00d3N VOS<\/span><\/strong><br \/>Copa 9,00\u20ac<\/p>\n<p><strong><span style=\"color: #333333;\">1413 TOKAJI DISZNOKO EDES SZAMORODNI<\/span><\/strong><br \/>Copa 9,00\u20ac<\/p>\n<p>[\/et_pb_toggle][et_pb_toggle title=\u00bbCAF\u00c9S\u00bb open_toggle_background_color=\u00bb#f7f7f7&#8243; closed_toggle_background_color=\u00bb#f7f7f7&#8243; icon_color=\u00bb#9c4036&#8243; open_icon_color=\u00bb#9c4036&#8243; admin_label=\u00bbCAF\u00c9S\u00bb _builder_version=\u00bb4.27.4&#8243; title_font=\u00bbJosefin Sans||||||||\u00bb title_line_height=\u00bb1.4em\u00bb body_font=\u00bbJosefin Sans||||||||\u00bb body_font_size=\u00bb15px\u00bb body_line_height=\u00bb1.8em\u00bb vertical_offset_tablet=\u00bb0&#8243; horizontal_offset_tablet=\u00bb0&#8243; animation_style=\u00bbfade\u00bb hover_enabled=\u00bb0&#8243; title_text_shadow_horizontal_length_tablet=\u00bb0px\u00bb title_text_shadow_vertical_length_tablet=\u00bb0px\u00bb title_text_shadow_blur_strength_tablet=\u00bb1px\u00bb closed_title_text_shadow_horizontal_length_tablet=\u00bb0px\u00bb closed_title_text_shadow_vertical_length_tablet=\u00bb0px\u00bb closed_title_text_shadow_blur_strength_tablet=\u00bb1px\u00bb body_text_shadow_horizontal_length_tablet=\u00bb0px\u00bb body_text_shadow_vertical_length_tablet=\u00bb0px\u00bb body_text_shadow_blur_strength_tablet=\u00bb1px\u00bb body_link_text_shadow_horizontal_length_tablet=\u00bb0px\u00bb body_link_text_shadow_vertical_length_tablet=\u00bb0px\u00bb body_link_text_shadow_blur_strength_tablet=\u00bb1px\u00bb body_ul_text_shadow_horizontal_length_tablet=\u00bb0px\u00bb body_ul_text_shadow_vertical_length_tablet=\u00bb0px\u00bb body_ul_text_shadow_blur_strength_tablet=\u00bb1px\u00bb body_ol_text_shadow_horizontal_length_tablet=\u00bb0px\u00bb body_ol_text_shadow_vertical_length_tablet=\u00bb0px\u00bb body_ol_text_shadow_blur_strength_tablet=\u00bb1px\u00bb body_quote_text_shadow_horizontal_length_tablet=\u00bb0px\u00bb body_quote_text_shadow_vertical_length_tablet=\u00bb0px\u00bb body_quote_text_shadow_blur_strength_tablet=\u00bb1px\u00bb border_width_all=\u00bb0px\u00bb box_shadow_horizontal_tablet=\u00bb0px\u00bb box_shadow_vertical_tablet=\u00bb0px\u00bb box_shadow_blur_tablet=\u00bb40px\u00bb box_shadow_spread_tablet=\u00bb0px\u00bb text_shadow_horizontal_length_tablet=\u00bb0px\u00bb text_shadow_vertical_length_tablet=\u00bb0px\u00bb text_shadow_blur_strength_tablet=\u00bb1px\u00bb global_colors_info=\u00bb{}\u00bb sticky_enabled=\u00bb0&#8243;]<\/p>\n<p><strong><span style=\"color: #333333;\">ESPECIAL DE LA CASA<\/span><\/strong><br \/>Circulo de oro es un caf\u00e9 natural supremo criba 18. Un caf\u00e9 suave de la especie ar\u00e1bica con aromas florales y afrutado. Acidez natural y persistencia arom\u00e1tica.<br \/>2,90\u20ac<\/p>\n<p><strong><span style=\"color: #333333;\">DESCAFEINADO EN GRANO<\/span><\/strong><br \/>100 % Colombia, Supremo. Caf\u00e9 suave y afrutado. M\u00ednimo contenido en cafe\u00edna, por debajo de 0,05%.<br \/>2,90\u20ac<\/p>\n<p><strong><span style=\"color: #333333;\">CAF\u00c9 BOMB\u00d3N<\/span><\/strong><br \/>Con deliciosa leche condensada.<br \/>4,20\u20ac<\/p>\n<p><strong><span style=\"color: #333333;\">CAF\u00c9 CAPUCHINO<\/span><\/strong><br \/>Al estilo tradicional: batir la leche con el vaporizador y espolvorear con caf\u00e9 molido.<br \/>4,20\u20ac<\/p>\n<p><strong><span style=\"color: #333333;\">CAF\u00c9 VIEN\u00c9S<\/span><\/strong><br \/>Se le a\u00f1ade un chorrito de co\u00f1ac y un poco de az\u00facar, y se sirve con nata montada y canela.<br \/>4,75\u20ac<\/p>\n<p><strong><span style=\"color: #333333;\">CAF\u00c9 ESCOC\u00c9S <\/span><\/strong><br \/>Whisky, helado de vainilla y caf\u00e9.<br \/>6.50\u20ac<\/p>\n<p><strong><span style=\"color: #333333;\">CAF\u00c9 IRLAND\u00c9S<\/span><\/strong><br \/>Whisky y az\u00facar flambeado, a\u00f1adimos el caf\u00e9 y rellenamos con nata.<br \/>6.50\u20ac<\/p>\n<p>&nbsp;<\/p>\n<p>[\/et_pb_toggle][et_pb_toggle title=\u00bbINFUSIONES Y T\u00c9S NATURALES\u00bb open_toggle_background_color=\u00bb#f7f7f7&#8243; closed_toggle_background_color=\u00bb#f7f7f7&#8243; icon_color=\u00bb#9c4036&#8243; open_icon_color=\u00bb#9c4036&#8243; admin_label=\u00bbINFUSIONES Y T\u00c9S NATURALES\u00bb _builder_version=\u00bb4.27.4&#8243; title_font=\u00bbJosefin Sans||||||||\u00bb title_line_height=\u00bb1.4em\u00bb body_font=\u00bbJosefin Sans||||||||\u00bb body_font_size=\u00bb15px\u00bb body_line_height=\u00bb1.8em\u00bb vertical_offset_tablet=\u00bb0&#8243; horizontal_offset_tablet=\u00bb0&#8243; animation_style=\u00bbfade\u00bb hover_enabled=\u00bb0&#8243; title_text_shadow_horizontal_length_tablet=\u00bb0px\u00bb title_text_shadow_vertical_length_tablet=\u00bb0px\u00bb title_text_shadow_blur_strength_tablet=\u00bb1px\u00bb closed_title_text_shadow_horizontal_length_tablet=\u00bb0px\u00bb closed_title_text_shadow_vertical_length_tablet=\u00bb0px\u00bb closed_title_text_shadow_blur_strength_tablet=\u00bb1px\u00bb body_text_shadow_horizontal_length_tablet=\u00bb0px\u00bb body_text_shadow_vertical_length_tablet=\u00bb0px\u00bb body_text_shadow_blur_strength_tablet=\u00bb1px\u00bb body_link_text_shadow_horizontal_length_tablet=\u00bb0px\u00bb body_link_text_shadow_vertical_length_tablet=\u00bb0px\u00bb body_link_text_shadow_blur_strength_tablet=\u00bb1px\u00bb body_ul_text_shadow_horizontal_length_tablet=\u00bb0px\u00bb body_ul_text_shadow_vertical_length_tablet=\u00bb0px\u00bb body_ul_text_shadow_blur_strength_tablet=\u00bb1px\u00bb body_ol_text_shadow_horizontal_length_tablet=\u00bb0px\u00bb body_ol_text_shadow_vertical_length_tablet=\u00bb0px\u00bb body_ol_text_shadow_blur_strength_tablet=\u00bb1px\u00bb body_quote_text_shadow_horizontal_length_tablet=\u00bb0px\u00bb body_quote_text_shadow_vertical_length_tablet=\u00bb0px\u00bb body_quote_text_shadow_blur_strength_tablet=\u00bb1px\u00bb border_width_all=\u00bb0px\u00bb box_shadow_horizontal_tablet=\u00bb0px\u00bb box_shadow_vertical_tablet=\u00bb0px\u00bb box_shadow_blur_tablet=\u00bb40px\u00bb box_shadow_spread_tablet=\u00bb0px\u00bb text_shadow_horizontal_length_tablet=\u00bb0px\u00bb text_shadow_vertical_length_tablet=\u00bb0px\u00bb text_shadow_blur_strength_tablet=\u00bb1px\u00bb global_colors_info=\u00bb{}\u00bb sticky_enabled=\u00bb0&#8243;]<\/p>\n<p><strong><span style=\"color: #333333;\">MANZANILLA, POLEO, Y TILA BIOL\u00d3GICAS <\/span><\/strong><br \/>3,90\u20ac<\/p>\n<p><strong><span style=\"color: #333333;\">INFUSI\u00d3N DE FRUTOS ROJOS\u00a0<\/span><\/strong><br \/>Infusi\u00f3n de frutas sin cafe\u00edna. Taza roja intensa. Sabor a frutas rojas, grosellas, ar\u00e1ndanos y frambuesa. Intenso sabor y aroma denso.<br \/>3,90\u20ac<\/p>\n<p><strong><span style=\"color: #333333;\">INFUSI\u00d3N DE ROOIBOS\u00a0<\/span><\/strong><br \/>De origen sudafricano, no tiene cafe\u00edna. Las propiedades del Rooibos son realmente muy buenas y variadas, evita la retenci\u00f3n de l\u00edquidos, mejora la digesti\u00f3n y es bueno para la piel. Se deja reposar 5 minutos.<br \/>3,90\u20ac<\/p>\n<p><strong><span style=\"color: #333333;\">DARJEELING, BADAMTAM FOP<\/span><\/strong><br \/>Un t\u00e9 negro del Himalaya de la India, tambi\u00e9n conocido como el champagne de los t\u00e9s. Tiene un sabor amoscatelado y un delicado color miel. Con o sin leche, 2-3 min.<br \/>3,90\u20ac<\/p>\n<p><strong><span style=\"color: #333333;\">PU EHR (T\u00c9 ROJO)\u00a0<\/span><\/strong><br \/>Es un t\u00e9 muy apreciado por su tradicional uso en la medicina natural china, especialmente por sus propiedades digestivas, depurativas y adelgazantes, sin leche, 3 min.<br \/>3,90\u20ac<\/p>\n<p><strong><span style=\"color: #333333;\">TE NEGRO A LA CANELA\u00a0<\/span><\/strong><br \/>T\u00e9 negro con canela en rama. Con o sin leche, 4 min.<br \/>3,90\u20ac<\/p>\n<p><strong><span style=\"color: #333333;\">T\u00c9 VERDE CON VAINILLA\u00a0<\/span><\/strong><br \/>T\u00e9 verde aromatizado con vainilla, S\u00f3lo, 2 min.<br \/>3,90\u20ac<\/p>\n<p><strong><span style=\"color: #333333;\">JASMINE MONKEY KING\u00a0<\/span><\/strong><br \/>T\u00e9 semifermentado con flores de Jasmine. La alta proporci\u00f3n de Jasmine le da un intenso aroma. S\u00f3lo, 3 min.<br \/>3,90\u20ac<\/p>\n<p><strong><span style=\"color: #333333;\">T\u00c9 ENGLISH BREAKFAST\u00a0<\/span><\/strong><br \/>Mezcla de t\u00e9s negros BOP de origen Ceil\u00e1n y Assam. Es un t\u00e9 fuerte, especialmente pensado para comenzar el d\u00eda. Se toma con leche o lim\u00f3n.<br \/>3,90\u20ac<\/p>\n<p>&nbsp;<\/p>\n<p>[\/et_pb_toggle][\/et_pb_column_inner][\/et_pb_row_inner][\/et_pb_column][et_pb_column type=\u00bb1_3&#8243; _builder_version=\u00bb4.16&#8243; custom_padding=\u00bb|||\u00bb global_colors_info=\u00bb{}\u00bb custom_padding__hover=\u00bb|||\u00bb][\/et_pb_column][\/et_pb_section]<\/p>\n","protected":false},"excerpt":{"rendered":"<p>\u00a0 CARTA DE POSTRES (10% IVA INCLUIDO) TAMBI\u00c9N PARA LLEVARLos tradicionales ARROZ CON LECHE A LA ASTURIANAPreparado muy lentamente para hacerlo m\u00e1s cremoso, cubierto con una crujiente capa de caramelo.7,50\u20ac TOCINO DE CIELO CON LECHE MERENGADAAl estilo tradicional, con la agradable untuosidad de las yemas y el frescor de la leche merengada.8,50\u20ac TARTA DE QUESO [&hellip;]<\/p>\n","protected":false},"author":2,"featured_media":0,"parent":0,"menu_order":0,"comment_status":"closed","ping_status":"closed","template":"page-template-blank.php","meta":{"_et_pb_use_builder":"on","_et_pb_old_content":"","_et_gb_content_width":"","footnotes":""},"class_list":["post-374","page","type-page","status-publish","hentry"],"_links":{"self":[{"href":"https:\/\/wp.grupo-oter.net\/cartas\/wp-json\/wp\/v2\/pages\/374","targetHints":{"allow":["GET"]}}],"collection":[{"href":"https:\/\/wp.grupo-oter.net\/cartas\/wp-json\/wp\/v2\/pages"}],"about":[{"href":"https:\/\/wp.grupo-oter.net\/cartas\/wp-json\/wp\/v2\/types\/page"}],"author":[{"embeddable":true,"href":"https:\/\/wp.grupo-oter.net\/cartas\/wp-json\/wp\/v2\/users\/2"}],"replies":[{"embeddable":true,"href":"https:\/\/wp.grupo-oter.net\/cartas\/wp-json\/wp\/v2\/comments?post=374"}],"version-history":[{"count":23,"href":"https:\/\/wp.grupo-oter.net\/cartas\/wp-json\/wp\/v2\/pages\/374\/revisions"}],"predecessor-version":[{"id":13668,"href":"https:\/\/wp.grupo-oter.net\/cartas\/wp-json\/wp\/v2\/pages\/374\/revisions\/13668"}],"wp:attachment":[{"href":"https:\/\/wp.grupo-oter.net\/cartas\/wp-json\/wp\/v2\/media?parent=374"}],"curies":[{"name":"wp","href":"https:\/\/api.w.org\/{rel}","templated":true}]}}