{"id":14175,"date":"2025-12-11T10:04:43","date_gmt":"2025-12-11T10:04:43","guid":{"rendered":"https:\/\/wp.grupo-oter.net\/cartas\/?page_id=14175"},"modified":"2026-01-12T11:02:56","modified_gmt":"2026-01-12T11:02:56","slug":"menus-ingles-gayarre-steak-house","status":"publish","type":"page","link":"https:\/\/wp.grupo-oter.net\/cartas\/menus-ingles-gayarre-steak-house\/","title":{"rendered":"Men\u00fas ingl\u00e9s Gayarre Steak House"},"content":{"rendered":"<p>[et_pb_section fb_built=\u00bb1&#8243; specialty=\u00bbon\u00bb custom_padding_last_edited=\u00bbon|phone\u00bb admin_label=\u00bbTestimonials\u00bb _builder_version=\u00bb4.16&#8243; vertical_offset_tablet=\u00bb0&#8243; horizontal_offset_tablet=\u00bb0&#8243; custom_padding=\u00bb||150px|\u00bb custom_padding_tablet=\u00bb|||\u00bb custom_padding_phone=\u00bb||||false|false\u00bb bottom_divider_style=\u00bbslant2&#8243; bottom_divider_color=\u00bb#333333&#8243; bottom_divider_height=\u00bb160px\u00bb bottom_divider_flip=\u00bbvertical\u00bb bottom_divider_height_tablet=\u00bb\u00bb bottom_divider_height_phone=\u00bb90px\u00bb bottom_divider_height_last_edited=\u00bbon|tablet\u00bb z_index_tablet=\u00bb0&#8243; box_shadow_horizontal_tablet=\u00bb0px\u00bb box_shadow_vertical_tablet=\u00bb0px\u00bb box_shadow_blur_tablet=\u00bb40px\u00bb box_shadow_spread_tablet=\u00bb0px\u00bb global_colors_info=\u00bb{}\u00bb][et_pb_column type=\u00bb2_3&#8243; specialty_columns=\u00bb2&#8243; _builder_version=\u00bb4.16&#8243; custom_padding=\u00bb|||\u00bb global_colors_info=\u00bb{}\u00bb custom_padding__hover=\u00bb|||\u00bb][et_pb_row_inner column_structure=\u00bbundefined\u00bb _builder_version=\u00bb4.16&#8243; global_colors_info=\u00bb{}\u00bb][et_pb_column_inner type=\u00bbundefined\u00bb saved_specialty_column_type=\u00bb2_3&#8243; _builder_version=\u00bb4.16&#8243; custom_padding=\u00bb|||\u00bb global_colors_info=\u00bb{}\u00bb custom_padding__hover=\u00bb|||\u00bb][et_pb_text _builder_version=\u00bb4.27.4&#8243; text_font=\u00bbJosefin Sans||||||||\u00bb vertical_offset_tablet=\u00bb0&#8243; horizontal_offset_tablet=\u00bb0&#8243; z_index_tablet=\u00bb0&#8243; text_text_shadow_horizontal_length_tablet=\u00bb0px\u00bb text_text_shadow_vertical_length_tablet=\u00bb0px\u00bb text_text_shadow_blur_strength_tablet=\u00bb1px\u00bb link_text_shadow_horizontal_length_tablet=\u00bb0px\u00bb link_text_shadow_vertical_length_tablet=\u00bb0px\u00bb link_text_shadow_blur_strength_tablet=\u00bb1px\u00bb ul_text_shadow_horizontal_length_tablet=\u00bb0px\u00bb ul_text_shadow_vertical_length_tablet=\u00bb0px\u00bb ul_text_shadow_blur_strength_tablet=\u00bb1px\u00bb ol_text_shadow_horizontal_length_tablet=\u00bb0px\u00bb ol_text_shadow_vertical_length_tablet=\u00bb0px\u00bb ol_text_shadow_blur_strength_tablet=\u00bb1px\u00bb quote_text_shadow_horizontal_length_tablet=\u00bb0px\u00bb quote_text_shadow_vertical_length_tablet=\u00bb0px\u00bb quote_text_shadow_blur_strength_tablet=\u00bb1px\u00bb header_text_shadow_horizontal_length_tablet=\u00bb0px\u00bb header_text_shadow_vertical_length_tablet=\u00bb0px\u00bb header_text_shadow_blur_strength_tablet=\u00bb1px\u00bb header_2_text_shadow_horizontal_length_tablet=\u00bb0px\u00bb header_2_text_shadow_vertical_length_tablet=\u00bb0px\u00bb header_2_text_shadow_blur_strength_tablet=\u00bb1px\u00bb header_3_text_shadow_horizontal_length_tablet=\u00bb0px\u00bb header_3_text_shadow_vertical_length_tablet=\u00bb0px\u00bb header_3_text_shadow_blur_strength_tablet=\u00bb1px\u00bb header_4_text_shadow_horizontal_length_tablet=\u00bb0px\u00bb header_4_text_shadow_vertical_length_tablet=\u00bb0px\u00bb header_4_text_shadow_blur_strength_tablet=\u00bb1px\u00bb header_5_text_shadow_horizontal_length_tablet=\u00bb0px\u00bb header_5_text_shadow_vertical_length_tablet=\u00bb0px\u00bb header_5_text_shadow_blur_strength_tablet=\u00bb1px\u00bb header_6_text_shadow_horizontal_length_tablet=\u00bb0px\u00bb header_6_text_shadow_vertical_length_tablet=\u00bb0px\u00bb header_6_text_shadow_blur_strength_tablet=\u00bb1px\u00bb box_shadow_horizontal_tablet=\u00bb0px\u00bb box_shadow_vertical_tablet=\u00bb0px\u00bb box_shadow_blur_tablet=\u00bb40px\u00bb box_shadow_spread_tablet=\u00bb0px\u00bb global_colors_info=\u00bb{}\u00bb]<\/p>\n<p><img decoding=\"async\" class=\"aligncenter wp-image-14076 size-medium lazyload\" data-src=\"https:\/\/wp.grupo-oter.net\/cartas\/wp-content\/uploads\/sites\/40\/2025\/12\/Gayarre-Logo-Rte-fondo-blanco-300x300.png\" alt=\"\" width=\"300\" height=\"300\" src=\"data:image\/svg+xml;base64,PHN2ZyB3aWR0aD0iMSIgaGVpZ2h0PSIxIiB4bWxucz0iaHR0cDovL3d3dy53My5vcmcvMjAwMC9zdmciPjwvc3ZnPg==\" style=\"--smush-placeholder-width: 300px; --smush-placeholder-aspect-ratio: 300\/300;\" \/><\/p>\n<h2>\u00a0<\/h2>\n<h2 style=\"text-align: center;\"><span style=\"color: #333333;\"><strong>GROUP MENUS<\/strong><\/span><\/h2>\n<h4 style=\"text-align: center;\"><span style=\"color: #333333;\"><strong>(10% vat included)<\/strong><\/span><\/h4>\n<p>[\/et_pb_text][et_pb_toggle title=\u00bbGROUP MENUS (valid until JUNE 2026)\u00bb open_toggle_background_color=\u00bb#f7f7f7&#8243; closed_toggle_background_color=\u00bb#f7f7f7&#8243; icon_color=\u00bb#333333&#8243; open_icon_color=\u00bb#333333&#8243; admin_label=\u00bbAPERITIVOS\u00bb _builder_version=\u00bb4.27.4&#8243; title_font=\u00bbJosefin Sans||||||||\u00bb title_line_height=\u00bb1.4em\u00bb body_font=\u00bbJosefin Sans||||||||\u00bb body_font_size=\u00bb15px\u00bb body_line_height=\u00bb1.8em\u00bb vertical_offset_tablet=\u00bb0&#8243; horizontal_offset_tablet=\u00bb0&#8243; animation_style=\u00bbfade\u00bb hover_enabled=\u00bb0&#8243; title_text_shadow_horizontal_length_tablet=\u00bb0px\u00bb title_text_shadow_vertical_length_tablet=\u00bb0px\u00bb title_text_shadow_blur_strength_tablet=\u00bb1px\u00bb closed_title_text_shadow_horizontal_length_tablet=\u00bb0px\u00bb closed_title_text_shadow_vertical_length_tablet=\u00bb0px\u00bb closed_title_text_shadow_blur_strength_tablet=\u00bb1px\u00bb body_text_shadow_horizontal_length_tablet=\u00bb0px\u00bb body_text_shadow_vertical_length_tablet=\u00bb0px\u00bb body_text_shadow_blur_strength_tablet=\u00bb1px\u00bb body_link_text_shadow_horizontal_length_tablet=\u00bb0px\u00bb body_link_text_shadow_vertical_length_tablet=\u00bb0px\u00bb body_link_text_shadow_blur_strength_tablet=\u00bb1px\u00bb body_ul_text_shadow_horizontal_length_tablet=\u00bb0px\u00bb body_ul_text_shadow_vertical_length_tablet=\u00bb0px\u00bb body_ul_text_shadow_blur_strength_tablet=\u00bb1px\u00bb body_ol_text_shadow_horizontal_length_tablet=\u00bb0px\u00bb body_ol_text_shadow_vertical_length_tablet=\u00bb0px\u00bb body_ol_text_shadow_blur_strength_tablet=\u00bb1px\u00bb body_quote_text_shadow_horizontal_length_tablet=\u00bb0px\u00bb body_quote_text_shadow_vertical_length_tablet=\u00bb0px\u00bb body_quote_text_shadow_blur_strength_tablet=\u00bb1px\u00bb border_width_all=\u00bb0px\u00bb box_shadow_horizontal_tablet=\u00bb0px\u00bb box_shadow_vertical_tablet=\u00bb0px\u00bb box_shadow_blur_tablet=\u00bb40px\u00bb box_shadow_spread_tablet=\u00bb0px\u00bb text_shadow_horizontal_length_tablet=\u00bb0px\u00bb text_shadow_vertical_length_tablet=\u00bb0px\u00bb text_shadow_blur_strength_tablet=\u00bb1px\u00bb global_colors_info=\u00bb{}\u00bb sticky_enabled=\u00bb0&#8243;][\/et_pb_toggle][et_pb_toggle title=\u00bbNEW YEAR&#8217;S EVE GALA DINNER\u00bb open_toggle_background_color=\u00bb#f7f7f7&#8243; closed_toggle_background_color=\u00bb#f7f7f7&#8243; icon_color=\u00bb#333333&#8243; open_icon_color=\u00bb#333333&#8243; disabled_on=\u00bbon|on|on\u00bb admin_label=\u00bbCOCKTAILS GRUPO OTER\u00bb _builder_version=\u00bb4.27.4&#8243; title_font=\u00bbJosefin Sans||||||||\u00bb title_line_height=\u00bb1.4em\u00bb body_font=\u00bbJosefin Sans||||||||\u00bb body_font_size=\u00bb15px\u00bb body_line_height=\u00bb1.8em\u00bb vertical_offset_tablet=\u00bb0&#8243; horizontal_offset_tablet=\u00bb0&#8243; animation_style=\u00bbfade\u00bb title_text_shadow_horizontal_length_tablet=\u00bb0px\u00bb title_text_shadow_vertical_length_tablet=\u00bb0px\u00bb title_text_shadow_blur_strength_tablet=\u00bb1px\u00bb closed_title_text_shadow_horizontal_length_tablet=\u00bb0px\u00bb closed_title_text_shadow_vertical_length_tablet=\u00bb0px\u00bb closed_title_text_shadow_blur_strength_tablet=\u00bb1px\u00bb body_text_shadow_horizontal_length_tablet=\u00bb0px\u00bb body_text_shadow_vertical_length_tablet=\u00bb0px\u00bb body_text_shadow_blur_strength_tablet=\u00bb1px\u00bb body_link_text_shadow_horizontal_length_tablet=\u00bb0px\u00bb body_link_text_shadow_vertical_length_tablet=\u00bb0px\u00bb body_link_text_shadow_blur_strength_tablet=\u00bb1px\u00bb body_ul_text_shadow_horizontal_length_tablet=\u00bb0px\u00bb body_ul_text_shadow_vertical_length_tablet=\u00bb0px\u00bb body_ul_text_shadow_blur_strength_tablet=\u00bb1px\u00bb body_ol_text_shadow_horizontal_length_tablet=\u00bb0px\u00bb body_ol_text_shadow_vertical_length_tablet=\u00bb0px\u00bb body_ol_text_shadow_blur_strength_tablet=\u00bb1px\u00bb body_quote_text_shadow_horizontal_length_tablet=\u00bb0px\u00bb body_quote_text_shadow_vertical_length_tablet=\u00bb0px\u00bb body_quote_text_shadow_blur_strength_tablet=\u00bb1px\u00bb border_width_all=\u00bb0px\u00bb box_shadow_horizontal_tablet=\u00bb0px\u00bb box_shadow_vertical_tablet=\u00bb0px\u00bb box_shadow_blur_tablet=\u00bb40px\u00bb box_shadow_spread_tablet=\u00bb0px\u00bb text_shadow_horizontal_length_tablet=\u00bb0px\u00bb text_shadow_vertical_length_tablet=\u00bb0px\u00bb text_shadow_blur_strength_tablet=\u00bb1px\u00bb disabled=\u00bbon\u00bb global_colors_info=\u00bb{}\u00bb]<\/p>\n<p style=\"text-align: center;\"><strong><em>Cena de Gala de Nochevieja 2024-25<\/em><\/strong><\/p>\n<p style=\"text-align: center;\"><strong><em>New Year&#8217;s Eve Gala Dinner 2024-25<\/em><\/strong><\/p>\n<p style=\"text-align: center;\"><strong><em>\u00a0<\/em><\/strong><\/p>\n<p style=\"text-align: center;\"><strong><em>\u00a0A<\/em><\/strong><strong><em>peritivo de Bienvenida &#8211; Welcome appetizer<\/em><\/strong><\/p>\n<p style=\"text-align: center;\"><em>(A.O.C. Champagne) G.H. Mumm Cord\u00f3n Rouge.<\/em><\/p>\n<p style=\"text-align: center;\"><em>\u00a0Jam\u00f3n y lomo ib\u00e9rico puro bellota al corte.<\/em><\/p>\n<p style=\"text-align: center;\"><em>Sliced acorn-fed iberico cured ham and loin.<\/em><\/p>\n<p style=\"text-align: center;\"><em>\u00a0<\/em><\/p>\n<p style=\"text-align: center;\"><strong><em>Para seguir &#8211; Followed by <\/em><\/strong><\/p>\n<p style=\"text-align: center;\"><em>Parmentier de hongos con virutas de pintada.<\/em><\/p>\n<p style=\"text-align: center;\"><em>Parmentier mushroom with Guinea fowl shavings.<\/em><\/p>\n<p style=\"text-align: center;\"><em>***<\/em><\/p>\n<p style=\"text-align: center;\"><em>Milhojas de foie con anguila ahumada y manzana caramelizada.<\/em><\/p>\n<p style=\"text-align: center;\"><em>Foie gras millefeuille with smoked eel and caramelized apple.<\/em><\/p>\n<p style=\"text-align: center;\"><em>***<\/em><\/p>\n<p style=\"text-align: center;\"><em>Carabinero al horno en jugo de su coral.<\/em><\/p>\n<p style=\"text-align: center;\"><em>Oven-baked large red prawn in large red prawn coral jus.<\/em><\/p>\n<p style=\"text-align: center;\"><em>***<\/em><\/p>\n<p style=\"text-align: center;\"><em>Suprema de salmon rojo de Alaska con cremoso de apio-nabo<\/em><\/p>\n<p style=\"text-align: center;\"><em>y salsa de mantequilla de avellana.<\/em><\/p>\n<p style=\"text-align: center;\"><em>Alaskan red salmon supreme with creamy celeriac and hazelnut butter sauce.<\/em><\/p>\n<p style=\"text-align: center;\"><em>***<\/em><\/p>\n<p style=\"text-align: center;\"><em>Sorbete refrescante de Kalamansi y lim\u00f3n verde.<\/em><\/p>\n<p style=\"text-align: center;\"><em>Refreshing Kalamansi citrus and green lemon sorbet.<\/em><\/p>\n<p style=\"text-align: center;\"><em>***<\/em><\/p>\n<p style=\"text-align: center;\"><em>Lomo de vacuno madurado \u201cCaf\u00e9 de Par\u00eds\u201d y patatas souffl\u00e9.<\/em><\/p>\n<p style=\"text-align: center;\"><em>Dry-aged beef sirloin, \u201cCafe of Paris\u201d sauce and souffl\u00e9 potatoes.<\/em><\/p>\n<p style=\"text-align: center;\"><strong><em>\u00a0<\/em><\/strong><\/p>\n<p style=\"text-align: center;\"><strong><em>El dulce final &#8211; A sweet ending<\/em><\/strong><\/p>\n<p style=\"text-align: center;\"><em>Lingote de Banoffee y chocolate con helado de Moccacino.<\/em><\/p>\n<p style=\"text-align: center;\"><em>Banoffee and chocolate lingot with Moccacino coffee ice cream.<\/em><\/p>\n<p style=\"text-align: center;\"><em>Caf\u00e9 Ar\u00e1bica e infusiones naturales &#8211; Arabica coffee and natural herbal teas<\/em><\/p>\n<p style=\"text-align: center;\"><em>Dulces navide\u00f1os &#8211; Traditional Christmas sweets.<\/em><\/p>\n<p style=\"text-align: center;\"><em>\u00a0<\/em><\/p>\n<p style=\"text-align: center;\"><strong><em>Nuestra bodega &#8211; Our wine cellar<\/em><\/strong><\/p>\n<p style=\"text-align: center;\"><strong><em>Vino blanco &#8211; White wine <\/em><\/strong><\/p>\n<p style=\"text-align: center;\"><em>(D.O. R\u00edas Baixas) Mart\u00edn C\u00f3dax Organistrum\u00a0 &#8211; Albari\u00f1o 100%.<\/em><\/p>\n<p style=\"text-align: center;\"><strong><em>Vino tinto &#8211; Red wine <\/em><\/strong><\/p>\n<p style=\"text-align: center;\"><em>(D.O.Ca. Rioja) Marqu\u00e9s de Riscal Rva. XR \u2013 Tempranillo y Graciano.<\/em><\/p>\n<p style=\"text-align: center;\"><em>Aguas minerales (con gas o sin gas) &#8211; Mineral waters (still or sparkling).<\/em><\/p>\n<p style=\"text-align: center;\"><em>\u00a0<\/em><\/p>\n<p style=\"text-align: center;\"><strong><em>Para recibir el Nuevo A\u00f1o &#8211; To welcome the New Year<\/em><\/strong><\/p>\n<p style=\"text-align: center;\"><em>(A.O.C. Champagne) G.H. Mumm Cord\u00f3n Rouge.<\/em><\/p>\n<p style=\"text-align: center;\"><em>Uvas de la Suerte &#8211; Twelve lucky grapes. <\/em><\/p>\n<p style=\"text-align: center;\"><strong><em>\u00a0<\/em><\/strong><\/p>\n<p style=\"text-align: center;\"><strong><em>\u00a0<\/em><\/strong><strong style=\"font-size: 15px;\"><em><u>Precio por persona 160,00\u20ac &#8211; Iva incluido<\/u><\/em><\/strong><\/p>\n<p style=\"text-align: center;\"><strong><em><u>Cover charge per person \u20ac160,00 &#8211; Vat included<\/u><\/em><\/strong><\/p>\n<p style=\"text-align: center;\"><em><u>Para los m\u00e1s peque\u00f1os, solicite nuestro men\u00fa infantil.<\/u><\/em><\/p>\n<p style=\"text-align: center;\"><em><u>For the little ones, ask for our children\u2019s menu.<\/u><\/em><\/p>\n<p style=\"text-align: center;\"><em><u><\/u><\/em><\/p>\n<p style=\"text-align: center;\"><span style=\"text-decoration: underline;\"><em>*****<\/em><\/span><\/p>\n<p style=\"text-align: center;\"><span style=\"text-decoration: underline;\"><em><\/em><\/span><\/p>\n<p style=\"text-align: center;\"><strong><em>Children&#8217;s Menu<\/em><\/strong><\/p>\n<p style=\"text-align: center;\"><strong>Para compartir &#8211; Dishes to be shared<\/strong><\/p>\n<p style=\"text-align: center;\">Jam\u00f3n ib\u00e9rico de bellota &#8211; Sliced Acorn-fed iberian ham.<\/p>\n<p style=\"text-align: center;\">Croquetitas cremosas jam\u00f3n ib\u00e9rico &#8211; Creamy iberico ham croquettes.<\/p>\n<p style=\"text-align: center;\">Calamares de potera fritos al aceite de oliva<\/p>\n<p style=\"text-align: center;\">Jig-caught squid fried in virgin olive oil.<\/p>\n<p style=\"text-align: center;\"><strong>Segundos a elegir &#8211; Main course (one to be chosen)<\/strong><\/p>\n<p style=\"text-align: center;\">Taquitos de merluza de pincho con patatas chips.<\/p>\n<p style=\"text-align: center;\">Line-caught hake bites with potato chips.<\/p>\n<p style=\"text-align: center;\">***<\/p>\n<p style=\"text-align: center;\">Solomillo de buey en medallones<\/p>\n<p style=\"text-align: center;\">con guarnici\u00f3n de patatas fritas reci\u00e9n hechas.<\/p>\n<p style=\"text-align: center;\">Beef medallions garnished with freshly made french fries.<\/p>\n<p style=\"text-align: center;\"><strong>El dulce final a elegir &#8211; A sweet ending (one to be chosen)<\/strong><\/p>\n<p style=\"text-align: center;\">Souffl\u00e9 de chocolate con helado de vainilla.<\/p>\n<p style=\"text-align: center;\">Chocolate souffl\u00e9 with vanilla ice cream.<\/p>\n<p style=\"text-align: center;\">***<\/p>\n<p style=\"text-align: center;\">Tarta de queso cremosa con caramelo Toffee.<\/p>\n<p style=\"text-align: center;\">Home-made cheesecake with caramel Toffe sauce.<\/p>\n<p style=\"text-align: center;\"><strong>Para recibir el Nuevo A\u00f1o &#8211; To welcome the New Year<\/strong><\/p>\n<p style=\"text-align: center;\">Uvas de la Suerte &#8211; The twelve lucky grapes.<\/p>\n<p style=\"text-align: center;\"><strong>Bebidas &#8211; Drinks <\/strong><\/p>\n<p style=\"text-align: center;\">Zumos de frutas naturales &#8211; Natural fruit juices<\/p>\n<p style=\"text-align: center;\">Refrescos &#8211; Soft drinks.<\/p>\n<p style=\"text-align: center;\">Aguas minerals &#8211; Mineral water.<\/p>\n<p style=\"text-align: center;\"><strong>PRECIO POR PERSONA 50,00\u20ac &#8211; IVA INCLUIDO<\/strong><\/p>\n<p style=\"text-align: center;\"><strong>PRICE PER PERSON \u20ac50,00 \u2013 VAT INCLUDED<\/strong><\/p>\n<p>[\/et_pb_toggle][\/et_pb_column_inner][\/et_pb_row_inner][\/et_pb_column][et_pb_column type=\u00bb1_3&#8243; _builder_version=\u00bb4.16&#8243; custom_padding=\u00bb|||\u00bb global_colors_info=\u00bb{}\u00bb custom_padding__hover=\u00bb|||\u00bb][\/et_pb_column][\/et_pb_section]<\/p>\n","protected":false},"excerpt":{"rendered":"<p>\u00a0 GROUP MENUS (10% vat included)Cena de Gala de Nochevieja 2024-25 New Year&#8217;s Eve Gala Dinner 2024-25 \u00a0 \u00a0Aperitivo de Bienvenida &#8211; Welcome appetizer (A.O.C. Champagne) G.H. Mumm Cord\u00f3n Rouge. \u00a0Jam\u00f3n y lomo ib\u00e9rico puro bellota al corte. Sliced acorn-fed iberico cured ham and loin. \u00a0 Para seguir &#8211; Followed by Parmentier de hongos con [&hellip;]<\/p>\n","protected":false},"author":2,"featured_media":0,"parent":0,"menu_order":0,"comment_status":"closed","ping_status":"closed","template":"page-template-blank.php","meta":{"_et_pb_use_builder":"on","_et_pb_old_content":"","_et_gb_content_width":"","footnotes":""},"class_list":["post-14175","page","type-page","status-publish","hentry"],"_links":{"self":[{"href":"https:\/\/wp.grupo-oter.net\/cartas\/wp-json\/wp\/v2\/pages\/14175","targetHints":{"allow":["GET"]}}],"collection":[{"href":"https:\/\/wp.grupo-oter.net\/cartas\/wp-json\/wp\/v2\/pages"}],"about":[{"href":"https:\/\/wp.grupo-oter.net\/cartas\/wp-json\/wp\/v2\/types\/page"}],"author":[{"embeddable":true,"href":"https:\/\/wp.grupo-oter.net\/cartas\/wp-json\/wp\/v2\/users\/2"}],"replies":[{"embeddable":true,"href":"https:\/\/wp.grupo-oter.net\/cartas\/wp-json\/wp\/v2\/comments?post=14175"}],"version-history":[{"count":4,"href":"https:\/\/wp.grupo-oter.net\/cartas\/wp-json\/wp\/v2\/pages\/14175\/revisions"}],"predecessor-version":[{"id":14222,"href":"https:\/\/wp.grupo-oter.net\/cartas\/wp-json\/wp\/v2\/pages\/14175\/revisions\/14222"}],"wp:attachment":[{"href":"https:\/\/wp.grupo-oter.net\/cartas\/wp-json\/wp\/v2\/media?parent=14175"}],"curies":[{"name":"wp","href":"https:\/\/api.w.org\/{rel}","templated":true}]}}