{"id":1360,"date":"2020-07-15T09:29:23","date_gmt":"2020-07-15T09:29:23","guid":{"rendered":"https:\/\/wp.grupo-oter.net\/cartas\/?page_id=1360"},"modified":"2025-10-15T12:35:34","modified_gmt":"2025-10-15T12:35:34","slug":"postres-ingles-pez-fuego","status":"publish","type":"page","link":"https:\/\/wp.grupo-oter.net\/cartas\/postres-ingles-pez-fuego\/","title":{"rendered":"Postres Ingl\u00e9s Pez Fuego"},"content":{"rendered":"<p>[et_pb_section fb_built=\u00bb1&#8243; specialty=\u00bbon\u00bb custom_padding_last_edited=\u00bbon|phone\u00bb admin_label=\u00bbTestimonials\u00bb _builder_version=\u00bb4.16&#8243; vertical_offset_tablet=\u00bb0&#8243; horizontal_offset_tablet=\u00bb0&#8243; custom_padding=\u00bb||150px|\u00bb custom_padding_tablet=\u00bb|||\u00bb custom_padding_phone=\u00bb||||false|false\u00bb bottom_divider_style=\u00bbslant2&#8243; bottom_divider_color=\u00bb#4c5866&#8243; bottom_divider_height=\u00bb160px\u00bb bottom_divider_flip=\u00bbvertical\u00bb bottom_divider_height_tablet=\u00bb\u00bb bottom_divider_height_phone=\u00bb90px\u00bb bottom_divider_height_last_edited=\u00bbon|tablet\u00bb z_index_tablet=\u00bb0&#8243; box_shadow_horizontal_tablet=\u00bb0px\u00bb box_shadow_vertical_tablet=\u00bb0px\u00bb box_shadow_blur_tablet=\u00bb40px\u00bb box_shadow_spread_tablet=\u00bb0px\u00bb global_colors_info=\u00bb{}\u00bb][et_pb_column type=\u00bb2_3&#8243; specialty_columns=\u00bb2&#8243; _builder_version=\u00bb4.16&#8243; custom_padding=\u00bb|||\u00bb global_colors_info=\u00bb{}\u00bb custom_padding__hover=\u00bb|||\u00bb][et_pb_row_inner column_structure=\u00bbundefined\u00bb _builder_version=\u00bb4.16&#8243; global_colors_info=\u00bb{}\u00bb][et_pb_column_inner type=\u00bbundefined\u00bb saved_specialty_column_type=\u00bb2_3&#8243; _builder_version=\u00bb4.16&#8243; custom_padding=\u00bb|||\u00bb global_colors_info=\u00bb{}\u00bb custom_padding__hover=\u00bb|||\u00bb][et_pb_text _builder_version=\u00bb4.16&#8243; text_font=\u00bbJosefin Sans||||||||\u00bb vertical_offset_tablet=\u00bb0&#8243; horizontal_offset_tablet=\u00bb0&#8243; z_index_tablet=\u00bb0&#8243; text_text_shadow_horizontal_length_tablet=\u00bb0px\u00bb text_text_shadow_vertical_length_tablet=\u00bb0px\u00bb text_text_shadow_blur_strength_tablet=\u00bb1px\u00bb link_text_shadow_horizontal_length_tablet=\u00bb0px\u00bb link_text_shadow_vertical_length_tablet=\u00bb0px\u00bb link_text_shadow_blur_strength_tablet=\u00bb1px\u00bb ul_text_shadow_horizontal_length_tablet=\u00bb0px\u00bb ul_text_shadow_vertical_length_tablet=\u00bb0px\u00bb ul_text_shadow_blur_strength_tablet=\u00bb1px\u00bb ol_text_shadow_horizontal_length_tablet=\u00bb0px\u00bb ol_text_shadow_vertical_length_tablet=\u00bb0px\u00bb ol_text_shadow_blur_strength_tablet=\u00bb1px\u00bb quote_text_shadow_horizontal_length_tablet=\u00bb0px\u00bb quote_text_shadow_vertical_length_tablet=\u00bb0px\u00bb quote_text_shadow_blur_strength_tablet=\u00bb1px\u00bb header_text_shadow_horizontal_length_tablet=\u00bb0px\u00bb header_text_shadow_vertical_length_tablet=\u00bb0px\u00bb header_text_shadow_blur_strength_tablet=\u00bb1px\u00bb header_2_text_shadow_horizontal_length_tablet=\u00bb0px\u00bb header_2_text_shadow_vertical_length_tablet=\u00bb0px\u00bb header_2_text_shadow_blur_strength_tablet=\u00bb1px\u00bb header_3_text_shadow_horizontal_length_tablet=\u00bb0px\u00bb header_3_text_shadow_vertical_length_tablet=\u00bb0px\u00bb header_3_text_shadow_blur_strength_tablet=\u00bb1px\u00bb header_4_text_shadow_horizontal_length_tablet=\u00bb0px\u00bb header_4_text_shadow_vertical_length_tablet=\u00bb0px\u00bb header_4_text_shadow_blur_strength_tablet=\u00bb1px\u00bb header_5_text_shadow_horizontal_length_tablet=\u00bb0px\u00bb header_5_text_shadow_vertical_length_tablet=\u00bb0px\u00bb header_5_text_shadow_blur_strength_tablet=\u00bb1px\u00bb header_6_text_shadow_horizontal_length_tablet=\u00bb0px\u00bb header_6_text_shadow_vertical_length_tablet=\u00bb0px\u00bb header_6_text_shadow_blur_strength_tablet=\u00bb1px\u00bb box_shadow_horizontal_tablet=\u00bb0px\u00bb box_shadow_vertical_tablet=\u00bb0px\u00bb box_shadow_blur_tablet=\u00bb40px\u00bb box_shadow_spread_tablet=\u00bb0px\u00bb global_colors_info=\u00bb{}\u00bb]<\/p>\n<p><img decoding=\"async\" class=\"wp-image-508 aligncenter lazyload\" data-src=\"https:\/\/wp.grupo-oter.net\/cartas\/wp-content\/uploads\/sites\/40\/2020\/05\/unnamed-300x221.jpg\" alt=\"\" width=\"276\" height=\"203\" src=\"data:image\/svg+xml;base64,PHN2ZyB3aWR0aD0iMSIgaGVpZ2h0PSIxIiB4bWxucz0iaHR0cDovL3d3dy53My5vcmcvMjAwMC9zdmciPjwvc3ZnPg==\" style=\"--smush-placeholder-width: 276px; --smush-placeholder-aspect-ratio: 276\/203;\" \/><\/p>\n<h2 style=\"text-align: center;\"><span style=\"color: #4c5866;\"><strong>DESSERTS<\/strong><\/span><\/h2>\n<h4 style=\"text-align: center;\"><span style=\"color: #4c5866;\"><strong>(10% VAT included)<\/strong><\/span><\/h4>\n<h4 style=\"text-align: center;\"><span style=\"color: #4c5866;\"><strong>ALSO TO TAKE AWAY<\/strong><\/span><\/h4>\n<p>[\/et_pb_text][et_pb_toggle title=\u00bbDESSERTS FROM OUR BAKERY\u00bb open_toggle_background_color=\u00bb#f7f7f7&#8243; closed_toggle_background_color=\u00bb#f7f7f7&#8243; icon_color=\u00bb#4c5866&#8243; open_icon_color=\u00bb#4c5866&#8243; admin_label=\u00bbPOSTRES DE NUESTRO OBRADOR\u00bb _builder_version=\u00bb4.27.4&#8243; title_font=\u00bbJosefin Sans||||||||\u00bb title_line_height=\u00bb1.4em\u00bb body_font=\u00bbJosefin Sans||||||||\u00bb body_font_size=\u00bb15px\u00bb body_line_height=\u00bb1.8em\u00bb vertical_offset_tablet=\u00bb0&#8243; horizontal_offset_tablet=\u00bb0&#8243; animation_style=\u00bbfade\u00bb title_text_shadow_horizontal_length_tablet=\u00bb0px\u00bb title_text_shadow_vertical_length_tablet=\u00bb0px\u00bb title_text_shadow_blur_strength_tablet=\u00bb1px\u00bb closed_title_text_shadow_horizontal_length_tablet=\u00bb0px\u00bb closed_title_text_shadow_vertical_length_tablet=\u00bb0px\u00bb closed_title_text_shadow_blur_strength_tablet=\u00bb1px\u00bb body_text_shadow_horizontal_length_tablet=\u00bb0px\u00bb body_text_shadow_vertical_length_tablet=\u00bb0px\u00bb body_text_shadow_blur_strength_tablet=\u00bb1px\u00bb body_link_text_shadow_horizontal_length_tablet=\u00bb0px\u00bb body_link_text_shadow_vertical_length_tablet=\u00bb0px\u00bb body_link_text_shadow_blur_strength_tablet=\u00bb1px\u00bb body_ul_text_shadow_horizontal_length_tablet=\u00bb0px\u00bb body_ul_text_shadow_vertical_length_tablet=\u00bb0px\u00bb body_ul_text_shadow_blur_strength_tablet=\u00bb1px\u00bb body_ol_text_shadow_horizontal_length_tablet=\u00bb0px\u00bb body_ol_text_shadow_vertical_length_tablet=\u00bb0px\u00bb body_ol_text_shadow_blur_strength_tablet=\u00bb1px\u00bb body_quote_text_shadow_horizontal_length_tablet=\u00bb0px\u00bb body_quote_text_shadow_vertical_length_tablet=\u00bb0px\u00bb body_quote_text_shadow_blur_strength_tablet=\u00bb1px\u00bb border_width_all=\u00bb0px\u00bb box_shadow_horizontal_tablet=\u00bb0px\u00bb box_shadow_vertical_tablet=\u00bb0px\u00bb box_shadow_blur_tablet=\u00bb40px\u00bb box_shadow_spread_tablet=\u00bb0px\u00bb text_shadow_horizontal_length_tablet=\u00bb0px\u00bb text_shadow_vertical_length_tablet=\u00bb0px\u00bb text_shadow_blur_strength_tablet=\u00bb1px\u00bb global_colors_info=\u00bb{}\u00bb]<\/p>\n<p><strong style=\"font-size: 15px;\"><span style=\"color: #4c5866;\">TIRAMISU WITH AMARETTO JELLY AND COFFEE-SOAKED SPONGE FINGERS<\/span><\/strong><\/p>\n<p>Typical italian combination of stimulant espresso coffee, Mascarpone cream and coffee cake.<br \/>\u20ac8,50<\/p>\n<p><strong><span style=\"color: #4c5866;\">GREEN APPLE FINE PASTRY (PREPARATION TIME: 15 MINUTES)<\/span><\/strong><br \/>Wafer-thin layers of puff pastry filled with green apple served with vanilla ice-cream.<br \/>\u20ac9,00<\/p>\n<p><span style=\"color: #4c5866;\"><strong>CREAM CHEESE SOUFFL\u00c9 WITH WILD BERRIES COULIS<\/strong><\/span><br \/>The stickness of the cheese and the refreshing sharpness of the red berries.<br \/>\u20ac8,50<\/p>\n<p><span style=\"color: #4c5866;\"><strong>BRIOCHE FRENCH TOAST<\/strong><\/span><br \/>French toast from bread brioche in cream of milk flavoured, grilled in butter and caramelized with sugar. \u00a1Irresistible!<br \/>\u20ac8,50<\/p>\n<p><strong><span style=\"color: #4c5866;\">DARK CHOCOLATE COULANT\u00a0 WITH CHANTILLY CREAM<\/span><\/strong><br \/>Delicious dessert with the purest chocolate flowed inside, that grows and grows in the oven.<br \/>\u20ac8,50<\/p>\n<p><strong><span style=\"color: #4c5866;\">ALASKA CAKE (PREPARATION TIME: 15 MINUTES)<\/span><\/strong><br \/>Delicius dessert that combines flavors and textures with the aroma of rum.<br \/>\u20ac9,50<\/p>\n<p><strong><span style=\"color: #4c5866;\">HOMEMADE CREPES<\/span><\/strong><br \/>Filled with custard and fried with cinnamon and sugar.<br \/>\u20ac8,50<\/p>\n<p><strong><span style=\"color: #4c5866;\">CREPES SUZETTES WITH GRAND MARNIER (MINIMUM 2 PEOPLE &#8211; PRICE PER PERSON)<\/span><\/strong><br \/>(Preparation time: 15 minutes). Prepared and flamb\u00e9ed on sight, with a subtle hint of orange.<br \/>\u20ac12,50<\/p>\n<p><strong><span style=\"color: #4c5866;\">CHEESE FOR DESSERT<\/span><\/strong><br \/>Selection of traditional cheeses served with nuts.<br \/>\u20ac15,00<\/p>\n<p><strong>Refreshing and light desserts<\/strong><\/p>\n<p><span style=\"color: #4c5866;\"><strong>PINEAPPLE AND MANGO CARPACCIO WITH FRESH FRUIT SORBET<\/strong><\/span><br \/>A delicious blend of tropical flavours and smooth seasonal fruit.<br \/>\u20ac8.50<\/p>\n<p><strong><span style=\"color: #4c5866;\">HOMEMADE ICE ICE CREAM (DIFFERENT FLAVORS)<\/span><\/strong><br \/>Elaborated by our pastrycook with fresh milk cream.<br \/>\u20ac8,00<\/p>\n<p><strong><span style=\"color: #4c5866;\">NATURAL SORBETS<br \/><\/span><\/strong>Sorbet prepared with seasonal fruits.<br \/>\u20ac9,00<\/p>\n<p><span color=\"#4c5866\" style=\"color: #4c5866;\"><b>SORBET BEATEN WITH VODKA \/ CHAMPAGNE<\/b><\/span><br \/>Sorbets with a sotthing acid softening with Vodka or Champagne.<br \/>\u20ac11,00<\/p>\n<p>[\/et_pb_toggle][et_pb_toggle title=\u00bbWE SUGGEST ACCOMPANYING OUR DESSERT WITH A DELICIOUS WINE\u00bb open_toggle_background_color=\u00bb#f7f7f7&#8243; closed_toggle_background_color=\u00bb#f7f7f7&#8243; icon_color=\u00bb#4c5866&#8243; open_icon_color=\u00bb#4c5866&#8243; admin_label=\u00bbVINOS QUE RECOMENDAMOS PARA LOS POSTRES\u00bb _builder_version=\u00bb4.27.4&#8243; title_font=\u00bbJosefin Sans||||||||\u00bb title_line_height=\u00bb1.4em\u00bb body_font=\u00bbJosefin Sans||||||||\u00bb body_font_size=\u00bb15px\u00bb body_line_height=\u00bb1.8em\u00bb vertical_offset_tablet=\u00bb0&#8243; horizontal_offset_tablet=\u00bb0&#8243; animation_style=\u00bbfade\u00bb hover_enabled=\u00bb0&#8243; title_text_shadow_horizontal_length_tablet=\u00bb0px\u00bb title_text_shadow_vertical_length_tablet=\u00bb0px\u00bb title_text_shadow_blur_strength_tablet=\u00bb1px\u00bb closed_title_text_shadow_horizontal_length_tablet=\u00bb0px\u00bb closed_title_text_shadow_vertical_length_tablet=\u00bb0px\u00bb closed_title_text_shadow_blur_strength_tablet=\u00bb1px\u00bb body_text_shadow_horizontal_length_tablet=\u00bb0px\u00bb body_text_shadow_vertical_length_tablet=\u00bb0px\u00bb body_text_shadow_blur_strength_tablet=\u00bb1px\u00bb body_link_text_shadow_horizontal_length_tablet=\u00bb0px\u00bb body_link_text_shadow_vertical_length_tablet=\u00bb0px\u00bb body_link_text_shadow_blur_strength_tablet=\u00bb1px\u00bb body_ul_text_shadow_horizontal_length_tablet=\u00bb0px\u00bb body_ul_text_shadow_vertical_length_tablet=\u00bb0px\u00bb body_ul_text_shadow_blur_strength_tablet=\u00bb1px\u00bb body_ol_text_shadow_horizontal_length_tablet=\u00bb0px\u00bb body_ol_text_shadow_vertical_length_tablet=\u00bb0px\u00bb body_ol_text_shadow_blur_strength_tablet=\u00bb1px\u00bb body_quote_text_shadow_horizontal_length_tablet=\u00bb0px\u00bb body_quote_text_shadow_vertical_length_tablet=\u00bb0px\u00bb body_quote_text_shadow_blur_strength_tablet=\u00bb1px\u00bb border_width_all=\u00bb0px\u00bb box_shadow_horizontal_tablet=\u00bb0px\u00bb box_shadow_vertical_tablet=\u00bb0px\u00bb box_shadow_blur_tablet=\u00bb40px\u00bb box_shadow_spread_tablet=\u00bb0px\u00bb text_shadow_horizontal_length_tablet=\u00bb0px\u00bb text_shadow_vertical_length_tablet=\u00bb0px\u00bb text_shadow_blur_strength_tablet=\u00bb1px\u00bb global_colors_info=\u00bb{}\u00bb sticky_enabled=\u00bb0&#8243;]<\/p>\n<p><span style=\"color: #4c5866;\"><strong>P.X. S\u00c1NCHEZ ROMATE<\/strong><\/span><br \/>Glass \u20ac6,25<\/p>\n<p><span style=\"color: #4c5866;\"><strong>CASTA DIVA MOSCATEL<\/strong><\/span><br \/>Glass \u20ac7,50<\/p>\n<p><span style=\"color: #4c5866;\"><strong>1413 TOKAJI DISZNOKO EDES SZAMORODNI<\/strong><\/span><br \/>Glass \u20ac9,00<\/p>\n<p>[\/et_pb_toggle][et_pb_toggle title=\u00bbCOFFEES\u00bb open_toggle_background_color=\u00bb#f7f7f7&#8243; closed_toggle_background_color=\u00bb#f7f7f7&#8243; icon_color=\u00bb#4c5866&#8243; open_icon_color=\u00bb#4c5866&#8243; admin_label=\u00bbCAF\u00c9S\u00bb _builder_version=\u00bb4.27.4&#8243; title_font=\u00bbJosefin Sans||||||||\u00bb title_line_height=\u00bb1.4em\u00bb body_font=\u00bbJosefin Sans||||||||\u00bb body_font_size=\u00bb15px\u00bb body_line_height=\u00bb1.8em\u00bb vertical_offset_tablet=\u00bb0&#8243; horizontal_offset_tablet=\u00bb0&#8243; animation_style=\u00bbfade\u00bb hover_enabled=\u00bb0&#8243; title_text_shadow_horizontal_length_tablet=\u00bb0px\u00bb title_text_shadow_vertical_length_tablet=\u00bb0px\u00bb title_text_shadow_blur_strength_tablet=\u00bb1px\u00bb closed_title_text_shadow_horizontal_length_tablet=\u00bb0px\u00bb closed_title_text_shadow_vertical_length_tablet=\u00bb0px\u00bb closed_title_text_shadow_blur_strength_tablet=\u00bb1px\u00bb body_text_shadow_horizontal_length_tablet=\u00bb0px\u00bb body_text_shadow_vertical_length_tablet=\u00bb0px\u00bb body_text_shadow_blur_strength_tablet=\u00bb1px\u00bb body_link_text_shadow_horizontal_length_tablet=\u00bb0px\u00bb body_link_text_shadow_vertical_length_tablet=\u00bb0px\u00bb body_link_text_shadow_blur_strength_tablet=\u00bb1px\u00bb body_ul_text_shadow_horizontal_length_tablet=\u00bb0px\u00bb body_ul_text_shadow_vertical_length_tablet=\u00bb0px\u00bb body_ul_text_shadow_blur_strength_tablet=\u00bb1px\u00bb body_ol_text_shadow_horizontal_length_tablet=\u00bb0px\u00bb body_ol_text_shadow_vertical_length_tablet=\u00bb0px\u00bb body_ol_text_shadow_blur_strength_tablet=\u00bb1px\u00bb body_quote_text_shadow_horizontal_length_tablet=\u00bb0px\u00bb body_quote_text_shadow_vertical_length_tablet=\u00bb0px\u00bb body_quote_text_shadow_blur_strength_tablet=\u00bb1px\u00bb border_width_all=\u00bb0px\u00bb box_shadow_horizontal_tablet=\u00bb0px\u00bb box_shadow_vertical_tablet=\u00bb0px\u00bb box_shadow_blur_tablet=\u00bb40px\u00bb box_shadow_spread_tablet=\u00bb0px\u00bb text_shadow_horizontal_length_tablet=\u00bb0px\u00bb text_shadow_vertical_length_tablet=\u00bb0px\u00bb text_shadow_blur_strength_tablet=\u00bb1px\u00bb global_colors_info=\u00bb{}\u00bb sticky_enabled=\u00bb0&#8243;]<\/p>\n<p><span style=\"color: #4c5866;\"><strong>HOUSE SPECIAL COFFEE<\/strong><\/span><br \/>Circulo de Oro (Gold Circle) is a natural, supreme coffee, screen 18. A sfoft coffee made of Arabic species with floral aromas and fruity taste. Naturally bitter and longlasting aroma.<br \/>\u20ac2,75<\/p>\n<p><span style=\"color: #4c5866;\"><strong>DECAFFEINNATED BEANS<\/strong><\/span><br \/>100 % Colombia, Supreme. Soft and fruity coffee. Minimum caffeine content, under 0,05%.<br \/>\u20ac2,75<\/p>\n<p><span style=\"color: #4c5866;\"><strong>BOMBON COFFEE<\/strong><\/span><br \/>With delicious condensed milk.<br \/>\u20ac4,20<\/p>\n<p><span style=\"color: #4c5866;\"><strong>CAPPUCCINO COFFEE<\/strong><\/span><br \/>The traditional style, whisk with the vaporizer and sprinkle with ground coffee.<br \/>\u20ac4,20<\/p>\n<p><span style=\"color: #4c5866;\"><strong>VIENNESE COFFEE<\/strong><\/span><br \/>Add a shot of Brandy and sugar, served with whipped cream and cinnamon.<br \/>\u20ac4,75<\/p>\n<p><span style=\"color: #4c5866;\"><strong>SCOTTISH COFFEE\u00a0<\/strong><\/span><br \/>Whisky, coffee and vanilla ice cream.<br \/>\u20ac6.50<\/p>\n<p><span style=\"color: #4c5866;\"><strong>IRISH COFFEE<\/strong><\/span><br \/>Whisky and sugar flamb\u00e9, we add de coffee and top with cream.<br \/>\u20ac6.50<\/p>\n<p>[\/et_pb_toggle][et_pb_toggle title=\u00bbNATURAL INFUSIONS AND TEAS\u00bb open_toggle_background_color=\u00bb#f7f7f7&#8243; closed_toggle_background_color=\u00bb#f7f7f7&#8243; icon_color=\u00bb#4c5866&#8243; open_icon_color=\u00bb#4c5866&#8243; admin_label=\u00bbINFUSIONES Y T\u00c9S NATURALES\u00bb _builder_version=\u00bb4.27.4&#8243; title_font=\u00bbJosefin Sans||||||||\u00bb title_line_height=\u00bb1.4em\u00bb body_font=\u00bbJosefin Sans||||||||\u00bb body_font_size=\u00bb15px\u00bb body_line_height=\u00bb1.8em\u00bb vertical_offset_tablet=\u00bb0&#8243; horizontal_offset_tablet=\u00bb0&#8243; animation_style=\u00bbfade\u00bb hover_enabled=\u00bb0&#8243; title_text_shadow_horizontal_length_tablet=\u00bb0px\u00bb title_text_shadow_vertical_length_tablet=\u00bb0px\u00bb title_text_shadow_blur_strength_tablet=\u00bb1px\u00bb closed_title_text_shadow_horizontal_length_tablet=\u00bb0px\u00bb closed_title_text_shadow_vertical_length_tablet=\u00bb0px\u00bb closed_title_text_shadow_blur_strength_tablet=\u00bb1px\u00bb body_text_shadow_horizontal_length_tablet=\u00bb0px\u00bb body_text_shadow_vertical_length_tablet=\u00bb0px\u00bb body_text_shadow_blur_strength_tablet=\u00bb1px\u00bb body_link_text_shadow_horizontal_length_tablet=\u00bb0px\u00bb body_link_text_shadow_vertical_length_tablet=\u00bb0px\u00bb body_link_text_shadow_blur_strength_tablet=\u00bb1px\u00bb body_ul_text_shadow_horizontal_length_tablet=\u00bb0px\u00bb body_ul_text_shadow_vertical_length_tablet=\u00bb0px\u00bb body_ul_text_shadow_blur_strength_tablet=\u00bb1px\u00bb body_ol_text_shadow_horizontal_length_tablet=\u00bb0px\u00bb body_ol_text_shadow_vertical_length_tablet=\u00bb0px\u00bb body_ol_text_shadow_blur_strength_tablet=\u00bb1px\u00bb body_quote_text_shadow_horizontal_length_tablet=\u00bb0px\u00bb body_quote_text_shadow_vertical_length_tablet=\u00bb0px\u00bb body_quote_text_shadow_blur_strength_tablet=\u00bb1px\u00bb border_width_all=\u00bb0px\u00bb box_shadow_horizontal_tablet=\u00bb0px\u00bb box_shadow_vertical_tablet=\u00bb0px\u00bb box_shadow_blur_tablet=\u00bb40px\u00bb box_shadow_spread_tablet=\u00bb0px\u00bb text_shadow_horizontal_length_tablet=\u00bb0px\u00bb text_shadow_vertical_length_tablet=\u00bb0px\u00bb text_shadow_blur_strength_tablet=\u00bb1px\u00bb global_colors_info=\u00bb{}\u00bb sticky_enabled=\u00bb0&#8243;]<\/p>\n<p><span style=\"color: #4c5866;\"><strong>MANZANILLA, POLEO, Y TILA BIOL\u00d3GICAS <\/strong><\/span><br \/>3,90\u20ac<\/p>\n<p><span style=\"color: #333333;\"><strong>INFUSI\u00d3N DE FRUTOS ROJOS\u00a0<\/strong><\/span><br \/>Infusi\u00f3n de frutas sin cafe\u00edna. Taza roja intensa. Sabor a frutas rojas, grosellas, ar\u00e1ndanos y frambuesa. Intenso sabor y aroma denso.<br \/>3,90\u20ac<\/p>\n<p><span style=\"color: #4c5866;\"><strong>INFUSI\u00d3N DE ROOIBOS\u00a0<\/strong><\/span><br \/>De origen sudafricano, no tiene cafe\u00edna. Las propiedades del Rooibos son realmente muy buenas y variadas, evita la retenci\u00f3n de l\u00edquidos, mejora la digesti\u00f3n y es bueno para la piel. Se deja reposar 5 minutos.<br \/>3,90\u20ac<\/p>\n<p><span style=\"color: #333333;\"><strong>DARJEELING, BADAMTAM FOP<\/strong><\/span><br \/>Un t\u00e9 negro del Himalaya de la India, tambi\u00e9n conocido como el champagne de los t\u00e9s. Tiene un sabor amoscatelado y un delicado color miel. Con o sin leche, 2-3 min.<br \/>3,90\u20ac<\/p>\n<p><span style=\"color: #4c5866;\"><strong>PU EHR (T\u00c9 ROJO)\u00a0<\/strong><\/span><br \/>Es un t\u00e9 muy apreciado por su tradicional uso en la medicina natural china, especialmente por sus propiedades digestivas, depurativas y adelgazantes, sin leche, 3 min.<br \/>3,90\u20ac<\/p>\n<p><strong><span style=\"color: #333333;\"><span style=\"color: #4c5866;\">TE NEGRO A LA CANELA<\/span>\u00a0<\/span><\/strong><br \/>T\u00e9 negro con canela en rama. Con o sin leche, 4 min.<br \/>3,90\u20ac<\/p>\n<p><span style=\"color: #4c5866;\"><strong>T\u00c9 VERDE CON VAINILLA\u00a0<\/strong><\/span><br \/>T\u00e9 verde aromatizado con vainilla, S\u00f3lo, 2 min.<br \/>3,90\u20ac<\/p>\n<p><span style=\"color: #4c5866;\"><strong>JASMINE MONKEY KING\u00a0<\/strong><\/span><br \/>T\u00e9 semifermentado con flores de Jasmine. La alta proporci\u00f3n de Jasmine le da un intenso aroma. S\u00f3lo, 3 min.<br \/>3,90\u20ac<\/p>\n<p><span style=\"color: #4c5866;\"><strong>T\u00c9 ENGLISH BREAKFAST\u00a0<\/strong><\/span><br \/>Mezcla de t\u00e9s negros BOP de origen Ceil\u00e1n y Assam. Es un t\u00e9 fuerte, especialmente pensado para comenzar el d\u00eda. Se toma con leche o lim\u00f3n.<br \/>3,90\u20ac<span style=\"font-size: 15px;\">\u00a0<\/span><\/p>\n<p>[\/et_pb_toggle][\/et_pb_column_inner][\/et_pb_row_inner][\/et_pb_column][et_pb_column type=\u00bb1_3&#8243; _builder_version=\u00bb4.16&#8243; custom_padding=\u00bb|||\u00bb global_colors_info=\u00bb{}\u00bb custom_padding__hover=\u00bb|||\u00bb][\/et_pb_column][\/et_pb_section]<\/p>\n","protected":false},"excerpt":{"rendered":"<p>DESSERTS (10% VAT included) ALSO TO TAKE AWAYTIRAMISU WITH AMARETTO JELLY AND COFFEE-SOAKED SPONGE FINGERS Typical italian combination of stimulant espresso coffee, Mascarpone cream and coffee cake.\u20ac8,50 GREEN APPLE FINE PASTRY (PREPARATION TIME: 15 MINUTES)Wafer-thin layers of puff pastry filled with green apple served with vanilla ice-cream.\u20ac9,00 CREAM CHEESE SOUFFL\u00c9 WITH WILD BERRIES COULISThe stickness [&hellip;]<\/p>\n","protected":false},"author":2,"featured_media":0,"parent":0,"menu_order":0,"comment_status":"closed","ping_status":"closed","template":"page-template-blank.php","meta":{"_et_pb_use_builder":"on","_et_pb_old_content":"","_et_gb_content_width":"","footnotes":""},"class_list":["post-1360","page","type-page","status-publish","hentry"],"_links":{"self":[{"href":"https:\/\/wp.grupo-oter.net\/cartas\/wp-json\/wp\/v2\/pages\/1360","targetHints":{"allow":["GET"]}}],"collection":[{"href":"https:\/\/wp.grupo-oter.net\/cartas\/wp-json\/wp\/v2\/pages"}],"about":[{"href":"https:\/\/wp.grupo-oter.net\/cartas\/wp-json\/wp\/v2\/types\/page"}],"author":[{"embeddable":true,"href":"https:\/\/wp.grupo-oter.net\/cartas\/wp-json\/wp\/v2\/users\/2"}],"replies":[{"embeddable":true,"href":"https:\/\/wp.grupo-oter.net\/cartas\/wp-json\/wp\/v2\/comments?post=1360"}],"version-history":[{"count":18,"href":"https:\/\/wp.grupo-oter.net\/cartas\/wp-json\/wp\/v2\/pages\/1360\/revisions"}],"predecessor-version":[{"id":13725,"href":"https:\/\/wp.grupo-oter.net\/cartas\/wp-json\/wp\/v2\/pages\/1360\/revisions\/13725"}],"wp:attachment":[{"href":"https:\/\/wp.grupo-oter.net\/cartas\/wp-json\/wp\/v2\/media?parent=1360"}],"curies":[{"name":"wp","href":"https:\/\/api.w.org\/{rel}","templated":true}]}}