{"id":1270,"date":"2020-07-15T08:45:36","date_gmt":"2020-07-15T08:45:36","guid":{"rendered":"https:\/\/wp.grupo-oter.net\/cartas\/?page_id=1270"},"modified":"2025-10-21T11:48:47","modified_gmt":"2025-10-21T11:48:47","slug":"postres-ingles-el-barril-de-las-cortes","status":"publish","type":"page","link":"https:\/\/wp.grupo-oter.net\/cartas\/postres-ingles-el-barril-de-las-cortes\/","title":{"rendered":"Postres Ingl\u00e9s El Barril de las Cortes"},"content":{"rendered":"<p>[et_pb_section fb_built=\u00bb1&#8243; specialty=\u00bbon\u00bb custom_padding_last_edited=\u00bbon|phone\u00bb admin_label=\u00bbTestimonials\u00bb _builder_version=\u00bb4.16&#8243; vertical_offset_tablet=\u00bb0&#8243; horizontal_offset_tablet=\u00bb0&#8243; custom_padding=\u00bb||150px|\u00bb custom_padding_tablet=\u00bb|||\u00bb custom_padding_phone=\u00bb||||false|false\u00bb bottom_divider_style=\u00bbslant2&#8243; bottom_divider_color=\u00bb#9c4036&#8243; bottom_divider_height=\u00bb160px\u00bb bottom_divider_flip=\u00bbvertical\u00bb bottom_divider_height_tablet=\u00bb\u00bb bottom_divider_height_phone=\u00bb90px\u00bb bottom_divider_height_last_edited=\u00bbon|tablet\u00bb z_index_tablet=\u00bb0&#8243; box_shadow_horizontal_tablet=\u00bb0px\u00bb box_shadow_vertical_tablet=\u00bb0px\u00bb box_shadow_blur_tablet=\u00bb40px\u00bb box_shadow_spread_tablet=\u00bb0px\u00bb global_colors_info=\u00bb{}\u00bb][et_pb_column type=\u00bb2_3&#8243; specialty_columns=\u00bb2&#8243; _builder_version=\u00bb4.16&#8243; custom_padding=\u00bb|||\u00bb global_colors_info=\u00bb{}\u00bb custom_padding__hover=\u00bb|||\u00bb][et_pb_row_inner column_structure=\u00bbundefined\u00bb _builder_version=\u00bb4.16&#8243; global_colors_info=\u00bb{}\u00bb][et_pb_column_inner type=\u00bbundefined\u00bb saved_specialty_column_type=\u00bb2_3&#8243; _builder_version=\u00bb4.16&#8243; custom_padding=\u00bb|||\u00bb global_colors_info=\u00bb{}\u00bb custom_padding__hover=\u00bb|||\u00bb][et_pb_text _builder_version=\u00bb4.16&#8243; text_font=\u00bbJosefin Sans||||||||\u00bb vertical_offset_tablet=\u00bb0&#8243; horizontal_offset_tablet=\u00bb0&#8243; z_index_tablet=\u00bb0&#8243; text_text_shadow_horizontal_length_tablet=\u00bb0px\u00bb text_text_shadow_vertical_length_tablet=\u00bb0px\u00bb text_text_shadow_blur_strength_tablet=\u00bb1px\u00bb link_text_shadow_horizontal_length_tablet=\u00bb0px\u00bb link_text_shadow_vertical_length_tablet=\u00bb0px\u00bb link_text_shadow_blur_strength_tablet=\u00bb1px\u00bb ul_text_shadow_horizontal_length_tablet=\u00bb0px\u00bb ul_text_shadow_vertical_length_tablet=\u00bb0px\u00bb ul_text_shadow_blur_strength_tablet=\u00bb1px\u00bb ol_text_shadow_horizontal_length_tablet=\u00bb0px\u00bb ol_text_shadow_vertical_length_tablet=\u00bb0px\u00bb ol_text_shadow_blur_strength_tablet=\u00bb1px\u00bb quote_text_shadow_horizontal_length_tablet=\u00bb0px\u00bb quote_text_shadow_vertical_length_tablet=\u00bb0px\u00bb quote_text_shadow_blur_strength_tablet=\u00bb1px\u00bb header_text_shadow_horizontal_length_tablet=\u00bb0px\u00bb header_text_shadow_vertical_length_tablet=\u00bb0px\u00bb header_text_shadow_blur_strength_tablet=\u00bb1px\u00bb header_2_text_shadow_horizontal_length_tablet=\u00bb0px\u00bb header_2_text_shadow_vertical_length_tablet=\u00bb0px\u00bb header_2_text_shadow_blur_strength_tablet=\u00bb1px\u00bb header_3_text_shadow_horizontal_length_tablet=\u00bb0px\u00bb header_3_text_shadow_vertical_length_tablet=\u00bb0px\u00bb header_3_text_shadow_blur_strength_tablet=\u00bb1px\u00bb header_4_text_shadow_horizontal_length_tablet=\u00bb0px\u00bb header_4_text_shadow_vertical_length_tablet=\u00bb0px\u00bb header_4_text_shadow_blur_strength_tablet=\u00bb1px\u00bb header_5_text_shadow_horizontal_length_tablet=\u00bb0px\u00bb header_5_text_shadow_vertical_length_tablet=\u00bb0px\u00bb header_5_text_shadow_blur_strength_tablet=\u00bb1px\u00bb header_6_text_shadow_horizontal_length_tablet=\u00bb0px\u00bb header_6_text_shadow_vertical_length_tablet=\u00bb0px\u00bb header_6_text_shadow_blur_strength_tablet=\u00bb1px\u00bb box_shadow_horizontal_tablet=\u00bb0px\u00bb box_shadow_vertical_tablet=\u00bb0px\u00bb box_shadow_blur_tablet=\u00bb40px\u00bb box_shadow_spread_tablet=\u00bb0px\u00bb global_colors_info=\u00bb{}\u00bb]<\/p>\n<p><img decoding=\"async\" class=\"size-full wp-image-319 aligncenter lazyload\" data-src=\"https:\/\/wp.grupo-oter.net\/cartas\/wp-content\/uploads\/sites\/40\/2020\/05\/logobc.png\" alt=\"\" width=\"150\" height=\"150\" src=\"data:image\/svg+xml;base64,PHN2ZyB3aWR0aD0iMSIgaGVpZ2h0PSIxIiB4bWxucz0iaHR0cDovL3d3dy53My5vcmcvMjAwMC9zdmciPjwvc3ZnPg==\" style=\"--smush-placeholder-width: 150px; --smush-placeholder-aspect-ratio: 150\/150;\" \/><\/p>\n<h2>\u00a0<\/h2>\n<h2 style=\"text-align: center;\"><span style=\"color: #9c4036;\"><strong>DESSERT<\/strong><\/span><\/h2>\n<h4 style=\"text-align: center;\"><span style=\"color: #9c4036;\"><strong>(10% VAT included)<\/strong><\/span><\/h4>\n<h4 style=\"text-align: center;\"><span style=\"color: #9c4036;\"><strong>ALSO TO TAKE AWAY<\/strong><\/span><\/h4>\n<p>[\/et_pb_text][et_pb_toggle title=\u00bbA SWEETER ENDING\u00bb open_toggle_background_color=\u00bb#f7f7f7&#8243; closed_toggle_background_color=\u00bb#f7f7f7&#8243; icon_color=\u00bb#9c4036&#8243; open_icon_color=\u00bb#9c4036&#8243; admin_label=\u00bbPOSTRES DE NUESTRO OBRADOR\u00bb _builder_version=\u00bb4.27.4&#8243; title_font=\u00bbJosefin Sans||||||||\u00bb title_line_height=\u00bb1.4em\u00bb body_font=\u00bbJosefin Sans||||||||\u00bb body_font_size=\u00bb15px\u00bb body_line_height=\u00bb1.8em\u00bb vertical_offset_tablet=\u00bb0&#8243; horizontal_offset_tablet=\u00bb0&#8243; animation_style=\u00bbfade\u00bb title_text_shadow_horizontal_length_tablet=\u00bb0px\u00bb title_text_shadow_vertical_length_tablet=\u00bb0px\u00bb title_text_shadow_blur_strength_tablet=\u00bb1px\u00bb closed_title_text_shadow_horizontal_length_tablet=\u00bb0px\u00bb closed_title_text_shadow_vertical_length_tablet=\u00bb0px\u00bb closed_title_text_shadow_blur_strength_tablet=\u00bb1px\u00bb body_text_shadow_horizontal_length_tablet=\u00bb0px\u00bb body_text_shadow_vertical_length_tablet=\u00bb0px\u00bb body_text_shadow_blur_strength_tablet=\u00bb1px\u00bb body_link_text_shadow_horizontal_length_tablet=\u00bb0px\u00bb body_link_text_shadow_vertical_length_tablet=\u00bb0px\u00bb body_link_text_shadow_blur_strength_tablet=\u00bb1px\u00bb body_ul_text_shadow_horizontal_length_tablet=\u00bb0px\u00bb body_ul_text_shadow_vertical_length_tablet=\u00bb0px\u00bb body_ul_text_shadow_blur_strength_tablet=\u00bb1px\u00bb body_ol_text_shadow_horizontal_length_tablet=\u00bb0px\u00bb body_ol_text_shadow_vertical_length_tablet=\u00bb0px\u00bb body_ol_text_shadow_blur_strength_tablet=\u00bb1px\u00bb body_quote_text_shadow_horizontal_length_tablet=\u00bb0px\u00bb body_quote_text_shadow_vertical_length_tablet=\u00bb0px\u00bb body_quote_text_shadow_blur_strength_tablet=\u00bb1px\u00bb border_width_all=\u00bb0px\u00bb box_shadow_horizontal_tablet=\u00bb0px\u00bb box_shadow_vertical_tablet=\u00bb0px\u00bb box_shadow_blur_tablet=\u00bb40px\u00bb box_shadow_spread_tablet=\u00bb0px\u00bb text_shadow_horizontal_length_tablet=\u00bb0px\u00bb text_shadow_vertical_length_tablet=\u00bb0px\u00bb text_shadow_blur_strength_tablet=\u00bb1px\u00bb global_colors_info=\u00bb{}\u00bb]<\/p>\n<p><strong style=\"color: #9c4036; font-size: 15px;\">Traditional desserts<\/strong><\/p>\n<p><strong style=\"color: #9c4036; font-size: 15px;\">CHOCOLATE CREAM-FILLED COULANT WITH VANILLA ICE-CREAM<br \/><\/strong><span style=\"font-size: 15px;\">Delicious dessert with the purest chocolate that grows and grows in the oven.<br \/><\/span>\u20ac8,50<\/p>\n<p><span style=\"color: #9c4036;\"><strong>RICE PUDDING WITH CARAMEL<\/strong><\/span><br \/>Prepared very slowly to make it creamier, covered with a layer of crunchy caramel.<br \/>\u20ac8,00<\/p>\n<p><span style=\"color: #9c4036;\"><strong>FRENCH TOAST \u00abEL BARRIL\u00bb<\/strong><\/span><br \/>French toast from bread brioche in cream of milk flavoured, grilled in butter and caramelized with sugar. \u00a1Irresistible!<br \/>\u20ac8,50<\/p>\n<p><span style=\"color: #9c4036;\"><strong>CREAMY CHEESE SOUFFLE WITH VANILLA CREAM AND WILD FRUITS COULIS<\/strong><\/span><br \/>Biscuit of fluid cheese, that counters with the acidity of the red berries and the creaminess of vanilla ice cream.<br \/>\u20ac8,50<\/p>\n<p><span style=\"color: #9c4036;\"><strong>CREAM STUFFED FILLOAS<\/strong><\/span><br \/>Sweet and delicate \u00abblondas\u00bb stuffed with exquisite cr\u00e8me p\u00e2tissi\u00e8re.<br \/>\u20ac8,50<\/p>\n<p><span style=\"color: #9c4036;\"><strong>INSTANTLY READY-MADE APPLE PUFF PASTRY<\/strong><\/span><br \/>Baked right when ordered, so caramelizing sliced apple. (Preparation time; 15 minutes)<br \/>\u20ac9,00<\/p>\n<p><strong><span style=\"color: #9c4036;\">CREPE SUZETTE WITH GRAND MARNIER (M\u00cdNIMUM 2 PEOPLE)\u00a0<\/span><\/strong><br \/>Prepared and flamb\u00e9ed on sight, with a subtle hint of orange.<br \/>\u20ac25,00<\/p>\n<p><span style=\"color: #9c4036;\"><strong>SELECTION OF CURED CHEESE<\/strong><\/span><br \/>Platter of national cheeses served with nuta, quince jelly and fig preserve.<br \/>\u20ac15,00<\/p>\n<p><span style=\"font-size: 15px;\"><strong style=\"color: #9c4036; font-size: 15px;\">Light and refreshing desserts<\/strong><\/span><\/p>\n<p><strong style=\"color: #9c4036; font-size: 15px;\">SEASONAL FRUITS CARPACCIO AND CITRUS SORBET<br \/><\/strong><span style=\"font-size: 15px;\">Fresh and juicy seasonal fruits, marinated in their own juice with the smooth and refreshing taste of freshly made sorbet.<br \/><\/span>\u20ac8,00<\/p>\n<p><span style=\"color: #9c4036;\"><strong>HOME-MADE\u00a0 ICE-CREAM<\/strong><\/span><br \/>Elaborated by our pastrycook with fresh milk cream. (Vanilla Bourbon, dark chocolate and grieg yogourt)<br \/>\u20ac8,00<\/p>\n<p><strong><span style=\"color: #9c4036;\">FRESH FRUIT SORBETS<br \/><\/span><\/strong>A light dessert of seasonal fruit<br \/>\u20ac8,00<\/p>\n<p><strong><span style=\"color: #9c4036;\">SORBETS BEATEN WITH VODKA OR CHAMPAGNE<br \/><\/span><\/strong>(Red berries, lemon and mandarin)<br \/>\u20ac11,00<\/p>\n<p>[\/et_pb_toggle][et_pb_toggle title=\u00bbWE SUGGEST ACCOMPANYING OUR DESSERTS WITH A DELICIOUS WINE\u00bb open_toggle_background_color=\u00bb#f7f7f7&#8243; closed_toggle_background_color=\u00bb#f7f7f7&#8243; icon_color=\u00bb#9c4036&#8243; open_icon_color=\u00bb#9c4036&#8243; admin_label=\u00bbVINOS QUE RECOMENDAMOS PARA LOS POSTRES\u00bb _builder_version=\u00bb4.27.4&#8243; title_font=\u00bbJosefin Sans||||||||\u00bb title_line_height=\u00bb1.4em\u00bb body_font=\u00bbJosefin Sans||||||||\u00bb body_font_size=\u00bb15px\u00bb body_line_height=\u00bb1.8em\u00bb vertical_offset_tablet=\u00bb0&#8243; horizontal_offset_tablet=\u00bb0&#8243; animation_style=\u00bbfade\u00bb hover_enabled=\u00bb0&#8243; title_text_shadow_horizontal_length_tablet=\u00bb0px\u00bb title_text_shadow_vertical_length_tablet=\u00bb0px\u00bb title_text_shadow_blur_strength_tablet=\u00bb1px\u00bb closed_title_text_shadow_horizontal_length_tablet=\u00bb0px\u00bb closed_title_text_shadow_vertical_length_tablet=\u00bb0px\u00bb closed_title_text_shadow_blur_strength_tablet=\u00bb1px\u00bb body_text_shadow_horizontal_length_tablet=\u00bb0px\u00bb body_text_shadow_vertical_length_tablet=\u00bb0px\u00bb body_text_shadow_blur_strength_tablet=\u00bb1px\u00bb body_link_text_shadow_horizontal_length_tablet=\u00bb0px\u00bb body_link_text_shadow_vertical_length_tablet=\u00bb0px\u00bb body_link_text_shadow_blur_strength_tablet=\u00bb1px\u00bb body_ul_text_shadow_horizontal_length_tablet=\u00bb0px\u00bb body_ul_text_shadow_vertical_length_tablet=\u00bb0px\u00bb body_ul_text_shadow_blur_strength_tablet=\u00bb1px\u00bb body_ol_text_shadow_horizontal_length_tablet=\u00bb0px\u00bb body_ol_text_shadow_vertical_length_tablet=\u00bb0px\u00bb body_ol_text_shadow_blur_strength_tablet=\u00bb1px\u00bb body_quote_text_shadow_horizontal_length_tablet=\u00bb0px\u00bb body_quote_text_shadow_vertical_length_tablet=\u00bb0px\u00bb body_quote_text_shadow_blur_strength_tablet=\u00bb1px\u00bb border_width_all=\u00bb0px\u00bb box_shadow_horizontal_tablet=\u00bb0px\u00bb box_shadow_vertical_tablet=\u00bb0px\u00bb box_shadow_blur_tablet=\u00bb40px\u00bb box_shadow_spread_tablet=\u00bb0px\u00bb text_shadow_horizontal_length_tablet=\u00bb0px\u00bb text_shadow_vertical_length_tablet=\u00bb0px\u00bb text_shadow_blur_strength_tablet=\u00bb1px\u00bb global_colors_info=\u00bb{}\u00bb sticky_enabled=\u00bb0&#8243;]<\/p>\n<p><strong><span style=\"color: #333333;\">MOSCATEL GRAN FEUDO by Chivite<\/span><\/strong><br \/>Glass \u20ac6,25<\/p>\n<p><strong><span style=\"color: #333333;\">P.X. S\u00c1NCHEZ ROMATE<\/span><\/strong><br \/>Glass \u20ac6,25<\/p>\n<p><strong><span style=\"color: #333333;\">CASTA DIVA MOSCATEL<\/span><\/strong><br \/>Glass \u20ac7,50<\/p>\n<p><strong><span style=\"color: #333333;\">PEDRO XIM\u00c9NEZ TRADICI\u00d3N VOS<\/span><\/strong><br \/>Glass \u20ac9,00<\/p>\n<p><strong><span style=\"color: #333333;\">1413 TOKAJI DISZNOKO EDES SZAMORODNI<\/span><\/strong><br \/>Glass \u20ac9,00<\/p>\n<p>[\/et_pb_toggle][et_pb_toggle title=\u00bbCOFFEE\u00bb open_toggle_background_color=\u00bb#f7f7f7&#8243; closed_toggle_background_color=\u00bb#f7f7f7&#8243; icon_color=\u00bb#9c4036&#8243; open_icon_color=\u00bb#9c4036&#8243; admin_label=\u00bbCAF\u00c9S\u00bb _builder_version=\u00bb4.27.4&#8243; title_font=\u00bbJosefin Sans||||||||\u00bb title_line_height=\u00bb1.4em\u00bb body_font=\u00bbJosefin Sans||||||||\u00bb body_font_size=\u00bb15px\u00bb body_line_height=\u00bb1.8em\u00bb vertical_offset_tablet=\u00bb0&#8243; horizontal_offset_tablet=\u00bb0&#8243; animation_style=\u00bbfade\u00bb hover_enabled=\u00bb0&#8243; title_text_shadow_horizontal_length_tablet=\u00bb0px\u00bb title_text_shadow_vertical_length_tablet=\u00bb0px\u00bb title_text_shadow_blur_strength_tablet=\u00bb1px\u00bb closed_title_text_shadow_horizontal_length_tablet=\u00bb0px\u00bb closed_title_text_shadow_vertical_length_tablet=\u00bb0px\u00bb closed_title_text_shadow_blur_strength_tablet=\u00bb1px\u00bb body_text_shadow_horizontal_length_tablet=\u00bb0px\u00bb body_text_shadow_vertical_length_tablet=\u00bb0px\u00bb body_text_shadow_blur_strength_tablet=\u00bb1px\u00bb body_link_text_shadow_horizontal_length_tablet=\u00bb0px\u00bb body_link_text_shadow_vertical_length_tablet=\u00bb0px\u00bb body_link_text_shadow_blur_strength_tablet=\u00bb1px\u00bb body_ul_text_shadow_horizontal_length_tablet=\u00bb0px\u00bb body_ul_text_shadow_vertical_length_tablet=\u00bb0px\u00bb body_ul_text_shadow_blur_strength_tablet=\u00bb1px\u00bb body_ol_text_shadow_horizontal_length_tablet=\u00bb0px\u00bb body_ol_text_shadow_vertical_length_tablet=\u00bb0px\u00bb body_ol_text_shadow_blur_strength_tablet=\u00bb1px\u00bb body_quote_text_shadow_horizontal_length_tablet=\u00bb0px\u00bb body_quote_text_shadow_vertical_length_tablet=\u00bb0px\u00bb body_quote_text_shadow_blur_strength_tablet=\u00bb1px\u00bb border_width_all=\u00bb0px\u00bb box_shadow_horizontal_tablet=\u00bb0px\u00bb box_shadow_vertical_tablet=\u00bb0px\u00bb box_shadow_blur_tablet=\u00bb40px\u00bb box_shadow_spread_tablet=\u00bb0px\u00bb text_shadow_horizontal_length_tablet=\u00bb0px\u00bb text_shadow_vertical_length_tablet=\u00bb0px\u00bb text_shadow_blur_strength_tablet=\u00bb1px\u00bb global_colors_info=\u00bb{}\u00bb sticky_enabled=\u00bb0&#8243;]<\/p>\n<p><span style=\"color: #333333;\"><strong>HOUSE SPECIAL COFFEE<\/strong><\/span><br \/>Circulo de Oro (Gold Circle) is a natural, supreme coffee, screen 18. A sfoft coffee made of Arabic species with floral aromas and fruity taste. Naturally bitter and longlasting aroma.<br \/>\u20ac2,75<\/p>\n<p><span style=\"color: #333333;\"><strong>DECAFFEINNATED BEANS<\/strong><\/span><br \/>100 % Colombia, Supreme. Soft and fruity coffee. Minimum caffeine content, under 0,05%.<br \/>\u20ac2,75<\/p>\n<p><span style=\"color: #333333;\"><strong>BOMBON COFFEE<\/strong><\/span><br \/>With delicious condensed milk.<br \/>\u20ac4,20<\/p>\n<p><span style=\"color: #333333;\"><strong>CAPPUCCINO COFFEE<\/strong><\/span><br \/>The traditional style, whisk with the vaporizer and sprinkle with ground coffee.<br \/>\u20ac4,20<\/p>\n<p><span style=\"color: #333333;\"><strong>VIENNESE COFFEE<\/strong><\/span><br \/>Add a shot of Brandy and sugar, served with whipped cream and cinnamon.<br \/>\u20ac4,75<\/p>\n<p><span style=\"color: #333333;\"><strong>SCOTTISH COFFEE\u00a0<\/strong><\/span><br \/>Whisky, coffee and vanilla ice cream.<br \/>\u20ac6.50<\/p>\n<p><span style=\"color: #333333;\"><strong>IRISH COFFEE<\/strong><\/span><br \/>Whisky and sugar flamb\u00e9, we add de coffee and top with cream.<br \/>\u20ac6.50<\/p>\n<p>[\/et_pb_toggle][et_pb_toggle title=\u00bbNATURAL INFUSIONS AND TEAS\u00bb open_toggle_background_color=\u00bb#f7f7f7&#8243; closed_toggle_background_color=\u00bb#f7f7f7&#8243; icon_color=\u00bb#9c4036&#8243; open_icon_color=\u00bb#9c4036&#8243; admin_label=\u00bbINFUSIONES Y T\u00c9S NATURALES\u00bb _builder_version=\u00bb4.27.0&#8243; title_font=\u00bbJosefin Sans||||||||\u00bb title_line_height=\u00bb1.4em\u00bb body_font=\u00bbJosefin Sans||||||||\u00bb body_font_size=\u00bb15px\u00bb body_line_height=\u00bb1.8em\u00bb vertical_offset_tablet=\u00bb0&#8243; horizontal_offset_tablet=\u00bb0&#8243; animation_style=\u00bbfade\u00bb title_text_shadow_horizontal_length_tablet=\u00bb0px\u00bb title_text_shadow_vertical_length_tablet=\u00bb0px\u00bb title_text_shadow_blur_strength_tablet=\u00bb1px\u00bb closed_title_text_shadow_horizontal_length_tablet=\u00bb0px\u00bb closed_title_text_shadow_vertical_length_tablet=\u00bb0px\u00bb closed_title_text_shadow_blur_strength_tablet=\u00bb1px\u00bb body_text_shadow_horizontal_length_tablet=\u00bb0px\u00bb body_text_shadow_vertical_length_tablet=\u00bb0px\u00bb body_text_shadow_blur_strength_tablet=\u00bb1px\u00bb body_link_text_shadow_horizontal_length_tablet=\u00bb0px\u00bb body_link_text_shadow_vertical_length_tablet=\u00bb0px\u00bb body_link_text_shadow_blur_strength_tablet=\u00bb1px\u00bb body_ul_text_shadow_horizontal_length_tablet=\u00bb0px\u00bb body_ul_text_shadow_vertical_length_tablet=\u00bb0px\u00bb body_ul_text_shadow_blur_strength_tablet=\u00bb1px\u00bb body_ol_text_shadow_horizontal_length_tablet=\u00bb0px\u00bb body_ol_text_shadow_vertical_length_tablet=\u00bb0px\u00bb body_ol_text_shadow_blur_strength_tablet=\u00bb1px\u00bb body_quote_text_shadow_horizontal_length_tablet=\u00bb0px\u00bb body_quote_text_shadow_vertical_length_tablet=\u00bb0px\u00bb body_quote_text_shadow_blur_strength_tablet=\u00bb1px\u00bb border_width_all=\u00bb0px\u00bb box_shadow_horizontal_tablet=\u00bb0px\u00bb box_shadow_vertical_tablet=\u00bb0px\u00bb box_shadow_blur_tablet=\u00bb40px\u00bb box_shadow_spread_tablet=\u00bb0px\u00bb text_shadow_horizontal_length_tablet=\u00bb0px\u00bb text_shadow_vertical_length_tablet=\u00bb0px\u00bb text_shadow_blur_strength_tablet=\u00bb1px\u00bb global_colors_info=\u00bb{}\u00bb]<\/p>\n<p><span><strong><span style=\"color: #333333;\">CHAMONILE, PENNYROYAL AND LIMEBLOSSOM TEA<\/span>\u00a0<\/strong><\/span><br \/>\u20ac3,90<\/p>\n<p><span><strong>DARJEELING,BADAMTAM F.O.P.<\/strong><\/span><br \/>A black tea from the Indian Himalayas, also known as the champagne of teas.It has a muscatel flavor and a delicate honey color. With or withour milk,s-3 min.<br \/>\u20ac3,90<\/p>\n<p><span style=\"color: #333333;\"><strong>INFUSI\u00d3N DE ROOIBOS\u00a0<\/strong><\/span><br \/>A South African origin, this infusion has no caffeine. The properties of the Rooibos are really very good and varied,.. avoid the retention of liquids. improves digestion and is beneficial for the skin. Let is rest for 5 minutes.<br \/><span>\u20ac3,90<\/span><\/p>\n<p><span><strong><span style=\"color: #333333;\">PU EHR (RED TEA)<\/span>\u00a0<\/strong><\/span><br \/>A tea that was traditionally used in Chinese natural medicine, specially due to its digestive, cleansing, and healthy properties, without milk, 3 minutes.<br \/>\u20ac3,90<\/p>\n<p><span style=\"color: #333333;\"><strong>BLACK TEA WITH CINNAMON\u00a0<\/strong><\/span><br \/>Black tea with stick cinnamon. With or without milk, 4 minutes.<br \/>\u20ac3,90<\/p>\n<p><span style=\"color: #333333;\"><strong>WILD BERRIES INFUSIOIN\u00a0<\/strong><\/span><br \/>Fruit infusion without caffeine.Intense cup of berries. Taste of wild berries,currants,blueberries and raspberries. Strong flavor and deep aroma.<br \/>\u20ac3,90<\/p>\n<p><span style=\"color: #333333;\"><strong>GREEN TEA WITH VANILLA<\/strong><\/span><br \/>Green tea perfumed with vanilla, 2 minutes.<br \/>\u20ac3,90<\/p>\n<p><span style=\"color: #333333;\"><strong>JASMINE MONKEY KING\u00a0<\/strong><\/span><br \/>Semi-fermented tea with Jasmine flowers. The high ratio of Jasmine gives it an intense aroma, 3 minutes.<br \/>\u20ac3,90<\/p>\n<p><span style=\"color: #333333;\"><strong>T\u00c9 ENGLISH BREAKFAST\u00a0<\/strong><\/span><br \/>Mixture of BOP black teas of Ceylan and Assam origin; a strong tea specially formulated to star your day. You enjoy it with milk or lemon.<br \/>\u20ac3,90<\/p>\n<p>[\/et_pb_toggle][\/et_pb_column_inner][\/et_pb_row_inner][\/et_pb_column][et_pb_column type=\u00bb1_3&#8243; _builder_version=\u00bb4.16&#8243; custom_padding=\u00bb|||\u00bb global_colors_info=\u00bb{}\u00bb custom_padding__hover=\u00bb|||\u00bb][\/et_pb_column][\/et_pb_section]<\/p>\n","protected":false},"excerpt":{"rendered":"<p>\u00a0 DESSERT (10% VAT included) ALSO TO TAKE AWAYTraditional desserts CHOCOLATE CREAM-FILLED COULANT WITH VANILLA ICE-CREAMDelicious dessert with the purest chocolate that grows and grows in the oven.\u20ac8,50 RICE PUDDING WITH CARAMELPrepared very slowly to make it creamier, covered with a layer of crunchy caramel.\u20ac8,00 FRENCH TOAST \u00abEL BARRIL\u00bbFrench toast from bread brioche in cream [&hellip;]<\/p>\n","protected":false},"author":2,"featured_media":0,"parent":0,"menu_order":0,"comment_status":"closed","ping_status":"closed","template":"page-template-blank.php","meta":{"_et_pb_use_builder":"on","_et_pb_old_content":"","_et_gb_content_width":"","footnotes":""},"class_list":["post-1270","page","type-page","status-publish","hentry"],"_links":{"self":[{"href":"https:\/\/wp.grupo-oter.net\/cartas\/wp-json\/wp\/v2\/pages\/1270","targetHints":{"allow":["GET"]}}],"collection":[{"href":"https:\/\/wp.grupo-oter.net\/cartas\/wp-json\/wp\/v2\/pages"}],"about":[{"href":"https:\/\/wp.grupo-oter.net\/cartas\/wp-json\/wp\/v2\/types\/page"}],"author":[{"embeddable":true,"href":"https:\/\/wp.grupo-oter.net\/cartas\/wp-json\/wp\/v2\/users\/2"}],"replies":[{"embeddable":true,"href":"https:\/\/wp.grupo-oter.net\/cartas\/wp-json\/wp\/v2\/comments?post=1270"}],"version-history":[{"count":26,"href":"https:\/\/wp.grupo-oter.net\/cartas\/wp-json\/wp\/v2\/pages\/1270\/revisions"}],"predecessor-version":[{"id":13828,"href":"https:\/\/wp.grupo-oter.net\/cartas\/wp-json\/wp\/v2\/pages\/1270\/revisions\/13828"}],"wp:attachment":[{"href":"https:\/\/wp.grupo-oter.net\/cartas\/wp-json\/wp\/v2\/media?parent=1270"}],"curies":[{"name":"wp","href":"https:\/\/api.w.org\/{rel}","templated":true}]}}