{"id":1250,"date":"2020-07-15T08:19:06","date_gmt":"2020-07-15T08:19:06","guid":{"rendered":"https:\/\/wp.grupo-oter.net\/cartas\/?page_id=1250"},"modified":"2025-10-08T11:22:01","modified_gmt":"2025-10-08T11:22:01","slug":"postres-ingles-asador-gerardo","status":"publish","type":"page","link":"https:\/\/wp.grupo-oter.net\/cartas\/postres-ingles-asador-gerardo\/","title":{"rendered":"Postres Ingl\u00e9s Asador Gerardo"},"content":{"rendered":"<p>[et_pb_section fb_built=\u00bb1&#8243; specialty=\u00bbon\u00bb custom_padding_last_edited=\u00bbon|phone\u00bb admin_label=\u00bbTestimonials\u00bb _builder_version=\u00bb4.16&#8243; vertical_offset_tablet=\u00bb0&#8243; horizontal_offset_tablet=\u00bb0&#8243; custom_padding=\u00bb|13px|150px|||\u00bb custom_padding_tablet=\u00bb|||\u00bb custom_padding_phone=\u00bb||||false|false\u00bb bottom_divider_style=\u00bbslant2&#8243; bottom_divider_color=\u00bb#d15e5e\u00bb bottom_divider_height=\u00bb160px\u00bb bottom_divider_flip=\u00bbvertical\u00bb bottom_divider_height_tablet=\u00bb\u00bb bottom_divider_height_phone=\u00bb90px\u00bb bottom_divider_height_last_edited=\u00bbon|tablet\u00bb z_index_tablet=\u00bb0&#8243; box_shadow_horizontal_tablet=\u00bb0px\u00bb box_shadow_vertical_tablet=\u00bb0px\u00bb box_shadow_blur_tablet=\u00bb40px\u00bb box_shadow_spread_tablet=\u00bb0px\u00bb global_colors_info=\u00bb{}\u00bb][et_pb_column type=\u00bb2_3&#8243; specialty_columns=\u00bb2&#8243; _builder_version=\u00bb4.16&#8243; custom_padding=\u00bb|||\u00bb global_colors_info=\u00bb{}\u00bb custom_padding__hover=\u00bb|||\u00bb][et_pb_row_inner column_structure=\u00bbundefined\u00bb _builder_version=\u00bb4.16&#8243; global_colors_info=\u00bb{}\u00bb][et_pb_column_inner type=\u00bbundefined\u00bb saved_specialty_column_type=\u00bb2_3&#8243; _builder_version=\u00bb4.16&#8243; custom_padding=\u00bb|||\u00bb global_colors_info=\u00bb{}\u00bb custom_padding__hover=\u00bb|||\u00bb][et_pb_text _builder_version=\u00bb4.16&#8243; text_font=\u00bbJosefin Sans||||||||\u00bb vertical_offset_tablet=\u00bb0&#8243; horizontal_offset_tablet=\u00bb0&#8243; z_index_tablet=\u00bb0&#8243; text_text_shadow_horizontal_length_tablet=\u00bb0px\u00bb text_text_shadow_vertical_length_tablet=\u00bb0px\u00bb text_text_shadow_blur_strength_tablet=\u00bb1px\u00bb link_text_shadow_horizontal_length_tablet=\u00bb0px\u00bb link_text_shadow_vertical_length_tablet=\u00bb0px\u00bb link_text_shadow_blur_strength_tablet=\u00bb1px\u00bb ul_text_shadow_horizontal_length_tablet=\u00bb0px\u00bb ul_text_shadow_vertical_length_tablet=\u00bb0px\u00bb ul_text_shadow_blur_strength_tablet=\u00bb1px\u00bb ol_text_shadow_horizontal_length_tablet=\u00bb0px\u00bb ol_text_shadow_vertical_length_tablet=\u00bb0px\u00bb ol_text_shadow_blur_strength_tablet=\u00bb1px\u00bb quote_text_shadow_horizontal_length_tablet=\u00bb0px\u00bb quote_text_shadow_vertical_length_tablet=\u00bb0px\u00bb quote_text_shadow_blur_strength_tablet=\u00bb1px\u00bb header_text_shadow_horizontal_length_tablet=\u00bb0px\u00bb header_text_shadow_vertical_length_tablet=\u00bb0px\u00bb header_text_shadow_blur_strength_tablet=\u00bb1px\u00bb header_2_text_shadow_horizontal_length_tablet=\u00bb0px\u00bb header_2_text_shadow_vertical_length_tablet=\u00bb0px\u00bb header_2_text_shadow_blur_strength_tablet=\u00bb1px\u00bb header_3_text_shadow_horizontal_length_tablet=\u00bb0px\u00bb header_3_text_shadow_vertical_length_tablet=\u00bb0px\u00bb header_3_text_shadow_blur_strength_tablet=\u00bb1px\u00bb header_4_text_shadow_horizontal_length_tablet=\u00bb0px\u00bb header_4_text_shadow_vertical_length_tablet=\u00bb0px\u00bb header_4_text_shadow_blur_strength_tablet=\u00bb1px\u00bb header_5_text_shadow_horizontal_length_tablet=\u00bb0px\u00bb header_5_text_shadow_vertical_length_tablet=\u00bb0px\u00bb header_5_text_shadow_blur_strength_tablet=\u00bb1px\u00bb header_6_text_shadow_horizontal_length_tablet=\u00bb0px\u00bb header_6_text_shadow_vertical_length_tablet=\u00bb0px\u00bb header_6_text_shadow_blur_strength_tablet=\u00bb1px\u00bb box_shadow_horizontal_tablet=\u00bb0px\u00bb box_shadow_vertical_tablet=\u00bb0px\u00bb box_shadow_blur_tablet=\u00bb40px\u00bb box_shadow_spread_tablet=\u00bb0px\u00bb global_colors_info=\u00bb{}\u00bb]<\/p>\n<p>&nbsp;<\/p>\n<h2><img decoding=\"async\" class=\"wp-image-283 aligncenter lazyload\" data-src=\"https:\/\/wp.grupo-oter.net\/cartas\/wp-content\/uploads\/sites\/40\/2020\/05\/cabecera-gerardo.jpg\" alt=\"\" width=\"209\" height=\"208\" src=\"data:image\/svg+xml;base64,PHN2ZyB3aWR0aD0iMSIgaGVpZ2h0PSIxIiB4bWxucz0iaHR0cDovL3d3dy53My5vcmcvMjAwMC9zdmciPjwvc3ZnPg==\" style=\"--smush-placeholder-width: 209px; --smush-placeholder-aspect-ratio: 209\/208;\" \/><\/h2>\n<h2 style=\"text-align: center;\"><span style=\"color: #d15e5e;\"><strong>DESSERT<\/strong><\/span><\/h2>\n<h4 style=\"text-align: center;\"><span style=\"color: #d15e5e;\"><strong>(10% VAT included)<\/strong><\/span><\/h4>\n<h4 style=\"text-align: center;\"><span style=\"color: #d15e5e;\"><strong>ALSO TO TAKE AWAY<\/strong><\/span><\/h4>\n<p>[\/et_pb_text][et_pb_toggle title=\u00bbA SWEETER ENDING\u00bb open_toggle_background_color=\u00bb#f7f7f7&#8243; closed_toggle_background_color=\u00bb#f7f7f7&#8243; icon_color=\u00bb#d15e5e\u00bb open_icon_color=\u00bb#d15e5e\u00bb admin_label=\u00bbPOSTRES TRADICIONALES\u00bb _builder_version=\u00bb4.27.4&#8243; title_font=\u00bbJosefin Sans||||||||\u00bb title_line_height=\u00bb1.4em\u00bb body_font=\u00bbJosefin Sans||||||||\u00bb body_font_size=\u00bb15px\u00bb body_line_height=\u00bb1.8em\u00bb vertical_offset_tablet=\u00bb0&#8243; horizontal_offset_tablet=\u00bb0&#8243; animation_style=\u00bbfade\u00bb hover_enabled=\u00bb0&#8243; title_text_shadow_horizontal_length_tablet=\u00bb0px\u00bb title_text_shadow_vertical_length_tablet=\u00bb0px\u00bb title_text_shadow_blur_strength_tablet=\u00bb1px\u00bb closed_title_text_shadow_horizontal_length_tablet=\u00bb0px\u00bb closed_title_text_shadow_vertical_length_tablet=\u00bb0px\u00bb closed_title_text_shadow_blur_strength_tablet=\u00bb1px\u00bb body_text_shadow_horizontal_length_tablet=\u00bb0px\u00bb body_text_shadow_vertical_length_tablet=\u00bb0px\u00bb body_text_shadow_blur_strength_tablet=\u00bb1px\u00bb body_link_text_shadow_horizontal_length_tablet=\u00bb0px\u00bb body_link_text_shadow_vertical_length_tablet=\u00bb0px\u00bb body_link_text_shadow_blur_strength_tablet=\u00bb1px\u00bb body_ul_text_shadow_horizontal_length_tablet=\u00bb0px\u00bb body_ul_text_shadow_vertical_length_tablet=\u00bb0px\u00bb body_ul_text_shadow_blur_strength_tablet=\u00bb1px\u00bb body_ol_text_shadow_horizontal_length_tablet=\u00bb0px\u00bb body_ol_text_shadow_vertical_length_tablet=\u00bb0px\u00bb body_ol_text_shadow_blur_strength_tablet=\u00bb1px\u00bb body_quote_text_shadow_horizontal_length_tablet=\u00bb0px\u00bb body_quote_text_shadow_vertical_length_tablet=\u00bb0px\u00bb body_quote_text_shadow_blur_strength_tablet=\u00bb1px\u00bb border_width_all=\u00bb0px\u00bb box_shadow_horizontal_tablet=\u00bb0px\u00bb box_shadow_vertical_tablet=\u00bb0px\u00bb box_shadow_blur_tablet=\u00bb40px\u00bb box_shadow_spread_tablet=\u00bb0px\u00bb text_shadow_horizontal_length_tablet=\u00bb0px\u00bb text_shadow_vertical_length_tablet=\u00bb0px\u00bb text_shadow_blur_strength_tablet=\u00bb1px\u00bb global_colors_info=\u00bb{}\u00bb sticky_enabled=\u00bb0&#8243;]<\/p>\n<p><strong>20TRADITIONAL DESSERTS<\/strong><\/p>\n<p><span style=\"color: #d15e5e;\"><strong>CREAMY RICE PUDDING WITH A CARAMELISED SUGAR TOPPING<\/strong><\/span><br \/>Prepared very slowly to make it creamier, covered with a layer of crunchy caramel.<br \/>\u20ac8,00<\/p>\n<p><span style=\"color: #d15e5e;\"><strong>FRIED MILK SQUARES<\/strong><\/span><br \/>Fried milk battered an fried with a creamy texture, sprinkled with sugar and cinnamon.<br \/>\u20ac8,00<\/p>\n<p><span style=\"color: #d15e5e;\"><strong>BAKED CHOCOLATE SOTOBO<\/strong><\/span><br \/>(Preparation times 15 minutes)Delicious dessert with the purest chocolate that grows and grows in the oven.<br \/>\u20ac8,50<\/p>\n<p><span style=\"color: #d15e5e;\"><strong>CRISPY FILLOA CREPES STUFFED WITH PASTRY CREAM<br \/><\/strong><\/span>Sweet and delicate \u00abBlondas\u00bb with a exquisite cr\u00e8me p\u00e2tissi\u00e8re flavored with milk, lemon and cinnamon.<br \/>\u20ac8,50<\/p>\n<p><span style=\"color: #d15e5e;\"><strong>FINE APPLE PUFF PASTRY<\/strong><\/span><br \/>(Preparation times 15 minutes) Baked right when ordered, so caramelizing sliced apple.<br \/>\u20ac8,50<\/p>\n<p><span style=\"color: #d15e5e;\"><strong>HOMEMADE CHEESECAKE WITH A CARAMEL TOFFEE SAUCE<\/strong><\/span><br \/>Elaborated with cream of fresh cheese.<br \/>\u20ac8,50<\/p>\n<p><span style=\"color: #d15e5e;\"><strong>CREPES SUZETTE (M\u00cdNIMUM 2 PEOPLE &#8211; PRICE PER PERSON)<\/strong><\/span><br \/>Prepared and flamb\u00e9ed on sight, with a subtle hint of orange.<br \/>\u20ac12,5<span style=\"color: #666666;\">0<\/span><\/p>\n<p><span style=\"color: #d15e5e;\"><strong>CHEESE FOR DESSERT. IDEAL FOR SHARING<\/strong><\/span><br \/>Selection of our best Spanish cheeses accompanied by nuts and homemade preserve.<br \/>\u20ac12,00<\/p>\n<p><strong>LIGHT AND REFRESHING DESSERT<\/strong><\/p>\n<p><span style=\"color: #d15e5e;\"><strong>SEASONAL FRUIT CARPACCIO<\/strong><\/span><br \/>Fresh and juicy seasonal fruits, macerated in their own juices.<br \/>\u20ac8,00<\/p>\n<p><span style=\"color: #d15e5e;\"><strong>HOMEMADE ICE-CREAM AND FRESH FRUIT SORBETS<\/strong><\/span><br \/>Made by our pastry Chef with the freshnest cream and seasonal fresh fruit.\u00a0Different each day; ask our staff.<br \/>\u20ac7,50<\/p>\n<p><span style=\"color: #d15e5e;\"><strong>FRESH FRUIT SORBET BEATEN WITH CAVA OR VODKA<\/strong><\/span><br \/>\u20ac11,00<\/p>\n<p>[\/et_pb_toggle][et_pb_toggle title=\u00bbWE SUGGEST ACCOMPANYING OUR DESSERT WITH A DELICIOUS WINE\u00bb open_toggle_background_color=\u00bb#f7f7f7&#8243; closed_toggle_background_color=\u00bb#f7f7f7&#8243; icon_color=\u00bb#d15e5e\u00bb open_icon_color=\u00bb#d15e5e\u00bb admin_label=\u00bbVINOS Y DESTILADOS PARA LOS POSTRES\u00bb _builder_version=\u00bb4.27.4&#8243; title_font=\u00bbJosefin Sans||||||||\u00bb title_line_height=\u00bb1.4em\u00bb body_font=\u00bbJosefin Sans||||||||\u00bb body_font_size=\u00bb15px\u00bb body_line_height=\u00bb1.8em\u00bb vertical_offset_tablet=\u00bb0&#8243; horizontal_offset_tablet=\u00bb0&#8243; animation_style=\u00bbfade\u00bb hover_enabled=\u00bb0&#8243; title_text_shadow_horizontal_length_tablet=\u00bb0px\u00bb title_text_shadow_vertical_length_tablet=\u00bb0px\u00bb title_text_shadow_blur_strength_tablet=\u00bb1px\u00bb closed_title_text_shadow_horizontal_length_tablet=\u00bb0px\u00bb closed_title_text_shadow_vertical_length_tablet=\u00bb0px\u00bb closed_title_text_shadow_blur_strength_tablet=\u00bb1px\u00bb body_text_shadow_horizontal_length_tablet=\u00bb0px\u00bb body_text_shadow_vertical_length_tablet=\u00bb0px\u00bb body_text_shadow_blur_strength_tablet=\u00bb1px\u00bb body_link_text_shadow_horizontal_length_tablet=\u00bb0px\u00bb body_link_text_shadow_vertical_length_tablet=\u00bb0px\u00bb body_link_text_shadow_blur_strength_tablet=\u00bb1px\u00bb body_ul_text_shadow_horizontal_length_tablet=\u00bb0px\u00bb body_ul_text_shadow_vertical_length_tablet=\u00bb0px\u00bb body_ul_text_shadow_blur_strength_tablet=\u00bb1px\u00bb body_ol_text_shadow_horizontal_length_tablet=\u00bb0px\u00bb body_ol_text_shadow_vertical_length_tablet=\u00bb0px\u00bb body_ol_text_shadow_blur_strength_tablet=\u00bb1px\u00bb body_quote_text_shadow_horizontal_length_tablet=\u00bb0px\u00bb body_quote_text_shadow_vertical_length_tablet=\u00bb0px\u00bb body_quote_text_shadow_blur_strength_tablet=\u00bb1px\u00bb border_width_all=\u00bb0px\u00bb box_shadow_horizontal_tablet=\u00bb0px\u00bb box_shadow_vertical_tablet=\u00bb0px\u00bb box_shadow_blur_tablet=\u00bb40px\u00bb box_shadow_spread_tablet=\u00bb0px\u00bb text_shadow_horizontal_length_tablet=\u00bb0px\u00bb text_shadow_vertical_length_tablet=\u00bb0px\u00bb text_shadow_blur_strength_tablet=\u00bb1px\u00bb global_colors_info=\u00bb{}\u00bb sticky_enabled=\u00bb0&#8243;]<\/p>\n<p><span style=\"color: #000b27;\"><strong>MOSCATEL GRAN FEUDO de Chivite<\/strong><\/span><br \/>Glass \u20ac6,25<\/p>\n<p><span style=\"color: #000b27;\"><strong>P.X. S\u00c1NCHEZ ROMATE<\/strong><\/span><br \/>Glass \u20ac6,25<\/p>\n<p><span style=\"color: #000b27;\"><strong>CASTA DIVA MOSCATEL<\/strong><\/span><br \/>Glass \u20ac7,50<\/p>\n<p><span style=\"color: #000b27;\"><strong>PEDRO XIM\u00c9NEZ TRADICI\u00d3N VOS<\/strong><\/span><br \/>Glass \u20ac9,00<\/p>\n<p><span style=\"color: #000000;\"><strong>1413 TOKAJI DISZNOKO EDES SZAMORODNI<\/strong><\/span><br \/>Glass \u20ac9,00<\/p>\n<p>[\/et_pb_toggle][et_pb_toggle title=\u00bbCOFFEES\u00bb open_toggle_background_color=\u00bb#f7f7f7&#8243; closed_toggle_background_color=\u00bb#f7f7f7&#8243; icon_color=\u00bb#d15e5e\u00bb open_icon_color=\u00bb#d15e5e\u00bb admin_label=\u00bbCAF\u00c9S\u00bb _builder_version=\u00bb4.27.4&#8243; title_font=\u00bbJosefin Sans||||||||\u00bb title_line_height=\u00bb1.4em\u00bb body_font=\u00bbJosefin Sans||||||||\u00bb body_font_size=\u00bb15px\u00bb body_line_height=\u00bb1.8em\u00bb vertical_offset_tablet=\u00bb0&#8243; horizontal_offset_tablet=\u00bb0&#8243; animation_style=\u00bbfade\u00bb hover_enabled=\u00bb0&#8243; title_text_shadow_horizontal_length_tablet=\u00bb0px\u00bb title_text_shadow_vertical_length_tablet=\u00bb0px\u00bb title_text_shadow_blur_strength_tablet=\u00bb1px\u00bb closed_title_text_shadow_horizontal_length_tablet=\u00bb0px\u00bb closed_title_text_shadow_vertical_length_tablet=\u00bb0px\u00bb closed_title_text_shadow_blur_strength_tablet=\u00bb1px\u00bb body_text_shadow_horizontal_length_tablet=\u00bb0px\u00bb body_text_shadow_vertical_length_tablet=\u00bb0px\u00bb body_text_shadow_blur_strength_tablet=\u00bb1px\u00bb body_link_text_shadow_horizontal_length_tablet=\u00bb0px\u00bb body_link_text_shadow_vertical_length_tablet=\u00bb0px\u00bb body_link_text_shadow_blur_strength_tablet=\u00bb1px\u00bb body_ul_text_shadow_horizontal_length_tablet=\u00bb0px\u00bb body_ul_text_shadow_vertical_length_tablet=\u00bb0px\u00bb body_ul_text_shadow_blur_strength_tablet=\u00bb1px\u00bb body_ol_text_shadow_horizontal_length_tablet=\u00bb0px\u00bb body_ol_text_shadow_vertical_length_tablet=\u00bb0px\u00bb body_ol_text_shadow_blur_strength_tablet=\u00bb1px\u00bb body_quote_text_shadow_horizontal_length_tablet=\u00bb0px\u00bb body_quote_text_shadow_vertical_length_tablet=\u00bb0px\u00bb body_quote_text_shadow_blur_strength_tablet=\u00bb1px\u00bb border_width_all=\u00bb0px\u00bb box_shadow_horizontal_tablet=\u00bb0px\u00bb box_shadow_vertical_tablet=\u00bb0px\u00bb box_shadow_blur_tablet=\u00bb40px\u00bb box_shadow_spread_tablet=\u00bb0px\u00bb text_shadow_horizontal_length_tablet=\u00bb0px\u00bb text_shadow_vertical_length_tablet=\u00bb0px\u00bb text_shadow_blur_strength_tablet=\u00bb1px\u00bb global_colors_info=\u00bb{}\u00bb sticky_enabled=\u00bb0&#8243;]<\/p>\n<p><span style=\"color: #000027;\"><strong>HOUSE SPECIAL COFFEE<\/strong><\/span><br \/>Circulo de Oro (Gold Circle) is a natural, supreme coffee, screen 18. A sfoft coffee made of Arabic species with floral aromas and fruity taste. Naturally bitter and longlasting aroma.<br \/>\u20ac2,75<\/p>\n<p><span style=\"color: #000027;\"><strong>DECAFFEINNATED BEANS<\/strong><\/span><br \/>100% Colombia, Supreme. Soft and fruity Circulo de Oro (Gold Circle) is a natural, supreme coffee, screen 18. A sfoft coffee made of Arabic species with floral aromas and fruity taste. Naturally bitter and longlasting aroma.<br \/>\u20ac2,75<\/p>\n<p><span style=\"color: #000027;\"><strong>BOMBON COFFEE<\/strong><\/span><br \/>With delicious condensed milk.<br \/>\u20ac4,20<\/p>\n<p><span style=\"color: #000027;\"><strong>CAPPUCCINO COFFEE<\/strong><\/span><br \/>The traditional style, whisk with the vaporizer and sprinkle with ground coffee.<br \/>\u20ac4,20<\/p>\n<p><span style=\"color: #000027;\"><strong>VIENNESE COFFEE<\/strong><\/span><br \/>Add a shot of Brandy and sugar, served with whipped cream and cinnamon.<br \/>\u20ac4,75<\/p>\n<p><span style=\"color: #000027;\"><strong>SCOTTISH COFFEE\u00a0<\/strong><\/span><br \/>Whisky, coffee and vanilla ice cream.<br \/>\u20ac6,50<\/p>\n<p><span style=\"color: #000027;\"><strong>IRISH COFFEE<\/strong><\/span><br \/>Whisky and sugar flamb\u00e9, we add de coffee and top with cream.<br \/>\u20ac6,50<\/p>\n<p>[\/et_pb_toggle][et_pb_toggle title=\u00bbNATURAL INFUSIONS AND TEAS\u00bb open_toggle_background_color=\u00bb#f7f7f7&#8243; closed_toggle_background_color=\u00bb#f7f7f7&#8243; icon_color=\u00bb#d15e5e\u00bb open_icon_color=\u00bb#d15e5e\u00bb admin_label=\u00bbINFUSIONES Y T\u00c9S NATURALES\u00bb _builder_version=\u00bb4.27.0&#8243; title_font=\u00bbJosefin Sans||||||||\u00bb title_line_height=\u00bb1.4em\u00bb body_font=\u00bbJosefin Sans||||||||\u00bb body_font_size=\u00bb15px\u00bb body_line_height=\u00bb1.8em\u00bb vertical_offset_tablet=\u00bb0&#8243; horizontal_offset_tablet=\u00bb0&#8243; animation_style=\u00bbfade\u00bb title_text_shadow_horizontal_length_tablet=\u00bb0px\u00bb title_text_shadow_vertical_length_tablet=\u00bb0px\u00bb title_text_shadow_blur_strength_tablet=\u00bb1px\u00bb closed_title_text_shadow_horizontal_length_tablet=\u00bb0px\u00bb closed_title_text_shadow_vertical_length_tablet=\u00bb0px\u00bb closed_title_text_shadow_blur_strength_tablet=\u00bb1px\u00bb body_text_shadow_horizontal_length_tablet=\u00bb0px\u00bb body_text_shadow_vertical_length_tablet=\u00bb0px\u00bb body_text_shadow_blur_strength_tablet=\u00bb1px\u00bb body_link_text_shadow_horizontal_length_tablet=\u00bb0px\u00bb body_link_text_shadow_vertical_length_tablet=\u00bb0px\u00bb body_link_text_shadow_blur_strength_tablet=\u00bb1px\u00bb body_ul_text_shadow_horizontal_length_tablet=\u00bb0px\u00bb body_ul_text_shadow_vertical_length_tablet=\u00bb0px\u00bb body_ul_text_shadow_blur_strength_tablet=\u00bb1px\u00bb body_ol_text_shadow_horizontal_length_tablet=\u00bb0px\u00bb body_ol_text_shadow_vertical_length_tablet=\u00bb0px\u00bb body_ol_text_shadow_blur_strength_tablet=\u00bb1px\u00bb body_quote_text_shadow_horizontal_length_tablet=\u00bb0px\u00bb body_quote_text_shadow_vertical_length_tablet=\u00bb0px\u00bb body_quote_text_shadow_blur_strength_tablet=\u00bb1px\u00bb border_width_all=\u00bb0px\u00bb box_shadow_horizontal_tablet=\u00bb0px\u00bb box_shadow_vertical_tablet=\u00bb0px\u00bb box_shadow_blur_tablet=\u00bb40px\u00bb box_shadow_spread_tablet=\u00bb0px\u00bb text_shadow_horizontal_length_tablet=\u00bb0px\u00bb text_shadow_vertical_length_tablet=\u00bb0px\u00bb text_shadow_blur_strength_tablet=\u00bb1px\u00bb global_colors_info=\u00bb{}\u00bb]<\/p>\n<p><span style=\"color: #000027;\"><strong>CHAMONILE, PENNYROYAL AND LIMEBLOSSOM TEA\u00a0<\/strong><\/span><br \/>\u20ac3,90<\/p>\n<p><span style=\"color: #000027;\"><strong>DARJEELING, BADAMTAM FOP<\/strong><\/span><br \/>A black tea from the Indian Himalayas, also known as the campagne of teas. It has a muscatel flavor and a delicate honey color. With or without milk, 2-3 minutes.<br \/>\u20ac3,90<\/p>\n<p><span style=\"color: #000027;\"><strong>PU EHR (RED TEA)\u00a0<\/strong><\/span><br \/>A tea that was traditionally used in Chinese natural medicine, specially due to its digestive, cleansing, and healthy properties, without milk, 3 minutes.<br \/>\u20ac3,90<\/p>\n<p><span style=\"color: #000027;\"><strong>BLACK TEA WITH CINNAMON\u00a0<\/strong><\/span><br \/>Black tea with stick cinnamon. With or without milk, 4 minutes.<br \/>\u20ac3,90<\/p>\n<p><span style=\"color: #000027;\"><strong>RED BERRIES INFUSION\u00a0<br \/><\/strong><\/span>Fruit infusion without caffeine. Intense cup of berries. Taste of wild berries, currants, blueberries and raspberries. Strong flavor and deep aroma.<br \/>\u20ac3,90<\/p>\n<p><span style=\"color: #000027;\"><strong>GREEN TEA WITH VANILLA<\/strong><\/span><br \/>Green tea perfumed with vanilla, 2 minutes.<br \/>\u20ac3,90<\/p>\n<p><span style=\"color: #000027;\"><strong>JASMINE MONKEY KING\u00a0<\/strong><\/span><br \/>Semi-fermented tea with Jasmine flowers. The high ratio of Jasmine gives it an intense aroma, 3 minutes.<br \/>\u20ac3,90<\/p>\n<p><span style=\"color: #000027;\"><strong>T\u00c9 ENGLISH BREAKFAST\u00a0<\/strong><\/span><br \/>Mixture of BOP black teas of Ceylan and Assam origin; a strong tea specially formulated to star your day. You enjoy it with milk or lemon.<br \/>\u20ac3,90<\/p>\n<p>&nbsp;<\/p>\n<p>[\/et_pb_toggle][\/et_pb_column_inner][\/et_pb_row_inner][\/et_pb_column][et_pb_column type=\u00bb1_3&#8243; _builder_version=\u00bb4.16&#8243; custom_padding=\u00bb|||\u00bb global_colors_info=\u00bb{}\u00bb custom_padding__hover=\u00bb|||\u00bb][\/et_pb_column][\/et_pb_section]<\/p>\n","protected":false},"excerpt":{"rendered":"<p>&nbsp; DESSERT (10% VAT included) ALSO TO TAKE AWAY20TRADITIONAL DESSERTS CREAMY RICE PUDDING WITH A CARAMELISED SUGAR TOPPINGPrepared very slowly to make it creamier, covered with a layer of crunchy caramel.\u20ac8,00 FRIED MILK SQUARESFried milk battered an fried with a creamy texture, sprinkled with sugar and cinnamon.\u20ac8,00 BAKED CHOCOLATE SOTOBO(Preparation times 15 minutes)Delicious dessert with [&hellip;]<\/p>\n","protected":false},"author":2,"featured_media":0,"parent":0,"menu_order":0,"comment_status":"closed","ping_status":"closed","template":"page-template-blank.php","meta":{"_et_pb_use_builder":"on","_et_pb_old_content":"","_et_gb_content_width":"","footnotes":""},"class_list":["post-1250","page","type-page","status-publish","hentry"],"_links":{"self":[{"href":"https:\/\/wp.grupo-oter.net\/cartas\/wp-json\/wp\/v2\/pages\/1250","targetHints":{"allow":["GET"]}}],"collection":[{"href":"https:\/\/wp.grupo-oter.net\/cartas\/wp-json\/wp\/v2\/pages"}],"about":[{"href":"https:\/\/wp.grupo-oter.net\/cartas\/wp-json\/wp\/v2\/types\/page"}],"author":[{"embeddable":true,"href":"https:\/\/wp.grupo-oter.net\/cartas\/wp-json\/wp\/v2\/users\/2"}],"replies":[{"embeddable":true,"href":"https:\/\/wp.grupo-oter.net\/cartas\/wp-json\/wp\/v2\/comments?post=1250"}],"version-history":[{"count":26,"href":"https:\/\/wp.grupo-oter.net\/cartas\/wp-json\/wp\/v2\/pages\/1250\/revisions"}],"predecessor-version":[{"id":13597,"href":"https:\/\/wp.grupo-oter.net\/cartas\/wp-json\/wp\/v2\/pages\/1250\/revisions\/13597"}],"wp:attachment":[{"href":"https:\/\/wp.grupo-oter.net\/cartas\/wp-json\/wp\/v2\/media?parent=1250"}],"curies":[{"name":"wp","href":"https:\/\/api.w.org\/{rel}","templated":true}]}}