{"id":1090,"date":"2020-07-14T12:39:09","date_gmt":"2020-07-14T12:39:09","guid":{"rendered":"https:\/\/wp.grupo-oter.net\/cartas\/?page_id=1090"},"modified":"2025-06-17T07:12:39","modified_gmt":"2025-06-17T07:12:39","slug":"postres-ingles-gran-barril","status":"publish","type":"page","link":"https:\/\/wp.grupo-oter.net\/cartas\/postres-ingles-gran-barril\/","title":{"rendered":"Postres Ingl\u00e9s Gran Barril"},"content":{"rendered":"<p>[et_pb_section fb_built=\u00bb1&#8243; specialty=\u00bbon\u00bb custom_padding_last_edited=\u00bbon|phone\u00bb admin_label=\u00bbTestimonials\u00bb _builder_version=\u00bb4.16&#8243; vertical_offset_tablet=\u00bb0&#8243; horizontal_offset_tablet=\u00bb0&#8243; custom_padding=\u00bb||150px|\u00bb custom_padding_tablet=\u00bb|||\u00bb custom_padding_phone=\u00bb||||false|false\u00bb bottom_divider_style=\u00bbslant2&#8243; bottom_divider_color=\u00bb#326e5c\u00bb bottom_divider_height=\u00bb160px\u00bb bottom_divider_flip=\u00bbvertical\u00bb bottom_divider_height_tablet=\u00bb\u00bb bottom_divider_height_phone=\u00bb90px\u00bb bottom_divider_height_last_edited=\u00bbon|tablet\u00bb z_index_tablet=\u00bb0&#8243; box_shadow_horizontal_tablet=\u00bb0px\u00bb box_shadow_vertical_tablet=\u00bb0px\u00bb box_shadow_blur_tablet=\u00bb40px\u00bb box_shadow_spread_tablet=\u00bb0px\u00bb global_colors_info=\u00bb{}\u00bb][et_pb_column type=\u00bb2_3&#8243; specialty_columns=\u00bb2&#8243; _builder_version=\u00bb4.16&#8243; custom_padding=\u00bb|||\u00bb global_colors_info=\u00bb{}\u00bb custom_padding__hover=\u00bb|||\u00bb][et_pb_row_inner column_structure=\u00bbundefined\u00bb _builder_version=\u00bb4.16&#8243; global_colors_info=\u00bb{}\u00bb][et_pb_column_inner type=\u00bbundefined\u00bb saved_specialty_column_type=\u00bb2_3&#8243; _builder_version=\u00bb4.16&#8243; custom_padding=\u00bb|||\u00bb global_colors_info=\u00bb{}\u00bb custom_padding__hover=\u00bb|||\u00bb][et_pb_text _builder_version=\u00bb4.16&#8243; text_font=\u00bbJosefin Sans||||||||\u00bb vertical_offset_tablet=\u00bb0&#8243; horizontal_offset_tablet=\u00bb0&#8243; z_index_tablet=\u00bb0&#8243; text_text_shadow_horizontal_length_tablet=\u00bb0px\u00bb text_text_shadow_vertical_length_tablet=\u00bb0px\u00bb text_text_shadow_blur_strength_tablet=\u00bb1px\u00bb link_text_shadow_horizontal_length_tablet=\u00bb0px\u00bb link_text_shadow_vertical_length_tablet=\u00bb0px\u00bb link_text_shadow_blur_strength_tablet=\u00bb1px\u00bb ul_text_shadow_horizontal_length_tablet=\u00bb0px\u00bb ul_text_shadow_vertical_length_tablet=\u00bb0px\u00bb ul_text_shadow_blur_strength_tablet=\u00bb1px\u00bb ol_text_shadow_horizontal_length_tablet=\u00bb0px\u00bb ol_text_shadow_vertical_length_tablet=\u00bb0px\u00bb ol_text_shadow_blur_strength_tablet=\u00bb1px\u00bb quote_text_shadow_horizontal_length_tablet=\u00bb0px\u00bb quote_text_shadow_vertical_length_tablet=\u00bb0px\u00bb quote_text_shadow_blur_strength_tablet=\u00bb1px\u00bb header_text_shadow_horizontal_length_tablet=\u00bb0px\u00bb header_text_shadow_vertical_length_tablet=\u00bb0px\u00bb header_text_shadow_blur_strength_tablet=\u00bb1px\u00bb header_2_text_shadow_horizontal_length_tablet=\u00bb0px\u00bb header_2_text_shadow_vertical_length_tablet=\u00bb0px\u00bb header_2_text_shadow_blur_strength_tablet=\u00bb1px\u00bb header_3_text_shadow_horizontal_length_tablet=\u00bb0px\u00bb header_3_text_shadow_vertical_length_tablet=\u00bb0px\u00bb header_3_text_shadow_blur_strength_tablet=\u00bb1px\u00bb header_4_text_shadow_horizontal_length_tablet=\u00bb0px\u00bb header_4_text_shadow_vertical_length_tablet=\u00bb0px\u00bb header_4_text_shadow_blur_strength_tablet=\u00bb1px\u00bb header_5_text_shadow_horizontal_length_tablet=\u00bb0px\u00bb header_5_text_shadow_vertical_length_tablet=\u00bb0px\u00bb header_5_text_shadow_blur_strength_tablet=\u00bb1px\u00bb header_6_text_shadow_horizontal_length_tablet=\u00bb0px\u00bb header_6_text_shadow_vertical_length_tablet=\u00bb0px\u00bb header_6_text_shadow_blur_strength_tablet=\u00bb1px\u00bb box_shadow_horizontal_tablet=\u00bb0px\u00bb box_shadow_vertical_tablet=\u00bb0px\u00bb box_shadow_blur_tablet=\u00bb40px\u00bb box_shadow_spread_tablet=\u00bb0px\u00bb global_colors_info=\u00bb{}\u00bb]<\/p>\n<p><img decoding=\"async\" data-src=\"https:\/\/wp.grupo-oter.net\/cartas\/wp-content\/uploads\/sites\/40\/2020\/04\/LogoGB.jpg\" width=\"633\" height=\"190\" alt=\"\" class=\"wp-image-76 alignnone size-full lazyload\" src=\"data:image\/svg+xml;base64,PHN2ZyB3aWR0aD0iMSIgaGVpZ2h0PSIxIiB4bWxucz0iaHR0cDovL3d3dy53My5vcmcvMjAwMC9zdmciPjwvc3ZnPg==\" style=\"--smush-placeholder-width: 633px; --smush-placeholder-aspect-ratio: 633\/190;\" \/><\/p>\n<h2><\/h2>\n<h2 style=\"text-align: center;\"><span style=\"color: #326e5c;\"><strong>DESSERT<\/strong><\/span><\/h2>\n<p><span style=\"color: #326e5c;\"><strong><\/strong><\/span><\/p>\n<h4 style=\"text-align: center;\"><span style=\"color: #326e5c;\"><strong>(10% VAT included)<\/strong><\/span><\/h4>\n<h4 style=\"text-align: center;\"><span style=\"color: #326e5c;\"><strong>ALSO TO TAKE AWAY<\/strong><\/span><\/h4>\n<p>[\/et_pb_text][et_pb_toggle title=\u00bbA SWEETER ENDING\u00bb open_toggle_background_color=\u00bb#f7f7f7&#8243; closed_toggle_background_color=\u00bb#f7f7f7&#8243; icon_color=\u00bb#326e5c\u00bb open_icon_color=\u00bb#326e5c\u00bb admin_label=\u00bbPOSTRES %22EL TEL\u00c9GRAFO%22&#8243; _builder_version=\u00bb4.27.4&#8243; title_font=\u00bbJosefin Sans||||||||\u00bb title_line_height=\u00bb1.4em\u00bb body_font=\u00bbJosefin Sans||||||||\u00bb body_font_size=\u00bb15px\u00bb body_line_height=\u00bb1.8em\u00bb vertical_offset_tablet=\u00bb0&#8243; horizontal_offset_tablet=\u00bb0&#8243; animation_style=\u00bbfade\u00bb hover_enabled=\u00bb0&#8243; title_text_shadow_horizontal_length_tablet=\u00bb0px\u00bb title_text_shadow_vertical_length_tablet=\u00bb0px\u00bb title_text_shadow_blur_strength_tablet=\u00bb1px\u00bb closed_title_text_shadow_horizontal_length_tablet=\u00bb0px\u00bb closed_title_text_shadow_vertical_length_tablet=\u00bb0px\u00bb closed_title_text_shadow_blur_strength_tablet=\u00bb1px\u00bb body_text_shadow_horizontal_length_tablet=\u00bb0px\u00bb body_text_shadow_vertical_length_tablet=\u00bb0px\u00bb body_text_shadow_blur_strength_tablet=\u00bb1px\u00bb body_link_text_shadow_horizontal_length_tablet=\u00bb0px\u00bb body_link_text_shadow_vertical_length_tablet=\u00bb0px\u00bb body_link_text_shadow_blur_strength_tablet=\u00bb1px\u00bb body_ul_text_shadow_horizontal_length_tablet=\u00bb0px\u00bb body_ul_text_shadow_vertical_length_tablet=\u00bb0px\u00bb body_ul_text_shadow_blur_strength_tablet=\u00bb1px\u00bb body_ol_text_shadow_horizontal_length_tablet=\u00bb0px\u00bb body_ol_text_shadow_vertical_length_tablet=\u00bb0px\u00bb body_ol_text_shadow_blur_strength_tablet=\u00bb1px\u00bb body_quote_text_shadow_horizontal_length_tablet=\u00bb0px\u00bb body_quote_text_shadow_vertical_length_tablet=\u00bb0px\u00bb body_quote_text_shadow_blur_strength_tablet=\u00bb1px\u00bb border_width_all=\u00bb0px\u00bb box_shadow_horizontal_tablet=\u00bb0px\u00bb box_shadow_vertical_tablet=\u00bb0px\u00bb box_shadow_blur_tablet=\u00bb40px\u00bb box_shadow_spread_tablet=\u00bb0px\u00bb text_shadow_horizontal_length_tablet=\u00bb0px\u00bb text_shadow_vertical_length_tablet=\u00bb0px\u00bb text_shadow_blur_strength_tablet=\u00bb1px\u00bb global_colors_info=\u00bb{}\u00bb sticky_enabled=\u00bb0&#8243;]<\/p>\n<h5><strong style=\"color: #000b27; font-size: 15px;\">Traditional desserts<\/strong><\/h5>\n<p><span style=\"color: #000b27;\"><strong>ARTISANAL CHEESECAKE WITH A CARAMEL TOFFEE SAUCE<br \/><\/strong><\/span>Prepared with a light cream of fresh cheese and the elegant and sweet touch of caramel.<br \/>\u20ac8,50<\/p>\n<p><span style=\"color: #000b27;\"><strong>HOT CHOCOLATE FONDANT WITH BOURBON VAINILLA CREAM<\/strong><\/span><br \/>\u20ac8,50<\/p>\n<p><span style=\"color: #000b27;\"><strong>MILK TOAST WITH VAINILLA ICE CREAM<br \/><\/strong><\/span>French toast from bread brioche in cream of milk flavoured, grilled in butter and caramelized with sugar. \u00a1Irresistible!<br \/>\u20ac8,50<\/p>\n<p><span style=\"color: #000b27;\"><strong>MASCARPONE TIRAMISU WITH AMARETTO SPIRIT AND COFFEE SPONGE CAKE<\/strong><\/span><br \/>Typical Italian combination of stimulant espresso coffee, Mascarpone cream and coffee cake.<br \/>\u20ac8,50<\/p>\n<p><span style=\"color: #000b27;\"><strong>CREAMY RICE PUDDING WITH A CARAMELISED SUGAR TOPPING<\/strong><\/span><br \/>Done tradicionally, prepared very slowly to make it creamier, and with the best rice from Calasparra.<br \/>\u20ac8,00<\/p>\n<p><span style=\"color: #000b27;\"><strong>CRISPY FILLOA CREPES TUFFED WITH PASTRY CREAM<\/strong><\/span><br \/>Sweet and delicate \u00abblondas\u00bb with a exquisite cr\u00e8me p\u00e2tissie\u00e8re.<br \/>\u20ac8,50<\/p>\n<p><span style=\"color: #000b27;\"><strong>INSTANTLY GOLDEN APPLE PUFF PASTRY<\/strong><\/span><br \/>Baked right when ordered, so caramelizing sliced apple. (Preparation time 15 minutes)<br \/>\u20ac9,00<\/p>\n<p><span style=\"color: #000b27;\"><strong>CREPES SUZETTE AL GRAND MARNIER<\/strong>\u00a0<\/span><br \/>Prepared and flamb\u00e9ed on sight, wint a subtle hint of orange. (M\u00ednimo 2 people &#8211; Portion).<br \/>\u20ac12,50<\/p>\n<p><span style=\"color: #000b27;\"><strong>CHEESE PLATTER. IDEAL FOR SHARING<\/strong><\/span><br \/>Selection of our best national cheeses with nuts and homemade preserve.<br \/>\u20ac15,00<\/p>\n<h5><strong>Refreshing and light dessert<\/strong><\/h5>\n<p><strong style=\"color: #000b27; font-size: 15px;\">PINEAPPLE AND MANGO CARPACCIO WITH CITRUS SORBETS<br \/><\/strong><span style=\"font-size: 15px;\">Fine sheets of fruits and the freshness of citrus sorbet.<br \/><\/span>\u20ac8,00<\/p>\n<p><span style=\"color: #000b27;\"><strong>HOME-MADE ICE CREAM (VANILLA, CHOCOLATE AND GUIANDUJA)<\/strong><\/span><br \/>Elaborated by or pastrycook, different flavors.<br \/>\u20ac8,00<\/p>\n<p><span style=\"color: #000b27;\"><strong>FRESH FRUIT SORBETS<\/strong><\/span><br \/>Selected fresh fruits.<br \/>\u20ac8,00<\/p>\n<p><span style=\"color: #000b27;\"><strong>SORBETS BEATEN WITH VODKA OR CHAMPAGNE<\/strong><\/span><br \/>(Red berries, tangerine and lemon&#8230;).<br \/>\u20ac13,00<\/p>\n<p>[\/et_pb_toggle][et_pb_toggle title=\u00bbWE SUGGEST ACCOMPANYING OUR DESSERT WITH A DELICIOUS WINE\u00bb open_toggle_background_color=\u00bb#f7f7f7&#8243; closed_toggle_background_color=\u00bb#f7f7f7&#8243; icon_color=\u00bb#326e5c\u00bb open_icon_color=\u00bb#326e5c\u00bb admin_label=\u00bbVINOS Y DESTILADOS PARA LOS POSTRES\u00bb _builder_version=\u00bb4.27.0&#8243; title_font=\u00bbJosefin Sans||||||||\u00bb title_line_height=\u00bb1.4em\u00bb body_font=\u00bbJosefin Sans||||||||\u00bb body_font_size=\u00bb15px\u00bb body_line_height=\u00bb1.8em\u00bb vertical_offset_tablet=\u00bb0&#8243; horizontal_offset_tablet=\u00bb0&#8243; animation_style=\u00bbfade\u00bb title_text_shadow_horizontal_length_tablet=\u00bb0px\u00bb title_text_shadow_vertical_length_tablet=\u00bb0px\u00bb title_text_shadow_blur_strength_tablet=\u00bb1px\u00bb closed_title_text_shadow_horizontal_length_tablet=\u00bb0px\u00bb closed_title_text_shadow_vertical_length_tablet=\u00bb0px\u00bb closed_title_text_shadow_blur_strength_tablet=\u00bb1px\u00bb body_text_shadow_horizontal_length_tablet=\u00bb0px\u00bb body_text_shadow_vertical_length_tablet=\u00bb0px\u00bb body_text_shadow_blur_strength_tablet=\u00bb1px\u00bb body_link_text_shadow_horizontal_length_tablet=\u00bb0px\u00bb body_link_text_shadow_vertical_length_tablet=\u00bb0px\u00bb body_link_text_shadow_blur_strength_tablet=\u00bb1px\u00bb body_ul_text_shadow_horizontal_length_tablet=\u00bb0px\u00bb body_ul_text_shadow_vertical_length_tablet=\u00bb0px\u00bb body_ul_text_shadow_blur_strength_tablet=\u00bb1px\u00bb body_ol_text_shadow_horizontal_length_tablet=\u00bb0px\u00bb body_ol_text_shadow_vertical_length_tablet=\u00bb0px\u00bb body_ol_text_shadow_blur_strength_tablet=\u00bb1px\u00bb body_quote_text_shadow_horizontal_length_tablet=\u00bb0px\u00bb body_quote_text_shadow_vertical_length_tablet=\u00bb0px\u00bb body_quote_text_shadow_blur_strength_tablet=\u00bb1px\u00bb border_width_all=\u00bb0px\u00bb box_shadow_horizontal_tablet=\u00bb0px\u00bb box_shadow_vertical_tablet=\u00bb0px\u00bb box_shadow_blur_tablet=\u00bb40px\u00bb box_shadow_spread_tablet=\u00bb0px\u00bb text_shadow_horizontal_length_tablet=\u00bb0px\u00bb text_shadow_vertical_length_tablet=\u00bb0px\u00bb text_shadow_blur_strength_tablet=\u00bb1px\u00bb global_colors_info=\u00bb{}\u00bb]<\/p>\n<p><span style=\"color: #000b27;\"><strong>MOSCATEL GRAN FEUDO de Chivite<\/strong><\/span><br \/>Glass \u20ac6,00<\/p>\n<p><span style=\"color: #000b27;\"><strong>P.X. S\u00c1NCHEZ ROMATE<\/strong><\/span><br \/>Glass \u20ac6,00<\/p>\n<p><span style=\"color: #000b27;\"><strong>CASTA DIVA MOSCATEL<\/strong><\/span><br \/>Glass \u20ac7,50<\/p>\n<p><span style=\"color: #000b27;\"><strong>PEDRO XIM\u00c9NEZ TRADICI\u00d3N VOS<\/strong><\/span><br \/>Glass \u20ac9,00<\/p>\n<p><span style=\"color: #000b27;\"><strong><span style=\"color: #333333;\"><span style=\"color: #000b27;\">1413 TOKAJI DISZNOKO EDES SZAMORODNI<\/span><\/span><\/strong><\/span><br \/>Glass \u20ac8,00<\/p>\n<p>[\/et_pb_toggle][et_pb_toggle title=\u00bbCOFFEES\u00bb open_toggle_background_color=\u00bb#f7f7f7&#8243; closed_toggle_background_color=\u00bb#f7f7f7&#8243; icon_color=\u00bb#326e5c\u00bb open_icon_color=\u00bb#326e5c\u00bb admin_label=\u00bbCAF\u00c9S\u00bb _builder_version=\u00bb4.27.0&#8243; title_font=\u00bbJosefin Sans||||||||\u00bb title_line_height=\u00bb1.4em\u00bb body_font=\u00bbJosefin Sans||||||||\u00bb body_font_size=\u00bb15px\u00bb body_line_height=\u00bb1.8em\u00bb vertical_offset_tablet=\u00bb0&#8243; horizontal_offset_tablet=\u00bb0&#8243; animation_style=\u00bbfade\u00bb title_text_shadow_horizontal_length_tablet=\u00bb0px\u00bb title_text_shadow_vertical_length_tablet=\u00bb0px\u00bb title_text_shadow_blur_strength_tablet=\u00bb1px\u00bb closed_title_text_shadow_horizontal_length_tablet=\u00bb0px\u00bb closed_title_text_shadow_vertical_length_tablet=\u00bb0px\u00bb closed_title_text_shadow_blur_strength_tablet=\u00bb1px\u00bb body_text_shadow_horizontal_length_tablet=\u00bb0px\u00bb body_text_shadow_vertical_length_tablet=\u00bb0px\u00bb body_text_shadow_blur_strength_tablet=\u00bb1px\u00bb body_link_text_shadow_horizontal_length_tablet=\u00bb0px\u00bb body_link_text_shadow_vertical_length_tablet=\u00bb0px\u00bb body_link_text_shadow_blur_strength_tablet=\u00bb1px\u00bb body_ul_text_shadow_horizontal_length_tablet=\u00bb0px\u00bb body_ul_text_shadow_vertical_length_tablet=\u00bb0px\u00bb body_ul_text_shadow_blur_strength_tablet=\u00bb1px\u00bb body_ol_text_shadow_horizontal_length_tablet=\u00bb0px\u00bb body_ol_text_shadow_vertical_length_tablet=\u00bb0px\u00bb body_ol_text_shadow_blur_strength_tablet=\u00bb1px\u00bb body_quote_text_shadow_horizontal_length_tablet=\u00bb0px\u00bb body_quote_text_shadow_vertical_length_tablet=\u00bb0px\u00bb body_quote_text_shadow_blur_strength_tablet=\u00bb1px\u00bb border_width_all=\u00bb0px\u00bb box_shadow_horizontal_tablet=\u00bb0px\u00bb box_shadow_vertical_tablet=\u00bb0px\u00bb box_shadow_blur_tablet=\u00bb40px\u00bb box_shadow_spread_tablet=\u00bb0px\u00bb text_shadow_horizontal_length_tablet=\u00bb0px\u00bb text_shadow_vertical_length_tablet=\u00bb0px\u00bb text_shadow_blur_strength_tablet=\u00bb1px\u00bb global_colors_info=\u00bb{}\u00bb]<\/p>\n<p><span style=\"color: #000b27;\"><strong>HOUSE SPECIAL COFFEE<\/strong><\/span><br \/>Circulo de Oro (Gold Circle) is a natural, supreme coffee, screen 18. A sfoft coffee made of Arabic species with floral aromas and fruity taste. Naturally bitter and longlasting aroma.<br \/>\u20ac2,50<\/p>\n<p><span style=\"color: #000b27;\"><strong>DECAFFEINNATED BEANS<\/strong><\/span><br \/>100 % Colombia, Supreme. Soft and fruity coffee. Minimum caffeine content, under 0,05%.<br \/>\u20ac2,50<\/p>\n<p><span style=\"color: #000b27;\"><strong>BOMBON COFFEE<\/strong><\/span><br \/>With delicious condensed milk.<br \/>\u20ac3,90<\/p>\n<p><span style=\"color: #000b27;\"><strong>CAPPUCCINO COFFEE<\/strong><\/span><br \/>The traditional style, whisk with the vaporizer and sprinkle with ground coffee.<br \/>\u20ac3,90<\/p>\n<p><span style=\"color: #000b27;\"><strong>VIENNESE COFFEE<\/strong><\/span><br \/>Add a shot of Brandy and sugar, served with whipped cream and cinnamon.<br \/>\u20ac4,50<\/p>\n<p><span style=\"color: #000b27;\"><strong>SCOTTISH COFFEE\u00a0<\/strong><\/span><br \/>Whisky, coffee and vanilla ice cream.<br \/>\u20ac6.00<\/p>\n<p><span style=\"color: #000b27;\"><strong>IRISH COFFEE<\/strong><\/span><br \/>Whisky and sugar flamb\u00e9, we add de coffee and top with cream.<br \/>\u20ac6.00<\/p>\n<p>[\/et_pb_toggle][et_pb_toggle title=\u00bbNATURAL INFUSIONS AND TEAS\u00bb open_toggle_background_color=\u00bb#f7f7f7&#8243; closed_toggle_background_color=\u00bb#f7f7f7&#8243; icon_color=\u00bb#326e5c\u00bb open_icon_color=\u00bb#326e5c\u00bb admin_label=\u00bbINFUSIONES Y T\u00c9S NATURALES\u00bb _builder_version=\u00bb4.27.0&#8243; title_font=\u00bbJosefin Sans||||||||\u00bb title_line_height=\u00bb1.4em\u00bb body_font=\u00bbJosefin Sans||||||||\u00bb body_font_size=\u00bb15px\u00bb body_line_height=\u00bb1.8em\u00bb vertical_offset_tablet=\u00bb0&#8243; horizontal_offset_tablet=\u00bb0&#8243; animation_style=\u00bbfade\u00bb title_text_shadow_horizontal_length_tablet=\u00bb0px\u00bb title_text_shadow_vertical_length_tablet=\u00bb0px\u00bb title_text_shadow_blur_strength_tablet=\u00bb1px\u00bb closed_title_text_shadow_horizontal_length_tablet=\u00bb0px\u00bb closed_title_text_shadow_vertical_length_tablet=\u00bb0px\u00bb closed_title_text_shadow_blur_strength_tablet=\u00bb1px\u00bb body_text_shadow_horizontal_length_tablet=\u00bb0px\u00bb body_text_shadow_vertical_length_tablet=\u00bb0px\u00bb body_text_shadow_blur_strength_tablet=\u00bb1px\u00bb body_link_text_shadow_horizontal_length_tablet=\u00bb0px\u00bb body_link_text_shadow_vertical_length_tablet=\u00bb0px\u00bb body_link_text_shadow_blur_strength_tablet=\u00bb1px\u00bb body_ul_text_shadow_horizontal_length_tablet=\u00bb0px\u00bb body_ul_text_shadow_vertical_length_tablet=\u00bb0px\u00bb body_ul_text_shadow_blur_strength_tablet=\u00bb1px\u00bb body_ol_text_shadow_horizontal_length_tablet=\u00bb0px\u00bb body_ol_text_shadow_vertical_length_tablet=\u00bb0px\u00bb body_ol_text_shadow_blur_strength_tablet=\u00bb1px\u00bb body_quote_text_shadow_horizontal_length_tablet=\u00bb0px\u00bb body_quote_text_shadow_vertical_length_tablet=\u00bb0px\u00bb body_quote_text_shadow_blur_strength_tablet=\u00bb1px\u00bb border_width_all=\u00bb0px\u00bb box_shadow_horizontal_tablet=\u00bb0px\u00bb box_shadow_vertical_tablet=\u00bb0px\u00bb box_shadow_blur_tablet=\u00bb40px\u00bb box_shadow_spread_tablet=\u00bb0px\u00bb text_shadow_horizontal_length_tablet=\u00bb0px\u00bb text_shadow_vertical_length_tablet=\u00bb0px\u00bb text_shadow_blur_strength_tablet=\u00bb1px\u00bb global_colors_info=\u00bb{}\u00bb]<\/p>\n<p><span style=\"color: #000b27;\"><strong>CHAMONILE, PENNYROYAL AND LIMEBLOSSOM TEA\u00a0<\/strong><\/span><br \/>\u20ac3,90<\/p>\n<p><span style=\"color: #000b27;\"><strong>WILD BERRIES INFUSION<\/strong><\/span><br \/>Fruit infusion without caffeine. Intense cup of berries. Taste of wild berries, currants, blueberries and raspberries. Strong flavor and deep aroma.<br \/><span style=\"color: #000b27;\">\u20ac3,90<\/span><\/p>\n<p><span style=\"color: #000b27;\"><strong>INFUSI\u00d3N DE ROOIBOS\u00a0<\/strong><\/span><br \/>A South African origin, this infusion has no caffeine. The properties of the Rooibos are really very good and varied,.. avoid the retention of liquids. improves digestion and is beneficial for the skin. Let is rest for 5 minutes.<br \/><span>\u20ac3,90<\/span><\/p>\n<p><span style=\"color: #000b27;\"><strong>DARJEELING, BADAMTAM FOP<\/strong><\/span><br \/>A black tea from the Indian Himalayas, also known as the campagne of teas. It has a muscatel flavor and a delicate honey color. With or without milk, 2-3 minutes.<br \/>\u20ac3,90<\/p>\n<p><span style=\"color: #000b27;\"><strong>PU EHR (RED TEA)\u00a0<\/strong><\/span><br \/>A tea that was traditionally used in Chinese natural medicine, specially due to its digestive, cleansing, and healthy properties, without milk, 3 minutes.<br \/>\u20ac3,90<\/p>\n<p><span style=\"color: #000b27;\"><strong>BLACK TEA WITH CINNAMON\u00a0<\/strong><\/span><br \/>Black tea with stick cinnamon. With or without milk, 4 minutes.<br \/>\u20ac3,90<\/p>\n<p><span style=\"color: #000b27;\"><strong>GREEN TEA WITH VANILLA<\/strong><\/span><br \/>Green tea perfumed with vanilla, 2 minutes.<br \/>\u20ac3,90<\/p>\n<p><span style=\"color: #000b27;\"><strong>JASMINE MONKEY KING\u00a0<\/strong><\/span><br \/>Semi-fermented tea with Jasmine flowers. The high ratio of Jasmine gives it an intense aroma, 3 minutes.<br \/>\u20ac3,90<\/p>\n<p><span style=\"color: #000b27;\"><strong>T\u00c9 ENGLISH BREAKFAST\u00a0<\/strong><\/span><br \/>Mixture of BOP black teas of Ceylan and Assam origin; a strong tea specially formulated to start your day. You enjoy it with milk or lemon.<br \/>\u20ac3,90<\/p>\n<p>[\/et_pb_toggle][\/et_pb_column_inner][\/et_pb_row_inner][\/et_pb_column][et_pb_column type=\u00bb1_3&#8243; _builder_version=\u00bb4.16&#8243; custom_padding=\u00bb|||\u00bb global_colors_info=\u00bb{}\u00bb custom_padding__hover=\u00bb|||\u00bb][\/et_pb_column][\/et_pb_section]<\/p>\n","protected":false},"excerpt":{"rendered":"<p>DESSERT (10% VAT included) ALSO TO TAKE AWAYTraditional desserts ARTISANAL CHEESECAKE WITH A CARAMEL TOFFEE SAUCEPrepared with a light cream of fresh cheese and the elegant and sweet touch of caramel.\u20ac8,50 HOT CHOCOLATE FONDANT WITH BOURBON VAINILLA CREAM\u20ac8,50 MILK TOAST WITH VAINILLA ICE CREAMFrench toast from bread brioche in cream of milk flavoured, grilled in [&hellip;]<\/p>\n","protected":false},"author":2,"featured_media":0,"parent":0,"menu_order":0,"comment_status":"closed","ping_status":"closed","template":"page-template-blank.php","meta":{"_et_pb_use_builder":"on","_et_pb_old_content":"","_et_gb_content_width":"","footnotes":""},"class_list":["post-1090","page","type-page","status-publish","hentry"],"_links":{"self":[{"href":"https:\/\/wp.grupo-oter.net\/cartas\/wp-json\/wp\/v2\/pages\/1090","targetHints":{"allow":["GET"]}}],"collection":[{"href":"https:\/\/wp.grupo-oter.net\/cartas\/wp-json\/wp\/v2\/pages"}],"about":[{"href":"https:\/\/wp.grupo-oter.net\/cartas\/wp-json\/wp\/v2\/types\/page"}],"author":[{"embeddable":true,"href":"https:\/\/wp.grupo-oter.net\/cartas\/wp-json\/wp\/v2\/users\/2"}],"replies":[{"embeddable":true,"href":"https:\/\/wp.grupo-oter.net\/cartas\/wp-json\/wp\/v2\/comments?post=1090"}],"version-history":[{"count":31,"href":"https:\/\/wp.grupo-oter.net\/cartas\/wp-json\/wp\/v2\/pages\/1090\/revisions"}],"predecessor-version":[{"id":13540,"href":"https:\/\/wp.grupo-oter.net\/cartas\/wp-json\/wp\/v2\/pages\/1090\/revisions\/13540"}],"wp:attachment":[{"href":"https:\/\/wp.grupo-oter.net\/cartas\/wp-json\/wp\/v2\/media?parent=1090"}],"curies":[{"name":"wp","href":"https:\/\/api.w.org\/{rel}","templated":true}]}}