{"id":1056,"date":"2020-07-14T11:42:28","date_gmt":"2020-07-14T11:42:28","guid":{"rendered":"https:\/\/wp.grupo-oter.net\/cartas\/?page_id=1056"},"modified":"2025-06-17T11:19:09","modified_gmt":"2025-06-17T11:19:09","slug":"postres-ingles-pulperia-de-mila","status":"publish","type":"page","link":"https:\/\/wp.grupo-oter.net\/cartas\/postres-ingles-pulperia-de-mila\/","title":{"rendered":"Postres Ingl\u00e9s Pulper\u00eda de Mila"},"content":{"rendered":"<p>[et_pb_section fb_built=\u00bb1&#8243; specialty=\u00bbon\u00bb custom_padding_last_edited=\u00bbon|phone\u00bb admin_label=\u00bbTestimonials\u00bb _builder_version=\u00bb4.16&#8243; vertical_offset_tablet=\u00bb0&#8243; horizontal_offset_tablet=\u00bb0&#8243; custom_padding=\u00bb||150px|\u00bb custom_padding_tablet=\u00bb|||\u00bb custom_padding_phone=\u00bb||||false|false\u00bb bottom_divider_style=\u00bbslant2&#8243; bottom_divider_color=\u00bb#12589d\u00bb bottom_divider_height=\u00bb160px\u00bb bottom_divider_flip=\u00bbvertical\u00bb bottom_divider_height_tablet=\u00bb\u00bb bottom_divider_height_phone=\u00bb90px\u00bb bottom_divider_height_last_edited=\u00bbon|tablet\u00bb z_index_tablet=\u00bb0&#8243; box_shadow_horizontal_tablet=\u00bb0px\u00bb box_shadow_vertical_tablet=\u00bb0px\u00bb box_shadow_blur_tablet=\u00bb40px\u00bb box_shadow_spread_tablet=\u00bb0px\u00bb global_colors_info=\u00bb{}\u00bb][et_pb_column type=\u00bb2_3&#8243; specialty_columns=\u00bb2&#8243; _builder_version=\u00bb4.16&#8243; custom_padding=\u00bb|||\u00bb global_colors_info=\u00bb{}\u00bb custom_padding__hover=\u00bb|||\u00bb][et_pb_row_inner column_structure=\u00bbundefined\u00bb _builder_version=\u00bb4.16&#8243; global_colors_info=\u00bb{}\u00bb][et_pb_column_inner type=\u00bbundefined\u00bb saved_specialty_column_type=\u00bb2_3&#8243; _builder_version=\u00bb4.16&#8243; custom_padding=\u00bb|||\u00bb global_colors_info=\u00bb{}\u00bb custom_padding__hover=\u00bb|||\u00bb][et_pb_text _builder_version=\u00bb4.16&#8243; text_font=\u00bbJosefin Sans||||||||\u00bb vertical_offset_tablet=\u00bb0&#8243; horizontal_offset_tablet=\u00bb0&#8243; z_index_tablet=\u00bb0&#8243; text_text_shadow_horizontal_length_tablet=\u00bb0px\u00bb text_text_shadow_vertical_length_tablet=\u00bb0px\u00bb text_text_shadow_blur_strength_tablet=\u00bb1px\u00bb link_text_shadow_horizontal_length_tablet=\u00bb0px\u00bb link_text_shadow_vertical_length_tablet=\u00bb0px\u00bb link_text_shadow_blur_strength_tablet=\u00bb1px\u00bb ul_text_shadow_horizontal_length_tablet=\u00bb0px\u00bb ul_text_shadow_vertical_length_tablet=\u00bb0px\u00bb ul_text_shadow_blur_strength_tablet=\u00bb1px\u00bb ol_text_shadow_horizontal_length_tablet=\u00bb0px\u00bb ol_text_shadow_vertical_length_tablet=\u00bb0px\u00bb ol_text_shadow_blur_strength_tablet=\u00bb1px\u00bb quote_text_shadow_horizontal_length_tablet=\u00bb0px\u00bb quote_text_shadow_vertical_length_tablet=\u00bb0px\u00bb quote_text_shadow_blur_strength_tablet=\u00bb1px\u00bb header_text_shadow_horizontal_length_tablet=\u00bb0px\u00bb header_text_shadow_vertical_length_tablet=\u00bb0px\u00bb header_text_shadow_blur_strength_tablet=\u00bb1px\u00bb header_2_text_shadow_horizontal_length_tablet=\u00bb0px\u00bb header_2_text_shadow_vertical_length_tablet=\u00bb0px\u00bb header_2_text_shadow_blur_strength_tablet=\u00bb1px\u00bb header_3_text_shadow_horizontal_length_tablet=\u00bb0px\u00bb header_3_text_shadow_vertical_length_tablet=\u00bb0px\u00bb header_3_text_shadow_blur_strength_tablet=\u00bb1px\u00bb header_4_text_shadow_horizontal_length_tablet=\u00bb0px\u00bb header_4_text_shadow_vertical_length_tablet=\u00bb0px\u00bb header_4_text_shadow_blur_strength_tablet=\u00bb1px\u00bb header_5_text_shadow_horizontal_length_tablet=\u00bb0px\u00bb header_5_text_shadow_vertical_length_tablet=\u00bb0px\u00bb header_5_text_shadow_blur_strength_tablet=\u00bb1px\u00bb header_6_text_shadow_horizontal_length_tablet=\u00bb0px\u00bb header_6_text_shadow_vertical_length_tablet=\u00bb0px\u00bb header_6_text_shadow_blur_strength_tablet=\u00bb1px\u00bb box_shadow_horizontal_tablet=\u00bb0px\u00bb box_shadow_vertical_tablet=\u00bb0px\u00bb box_shadow_blur_tablet=\u00bb40px\u00bb box_shadow_spread_tablet=\u00bb0px\u00bb global_colors_info=\u00bb{}\u00bb]<\/p>\n<p><img decoding=\"async\" class=\"alignnone size-medium wp-image-62 aligncenter lazyload\" data-src=\"https:\/\/wp.grupo-oter.net\/cartas\/wp-content\/uploads\/sites\/40\/2020\/04\/LOGO-LaPulperiadeMila-300x131.png\" alt=\"\" width=\"300\" height=\"131\" src=\"data:image\/svg+xml;base64,PHN2ZyB3aWR0aD0iMSIgaGVpZ2h0PSIxIiB4bWxucz0iaHR0cDovL3d3dy53My5vcmcvMjAwMC9zdmciPjwvc3ZnPg==\" style=\"--smush-placeholder-width: 300px; --smush-placeholder-aspect-ratio: 300\/131;\" \/><\/p>\n<h2>\u00a0<\/h2>\n<h2 style=\"text-align: center;\"><span style=\"color: #12589d;\"><strong>DESSERT<\/strong><\/span><\/h2>\n<h4 style=\"text-align: center;\"><span style=\"color: #12589d;\"><strong>(10% VAT included)<\/strong><\/span><\/h4>\n<h4 style=\"text-align: center;\"><span style=\"color: #12589d;\"><strong>ALSO TO TAKE AWAY<\/strong><\/span><\/h4>\n<p>[\/et_pb_text][et_pb_toggle title=\u00bbTRADITIONAL DESSERT\u00bb open_toggle_background_color=\u00bb#f7f7f7&#8243; closed_toggle_background_color=\u00bb#f7f7f7&#8243; icon_color=\u00bb#12589d\u00bb open_icon_color=\u00bb#12589d\u00bb admin_label=\u00bbPOSTRES TRADICIONALES\u00bb _builder_version=\u00bb4.27.4&#8243; title_font=\u00bbJosefin Sans||||||||\u00bb title_line_height=\u00bb1.4em\u00bb body_font=\u00bbJosefin Sans||||||||\u00bb body_font_size=\u00bb15px\u00bb body_line_height=\u00bb1.8em\u00bb vertical_offset_tablet=\u00bb0&#8243; horizontal_offset_tablet=\u00bb0&#8243; animation_style=\u00bbfade\u00bb hover_enabled=\u00bb0&#8243; title_text_shadow_horizontal_length_tablet=\u00bb0px\u00bb title_text_shadow_vertical_length_tablet=\u00bb0px\u00bb title_text_shadow_blur_strength_tablet=\u00bb1px\u00bb closed_title_text_shadow_horizontal_length_tablet=\u00bb0px\u00bb closed_title_text_shadow_vertical_length_tablet=\u00bb0px\u00bb closed_title_text_shadow_blur_strength_tablet=\u00bb1px\u00bb body_text_shadow_horizontal_length_tablet=\u00bb0px\u00bb body_text_shadow_vertical_length_tablet=\u00bb0px\u00bb body_text_shadow_blur_strength_tablet=\u00bb1px\u00bb body_link_text_shadow_horizontal_length_tablet=\u00bb0px\u00bb body_link_text_shadow_vertical_length_tablet=\u00bb0px\u00bb body_link_text_shadow_blur_strength_tablet=\u00bb1px\u00bb body_ul_text_shadow_horizontal_length_tablet=\u00bb0px\u00bb body_ul_text_shadow_vertical_length_tablet=\u00bb0px\u00bb body_ul_text_shadow_blur_strength_tablet=\u00bb1px\u00bb body_ol_text_shadow_horizontal_length_tablet=\u00bb0px\u00bb body_ol_text_shadow_vertical_length_tablet=\u00bb0px\u00bb body_ol_text_shadow_blur_strength_tablet=\u00bb1px\u00bb body_quote_text_shadow_horizontal_length_tablet=\u00bb0px\u00bb body_quote_text_shadow_vertical_length_tablet=\u00bb0px\u00bb body_quote_text_shadow_blur_strength_tablet=\u00bb1px\u00bb border_width_all=\u00bb0px\u00bb box_shadow_horizontal_tablet=\u00bb0px\u00bb box_shadow_vertical_tablet=\u00bb0px\u00bb box_shadow_blur_tablet=\u00bb40px\u00bb box_shadow_spread_tablet=\u00bb0px\u00bb text_shadow_horizontal_length_tablet=\u00bb0px\u00bb text_shadow_vertical_length_tablet=\u00bb0px\u00bb text_shadow_blur_strength_tablet=\u00bb1px\u00bb global_colors_info=\u00bb{}\u00bb sticky_enabled=\u00bb0&#8243;]<\/p>\n<p><span style=\"color: #000b27;\"><strong>Traditional desserts<\/strong><\/span><\/p>\n<p><span style=\"color: #000b27;\"><strong>HOT CHOCOLATE SOUFFL\u00c9\u00a0<\/strong><\/span><br \/>(Preparation time, 15 minutes) Delicious dessert with the purest chocolate that frows and grows in the oven.<br \/>\u20ac8,50<\/p>\n<p><span style=\"color: #000b27;\"><strong>GREEN APPLE PUFF PASTRY<\/strong><\/span><br \/>Composed and laminated apple with a base of fine puff pastry baked and ice cream of vanilla.<br \/>\u20ac8,50<\/p>\n<p><span style=\"color: #000b27;\"><strong>HOMEMADE CREPES FILLED WITH CUSTARD<\/strong><\/span><br \/>Sweet and delicate \u00abblondas\u00bb stuffed with exquisite cr\u00e8me p\u00e2tissi\u00e8re and fried with cinnamon and sugar.<br \/>\u20ac8,50<\/p>\n<p><span style=\"color: #000b27;\"><strong>HOMEMADE JUNKET WITH ROSEMARY HONEY<\/strong><\/span><br \/>Made using authentic rennet and rosemary honey.<br \/>\u20ac8,00<\/p>\n<p><span style=\"color: #000b27;\"><strong>COTTAGE CHEESE TART<\/strong><\/span><br \/>Made with the best fresh galician cheese. To take and not stop.<br \/>\u20ac8,50<\/p>\n<p><span style=\"color: #000b27;\"><strong>RICE PUDDING WITH TOASTED SUGAR<\/strong><\/span><br \/>Prepared very slowly to make it creamier, covered with a layer of crunchy caramel.<br \/>\u20ac8,00<\/p>\n<p><span style=\"color: #000b27;\"><strong>EGG YOLK AND CARAMEL PUDDING<\/strong><\/span><br \/>In the truly \u00abhomemade\u00bb tradition with the pleasant texture of syrup and yolks.<br \/>\u20ac8,00<span style=\"font-size: 15px;\">\u00a0<\/span><\/p>\n<p><strong style=\"font-size: 15px;\"><span style=\"color: #000b27;\">CHEESE FOR DESSERT (Ideal for sharing)<\/span><br \/><\/strong><span style=\"font-size: 15px;\">Selection our best cheeses served with nuts and homemade preserve.<br \/><\/span><span style=\"font-size: 15px;\">\u20ac12,00<\/span><\/p>\n<p><strong><span style=\"font-size: 15px;\">Light and refreshing desserts<\/span><\/strong><\/p>\n<p><span style=\"color: #000b27;\"><strong>MILK ICE-CREAM\u00a0<\/strong><\/span><br \/>Made by our pastry Chef with the freshest cream. Different each day, ask our staff.<br \/>\u20ac7,50<\/p>\n<p><span style=\"color: #000b27;\"><strong>NATURAL FRESH FRUIT SORBETS<br \/><\/strong><\/span>Home-made\u00a0 with seasonal\u00a0 fruits.<br \/>\u20ac8,00<\/p>\n<p><span style=\"color: #000b27;\"><strong>GREEN APPLE SORBET WITH RIBEIRO EAU-DE-VIE<\/strong><\/span><br \/>Very refreshing sorbet in Galician style.<br \/>\u20ac11,00<\/p>\n<p>[\/et_pb_toggle][et_pb_toggle title=\u00bbWE SUGGEST ACCOMPANYING OUR DESSERT WITH A DELICIOUS WINE\u00bb open_toggle_background_color=\u00bb#f7f7f7&#8243; closed_toggle_background_color=\u00bb#f7f7f7&#8243; icon_color=\u00bb#12589d\u00bb open_icon_color=\u00bb#12589d\u00bb admin_label=\u00bbVINOS Y DESTILADOS PARA LOS POSTRES\u00bb _builder_version=\u00bb4.27.0&#8243; title_font=\u00bbJosefin Sans||||||||\u00bb title_line_height=\u00bb1.4em\u00bb body_font=\u00bbJosefin Sans||||||||\u00bb body_font_size=\u00bb15px\u00bb body_line_height=\u00bb1.8em\u00bb vertical_offset_tablet=\u00bb0&#8243; horizontal_offset_tablet=\u00bb0&#8243; animation_style=\u00bbfade\u00bb title_text_shadow_horizontal_length_tablet=\u00bb0px\u00bb title_text_shadow_vertical_length_tablet=\u00bb0px\u00bb title_text_shadow_blur_strength_tablet=\u00bb1px\u00bb closed_title_text_shadow_horizontal_length_tablet=\u00bb0px\u00bb closed_title_text_shadow_vertical_length_tablet=\u00bb0px\u00bb closed_title_text_shadow_blur_strength_tablet=\u00bb1px\u00bb body_text_shadow_horizontal_length_tablet=\u00bb0px\u00bb body_text_shadow_vertical_length_tablet=\u00bb0px\u00bb body_text_shadow_blur_strength_tablet=\u00bb1px\u00bb body_link_text_shadow_horizontal_length_tablet=\u00bb0px\u00bb body_link_text_shadow_vertical_length_tablet=\u00bb0px\u00bb body_link_text_shadow_blur_strength_tablet=\u00bb1px\u00bb body_ul_text_shadow_horizontal_length_tablet=\u00bb0px\u00bb body_ul_text_shadow_vertical_length_tablet=\u00bb0px\u00bb body_ul_text_shadow_blur_strength_tablet=\u00bb1px\u00bb body_ol_text_shadow_horizontal_length_tablet=\u00bb0px\u00bb body_ol_text_shadow_vertical_length_tablet=\u00bb0px\u00bb body_ol_text_shadow_blur_strength_tablet=\u00bb1px\u00bb body_quote_text_shadow_horizontal_length_tablet=\u00bb0px\u00bb body_quote_text_shadow_vertical_length_tablet=\u00bb0px\u00bb body_quote_text_shadow_blur_strength_tablet=\u00bb1px\u00bb border_width_all=\u00bb0px\u00bb box_shadow_horizontal_tablet=\u00bb0px\u00bb box_shadow_vertical_tablet=\u00bb0px\u00bb box_shadow_blur_tablet=\u00bb40px\u00bb box_shadow_spread_tablet=\u00bb0px\u00bb text_shadow_horizontal_length_tablet=\u00bb0px\u00bb text_shadow_vertical_length_tablet=\u00bb0px\u00bb text_shadow_blur_strength_tablet=\u00bb1px\u00bb global_colors_info=\u00bb{}\u00bb]<\/p>\n<p><span style=\"color: #000b27;\"><strong>MUSCATEL GRAN FEUDO de Chivite<\/strong><\/span><br \/>Glass \u20ac6,00<\/p>\n<p><span style=\"color: #000b27;\"><strong>HERBS AND WHITE ORUJOS Pazo Valdomino<\/strong><\/span><br \/>Glass \u20ac6,00<\/p>\n<p><span style=\"color: #000b27;\"><strong>COFFEE LIQUOR LUA <\/strong><\/span><br \/>Glass \u20ac8,00<\/p>\n<p><span style=\"color: #000b27;\"><strong>P.X. S\u00c1NCHEZ ROMATE<\/strong><\/span><br \/>Glass \u20ac6,00<\/p>\n<p><span style=\"color: #000b27;\"><strong>1413 TOKAJI DISZNOKO EDES SZAMORODNI<\/strong><\/span><br \/>Glass \u20ac8,00<\/p>\n<p>[\/et_pb_toggle][et_pb_toggle title=\u00bbCOFFEES\u00bb open_toggle_background_color=\u00bb#f7f7f7&#8243; closed_toggle_background_color=\u00bb#f7f7f7&#8243; icon_color=\u00bb#12589d\u00bb open_icon_color=\u00bb#12589d\u00bb admin_label=\u00bbCAF\u00c9S\u00bb _builder_version=\u00bb4.27.0&#8243; title_font=\u00bbJosefin Sans||||||||\u00bb title_line_height=\u00bb1.4em\u00bb body_font=\u00bbJosefin Sans||||||||\u00bb body_font_size=\u00bb15px\u00bb body_line_height=\u00bb1.8em\u00bb vertical_offset_tablet=\u00bb0&#8243; horizontal_offset_tablet=\u00bb0&#8243; animation_style=\u00bbfade\u00bb title_text_shadow_horizontal_length_tablet=\u00bb0px\u00bb title_text_shadow_vertical_length_tablet=\u00bb0px\u00bb title_text_shadow_blur_strength_tablet=\u00bb1px\u00bb closed_title_text_shadow_horizontal_length_tablet=\u00bb0px\u00bb closed_title_text_shadow_vertical_length_tablet=\u00bb0px\u00bb closed_title_text_shadow_blur_strength_tablet=\u00bb1px\u00bb body_text_shadow_horizontal_length_tablet=\u00bb0px\u00bb body_text_shadow_vertical_length_tablet=\u00bb0px\u00bb body_text_shadow_blur_strength_tablet=\u00bb1px\u00bb body_link_text_shadow_horizontal_length_tablet=\u00bb0px\u00bb body_link_text_shadow_vertical_length_tablet=\u00bb0px\u00bb body_link_text_shadow_blur_strength_tablet=\u00bb1px\u00bb body_ul_text_shadow_horizontal_length_tablet=\u00bb0px\u00bb body_ul_text_shadow_vertical_length_tablet=\u00bb0px\u00bb body_ul_text_shadow_blur_strength_tablet=\u00bb1px\u00bb body_ol_text_shadow_horizontal_length_tablet=\u00bb0px\u00bb body_ol_text_shadow_vertical_length_tablet=\u00bb0px\u00bb body_ol_text_shadow_blur_strength_tablet=\u00bb1px\u00bb body_quote_text_shadow_horizontal_length_tablet=\u00bb0px\u00bb body_quote_text_shadow_vertical_length_tablet=\u00bb0px\u00bb body_quote_text_shadow_blur_strength_tablet=\u00bb1px\u00bb border_width_all=\u00bb0px\u00bb box_shadow_horizontal_tablet=\u00bb0px\u00bb box_shadow_vertical_tablet=\u00bb0px\u00bb box_shadow_blur_tablet=\u00bb40px\u00bb box_shadow_spread_tablet=\u00bb0px\u00bb text_shadow_horizontal_length_tablet=\u00bb0px\u00bb text_shadow_vertical_length_tablet=\u00bb0px\u00bb text_shadow_blur_strength_tablet=\u00bb1px\u00bb global_colors_info=\u00bb{}\u00bb]<\/p>\n<p><span style=\"color: #000b27;\"><strong>HOUSE SPECIAL COFFEE<\/strong><\/span><br \/>Authentic pota fresh coffee made in the Rianxo way with a few drops of canas das herbas liquor.<br \/>\u20ac2,50<\/p>\n<p><span style=\"color: #000b27;\"><strong>DIFFERENT COFFEE<\/strong><\/span><br \/>RISTRETO &#8211; Intense and persistent. Intensity 9<br \/>ESPRESSO LEGGERO &#8211; Light and refreshing. Intensity 6<br \/>LARGO FORTE &#8211; Elegant and roasted. Intensity 6<br \/>EXPRESSO DESCAFFEINATO &#8211; Dense and strong. Intensity 7<br \/>\u20ac2,50<\/p>\n<p><span style=\"color: #000b27;\"><strong>DECAFFEINNATED BEANS\u00a0<\/strong><\/span><br \/>100 % Colombia, Supreme. Soft and fruity coffee. Minimum caffeine content, under 0,05\u20ac.<br \/>\u20ac2,50<\/p>\n<p><strong><span style=\"color: #333333;\">BONBON COFFEE<\/span><\/strong><br \/>With delicious condensed milk.<br \/>\u20ac4,15<\/p>\n<p><span style=\"color: #000b27;\"><strong>CAPPUCCINO COFFEE<\/strong><\/span><br \/>The traditional style; whisk the milk with the vaporizer and sprinkle with ground coffee.<br \/>\u20ac3,85<\/p>\n<p><span style=\"color: #000b27;\"><strong>IRISH COFFEE<\/strong><\/span><br \/>Whisky and sugar flamb\u00e9, we add the coffee and top with cream.<br \/>\u20ac6.25<\/p>\n<p>[\/et_pb_toggle][et_pb_toggle title=\u00bbNATURAL INFUSIONS AND TEAS\u00bb open_toggle_background_color=\u00bb#f7f7f7&#8243; closed_toggle_background_color=\u00bb#f7f7f7&#8243; icon_color=\u00bb#12589d\u00bb open_icon_color=\u00bb#12589d\u00bb admin_label=\u00bbINFUSIONES Y T\u00c9S NATURALES\u00bb _builder_version=\u00bb4.27.0&#8243; title_font=\u00bbJosefin Sans||||||||\u00bb title_line_height=\u00bb1.4em\u00bb body_font=\u00bbJosefin Sans||||||||\u00bb body_font_size=\u00bb15px\u00bb body_line_height=\u00bb1.8em\u00bb vertical_offset_tablet=\u00bb0&#8243; horizontal_offset_tablet=\u00bb0&#8243; animation_style=\u00bbfade\u00bb title_text_shadow_horizontal_length_tablet=\u00bb0px\u00bb title_text_shadow_vertical_length_tablet=\u00bb0px\u00bb title_text_shadow_blur_strength_tablet=\u00bb1px\u00bb closed_title_text_shadow_horizontal_length_tablet=\u00bb0px\u00bb closed_title_text_shadow_vertical_length_tablet=\u00bb0px\u00bb closed_title_text_shadow_blur_strength_tablet=\u00bb1px\u00bb body_text_shadow_horizontal_length_tablet=\u00bb0px\u00bb body_text_shadow_vertical_length_tablet=\u00bb0px\u00bb body_text_shadow_blur_strength_tablet=\u00bb1px\u00bb body_link_text_shadow_horizontal_length_tablet=\u00bb0px\u00bb body_link_text_shadow_vertical_length_tablet=\u00bb0px\u00bb body_link_text_shadow_blur_strength_tablet=\u00bb1px\u00bb body_ul_text_shadow_horizontal_length_tablet=\u00bb0px\u00bb body_ul_text_shadow_vertical_length_tablet=\u00bb0px\u00bb body_ul_text_shadow_blur_strength_tablet=\u00bb1px\u00bb body_ol_text_shadow_horizontal_length_tablet=\u00bb0px\u00bb body_ol_text_shadow_vertical_length_tablet=\u00bb0px\u00bb body_ol_text_shadow_blur_strength_tablet=\u00bb1px\u00bb body_quote_text_shadow_horizontal_length_tablet=\u00bb0px\u00bb body_quote_text_shadow_vertical_length_tablet=\u00bb0px\u00bb body_quote_text_shadow_blur_strength_tablet=\u00bb1px\u00bb border_width_all=\u00bb0px\u00bb box_shadow_horizontal_tablet=\u00bb0px\u00bb box_shadow_vertical_tablet=\u00bb0px\u00bb box_shadow_blur_tablet=\u00bb40px\u00bb box_shadow_spread_tablet=\u00bb0px\u00bb text_shadow_horizontal_length_tablet=\u00bb0px\u00bb text_shadow_vertical_length_tablet=\u00bb0px\u00bb text_shadow_blur_strength_tablet=\u00bb1px\u00bb global_colors_info=\u00bb{}\u00bb]<\/p>\n<p><span><strong><span style=\"color: #000b27;\">CHAMONILE, PENNYROYAL AND LIMEBLOSSOM TEA<\/span>\u00a0<\/strong><\/span><br \/>\u20ac3,60<\/p>\n<p><span style=\"color: #000b27;\"><strong>INFUSI\u00d3N DE ROOIBOS\u00a0<\/strong><\/span><br \/>A South African origin, this infusion has no caffeine. The properties of the Rooibos are really very good and varied,.. avoid the retention of liquids. improves digestion and is beneficial for the skin. Let is rest for 5 minutes.<br \/><span>\u20ac3,80<\/span><\/p>\n<p><strong style=\"font-size: 15px;\"><span style=\"color: #000b27;\">PU EHR (RED TEA)\u00a0<\/span><br \/><\/strong><span style=\"font-size: 15px;\">A tea that was traditionally used in Chinese natural medicine, specially due to its digestive, cleansing, and healthy properties, without milk, 3 minutes.<br \/><\/span>\u20ac3,80<\/p>\n<p><span style=\"color: #000b27;\"><strong>BLACK TEA WITH CINNAMON\u00a0<\/strong><\/span><br \/>Black tea with stick cinnamon. With or without milk, 4 minutes.<br \/>\u20ac3,80<\/p>\n<p><span style=\"color: #000b27;\"><strong>GREEN TEA WITH VANILLA<\/strong><\/span><br \/>Green tea perfumed with vanilla, 2 minutes.<br \/>\u20ac3,80<\/p>\n<p><strong style=\"font-size: 15px;\"><span style=\"color: #000b27;\">T\u00c9 ENGLISH BREAKFAST\u00a0<\/span><br \/><\/strong><span style=\"font-size: 15px;\">Mixture of BOP black teas of Ceylan and Assam origin; a strong tea specially formulated to start your day. You enjoy it with milk or lemon.<br \/><\/span>\u20ac3,80<\/p>\n<p>[\/et_pb_toggle][\/et_pb_column_inner][\/et_pb_row_inner][\/et_pb_column][et_pb_column type=\u00bb1_3&#8243; _builder_version=\u00bb4.16&#8243; custom_padding=\u00bb|||\u00bb global_colors_info=\u00bb{}\u00bb custom_padding__hover=\u00bb|||\u00bb][\/et_pb_column][\/et_pb_section]<\/p>\n","protected":false},"excerpt":{"rendered":"<p>\u00a0 DESSERT (10% VAT included) ALSO TO TAKE AWAYTraditional desserts HOT CHOCOLATE SOUFFL\u00c9\u00a0(Preparation time, 15 minutes) Delicious dessert with the purest chocolate that frows and grows in the oven.\u20ac8,50 GREEN APPLE PUFF PASTRYComposed and laminated apple with a base of fine puff pastry baked and ice cream of vanilla.\u20ac8,50 HOMEMADE CREPES FILLED WITH CUSTARDSweet and [&hellip;]<\/p>\n","protected":false},"author":2,"featured_media":0,"parent":0,"menu_order":0,"comment_status":"closed","ping_status":"closed","template":"page-template-blank.php","meta":{"_et_pb_use_builder":"on","_et_pb_old_content":"","_et_gb_content_width":"","footnotes":""},"class_list":["post-1056","page","type-page","status-publish","hentry"],"_links":{"self":[{"href":"https:\/\/wp.grupo-oter.net\/cartas\/wp-json\/wp\/v2\/pages\/1056","targetHints":{"allow":["GET"]}}],"collection":[{"href":"https:\/\/wp.grupo-oter.net\/cartas\/wp-json\/wp\/v2\/pages"}],"about":[{"href":"https:\/\/wp.grupo-oter.net\/cartas\/wp-json\/wp\/v2\/types\/page"}],"author":[{"embeddable":true,"href":"https:\/\/wp.grupo-oter.net\/cartas\/wp-json\/wp\/v2\/users\/2"}],"replies":[{"embeddable":true,"href":"https:\/\/wp.grupo-oter.net\/cartas\/wp-json\/wp\/v2\/comments?post=1056"}],"version-history":[{"count":19,"href":"https:\/\/wp.grupo-oter.net\/cartas\/wp-json\/wp\/v2\/pages\/1056\/revisions"}],"predecessor-version":[{"id":13564,"href":"https:\/\/wp.grupo-oter.net\/cartas\/wp-json\/wp\/v2\/pages\/1056\/revisions\/13564"}],"wp:attachment":[{"href":"https:\/\/wp.grupo-oter.net\/cartas\/wp-json\/wp\/v2\/media?parent=1056"}],"curies":[{"name":"wp","href":"https:\/\/api.w.org\/{rel}","templated":true}]}}